{"id":11996,"date":"2024-01-29T06:35:00","date_gmt":"2024-01-29T05:35:00","guid":{"rendered":"https:\/\/wetopi.com\/allergologia\/"},"modified":"2025-10-20T13:27:41","modified_gmt":"2025-10-20T11:27:41","slug":"allergologia","status":"publish","type":"page","link":"https:\/\/amiq.cat\/ca\/allergologia\/","title":{"rendered":"Al\u00b7lergologia"},"content":{"rendered":"\n\n\t\t<h1>Unidad Funcional de Alergolog\u00eda<\/h1>\n\t\t\t<p>Especialistas en Alergias Infantiles y Adultos<\/p>\t\t\n\t<p>En la actualidad, nuestro equipo especializado en alergias <strong>opera exclusivamente en nuestra cl\u00ednica ubicada en Dexeus, Barcelona<\/strong>. La Unidad de Alergolog\u00eda se dedica al diagn\u00f3stico, tratamiento y seguimiento integral de pacientes afectados por enfermedades al\u00e9rgicas, abarcando desde la infancia hasta la edad adulta.<\/p>\n<h3><strong>Atenci\u00f3n Especializada en Alergolog\u00eda en Barcelona<\/strong><\/h3>\n<p>En la Unidad de Alergolog\u00eda, nos enfocamos en brindarte la atenci\u00f3n especializada que necesitas. Colaboramos estrechamente con el equipo de Otorrinolaringolog\u00eda para garantizar que recibas el mejor cuidado. Puedes confiar en soluciones integrales para tus problemas al\u00e9rgicos, con la comodidad de coordinar f\u00e1cilmente tus visitas en horarios que se adapten a ti.<\/p>\n<h3><strong>Patolog\u00edas Alergol\u00f3gicas Diagnosticadas y Tratadas<\/strong><\/h3>\n<p>Nuestros alerg\u00f3logos diagnostican y tratan diversas patolog\u00edas al\u00e9rgicas en ni\u00f1os y adultos, incluyendo:<\/p>\n\t<ul>\n<li><strong>Alergias ambientales<\/strong>: \u00e1caros, p\u00f3lenes, epitelios de animales, hongos&#8230;<\/li>\n<li><strong>Alergias alimentarias<\/strong>: leche, huevos, pescado, marisco, frutos secos, frutas, verduras&#8230;<\/li>\n<li><strong>Alergias a picaduras de insectos<\/strong>: mosquitos, abejas, avispas&#8230;<\/li>\n<li><strong>Alergias de contacto<\/strong>: metales, cosm\u00e9ticos, tintes, material bucodental, gomas&#8230;<\/li>\n<li><strong>Otras alergias<\/strong>: anisakis, l\u00e1tex, aditivos&#8230;<\/li>\n<\/ul>\n\t\t\t\t\t\t\t\t\t<img loading=\"lazy\" decoding=\"async\" src=\"https:\/\/amiq.cat\/wp-content\/uploads\/2024\/07\/home-alergia.jpg\" alt=\"home-alergia\" itemprop=\"image\" height=\"870\" width=\"1800\" srcset=\"https:\/\/amiq.cat\/wp-content\/uploads\/2024\/07\/home-alergia.jpg 1800w, https:\/\/amiq.cat\/wp-content\/uploads\/2024\/07\/home-alergia-300x145.jpg 300w, https:\/\/amiq.cat\/wp-content\/uploads\/2024\/07\/home-alergia-1024x495.jpg 1024w, https:\/\/amiq.cat\/wp-content\/uploads\/2024\/07\/home-alergia-768x371.jpg 768w, https:\/\/amiq.cat\/wp-content\/uploads\/2024\/07\/home-alergia-1536x742.jpg 1536w\" sizes=\"auto, (max-width: 1800px) 100vw, 1800px\" title=\"home-alergia\" onerror=\"this.style.display='none'\"  \/>\n\t<h2><strong>Tratamientos y Pruebas de Alergolog\u00eda en Barcelona<\/strong><\/h2>\n<p>Ofrecemos una variedad de tratamientos y pruebas, tales como:<\/p>\n\t<ul>\n<li><strong>Test cut\u00e1neo<\/strong> &#8220;prick test&#8221; para alergias ambientales y alimentarias<\/li>\n<li><strong>Pruebas epicut\u00e1neas<\/strong> &#8220;patch test&#8221; por alergias de contacto<\/li>\n<li><strong>Pruebas funcionales respiratorias<\/strong>: espirometr\u00eda forzada, test broncodilatador, test de broncoconstricci\u00f3n con metacolina, test por asma inducida por esfuerzo.<\/li>\n<li><strong>Rinomanometr\u00eda<\/strong> anterior activa.<\/li>\n<li><strong>Test de provocaci\u00f3n ocular y test de provocaci\u00f3n nasal<\/strong> (con y sin rinomanometr\u00eda).<\/li>\n<li><strong>Estudio completo por alergias alimentarias:<\/strong> anal\u00edtica con posibilidad de estudio por componentes (<strong>diagn\u00f3stico molecular<\/strong>), test cut\u00e1neo y test de provocaci\u00f3n en Hospital de Dia.<\/li>\n<li><strong>Tratamientos de desensibilizaci\u00f3n en alimentos<\/strong> (ITO &#8220;<strong>Inmunoterapia Oral con Alimentos<\/strong>&#8221; para pacientes al\u00e9rgicos a la leche y al huevo).<\/li>\n<li>Unidad de inmunoterapia subcut\u00e1nea por <strong>alergias ambientales<\/strong> (&#8220;vacunas de alergia&#8221;): \u00e1caros, p\u00f3lenes, hongos, gato y perro.<\/li>\n<\/ul>\n\t<h4>AMiQ Hospital Universitario Dexeus<\/h4>\n\t<iframe src=\"https:\/\/www.google.com\/maps\/embed\/v1\/place?q=AMiQ+Dexeus&#038;key=AIzaSyD09zQ9PNDNNy9TadMuzRV_UsPUoWKntt8\" aria-hidden=\"true\" title=\"AMiQ Dexeus\"><\/iframe>\n\n","protected":false},"excerpt":{"rendered":"<p>Unidad Funcional de Alergolog\u00eda Especialistas en Alergias Infantiles y Adultos En la actualidad, nuestro equipo especializado en alergias opera exclusivamente en nuestra cl\u00ednica ubicada en Dexeus, Barcelona. La Unidad de Alergolog\u00eda se dedica al diagn\u00f3stico, tratamiento y seguimiento integral de pacientes afectados por enfermedades al\u00e9rgicas, abarcando desde la infancia hasta la edad adulta. Atenci\u00f3n Especializada&hellip;<\/p>\n","protected":false},"author":3,"featured_media":0,"parent":0,"menu_order":14,"comment_status":"closed","ping_status":"closed","template":"","meta":{"_exactmetrics_skip_tracking":false,"_exactmetrics_sitenote_active":false,"_exactmetrics_sitenote_note":"","_exactmetrics_sitenote_category":0,"_monsterinsights_skip_tracking":false,"_monsterinsights_sitenote_active":false,"_monsterinsights_sitenote_note":"","_monsterinsights_sitenote_category":0,"_uf_show_specific_survey":0,"_uf_disable_surveys":false,"footnotes":""},"categories":[],"tags":[],"class_list":["post-11996","page","type-page","status-publish","hentry"],"aioseo_notices":[],"yoast_head":"<!-- This site is optimized with the Yoast SEO Premium plugin v26.4 (Yoast SEO v26.4) - https:\/\/yoast.com\/wordpress\/plugins\/seo\/ -->\n<title>Al\u00b7lergologia &#8211; AMiQ<\/title>\n<meta name=\"robots\" content=\"index, follow, max-snippet:-1, max-image-preview:large, max-video-preview:-1\" \/>\n<link rel=\"canonical\" href=\"https:\/\/amiq.cat\/ca\/allergologia\/\" \/>\n<script type=\"application\/ld+json\" class=\"yoast-schema-graph\">{\"@context\":\"https:\/\/schema.org\",\"@graph\":[{\"@type\":\"WebPage\",\"@id\":\"https:\/\/amiq.cat\/ca\/allergologia\/\",\"url\":\"https:\/\/amiq.cat\/ca\/allergologia\/\",\"name\":\"Al\u00b7lergologia &#8211; AMiQ\",\"isPartOf\":{\"@id\":\"https:\/\/amiq.cat\/ca\/#website\"},\"primaryImageOfPage\":{\"@id\":\"https:\/\/amiq.cat\/ca\/allergologia\/#primaryimage\"},\"image\":{\"@id\":\"https:\/\/amiq.cat\/ca\/allergologia\/#primaryimage\"},\"thumbnailUrl\":\"https:\/\/amiq.cat\/wp-content\/uploads\/2024\/07\/home-alergia.jpg\",\"datePublished\":\"2024-01-29T05:35:00+00:00\",\"dateModified\":\"2025-10-20T11:27:41+00:00\",\"breadcrumb\":{\"@id\":\"https:\/\/amiq.cat\/ca\/allergologia\/#breadcrumb\"},\"inLanguage\":\"ca\",\"potentialAction\":[{\"@type\":\"ReadAction\",\"target\":[\"https:\/\/amiq.cat\/ca\/allergologia\/\"]}]},{\"@type\":\"ImageObject\",\"inLanguage\":\"ca\",\"@id\":\"https:\/\/amiq.cat\/ca\/allergologia\/#primaryimage\",\"url\":\"https:\/\/amiq.cat\/wp-content\/uploads\/2024\/07\/home-alergia.jpg\",\"contentUrl\":\"https:\/\/amiq.cat\/wp-content\/uploads\/2024\/07\/home-alergia.jpg\"},{\"@type\":\"BreadcrumbList\",\"@id\":\"https:\/\/amiq.cat\/ca\/allergologia\/#breadcrumb\",\"itemListElement\":[{\"@type\":\"ListItem\",\"position\":1,\"name\":\"Portada\",\"item\":\"https:\/\/amiq.cat\/ca\/\"},{\"@type\":\"ListItem\",\"position\":2,\"name\":\"Al\u00b7lergologia\"}]},{\"@type\":\"WebSite\",\"@id\":\"https:\/\/amiq.cat\/ca\/#website\",\"url\":\"https:\/\/amiq.cat\/ca\/\",\"name\":\"AMiQ\",\"description\":\"Agrupaci\u00f3 M\u00e8dica i Quir\u00fargica\",\"publisher\":{\"@id\":\"https:\/\/amiq.cat\/ca\/#organization\"},\"alternateName\":\"AMiQ\",\"potentialAction\":[{\"@type\":\"SearchAction\",\"target\":{\"@type\":\"EntryPoint\",\"urlTemplate\":\"https:\/\/amiq.cat\/ca\/?s={search_term_string}\"},\"query-input\":{\"@type\":\"PropertyValueSpecification\",\"valueRequired\":true,\"valueName\":\"search_term_string\"}}],\"inLanguage\":\"ca\"},{\"@type\":[\"Organization\",\"Place\",\"MedicalClinic\"],\"@id\":\"https:\/\/amiq.cat\/ca\/#organization\",\"name\":\"Agrupaci\u00f3 M\u00e8dica i Quir\u00fargica\",\"alternateName\":\"AMIQ\",\"url\":\"https:\/\/amiq.cat\/ca\/\",\"logo\":{\"@id\":\"https:\/\/amiq.cat\/ca\/allergologia\/#local-main-organization-logo\"},\"image\":{\"@id\":\"https:\/\/amiq.cat\/ca\/allergologia\/#local-main-organization-logo\"},\"description\":\"Entidad especializada en soluciones aseguradoras para profesionales sanitarios, ofreciendo coberturas adaptadas a las necesidades m\u00e9dicas y quir\u00fargicas. Con una amplia experiencia en el sector, destaca por su compromiso con la protecci\u00f3n integral, la gesti\u00f3n eficiente de riesgos y un servicio cercano y personalizado. Su enfoque combina innovaci\u00f3n, confianza y respaldo profesional, convirti\u00e9ndola en una opci\u00f3n s\u00f3lida para quienes buscan seguridad y tranquilidad en el ejercicio de la pr\u00e1ctica sanitaria.\",\"legalName\":\"Agrupaci\u00f3 M\u00e8dica i Quir\u00fargica\",\"numberOfEmployees\":{\"@type\":\"QuantitativeValue\",\"minValue\":\"11\",\"maxValue\":\"50\"},\"address\":{\"@id\":\"https:\/\/amiq.cat\/ca\/allergologia\/#local-main-place-address\"},\"telephone\":[\"93 122 3615\"],\"openingHoursSpecification\":[]},{\"@type\":\"PostalAddress\",\"@id\":\"https:\/\/amiq.cat\/ca\/allergologia\/#local-main-place-address\",\"streetAddress\":\"Carrer de Josep Maria Llad\u00f3, 3,, Sarri\u00e0-Sant Gervasi,\",\"addressLocality\":\"Barcelona\",\"postalCode\":\"08035\",\"addressRegion\":\"Activo\",\"addressCountry\":\"ES\"},{\"@type\":\"ImageObject\",\"inLanguage\":\"ca\",\"@id\":\"https:\/\/amiq.cat\/ca\/allergologia\/#local-main-organization-logo\",\"url\":\"https:\/\/amiq.cat\/wp-content\/uploads\/2024\/07\/logo-amiq-300.png\",\"contentUrl\":\"https:\/\/amiq.cat\/wp-content\/uploads\/2024\/07\/logo-amiq-300.png\",\"width\":400,\"height\":92,\"caption\":\"Agrupaci\u00f3 M\u00e8dica i Quir\u00fargica\"}]}<\/script>\n<meta name=\"geo.placename\" content=\"Barcelona\" \/>\n<meta name=\"geo.region\" content=\"Espanya\" \/>\n<!-- \/ Yoast SEO Premium plugin. -->","yoast_head_json":{"title":"Al\u00b7lergologia &#8211; AMiQ","robots":{"index":"index","follow":"follow","max-snippet":"max-snippet:-1","max-image-preview":"max-image-preview:large","max-video-preview":"max-video-preview:-1"},"canonical":"https:\/\/amiq.cat\/ca\/allergologia\/","schema":{"@context":"https:\/\/schema.org","@graph":[{"@type":"WebPage","@id":"https:\/\/amiq.cat\/ca\/allergologia\/","url":"https:\/\/amiq.cat\/ca\/allergologia\/","name":"Al\u00b7lergologia &#8211; AMiQ","isPartOf":{"@id":"https:\/\/amiq.cat\/ca\/#website"},"primaryImageOfPage":{"@id":"https:\/\/amiq.cat\/ca\/allergologia\/#primaryimage"},"image":{"@id":"https:\/\/amiq.cat\/ca\/allergologia\/#primaryimage"},"thumbnailUrl":"https:\/\/amiq.cat\/wp-content\/uploads\/2024\/07\/home-alergia.jpg","datePublished":"2024-01-29T05:35:00+00:00","dateModified":"2025-10-20T11:27:41+00:00","breadcrumb":{"@id":"https:\/\/amiq.cat\/ca\/allergologia\/#breadcrumb"},"inLanguage":"ca","potentialAction":[{"@type":"ReadAction","target":["https:\/\/amiq.cat\/ca\/allergologia\/"]}]},{"@type":"ImageObject","inLanguage":"ca","@id":"https:\/\/amiq.cat\/ca\/allergologia\/#primaryimage","url":"https:\/\/amiq.cat\/wp-content\/uploads\/2024\/07\/home-alergia.jpg","contentUrl":"https:\/\/amiq.cat\/wp-content\/uploads\/2024\/07\/home-alergia.jpg"},{"@type":"BreadcrumbList","@id":"https:\/\/amiq.cat\/ca\/allergologia\/#breadcrumb","itemListElement":[{"@type":"ListItem","position":1,"name":"Portada","item":"https:\/\/amiq.cat\/ca\/"},{"@type":"ListItem","position":2,"name":"Al\u00b7lergologia"}]},{"@type":"WebSite","@id":"https:\/\/amiq.cat\/ca\/#website","url":"https:\/\/amiq.cat\/ca\/","name":"AMiQ","description":"Agrupaci\u00f3 M\u00e8dica i Quir\u00fargica","publisher":{"@id":"https:\/\/amiq.cat\/ca\/#organization"},"alternateName":"AMiQ","potentialAction":[{"@type":"SearchAction","target":{"@type":"EntryPoint","urlTemplate":"https:\/\/amiq.cat\/ca\/?s={search_term_string}"},"query-input":{"@type":"PropertyValueSpecification","valueRequired":true,"valueName":"search_term_string"}}],"inLanguage":"ca"},{"@type":["Organization","Place","MedicalClinic"],"@id":"https:\/\/amiq.cat\/ca\/#organization","name":"Agrupaci\u00f3 M\u00e8dica i Quir\u00fargica","alternateName":"AMIQ","url":"https:\/\/amiq.cat\/ca\/","logo":{"@id":"https:\/\/amiq.cat\/ca\/allergologia\/#local-main-organization-logo"},"image":{"@id":"https:\/\/amiq.cat\/ca\/allergologia\/#local-main-organization-logo"},"description":"Entidad especializada en soluciones aseguradoras para profesionales sanitarios, ofreciendo coberturas adaptadas a las necesidades m\u00e9dicas y quir\u00fargicas. Con una amplia experiencia en el sector, destaca por su compromiso con la protecci\u00f3n integral, la gesti\u00f3n eficiente de riesgos y un servicio cercano y personalizado. Su enfoque combina innovaci\u00f3n, confianza y respaldo profesional, convirti\u00e9ndola en una opci\u00f3n s\u00f3lida para quienes buscan seguridad y tranquilidad en el ejercicio de la pr\u00e1ctica sanitaria.","legalName":"Agrupaci\u00f3 M\u00e8dica i Quir\u00fargica","numberOfEmployees":{"@type":"QuantitativeValue","minValue":"11","maxValue":"50"},"address":{"@id":"https:\/\/amiq.cat\/ca\/allergologia\/#local-main-place-address"},"telephone":["93 122 3615"],"openingHoursSpecification":[]},{"@type":"PostalAddress","@id":"https:\/\/amiq.cat\/ca\/allergologia\/#local-main-place-address","streetAddress":"Carrer de Josep Maria Llad\u00f3, 3,, Sarri\u00e0-Sant Gervasi,","addressLocality":"Barcelona","postalCode":"08035","addressRegion":"Activo","addressCountry":"ES"},{"@type":"ImageObject","inLanguage":"ca","@id":"https:\/\/amiq.cat\/ca\/allergologia\/#local-main-organization-logo","url":"https:\/\/amiq.cat\/wp-content\/uploads\/2024\/07\/logo-amiq-300.png","contentUrl":"https:\/\/amiq.cat\/wp-content\/uploads\/2024\/07\/logo-amiq-300.png","width":400,"height":92,"caption":"Agrupaci\u00f3 M\u00e8dica i Quir\u00fargica"}]},"geo.placename":"Barcelona","geo.region":"Espanya"},"_links":{"self":[{"href":"https:\/\/amiq.cat\/ca\/wp-json\/wp\/v2\/pages\/11996","targetHints":{"allow":["GET"]}}],"collection":[{"href":"https:\/\/amiq.cat\/ca\/wp-json\/wp\/v2\/pages"}],"about":[{"href":"https:\/\/amiq.cat\/ca\/wp-json\/wp\/v2\/types\/page"}],"author":[{"embeddable":true,"href":"https:\/\/amiq.cat\/ca\/wp-json\/wp\/v2\/users\/3"}],"replies":[{"embeddable":true,"href":"https:\/\/amiq.cat\/ca\/wp-json\/wp\/v2\/comments?post=11996"}],"version-history":[{"count":6,"href":"https:\/\/amiq.cat\/ca\/wp-json\/wp\/v2\/pages\/11996\/revisions"}],"predecessor-version":[{"id":13999,"href":"https:\/\/amiq.cat\/ca\/wp-json\/wp\/v2\/pages\/11996\/revisions\/13999"}],"wp:attachment":[{"href":"https:\/\/amiq.cat\/ca\/wp-json\/wp\/v2\/media?parent=11996"}],"wp:term":[{"taxonomy":"category","embeddable":true,"href":"https:\/\/amiq.cat\/ca\/wp-json\/wp\/v2\/categories?post=11996"},{"taxonomy":"post_tag","embeddable":true,"href":"https:\/\/amiq.cat\/ca\/wp-json\/wp\/v2\/tags?post=11996"}],"curies":[{"name":"wp","href":"https:\/\/api.w.org\/{rel}","templated":true}]}}