{"id":12008,"date":"2024-01-29T06:44:56","date_gmt":"2024-01-29T05:44:56","guid":{"rendered":"https:\/\/wetopi.com\/contacte\/"},"modified":"2026-01-20T10:26:51","modified_gmt":"2026-01-20T09:26:51","slug":"contacte","status":"publish","type":"page","link":"https:\/\/amiq.cat\/ca\/contacte\/","title":{"rendered":"Contacte"},"content":{"rendered":"\n\n<h2>\n\t\tContacte\n\t<\/h2>\n\t\t\t<h3>Formulari de contacte<\/h3>\n    <form id=\"wpforms-form-11745\" data-formid=\"11745\" method=\"post\" enctype=\"multipart\/form-data\" action=\"\/ca\/?page_id=12008&#038;fl_builder\" data-token=\"e57eb30e41259cebc0a607c4752cc498\">Activeu el JavaScript al navegador per a poder completar el formulari.Activeu el JavaScript al navegador per a poder completar el formulari.<fieldset><legend>Nombre *<\/legend><input type=\"text\" id=\"wpforms-11745-field_5\" name=\"wpforms[fields][5][first]\" placeholder=\"Nombre\" aria-errormessage=\"wpforms-11745-field_5-error\" required\/><label for=\"wpforms-11745-field_5\">Nom<\/label><input type=\"text\" id=\"wpforms-11745-field_5-last\" name=\"wpforms[fields][5][last]\" placeholder=\"Apellido\" aria-errormessage=\"wpforms-11745-field_5-last-error\" required\/><label for=\"wpforms-11745-field_5-last\">Cognoms<\/label><\/fieldset><label for=\"wpforms-11745-field_25\">Mutua *<\/label><input type=\"text\" id=\"wpforms-11745-field_25\" name=\"wpforms[fields][25]\" placeholder=\"Indique su mutua\" aria-errormessage=\"wpforms-11745-field_25-error\" required\/><label for=\"wpforms-11745-field_6\">Tel\u00e9fono *<\/label><input type=\"tel\" id=\"wpforms-11745-field_6\" data-rule-smart-phone-field=\"true\" name=\"wpforms[fields][6]\" placeholder=\"Tel\u00e9fono\" aria-errormessage=\"wpforms-11745-field_6-error\" required\/><label for=\"wpforms-11745-field_4\">Email *<\/label><input type=\"email\" id=\"wpforms-11745-field_4\" name=\"wpforms[fields][4]\" placeholder=\"email\" spellcheck=\"false\" aria-errormessage=\"wpforms-11745-field_4-error\" required\/><label for=\"wpforms-11745-field_24\">\u00bfCon qui\u00e9n quiere contactar? *<\/label><select id=\"wpforms-11745-field_24\" data-size-class=\"wpforms-field-row wpforms-field-medium\" data-search-enabled=\"\" name=\"wpforms[fields][24]\" required=\"required\"><option value=\"\" disabled  selected='selected'>AMiQ | IMO &#8211; Barcelona<\/option><option value=\"AMiQ | IMO - Barcelona\">AMiQ | IMO &#8211; Barcelona<\/option><option value=\"AMiQ | Hospital Universitario Dexeus - Barcelona\">AMiQ | Hospital Universitario Dexeus &#8211; Barcelona<\/option><option value=\"Informaci\u00f3n\">Informaci\u00f3n<\/option><\/select><label for=\"wpforms-11745-field_8\">Tu mensaje *<\/label><textarea id=\"wpforms-11745-field_8\" name=\"wpforms[fields][8]\" placeholder=\"\u00bfQu\u00e9 podemos hacer por t\u00ed?\" aria-errormessage=\"wpforms-11745-field_8-error\" required><\/textarea><label for=\"wpforms-11745-field_22\">Acuerdo RGPD *<\/label><ul id=\"wpforms-11745-field_22\"><li><input type=\"checkbox\" id=\"wpforms-11745-field_22_1\" name=\"wpforms[fields][22][]\" value=\"Doy mi consentimiento para que este sitio web almacene la informaci\u00f3n enviada para que puedan responder a mi consulta.\" aria-errormessage=\"wpforms-11745-field_22_1-error\" required\/><label for=\"wpforms-11745-field_22_1\">Doy mi consentimiento para que este sitio web almacene la informaci\u00f3n enviada para que puedan responder a mi consulta.<\/label><\/li><\/ul><!-- .wpforms-field-container --><input type=\"text\" name=\"g-recaptcha-hidden\" data-rule-recaptcha=\"1\"\/><input type=\"hidden\" name=\"wpforms[id]\" value=\"11745\"\/>\t\t\t<input type=\"hidden\"\n\t\t\t\tname=\"wpforms[nonce]\"\n\t\t\t\tvalue=\"820a9da3f0\"\n\t\t\t\/>\n\t\t\t<input type=\"hidden\" name=\"wpforms[author]\" value=\"0\"\/><input type=\"hidden\" name=\"wpforms[post_id]\" value=\"12008\"\/><button type=\"submit\" name=\"wpforms[submit]\" id=\"wpforms-submit-11745\" data-alt-text=\"Enviando...\" data-submit-text=\"Enviar\" aria-live=\"assertive\" value=\"wpforms-submit\">Enviar<\/button><img loading=\"lazy\" decoding=\"async\" src=\"https:\/\/amiq.cat\/wp-content\/plugins\/wpforms\/assets\/images\/submit-spin.svg\" width=\"26\" height=\"26\" alt=\"S&#039;est\u00e0 carregant\"\/><\/form>  <!-- .wpforms-container -->\n\n","protected":false},"excerpt":{"rendered":"<p>Contacte Formulari de contacte Activeu el JavaScript al navegador per a poder completar el formulari.Activeu el JavaScript al navegador per a poder completar el formulari. Nombre * NomCognoms Mutua *Tel\u00e9fono *Email *\u00bfCon qui\u00e9n quiere contactar? *AMiQ | IMO &#8211; BarcelonaAMiQ | IMO &#8211; BarcelonaAMiQ | Hospital Universitario Dexeus &#8211; BarcelonaInformaci\u00f3nTu mensaje *Acuerdo RGPD * Doy&hellip;<\/p>\n","protected":false},"author":3,"featured_media":0,"parent":0,"menu_order":72,"comment_status":"closed","ping_status":"closed","template":"","meta":{"_exactmetrics_skip_tracking":false,"_exactmetrics_sitenote_active":false,"_exactmetrics_sitenote_note":"","_exactmetrics_sitenote_category":0,"_monsterinsights_skip_tracking":false,"_monsterinsights_sitenote_active":false,"_monsterinsights_sitenote_note":"","_monsterinsights_sitenote_category":0,"_uf_show_specific_survey":0,"_uf_disable_surveys":false,"footnotes":""},"categories":[],"tags":[],"class_list":["post-12008","page","type-page","status-publish","hentry"],"aioseo_notices":[],"yoast_head":"<!-- This site is optimized with the Yoast SEO Premium plugin v26.4 (Yoast SEO v26.4) - https:\/\/yoast.com\/wordpress\/plugins\/seo\/ -->\n<title>Contacte &#8211; AMiQ<\/title>\n<meta name=\"robots\" content=\"index, follow, max-snippet:-1, max-image-preview:large, max-video-preview:-1\" \/>\n<link rel=\"canonical\" href=\"https:\/\/amiq.cat\/ca\/contacte\/\" \/>\n<script type=\"application\/ld+json\" class=\"yoast-schema-graph\">{\"@context\":\"https:\/\/schema.org\",\"@graph\":[{\"@type\":\"WebPage\",\"@id\":\"https:\/\/amiq.cat\/ca\/contacte\/\",\"url\":\"https:\/\/amiq.cat\/ca\/contacte\/\",\"name\":\"Contacte &#8211; AMiQ\",\"isPartOf\":{\"@id\":\"https:\/\/amiq.cat\/ca\/#website\"},\"primaryImageOfPage\":{\"@id\":\"https:\/\/amiq.cat\/ca\/contacte\/#primaryimage\"},\"image\":{\"@id\":\"https:\/\/amiq.cat\/ca\/contacte\/#primaryimage\"},\"thumbnailUrl\":\"https:\/\/amiq.cat\/wp-content\/plugins\/wpforms\/assets\/images\/submit-spin.svg\",\"datePublished\":\"2024-01-29T05:44:56+00:00\",\"dateModified\":\"2026-01-20T09:26:51+00:00\",\"breadcrumb\":{\"@id\":\"https:\/\/amiq.cat\/ca\/contacte\/#breadcrumb\"},\"inLanguage\":\"ca\",\"potentialAction\":[{\"@type\":\"ReadAction\",\"target\":[\"https:\/\/amiq.cat\/ca\/contacte\/\"]}]},{\"@type\":\"ImageObject\",\"inLanguage\":\"ca\",\"@id\":\"https:\/\/amiq.cat\/ca\/contacte\/#primaryimage\",\"url\":\"https:\/\/amiq.cat\/wp-content\/plugins\/wpforms\/assets\/images\/submit-spin.svg\",\"contentUrl\":\"https:\/\/amiq.cat\/wp-content\/plugins\/wpforms\/assets\/images\/submit-spin.svg\"},{\"@type\":\"BreadcrumbList\",\"@id\":\"https:\/\/amiq.cat\/ca\/contacte\/#breadcrumb\",\"itemListElement\":[{\"@type\":\"ListItem\",\"position\":1,\"name\":\"Portada\",\"item\":\"https:\/\/amiq.cat\/ca\/\"},{\"@type\":\"ListItem\",\"position\":2,\"name\":\"Contacte\"}]},{\"@type\":\"WebSite\",\"@id\":\"https:\/\/amiq.cat\/ca\/#website\",\"url\":\"https:\/\/amiq.cat\/ca\/\",\"name\":\"AMiQ\",\"description\":\"Agrupaci\u00f3 M\u00e8dica i Quir\u00fargica\",\"publisher\":{\"@id\":\"https:\/\/amiq.cat\/ca\/#organization\"},\"alternateName\":\"AMiQ\",\"potentialAction\":[{\"@type\":\"SearchAction\",\"target\":{\"@type\":\"EntryPoint\",\"urlTemplate\":\"https:\/\/amiq.cat\/ca\/?s={search_term_string}\"},\"query-input\":{\"@type\":\"PropertyValueSpecification\",\"valueRequired\":true,\"valueName\":\"search_term_string\"}}],\"inLanguage\":\"ca\"},{\"@type\":[\"Organization\",\"Place\",\"MedicalClinic\"],\"@id\":\"https:\/\/amiq.cat\/ca\/#organization\",\"name\":\"Agrupaci\u00f3 M\u00e8dica i Quir\u00fargica\",\"alternateName\":\"AMIQ\",\"url\":\"https:\/\/amiq.cat\/ca\/\",\"logo\":{\"@id\":\"https:\/\/amiq.cat\/ca\/contacte\/#local-main-organization-logo\"},\"image\":{\"@id\":\"https:\/\/amiq.cat\/ca\/contacte\/#local-main-organization-logo\"},\"description\":\"Entidad especializada en soluciones aseguradoras para profesionales sanitarios, ofreciendo coberturas adaptadas a las necesidades m\u00e9dicas y quir\u00fargicas. Con una amplia experiencia en el sector, destaca por su compromiso con la protecci\u00f3n integral, la gesti\u00f3n eficiente de riesgos y un servicio cercano y personalizado. Su enfoque combina innovaci\u00f3n, confianza y respaldo profesional, convirti\u00e9ndola en una opci\u00f3n s\u00f3lida para quienes buscan seguridad y tranquilidad en el ejercicio de la pr\u00e1ctica sanitaria.\",\"legalName\":\"Agrupaci\u00f3 M\u00e8dica i Quir\u00fargica\",\"numberOfEmployees\":{\"@type\":\"QuantitativeValue\",\"minValue\":\"11\",\"maxValue\":\"50\"},\"address\":{\"@id\":\"https:\/\/amiq.cat\/ca\/contacte\/#local-main-place-address\"},\"telephone\":[\"93 122 3615\"],\"openingHoursSpecification\":[]},{\"@type\":\"PostalAddress\",\"@id\":\"https:\/\/amiq.cat\/ca\/contacte\/#local-main-place-address\",\"streetAddress\":\"Carrer de Josep Maria Llad\u00f3, 3,, Sarri\u00e0-Sant Gervasi,\",\"addressLocality\":\"Barcelona\",\"postalCode\":\"08035\",\"addressRegion\":\"Activo\",\"addressCountry\":\"ES\"},{\"@type\":\"ImageObject\",\"inLanguage\":\"ca\",\"@id\":\"https:\/\/amiq.cat\/ca\/contacte\/#local-main-organization-logo\",\"url\":\"https:\/\/amiq.cat\/wp-content\/uploads\/2024\/07\/logo-amiq-300.png\",\"contentUrl\":\"https:\/\/amiq.cat\/wp-content\/uploads\/2024\/07\/logo-amiq-300.png\",\"width\":400,\"height\":92,\"caption\":\"Agrupaci\u00f3 M\u00e8dica i Quir\u00fargica\"}]}<\/script>\n<meta name=\"geo.placename\" content=\"Barcelona\" \/>\n<meta name=\"geo.region\" content=\"Espanya\" \/>\n<!-- \/ Yoast SEO Premium plugin. -->","yoast_head_json":{"title":"Contacte &#8211; AMiQ","robots":{"index":"index","follow":"follow","max-snippet":"max-snippet:-1","max-image-preview":"max-image-preview:large","max-video-preview":"max-video-preview:-1"},"canonical":"https:\/\/amiq.cat\/ca\/contacte\/","schema":{"@context":"https:\/\/schema.org","@graph":[{"@type":"WebPage","@id":"https:\/\/amiq.cat\/ca\/contacte\/","url":"https:\/\/amiq.cat\/ca\/contacte\/","name":"Contacte &#8211; AMiQ","isPartOf":{"@id":"https:\/\/amiq.cat\/ca\/#website"},"primaryImageOfPage":{"@id":"https:\/\/amiq.cat\/ca\/contacte\/#primaryimage"},"image":{"@id":"https:\/\/amiq.cat\/ca\/contacte\/#primaryimage"},"thumbnailUrl":"https:\/\/amiq.cat\/wp-content\/plugins\/wpforms\/assets\/images\/submit-spin.svg","datePublished":"2024-01-29T05:44:56+00:00","dateModified":"2026-01-20T09:26:51+00:00","breadcrumb":{"@id":"https:\/\/amiq.cat\/ca\/contacte\/#breadcrumb"},"inLanguage":"ca","potentialAction":[{"@type":"ReadAction","target":["https:\/\/amiq.cat\/ca\/contacte\/"]}]},{"@type":"ImageObject","inLanguage":"ca","@id":"https:\/\/amiq.cat\/ca\/contacte\/#primaryimage","url":"https:\/\/amiq.cat\/wp-content\/plugins\/wpforms\/assets\/images\/submit-spin.svg","contentUrl":"https:\/\/amiq.cat\/wp-content\/plugins\/wpforms\/assets\/images\/submit-spin.svg"},{"@type":"BreadcrumbList","@id":"https:\/\/amiq.cat\/ca\/contacte\/#breadcrumb","itemListElement":[{"@type":"ListItem","position":1,"name":"Portada","item":"https:\/\/amiq.cat\/ca\/"},{"@type":"ListItem","position":2,"name":"Contacte"}]},{"@type":"WebSite","@id":"https:\/\/amiq.cat\/ca\/#website","url":"https:\/\/amiq.cat\/ca\/","name":"AMiQ","description":"Agrupaci\u00f3 M\u00e8dica i Quir\u00fargica","publisher":{"@id":"https:\/\/amiq.cat\/ca\/#organization"},"alternateName":"AMiQ","potentialAction":[{"@type":"SearchAction","target":{"@type":"EntryPoint","urlTemplate":"https:\/\/amiq.cat\/ca\/?s={search_term_string}"},"query-input":{"@type":"PropertyValueSpecification","valueRequired":true,"valueName":"search_term_string"}}],"inLanguage":"ca"},{"@type":["Organization","Place","MedicalClinic"],"@id":"https:\/\/amiq.cat\/ca\/#organization","name":"Agrupaci\u00f3 M\u00e8dica i Quir\u00fargica","alternateName":"AMIQ","url":"https:\/\/amiq.cat\/ca\/","logo":{"@id":"https:\/\/amiq.cat\/ca\/contacte\/#local-main-organization-logo"},"image":{"@id":"https:\/\/amiq.cat\/ca\/contacte\/#local-main-organization-logo"},"description":"Entidad especializada en soluciones aseguradoras para profesionales sanitarios, ofreciendo coberturas adaptadas a las necesidades m\u00e9dicas y quir\u00fargicas. Con una amplia experiencia en el sector, destaca por su compromiso con la protecci\u00f3n integral, la gesti\u00f3n eficiente de riesgos y un servicio cercano y personalizado. Su enfoque combina innovaci\u00f3n, confianza y respaldo profesional, convirti\u00e9ndola en una opci\u00f3n s\u00f3lida para quienes buscan seguridad y tranquilidad en el ejercicio de la pr\u00e1ctica sanitaria.","legalName":"Agrupaci\u00f3 M\u00e8dica i Quir\u00fargica","numberOfEmployees":{"@type":"QuantitativeValue","minValue":"11","maxValue":"50"},"address":{"@id":"https:\/\/amiq.cat\/ca\/contacte\/#local-main-place-address"},"telephone":["93 122 3615"],"openingHoursSpecification":[]},{"@type":"PostalAddress","@id":"https:\/\/amiq.cat\/ca\/contacte\/#local-main-place-address","streetAddress":"Carrer de Josep Maria Llad\u00f3, 3,, Sarri\u00e0-Sant Gervasi,","addressLocality":"Barcelona","postalCode":"08035","addressRegion":"Activo","addressCountry":"ES"},{"@type":"ImageObject","inLanguage":"ca","@id":"https:\/\/amiq.cat\/ca\/contacte\/#local-main-organization-logo","url":"https:\/\/amiq.cat\/wp-content\/uploads\/2024\/07\/logo-amiq-300.png","contentUrl":"https:\/\/amiq.cat\/wp-content\/uploads\/2024\/07\/logo-amiq-300.png","width":400,"height":92,"caption":"Agrupaci\u00f3 M\u00e8dica i Quir\u00fargica"}]},"geo.placename":"Barcelona","geo.region":"Espanya"},"_links":{"self":[{"href":"https:\/\/amiq.cat\/ca\/wp-json\/wp\/v2\/pages\/12008","targetHints":{"allow":["GET"]}}],"collection":[{"href":"https:\/\/amiq.cat\/ca\/wp-json\/wp\/v2\/pages"}],"about":[{"href":"https:\/\/amiq.cat\/ca\/wp-json\/wp\/v2\/types\/page"}],"author":[{"embeddable":true,"href":"https:\/\/amiq.cat\/ca\/wp-json\/wp\/v2\/users\/3"}],"replies":[{"embeddable":true,"href":"https:\/\/amiq.cat\/ca\/wp-json\/wp\/v2\/comments?post=12008"}],"version-history":[{"count":10,"href":"https:\/\/amiq.cat\/ca\/wp-json\/wp\/v2\/pages\/12008\/revisions"}],"predecessor-version":[{"id":13808,"href":"https:\/\/amiq.cat\/ca\/wp-json\/wp\/v2\/pages\/12008\/revisions\/13808"}],"wp:attachment":[{"href":"https:\/\/amiq.cat\/ca\/wp-json\/wp\/v2\/media?parent=12008"}],"wp:term":[{"taxonomy":"category","embeddable":true,"href":"https:\/\/amiq.cat\/ca\/wp-json\/wp\/v2\/categories?post=12008"},{"taxonomy":"post_tag","embeddable":true,"href":"https:\/\/amiq.cat\/ca\/wp-json\/wp\/v2\/tags?post=12008"}],"curies":[{"name":"wp","href":"https:\/\/api.w.org\/{rel}","templated":true}]}}