{"id":12034,"date":"2024-01-29T06:35:43","date_gmt":"2024-01-29T05:35:43","guid":{"rendered":"https:\/\/wetopi.com\/amiq-hospital-universitari-dexeus\/"},"modified":"2026-01-20T10:34:38","modified_gmt":"2026-01-20T09:34:38","slug":"amiq-hospital-universitari-dexeus","status":"publish","type":"page","link":"https:\/\/amiq.cat\/ca\/les-nostres-cliniques\/amiq-hospital-universitari-dexeus\/","title":{"rendered":"AMiQ Otorrino en Hospital Universitari Dexeus"},"content":{"rendered":"\n\n<h2>\n\t\tAMiQ &#8211; Dexeus  Barcelona\n\t<\/h2>\n<p>En un edificio de vanguardia de 50.000m<sup>2<\/sup>, que combina las \u00faltimas tecnolog\u00edas m\u00e9dicas con modernas y confortables instalaciones sanitarias, nuestra Unidad Funcional de Otorrinolaringolog\u00eda y Alergia de Barcelona se ha consolidado como un equipo m\u00e9dico de referencia para la patolog\u00eda pedi\u00e1trica y de adultos.<\/p>\n<p>Ofrece un planteamiento m\u00e9dico multidisciplinar para dar soluci\u00f3n global a las distintas patolog\u00edas relacionadas.<\/p>\n<p>Asimismo, pone a disposici\u00f3n del paciente un <b>Servicio de Atenci\u00f3n M\u00e9dica Continuada de Alergia y Urgencias de Otorrinolaringolog\u00eda.<\/b><\/p>\n<p>Nuestra Unidad Funcional del Hospital Universitario Dexeus, realiza m\u00e1s 700 cirug\u00edas anuales, casi 3000 urgencias de Otorrinolaringolog\u00eda y alrededor de 2500 pruebas de Alergia cada a\u00f1o.<\/p>\n\t\t\t\t<img loading=\"lazy\" decoding=\"async\" src=\"https:\/\/wetopi.com\/wp-content\/uploads\/2024\/01\/amiq-hospital-universitari-quiron-dexeus.jpg\" alt=\"amiq-hospital-universitari-quiron-dexeus\" itemprop=\"image\" height=\"400\" width=\"600\" title=\"amiq-hospital-universitari-quiron-dexeus\" onerror=\"this.style.display='none'\"  \/>\n<h3>Pruebas y procedimientos<\/h3>\n<ul>\n<li>Alergia a picadura de insectos<\/li>\n<li>Alergia alimentaria<\/li>\n<li>Alergia al moho, la caspa y el polvo<\/li>\n<li>Alergias f\u00e1rmacos<\/li>\n<li>Anafilaxia<\/li>\n<li>Apnea obstructiva del sue\u00f1o<\/li>\n<li>Asma<\/li>\n<li>Asma pedi\u00e1trica<\/li>\n<li>C\u00e1ncer de cabeza y cuello<\/li>\n<li>C\u00e1ncer de laringe<\/li>\n<li>Colesteatoma<\/li>\n<li>Conjuntivitis al\u00e9rgica<\/li>\n<li>Dermatitis at\u00f3pica<\/li>\n<li>Hipoacusia en beb\u00e9s<\/li>\n<li>Otosclerosis<\/li>\n<li>Par\u00e1lisis de las cuerdas vocales<\/li>\n<li>Par\u00e1lisis del nervio facial<\/li>\n<li>P\u00f3lipos nasales<\/li>\n<li>Reacci\u00f3n al\u00e9rgica a una droga (medicamento)<\/li>\n<li>Rinitis al\u00e9rgica<\/li>\n<li>Schwannoma vestibular<\/li>\n<li>Tumor de o\u00eddo<\/li>\n<li>Tumores de las gl\u00e1ndulas salivales<\/li>\n<li>Urticaria<\/li>\n<\/ul>\n<h3>Enfermedades<\/h3>\n<p>&nbsp;<\/p>\n<ul>\n<li>Alergia a picadura de insectos<\/li>\n<li>Alergia alimentaria<\/li>\n<li>Alergia al moho, la caspa y el polvo<\/li>\n<li>Alergias f\u00e1rmacos<\/li>\n<li>Anafilaxia<\/li>\n<li>Apnea obstructiva del sue\u00f1o<\/li>\n<li>Asma<\/li>\n<li>Asma pedi\u00e1trica<\/li>\n<li>C\u00e1ncer de cabeza y cuello<\/li>\n<li>C\u00e1ncer de laringe<\/li>\n<li>Colesteatoma<\/li>\n<li>Conjuntivitis al\u00e9rgica<\/li>\n<li>Dermatitis at\u00f3pica<\/li>\n<li>Hipoacusia en beb\u00e9s<\/li>\n<li>Otosclerosis<\/li>\n<li>Par\u00e1lisis de las cuerdas vocales<\/li>\n<li>Par\u00e1lisis del nervio facial<\/li>\n<li>P\u00f3lipos nasales<\/li>\n<li>Reacci\u00f3n al\u00e9rgica a una droga (medicamento)<\/li>\n<li>Rinitis al\u00e9rgica<\/li>\n<li>Schwannoma vestibular<\/li>\n<li>Tumor de o\u00eddo<\/li>\n<li>Tumores de las gl\u00e1ndulas salivales<\/li>\n<li>Urticaria<\/li>\n<\/ul>\n<h2>\n\t\tContacta con AMiQ | Dexeus &#8211; Barcelona\n\t<\/h2>\n\t\t\t<a href=\"tel:938357214\" target=\"_blank\" rel=\"noopener\">\n\t\t\t\t\t\t93 835 7214 \n\t\t\t\t\t<\/a>\n\t\t\t<a href=\"mailto:recepcio@amiq.cat\" target=\"_blank\" rel=\"noopener\">\n\t\t\t\t\t\temail\n\t\t\t\t\t<\/a>\n<h3>AMiQ &#8211; Agrupaci\u00f3n M\u00e9dica y Quir\u00fargica<\/h3>\n<p><strong>La Agrupaci\u00f3n M\u00e9dica y Quir\u00fargica AMiQ,<\/strong> liderada por el <strong>Dr. Ivan Dom\u00e8nech<\/strong>, est\u00e1 constituida por unos colaboradores profesionales, que tienen por objetivo proporcionar un tratamiento M\u00e9dico integral para las especialidades de Otorrinolaringolog\u00eda, Cirug\u00eda M\u00e1xilo Facial, Alergolog\u00eda, Dermatolog\u00eda de Cabo y Cuello y Endocrinolog\u00eda de Tiroides y Paratiroides<strong>.<\/strong><\/p>\n<p>Cerca de <strong>35.000 visitas y m\u00e1s de 800 cirug\u00edas<\/strong> anuales, avalan nuestra experiencia.<\/p>\n\n","protected":false},"excerpt":{"rendered":"<p>AMiQ &#8211; Dexeus Barcelona En un edificio de vanguardia de 50.000m2, que combina las \u00faltimas tecnolog\u00edas m\u00e9dicas con modernas y confortables instalaciones sanitarias, nuestra Unidad Funcional de Otorrinolaringolog\u00eda y Alergia de Barcelona se ha consolidado como un equipo m\u00e9dico de referencia para la patolog\u00eda pedi\u00e1trica y de adultos. Ofrece un planteamiento m\u00e9dico multidisciplinar para dar&hellip;<\/p>\n","protected":false},"author":3,"featured_media":0,"parent":12189,"menu_order":4,"comment_status":"closed","ping_status":"closed","template":"","meta":{"_exactmetrics_skip_tracking":false,"_exactmetrics_sitenote_active":false,"_exactmetrics_sitenote_note":"","_exactmetrics_sitenote_category":0,"_monsterinsights_skip_tracking":false,"_monsterinsights_sitenote_active":false,"_monsterinsights_sitenote_note":"","_monsterinsights_sitenote_category":0,"_uf_show_specific_survey":0,"_uf_disable_surveys":false,"footnotes":""},"categories":[],"tags":[],"class_list":["post-12034","page","type-page","status-publish","hentry"],"aioseo_notices":[],"yoast_head":"<!-- This site is optimized with the Yoast SEO Premium plugin v26.4 (Yoast SEO v26.4) - https:\/\/yoast.com\/wordpress\/plugins\/seo\/ -->\n<title>AMiQ Otorrino en Hospital Universitari Dexeus &#8211; AMiQ<\/title>\n<meta name=\"robots\" content=\"index, follow, max-snippet:-1, max-image-preview:large, max-video-preview:-1\" \/>\n<link rel=\"canonical\" href=\"https:\/\/amiq.cat\/ca\/les-nostres-cliniques\/amiq-hospital-universitari-dexeus\/\" \/>\n<script type=\"application\/ld+json\" class=\"yoast-schema-graph\">{\"@context\":\"https:\/\/schema.org\",\"@graph\":[{\"@type\":\"WebPage\",\"@id\":\"https:\/\/amiq.cat\/ca\/les-nostres-cliniques\/amiq-hospital-universitari-dexeus\/\",\"url\":\"https:\/\/amiq.cat\/ca\/les-nostres-cliniques\/amiq-hospital-universitari-dexeus\/\",\"name\":\"AMiQ Otorrino en Hospital Universitari Dexeus &#8211; AMiQ\",\"isPartOf\":{\"@id\":\"https:\/\/amiq.cat\/ca\/#website\"},\"primaryImageOfPage\":{\"@id\":\"https:\/\/amiq.cat\/ca\/les-nostres-cliniques\/amiq-hospital-universitari-dexeus\/#primaryimage\"},\"image\":{\"@id\":\"https:\/\/amiq.cat\/ca\/les-nostres-cliniques\/amiq-hospital-universitari-dexeus\/#primaryimage\"},\"thumbnailUrl\":\"https:\/\/wetopi.com\/wp-content\/uploads\/2024\/01\/amiq-hospital-universitari-quiron-dexeus.jpg\",\"datePublished\":\"2024-01-29T05:35:43+00:00\",\"dateModified\":\"2026-01-20T09:34:38+00:00\",\"breadcrumb\":{\"@id\":\"https:\/\/amiq.cat\/ca\/les-nostres-cliniques\/amiq-hospital-universitari-dexeus\/#breadcrumb\"},\"inLanguage\":\"ca\",\"potentialAction\":[{\"@type\":\"ReadAction\",\"target\":[\"https:\/\/amiq.cat\/ca\/les-nostres-cliniques\/amiq-hospital-universitari-dexeus\/\"]}]},{\"@type\":\"ImageObject\",\"inLanguage\":\"ca\",\"@id\":\"https:\/\/amiq.cat\/ca\/les-nostres-cliniques\/amiq-hospital-universitari-dexeus\/#primaryimage\",\"url\":\"https:\/\/wetopi.com\/wp-content\/uploads\/2024\/01\/amiq-hospital-universitari-quiron-dexeus.jpg\",\"contentUrl\":\"https:\/\/wetopi.com\/wp-content\/uploads\/2024\/01\/amiq-hospital-universitari-quiron-dexeus.jpg\"},{\"@type\":\"BreadcrumbList\",\"@id\":\"https:\/\/amiq.cat\/ca\/les-nostres-cliniques\/amiq-hospital-universitari-dexeus\/#breadcrumb\",\"itemListElement\":[{\"@type\":\"ListItem\",\"position\":1,\"name\":\"Portada\",\"item\":\"https:\/\/amiq.cat\/ca\/\"},{\"@type\":\"ListItem\",\"position\":2,\"name\":\"Les nostres Cl\u00edniques\",\"item\":\"https:\/\/amiq.cat\/ca\/les-nostres-cliniques\/\"},{\"@type\":\"ListItem\",\"position\":3,\"name\":\"AMiQ Otorrino en Hospital Universitari Dexeus\"}]},{\"@type\":\"WebSite\",\"@id\":\"https:\/\/amiq.cat\/ca\/#website\",\"url\":\"https:\/\/amiq.cat\/ca\/\",\"name\":\"AMiQ\",\"description\":\"Agrupaci\u00f3 M\u00e8dica i Quir\u00fargica\",\"publisher\":{\"@id\":\"https:\/\/amiq.cat\/ca\/#organization\"},\"alternateName\":\"AMiQ\",\"potentialAction\":[{\"@type\":\"SearchAction\",\"target\":{\"@type\":\"EntryPoint\",\"urlTemplate\":\"https:\/\/amiq.cat\/ca\/?s={search_term_string}\"},\"query-input\":{\"@type\":\"PropertyValueSpecification\",\"valueRequired\":true,\"valueName\":\"search_term_string\"}}],\"inLanguage\":\"ca\"},{\"@type\":[\"Organization\",\"Place\",\"MedicalClinic\"],\"@id\":\"https:\/\/amiq.cat\/ca\/#organization\",\"name\":\"Agrupaci\u00f3 M\u00e8dica i Quir\u00fargica\",\"alternateName\":\"AMIQ\",\"url\":\"https:\/\/amiq.cat\/ca\/\",\"logo\":{\"@id\":\"https:\/\/amiq.cat\/ca\/les-nostres-cliniques\/amiq-hospital-universitari-dexeus\/#local-main-organization-logo\"},\"image\":{\"@id\":\"https:\/\/amiq.cat\/ca\/les-nostres-cliniques\/amiq-hospital-universitari-dexeus\/#local-main-organization-logo\"},\"description\":\"Entidad especializada en soluciones aseguradoras para profesionales sanitarios, ofreciendo coberturas adaptadas a las necesidades m\u00e9dicas y quir\u00fargicas. Con una amplia experiencia en el sector, destaca por su compromiso con la protecci\u00f3n integral, la gesti\u00f3n eficiente de riesgos y un servicio cercano y personalizado. Su enfoque combina innovaci\u00f3n, confianza y respaldo profesional, convirti\u00e9ndola en una opci\u00f3n s\u00f3lida para quienes buscan seguridad y tranquilidad en el ejercicio de la pr\u00e1ctica sanitaria.\",\"legalName\":\"Agrupaci\u00f3 M\u00e8dica i Quir\u00fargica\",\"numberOfEmployees\":{\"@type\":\"QuantitativeValue\",\"minValue\":\"11\",\"maxValue\":\"50\"},\"address\":{\"@id\":\"https:\/\/amiq.cat\/ca\/les-nostres-cliniques\/amiq-hospital-universitari-dexeus\/#local-main-place-address\"},\"telephone\":[\"93 122 3615\"],\"openingHoursSpecification\":[]},{\"@type\":\"PostalAddress\",\"@id\":\"https:\/\/amiq.cat\/ca\/les-nostres-cliniques\/amiq-hospital-universitari-dexeus\/#local-main-place-address\",\"streetAddress\":\"Carrer de Josep Maria Llad\u00f3, 3,, Sarri\u00e0-Sant Gervasi,\",\"addressLocality\":\"Barcelona\",\"postalCode\":\"08035\",\"addressRegion\":\"Activo\",\"addressCountry\":\"ES\"},{\"@type\":\"ImageObject\",\"inLanguage\":\"ca\",\"@id\":\"https:\/\/amiq.cat\/ca\/les-nostres-cliniques\/amiq-hospital-universitari-dexeus\/#local-main-organization-logo\",\"url\":\"https:\/\/amiq.cat\/wp-content\/uploads\/2024\/07\/logo-amiq-300.png\",\"contentUrl\":\"https:\/\/amiq.cat\/wp-content\/uploads\/2024\/07\/logo-amiq-300.png\",\"width\":400,\"height\":92,\"caption\":\"Agrupaci\u00f3 M\u00e8dica i Quir\u00fargica\"}]}<\/script>\n<meta name=\"geo.placename\" content=\"Barcelona\" \/>\n<meta name=\"geo.region\" content=\"Espanya\" \/>\n<!-- \/ Yoast SEO Premium plugin. -->","yoast_head_json":{"title":"AMiQ Otorrino en Hospital Universitari Dexeus &#8211; AMiQ","robots":{"index":"index","follow":"follow","max-snippet":"max-snippet:-1","max-image-preview":"max-image-preview:large","max-video-preview":"max-video-preview:-1"},"canonical":"https:\/\/amiq.cat\/ca\/les-nostres-cliniques\/amiq-hospital-universitari-dexeus\/","schema":{"@context":"https:\/\/schema.org","@graph":[{"@type":"WebPage","@id":"https:\/\/amiq.cat\/ca\/les-nostres-cliniques\/amiq-hospital-universitari-dexeus\/","url":"https:\/\/amiq.cat\/ca\/les-nostres-cliniques\/amiq-hospital-universitari-dexeus\/","name":"AMiQ Otorrino en Hospital Universitari Dexeus &#8211; AMiQ","isPartOf":{"@id":"https:\/\/amiq.cat\/ca\/#website"},"primaryImageOfPage":{"@id":"https:\/\/amiq.cat\/ca\/les-nostres-cliniques\/amiq-hospital-universitari-dexeus\/#primaryimage"},"image":{"@id":"https:\/\/amiq.cat\/ca\/les-nostres-cliniques\/amiq-hospital-universitari-dexeus\/#primaryimage"},"thumbnailUrl":"https:\/\/wetopi.com\/wp-content\/uploads\/2024\/01\/amiq-hospital-universitari-quiron-dexeus.jpg","datePublished":"2024-01-29T05:35:43+00:00","dateModified":"2026-01-20T09:34:38+00:00","breadcrumb":{"@id":"https:\/\/amiq.cat\/ca\/les-nostres-cliniques\/amiq-hospital-universitari-dexeus\/#breadcrumb"},"inLanguage":"ca","potentialAction":[{"@type":"ReadAction","target":["https:\/\/amiq.cat\/ca\/les-nostres-cliniques\/amiq-hospital-universitari-dexeus\/"]}]},{"@type":"ImageObject","inLanguage":"ca","@id":"https:\/\/amiq.cat\/ca\/les-nostres-cliniques\/amiq-hospital-universitari-dexeus\/#primaryimage","url":"https:\/\/wetopi.com\/wp-content\/uploads\/2024\/01\/amiq-hospital-universitari-quiron-dexeus.jpg","contentUrl":"https:\/\/wetopi.com\/wp-content\/uploads\/2024\/01\/amiq-hospital-universitari-quiron-dexeus.jpg"},{"@type":"BreadcrumbList","@id":"https:\/\/amiq.cat\/ca\/les-nostres-cliniques\/amiq-hospital-universitari-dexeus\/#breadcrumb","itemListElement":[{"@type":"ListItem","position":1,"name":"Portada","item":"https:\/\/amiq.cat\/ca\/"},{"@type":"ListItem","position":2,"name":"Les nostres Cl\u00edniques","item":"https:\/\/amiq.cat\/ca\/les-nostres-cliniques\/"},{"@type":"ListItem","position":3,"name":"AMiQ Otorrino en Hospital Universitari Dexeus"}]},{"@type":"WebSite","@id":"https:\/\/amiq.cat\/ca\/#website","url":"https:\/\/amiq.cat\/ca\/","name":"AMiQ","description":"Agrupaci\u00f3 M\u00e8dica i Quir\u00fargica","publisher":{"@id":"https:\/\/amiq.cat\/ca\/#organization"},"alternateName":"AMiQ","potentialAction":[{"@type":"SearchAction","target":{"@type":"EntryPoint","urlTemplate":"https:\/\/amiq.cat\/ca\/?s={search_term_string}"},"query-input":{"@type":"PropertyValueSpecification","valueRequired":true,"valueName":"search_term_string"}}],"inLanguage":"ca"},{"@type":["Organization","Place","MedicalClinic"],"@id":"https:\/\/amiq.cat\/ca\/#organization","name":"Agrupaci\u00f3 M\u00e8dica i Quir\u00fargica","alternateName":"AMIQ","url":"https:\/\/amiq.cat\/ca\/","logo":{"@id":"https:\/\/amiq.cat\/ca\/les-nostres-cliniques\/amiq-hospital-universitari-dexeus\/#local-main-organization-logo"},"image":{"@id":"https:\/\/amiq.cat\/ca\/les-nostres-cliniques\/amiq-hospital-universitari-dexeus\/#local-main-organization-logo"},"description":"Entidad especializada en soluciones aseguradoras para profesionales sanitarios, ofreciendo coberturas adaptadas a las necesidades m\u00e9dicas y quir\u00fargicas. Con una amplia experiencia en el sector, destaca por su compromiso con la protecci\u00f3n integral, la gesti\u00f3n eficiente de riesgos y un servicio cercano y personalizado. Su enfoque combina innovaci\u00f3n, confianza y respaldo profesional, convirti\u00e9ndola en una opci\u00f3n s\u00f3lida para quienes buscan seguridad y tranquilidad en el ejercicio de la pr\u00e1ctica sanitaria.","legalName":"Agrupaci\u00f3 M\u00e8dica i Quir\u00fargica","numberOfEmployees":{"@type":"QuantitativeValue","minValue":"11","maxValue":"50"},"address":{"@id":"https:\/\/amiq.cat\/ca\/les-nostres-cliniques\/amiq-hospital-universitari-dexeus\/#local-main-place-address"},"telephone":["93 122 3615"],"openingHoursSpecification":[]},{"@type":"PostalAddress","@id":"https:\/\/amiq.cat\/ca\/les-nostres-cliniques\/amiq-hospital-universitari-dexeus\/#local-main-place-address","streetAddress":"Carrer de Josep Maria Llad\u00f3, 3,, Sarri\u00e0-Sant Gervasi,","addressLocality":"Barcelona","postalCode":"08035","addressRegion":"Activo","addressCountry":"ES"},{"@type":"ImageObject","inLanguage":"ca","@id":"https:\/\/amiq.cat\/ca\/les-nostres-cliniques\/amiq-hospital-universitari-dexeus\/#local-main-organization-logo","url":"https:\/\/amiq.cat\/wp-content\/uploads\/2024\/07\/logo-amiq-300.png","contentUrl":"https:\/\/amiq.cat\/wp-content\/uploads\/2024\/07\/logo-amiq-300.png","width":400,"height":92,"caption":"Agrupaci\u00f3 M\u00e8dica i Quir\u00fargica"}]},"geo.placename":"Barcelona","geo.region":"Espanya"},"_links":{"self":[{"href":"https:\/\/amiq.cat\/ca\/wp-json\/wp\/v2\/pages\/12034","targetHints":{"allow":["GET"]}}],"collection":[{"href":"https:\/\/amiq.cat\/ca\/wp-json\/wp\/v2\/pages"}],"about":[{"href":"https:\/\/amiq.cat\/ca\/wp-json\/wp\/v2\/types\/page"}],"author":[{"embeddable":true,"href":"https:\/\/amiq.cat\/ca\/wp-json\/wp\/v2\/users\/3"}],"replies":[{"embeddable":true,"href":"https:\/\/amiq.cat\/ca\/wp-json\/wp\/v2\/comments?post=12034"}],"version-history":[{"count":3,"href":"https:\/\/amiq.cat\/ca\/wp-json\/wp\/v2\/pages\/12034\/revisions"}],"predecessor-version":[{"id":13990,"href":"https:\/\/amiq.cat\/ca\/wp-json\/wp\/v2\/pages\/12034\/revisions\/13990"}],"up":[{"embeddable":true,"href":"https:\/\/amiq.cat\/ca\/wp-json\/wp\/v2\/pages\/12189"}],"wp:attachment":[{"href":"https:\/\/amiq.cat\/ca\/wp-json\/wp\/v2\/media?parent=12034"}],"wp:term":[{"taxonomy":"category","embeddable":true,"href":"https:\/\/amiq.cat\/ca\/wp-json\/wp\/v2\/categories?post=12034"},{"taxonomy":"post_tag","embeddable":true,"href":"https:\/\/amiq.cat\/ca\/wp-json\/wp\/v2\/tags?post=12034"}],"curies":[{"name":"wp","href":"https:\/\/api.w.org\/{rel}","templated":true}]}}