{"id":12089,"date":"2024-01-29T06:47:31","date_gmt":"2024-01-29T05:47:31","guid":{"rendered":"https:\/\/wetopi.com\/raquel-fundacio-amiq\/"},"modified":"2025-03-30T18:55:54","modified_gmt":"2025-03-30T16:55:54","slug":"raquel-fundacio-amiq","status":"publish","type":"page","link":"https:\/\/amiq.cat\/ca\/raquel-fundacio-amiq\/","title":{"rendered":"Raquel Fundaci\u00f3 AMiQ"},"content":{"rendered":"","protected":false},"excerpt":{"rendered":"","protected":false},"author":3,"featured_media":0,"parent":0,"menu_order":76,"comment_status":"closed","ping_status":"closed","template":"","meta":{"_exactmetrics_skip_tracking":false,"_exactmetrics_sitenote_active":false,"_exactmetrics_sitenote_note":"","_exactmetrics_sitenote_category":0,"_monsterinsights_skip_tracking":false,"_monsterinsights_sitenote_active":false,"_monsterinsights_sitenote_note":"","_monsterinsights_sitenote_category":0,"_uf_show_specific_survey":0,"_uf_disable_surveys":false,"footnotes":""},"categories":[],"tags":[],"class_list":["post-12089","page","type-page","status-publish","hentry"],"aioseo_notices":[],"yoast_head":"<!-- This site is optimized with the Yoast SEO Premium plugin v26.4 (Yoast SEO v26.4) - https:\/\/yoast.com\/wordpress\/plugins\/seo\/ -->\n<title>Raquel Fundaci\u00f3 AMiQ &#8211; AMiQ<\/title>\n<meta name=\"robots\" content=\"index, follow, max-snippet:-1, max-image-preview:large, max-video-preview:-1\" \/>\n<link rel=\"canonical\" href=\"https:\/\/amiq.cat\/ca\/raquel-fundacio-amiq\/\" \/>\n<script type=\"application\/ld+json\" class=\"yoast-schema-graph\">{\"@context\":\"https:\/\/schema.org\",\"@graph\":[{\"@type\":\"WebPage\",\"@id\":\"https:\/\/amiq.cat\/ca\/raquel-fundacio-amiq\/\",\"url\":\"https:\/\/amiq.cat\/ca\/raquel-fundacio-amiq\/\",\"name\":\"Raquel Fundaci\u00f3 AMiQ &#8211; AMiQ\",\"isPartOf\":{\"@id\":\"https:\/\/amiq.cat\/ca\/#website\"},\"datePublished\":\"2024-01-29T05:47:31+00:00\",\"dateModified\":\"2025-03-30T16:55:54+00:00\",\"breadcrumb\":{\"@id\":\"https:\/\/amiq.cat\/ca\/raquel-fundacio-amiq\/#breadcrumb\"},\"inLanguage\":\"ca\",\"potentialAction\":[{\"@type\":\"ReadAction\",\"target\":[\"https:\/\/amiq.cat\/ca\/raquel-fundacio-amiq\/\"]}]},{\"@type\":\"BreadcrumbList\",\"@id\":\"https:\/\/amiq.cat\/ca\/raquel-fundacio-amiq\/#breadcrumb\",\"itemListElement\":[{\"@type\":\"ListItem\",\"position\":1,\"name\":\"Portada\",\"item\":\"https:\/\/amiq.cat\/ca\/\"},{\"@type\":\"ListItem\",\"position\":2,\"name\":\"Raquel Fundaci\u00f3 AMiQ\"}]},{\"@type\":\"WebSite\",\"@id\":\"https:\/\/amiq.cat\/ca\/#website\",\"url\":\"https:\/\/amiq.cat\/ca\/\",\"name\":\"AMiQ\",\"description\":\"Agrupaci\u00f3 M\u00e8dica i Quir\u00fargica\",\"publisher\":{\"@id\":\"https:\/\/amiq.cat\/ca\/#organization\"},\"alternateName\":\"AMiQ\",\"potentialAction\":[{\"@type\":\"SearchAction\",\"target\":{\"@type\":\"EntryPoint\",\"urlTemplate\":\"https:\/\/amiq.cat\/ca\/?s={search_term_string}\"},\"query-input\":{\"@type\":\"PropertyValueSpecification\",\"valueRequired\":true,\"valueName\":\"search_term_string\"}}],\"inLanguage\":\"ca\"},{\"@type\":[\"Organization\",\"Place\",\"MedicalClinic\"],\"@id\":\"https:\/\/amiq.cat\/ca\/#organization\",\"name\":\"Agrupaci\u00f3 M\u00e8dica i Quir\u00fargica\",\"alternateName\":\"AMIQ\",\"url\":\"https:\/\/amiq.cat\/ca\/\",\"logo\":{\"@id\":\"https:\/\/amiq.cat\/ca\/raquel-fundacio-amiq\/#local-main-organization-logo\"},\"image\":{\"@id\":\"https:\/\/amiq.cat\/ca\/raquel-fundacio-amiq\/#local-main-organization-logo\"},\"description\":\"Entidad especializada en soluciones aseguradoras para profesionales sanitarios, ofreciendo coberturas adaptadas a las necesidades m\u00e9dicas y quir\u00fargicas. Con una amplia experiencia en el sector, destaca por su compromiso con la protecci\u00f3n integral, la gesti\u00f3n eficiente de riesgos y un servicio cercano y personalizado. Su enfoque combina innovaci\u00f3n, confianza y respaldo profesional, convirti\u00e9ndola en una opci\u00f3n s\u00f3lida para quienes buscan seguridad y tranquilidad en el ejercicio de la pr\u00e1ctica sanitaria.\",\"legalName\":\"Agrupaci\u00f3 M\u00e8dica i Quir\u00fargica\",\"numberOfEmployees\":{\"@type\":\"QuantitativeValue\",\"minValue\":\"11\",\"maxValue\":\"50\"},\"address\":{\"@id\":\"https:\/\/amiq.cat\/ca\/raquel-fundacio-amiq\/#local-main-place-address\"},\"telephone\":[\"93 122 3615\"],\"openingHoursSpecification\":[]},{\"@type\":\"PostalAddress\",\"@id\":\"https:\/\/amiq.cat\/ca\/raquel-fundacio-amiq\/#local-main-place-address\",\"streetAddress\":\"Carrer de Josep Maria Llad\u00f3, 3,, Sarri\u00e0-Sant Gervasi,\",\"addressLocality\":\"Barcelona\",\"postalCode\":\"08035\",\"addressRegion\":\"Activo\",\"addressCountry\":\"ES\"},{\"@type\":\"ImageObject\",\"inLanguage\":\"ca\",\"@id\":\"https:\/\/amiq.cat\/ca\/raquel-fundacio-amiq\/#local-main-organization-logo\",\"url\":\"https:\/\/amiq.cat\/wp-content\/uploads\/2024\/07\/logo-amiq-300.png\",\"contentUrl\":\"https:\/\/amiq.cat\/wp-content\/uploads\/2024\/07\/logo-amiq-300.png\",\"width\":400,\"height\":92,\"caption\":\"Agrupaci\u00f3 M\u00e8dica i Quir\u00fargica\"}]}<\/script>\n<meta name=\"geo.placename\" content=\"Barcelona\" \/>\n<meta name=\"geo.region\" content=\"Espanya\" \/>\n<!-- \/ Yoast SEO Premium plugin. -->","yoast_head_json":{"title":"Raquel Fundaci\u00f3 AMiQ &#8211; AMiQ","robots":{"index":"index","follow":"follow","max-snippet":"max-snippet:-1","max-image-preview":"max-image-preview:large","max-video-preview":"max-video-preview:-1"},"canonical":"https:\/\/amiq.cat\/ca\/raquel-fundacio-amiq\/","schema":{"@context":"https:\/\/schema.org","@graph":[{"@type":"WebPage","@id":"https:\/\/amiq.cat\/ca\/raquel-fundacio-amiq\/","url":"https:\/\/amiq.cat\/ca\/raquel-fundacio-amiq\/","name":"Raquel Fundaci\u00f3 AMiQ &#8211; AMiQ","isPartOf":{"@id":"https:\/\/amiq.cat\/ca\/#website"},"datePublished":"2024-01-29T05:47:31+00:00","dateModified":"2025-03-30T16:55:54+00:00","breadcrumb":{"@id":"https:\/\/amiq.cat\/ca\/raquel-fundacio-amiq\/#breadcrumb"},"inLanguage":"ca","potentialAction":[{"@type":"ReadAction","target":["https:\/\/amiq.cat\/ca\/raquel-fundacio-amiq\/"]}]},{"@type":"BreadcrumbList","@id":"https:\/\/amiq.cat\/ca\/raquel-fundacio-amiq\/#breadcrumb","itemListElement":[{"@type":"ListItem","position":1,"name":"Portada","item":"https:\/\/amiq.cat\/ca\/"},{"@type":"ListItem","position":2,"name":"Raquel Fundaci\u00f3 AMiQ"}]},{"@type":"WebSite","@id":"https:\/\/amiq.cat\/ca\/#website","url":"https:\/\/amiq.cat\/ca\/","name":"AMiQ","description":"Agrupaci\u00f3 M\u00e8dica i Quir\u00fargica","publisher":{"@id":"https:\/\/amiq.cat\/ca\/#organization"},"alternateName":"AMiQ","potentialAction":[{"@type":"SearchAction","target":{"@type":"EntryPoint","urlTemplate":"https:\/\/amiq.cat\/ca\/?s={search_term_string}"},"query-input":{"@type":"PropertyValueSpecification","valueRequired":true,"valueName":"search_term_string"}}],"inLanguage":"ca"},{"@type":["Organization","Place","MedicalClinic"],"@id":"https:\/\/amiq.cat\/ca\/#organization","name":"Agrupaci\u00f3 M\u00e8dica i Quir\u00fargica","alternateName":"AMIQ","url":"https:\/\/amiq.cat\/ca\/","logo":{"@id":"https:\/\/amiq.cat\/ca\/raquel-fundacio-amiq\/#local-main-organization-logo"},"image":{"@id":"https:\/\/amiq.cat\/ca\/raquel-fundacio-amiq\/#local-main-organization-logo"},"description":"Entidad especializada en soluciones aseguradoras para profesionales sanitarios, ofreciendo coberturas adaptadas a las necesidades m\u00e9dicas y quir\u00fargicas. Con una amplia experiencia en el sector, destaca por su compromiso con la protecci\u00f3n integral, la gesti\u00f3n eficiente de riesgos y un servicio cercano y personalizado. Su enfoque combina innovaci\u00f3n, confianza y respaldo profesional, convirti\u00e9ndola en una opci\u00f3n s\u00f3lida para quienes buscan seguridad y tranquilidad en el ejercicio de la pr\u00e1ctica sanitaria.","legalName":"Agrupaci\u00f3 M\u00e8dica i Quir\u00fargica","numberOfEmployees":{"@type":"QuantitativeValue","minValue":"11","maxValue":"50"},"address":{"@id":"https:\/\/amiq.cat\/ca\/raquel-fundacio-amiq\/#local-main-place-address"},"telephone":["93 122 3615"],"openingHoursSpecification":[]},{"@type":"PostalAddress","@id":"https:\/\/amiq.cat\/ca\/raquel-fundacio-amiq\/#local-main-place-address","streetAddress":"Carrer de Josep Maria Llad\u00f3, 3,, Sarri\u00e0-Sant Gervasi,","addressLocality":"Barcelona","postalCode":"08035","addressRegion":"Activo","addressCountry":"ES"},{"@type":"ImageObject","inLanguage":"ca","@id":"https:\/\/amiq.cat\/ca\/raquel-fundacio-amiq\/#local-main-organization-logo","url":"https:\/\/amiq.cat\/wp-content\/uploads\/2024\/07\/logo-amiq-300.png","contentUrl":"https:\/\/amiq.cat\/wp-content\/uploads\/2024\/07\/logo-amiq-300.png","width":400,"height":92,"caption":"Agrupaci\u00f3 M\u00e8dica i Quir\u00fargica"}]},"geo.placename":"Barcelona","geo.region":"Espanya"},"_links":{"self":[{"href":"https:\/\/amiq.cat\/ca\/wp-json\/wp\/v2\/pages\/12089","targetHints":{"allow":["GET"]}}],"collection":[{"href":"https:\/\/amiq.cat\/ca\/wp-json\/wp\/v2\/pages"}],"about":[{"href":"https:\/\/amiq.cat\/ca\/wp-json\/wp\/v2\/types\/page"}],"author":[{"embeddable":true,"href":"https:\/\/amiq.cat\/ca\/wp-json\/wp\/v2\/users\/3"}],"replies":[{"embeddable":true,"href":"https:\/\/amiq.cat\/ca\/wp-json\/wp\/v2\/comments?post=12089"}],"version-history":[{"count":4,"href":"https:\/\/amiq.cat\/ca\/wp-json\/wp\/v2\/pages\/12089\/revisions"}],"predecessor-version":[{"id":13522,"href":"https:\/\/amiq.cat\/ca\/wp-json\/wp\/v2\/pages\/12089\/revisions\/13522"}],"wp:attachment":[{"href":"https:\/\/amiq.cat\/ca\/wp-json\/wp\/v2\/media?parent=12089"}],"wp:term":[{"taxonomy":"category","embeddable":true,"href":"https:\/\/amiq.cat\/ca\/wp-json\/wp\/v2\/categories?post=12089"},{"taxonomy":"post_tag","embeddable":true,"href":"https:\/\/amiq.cat\/ca\/wp-json\/wp\/v2\/tags?post=12089"}],"curies":[{"name":"wp","href":"https:\/\/api.w.org\/{rel}","templated":true}]}}