{"id":12121,"date":"2024-01-30T08:22:30","date_gmt":"2024-01-30T07:22:30","guid":{"rendered":"https:\/\/wetopi.com\/equip-medic\/dr-ivan-domenech-juan\/"},"modified":"2025-04-24T11:34:43","modified_gmt":"2025-04-24T09:34:43","slug":"dr-ivan-domenech-juan","status":"publish","type":"page","link":"https:\/\/amiq.cat\/ca\/equip-medic\/dr-ivan-domenech-juan\/","title":{"rendered":"Dr. Ivan Dom\u00e8nech Juan"},"content":{"rendered":"\n\n\t<h1>Dr. Ivan Dom\u00e8nech Juan<\/h1>\n\t<p>Especialitats<\/p>\n<p>Especialista en Otorinolaringologia Pedi\u00e0trica i Adulta, Cirurgia de la Veu, Cirurgia del C\u00e0ncer de Cap i Coll, Cirurgia amb l\u00e0ser, Cirurgia Rob\u00f2tica i amb Neuronavegaci\u00f3. A m\u00e9s, realitza Cirurgia de Tiroide i Paratiroide, Cirurgia Reparadora de la Par\u00e0lisi Facial, Microcirurgia de l&#8217;Audici\u00f3 i de l&#8217;O\u00efda, Cirurgia d&#8217;Implants Coclears i Osteointegrats, Cirurgia de la gl\u00e0ndula Par\u00f2tida, i Cirurgia Endosc\u00f2pica Nasosinusal.<\/p>\n\t\t\t<a href=\"https:\/\/amiq.cat\/ca\/equip-medic\/dr-ivan-domenech-juan\/cita-dr-ivan-domenech-juan\/\" target=\"_self\">\n Demana Cita amb Dr. Dom\u00e8nech Juan, Ivan\n\t\t\t\t\t<\/a>\n\t<ul>\n\t\t\t<li>\n Director-Fundador de l&#8217;Agrupaci\u00f3 M\u00e8dica i Quir\u00fargica AMiQ.\n\t\t\t<\/li>\n\t\t\t<li>\n  Doctor en Medicina per la Universitat de Barcelona, \u200b\u200bqualificaci\u00f3 de la Tesi Doctoral Cum Laude.\n\t\t\t<\/li>\n\t\t\t<li>\n  Professor Associat de Medicina de la UAB Universitat Aut\u00f2noma de Barcelona.\n\t\t\t<\/li>\n\t\t\t<li>\n  Consultor Otorinolaringologia del SAAS. Servei Andorr\u00e0 d\u00b4Atenci\u00f3 Sanit\u00e0ria.\n\t\t\t<\/li>\n\t\t<\/ul>\n\t\t<link itemprop=\"url\" href=\"https:\/\/amiq.cat\">\n\t\t<a itemprop=\"sameAs\" href=\"https:\/\/es.linkedin.com\/in\/ivan-dom%C3%A8nech-juan-md-phd-46b11933\" target=\"_blank\" title=\"LinkedIn\" aria-label=\"LinkedIn\" role=\"button\" rel=\"noopener noreferrer external\">\n\t\t\t\t\t<\/a>\n<h3>Especialitats Quir\u00fargiques<\/h3>\n<ul>\n<li>Otorinolaringologia Pedi\u00e0trica.<\/li>\n<li>Cirurgia de la veu<\/li>\n<li>Cirurgia del C\u00e0ncer de Cap i Coll.<\/li>\n<li>Cirurgia Laser, Cirurgia Rob\u00f2tica i amb Neuronvegaci\u00f3.<\/li>\n<li>Cirurgia Tiroide i Paratiroide<\/li>\n<li>Cirurgia Reparadora de la Par\u00e0lisi Facial.<\/li>\n<li>Microcirurgia de l&#8217;Audici\u00f3 i de l&#8217;O\u00efda<\/li>\n<li>Cirurgia d&#8217;Implants Coclears i Osteointegrats.<\/li>\n<li>Cirurgia de gl\u00e0ndula Par\u00f2tida.<\/li>\n<li>Cirurgia Endosc\u00f2pica Nasosinusal<\/li>\n<\/ul>\n<h3>Experi\u00e8ncia laboral<\/h3>\n<ul>\n<li>Servei d&#8217;Otorinolaringologia de l&#8217;Hospital Universitari de Bellvitge.<\/li>\n<li>Especialista d&#8217;Otorinolaringologia Cl\u00ednica Teknon de Barcelona (2006).<\/li>\n<li>Especialista Pediatric la Cl\u00ednica Infantil Staurus de Barcelona (2004-2008).<\/li>\n<\/ul>\n<h3>Formaci\u00f3 Hospitals Internacionals<\/h3>\n<ul>\n<li>St. Vincent Medical Center, EUA formaci\u00f3 quir\u00fargica Otologia 2mesos 2006.<\/li>\n<li>House Ear Institute, EEUUs &#8220;Visinting Physicians Program&#8221; Otoneurocirugia 2meses 2006 .<\/li>\n<li>Estada formativa medicoquir\u00fargica d&#8217;1 mes i mig al St. Vincents Private Hospital de Sydney, Austr\u00e0lia. 2007.<\/li>\n<li>Formaci\u00f3 quir\u00fargica d&#8217;1 mes al Chicago Ear Institute i al Northwestern University Hospital, dels Estats Units. 2008.<\/li>\n<li>Realitzaci\u00f3 del programa de Neurotologia &#8216;Visinting Physicians Program&#8217; de 2 mesos a la House Ear Institute, dels Estats Units. 2009.<\/li>\n<li>Formaci\u00f3 durant 2 mesos al Centre del Nervi Facial i Cirurgia Facial del MEEI\/Universitat de Harvard, Estats Units. 2010.<\/li>\n<li>Formaci\u00f3 en Cirurgia Est\u00e8tica Facial i Paralisis Facial d&#8217;1 mes i mig al Facial Center for Advanced Facial Plastic Surgery. Beverly Hills. Estats Units 2012<\/li>\n<li>Realitzaci\u00f3 del programa d&#8217;Otologia &#8216;Visinting Physicians Program&#8217; d&#8217;1 mes i mig a la House Research Institute, dels Estats Units. 2012.<\/li>\n<li>Estada formativa d&#8217;1 mes i mig al Massachusetts Eye and Ear Infirmary, amb l&#8217;Obtenci\u00f3 de 19,5 Mestressa PRA Category Credits de la Harvard Medical School. Boston , Estats Units. 2013.<\/li>\n<li>Formaci\u00f3 en Cirurgia de Tiroide i C\u00e0ncer de Cap i Coll d&#8217;un 1 mes de durada a l&#8217;UCSF Hospital, University of California San Francisco. Estats Units. 2014<\/li>\n<li>Formaci\u00f3 en C\u00e0ncer de Cap i Coll, Cirurgia de Tiroide d&#8217;un 1 mes de durada al Queen&#8217;s Medical Center. Oahu. Estats Units. 2019<\/li>\n<\/ul>\n\t<ul>\n\t\t\t\n\t\t<\/ul>\n\n","protected":false},"excerpt":{"rendered":"<p>Dr. Ivan Dom\u00e8nech Juan Especialitats Especialista en Otorinolaringologia Pedi\u00e0trica i Adulta, Cirurgia de la Veu, Cirurgia del C\u00e0ncer de Cap i Coll, Cirurgia amb l\u00e0ser, Cirurgia Rob\u00f2tica i amb Neuronavegaci\u00f3. A m\u00e9s, realitza Cirurgia de Tiroide i Paratiroide, Cirurgia Reparadora de la Par\u00e0lisi Facial, Microcirurgia de l&#8217;Audici\u00f3 i de l&#8217;O\u00efda, Cirurgia d&#8217;Implants Coclears i Osteointegrats,&hellip;<\/p>\n","protected":false},"author":3,"featured_media":0,"parent":12072,"menu_order":13,"comment_status":"closed","ping_status":"closed","template":"","meta":{"_exactmetrics_skip_tracking":false,"_exactmetrics_sitenote_active":false,"_exactmetrics_sitenote_note":"","_exactmetrics_sitenote_category":0,"_monsterinsights_skip_tracking":false,"_monsterinsights_sitenote_active":false,"_monsterinsights_sitenote_note":"","_monsterinsights_sitenote_category":0,"_uf_show_specific_survey":0,"_uf_disable_surveys":false,"footnotes":""},"categories":[119],"tags":[],"class_list":["post-12121","page","type-page","status-publish","hentry","category-otorinolaringologia-infatil-i-adults"],"aioseo_notices":[],"yoast_head":"<!-- This site is optimized with the Yoast SEO Premium plugin v26.4 (Yoast SEO v26.4) - https:\/\/yoast.com\/wordpress\/plugins\/seo\/ -->\n<title>Dr. Ivan Dom\u00e8nech Juan &#8211; AMiQ<\/title>\n<meta name=\"robots\" content=\"index, follow, max-snippet:-1, max-image-preview:large, max-video-preview:-1\" \/>\n<link rel=\"canonical\" href=\"https:\/\/amiq.cat\/ca\/equip-medic\/dr-ivan-domenech-juan\/\" \/>\n<script type=\"application\/ld+json\" class=\"yoast-schema-graph\">{\"@context\":\"https:\/\/schema.org\",\"@graph\":[{\"@type\":\"WebPage\",\"@id\":\"https:\/\/amiq.cat\/ca\/equip-medic\/dr-ivan-domenech-juan\/\",\"url\":\"https:\/\/amiq.cat\/ca\/equip-medic\/dr-ivan-domenech-juan\/\",\"name\":\"Dr. Ivan Dom\u00e8nech Juan &#8211; AMiQ\",\"isPartOf\":{\"@id\":\"https:\/\/amiq.cat\/ca\/#website\"},\"datePublished\":\"2024-01-30T07:22:30+00:00\",\"dateModified\":\"2025-04-24T09:34:43+00:00\",\"breadcrumb\":{\"@id\":\"https:\/\/amiq.cat\/ca\/equip-medic\/dr-ivan-domenech-juan\/#breadcrumb\"},\"inLanguage\":\"ca\",\"potentialAction\":[{\"@type\":\"ReadAction\",\"target\":[\"https:\/\/amiq.cat\/ca\/equip-medic\/dr-ivan-domenech-juan\/\"]}]},{\"@type\":\"BreadcrumbList\",\"@id\":\"https:\/\/amiq.cat\/ca\/equip-medic\/dr-ivan-domenech-juan\/#breadcrumb\",\"itemListElement\":[{\"@type\":\"ListItem\",\"position\":1,\"name\":\"Portada\",\"item\":\"https:\/\/amiq.cat\/ca\/\"},{\"@type\":\"ListItem\",\"position\":2,\"name\":\"Equip M\u00e8dic\",\"item\":\"https:\/\/amiq.cat\/ca\/equip-medic\/\"},{\"@type\":\"ListItem\",\"position\":3,\"name\":\"Dr. Ivan Dom\u00e8nech Juan\"}]},{\"@type\":\"WebSite\",\"@id\":\"https:\/\/amiq.cat\/ca\/#website\",\"url\":\"https:\/\/amiq.cat\/ca\/\",\"name\":\"AMiQ\",\"description\":\"Agrupaci\u00f3 M\u00e8dica i Quir\u00fargica\",\"publisher\":{\"@id\":\"https:\/\/amiq.cat\/ca\/#organization\"},\"alternateName\":\"AMiQ\",\"potentialAction\":[{\"@type\":\"SearchAction\",\"target\":{\"@type\":\"EntryPoint\",\"urlTemplate\":\"https:\/\/amiq.cat\/ca\/?s={search_term_string}\"},\"query-input\":{\"@type\":\"PropertyValueSpecification\",\"valueRequired\":true,\"valueName\":\"search_term_string\"}}],\"inLanguage\":\"ca\"},{\"@type\":[\"Organization\",\"Place\",\"MedicalClinic\"],\"@id\":\"https:\/\/amiq.cat\/ca\/#organization\",\"name\":\"Agrupaci\u00f3 M\u00e8dica i Quir\u00fargica\",\"alternateName\":\"AMIQ\",\"url\":\"https:\/\/amiq.cat\/ca\/\",\"logo\":{\"@id\":\"https:\/\/amiq.cat\/ca\/equip-medic\/dr-ivan-domenech-juan\/#local-main-organization-logo\"},\"image\":{\"@id\":\"https:\/\/amiq.cat\/ca\/equip-medic\/dr-ivan-domenech-juan\/#local-main-organization-logo\"},\"description\":\"Entidad especializada en soluciones aseguradoras para profesionales sanitarios, ofreciendo coberturas adaptadas a las necesidades m\u00e9dicas y quir\u00fargicas. Con una amplia experiencia en el sector, destaca por su compromiso con la protecci\u00f3n integral, la gesti\u00f3n eficiente de riesgos y un servicio cercano y personalizado. Su enfoque combina innovaci\u00f3n, confianza y respaldo profesional, convirti\u00e9ndola en una opci\u00f3n s\u00f3lida para quienes buscan seguridad y tranquilidad en el ejercicio de la pr\u00e1ctica sanitaria.\",\"legalName\":\"Agrupaci\u00f3 M\u00e8dica i Quir\u00fargica\",\"numberOfEmployees\":{\"@type\":\"QuantitativeValue\",\"minValue\":\"11\",\"maxValue\":\"50\"},\"address\":{\"@id\":\"https:\/\/amiq.cat\/ca\/equip-medic\/dr-ivan-domenech-juan\/#local-main-place-address\"},\"telephone\":[\"93 122 3615\"],\"openingHoursSpecification\":[]},{\"@type\":\"PostalAddress\",\"@id\":\"https:\/\/amiq.cat\/ca\/equip-medic\/dr-ivan-domenech-juan\/#local-main-place-address\",\"streetAddress\":\"Carrer de Josep Maria Llad\u00f3, 3,, Sarri\u00e0-Sant Gervasi,\",\"addressLocality\":\"Barcelona\",\"postalCode\":\"08035\",\"addressRegion\":\"Activo\",\"addressCountry\":\"ES\"},{\"@type\":\"ImageObject\",\"inLanguage\":\"ca\",\"@id\":\"https:\/\/amiq.cat\/ca\/equip-medic\/dr-ivan-domenech-juan\/#local-main-organization-logo\",\"url\":\"https:\/\/amiq.cat\/wp-content\/uploads\/2024\/07\/logo-amiq-300.png\",\"contentUrl\":\"https:\/\/amiq.cat\/wp-content\/uploads\/2024\/07\/logo-amiq-300.png\",\"width\":400,\"height\":92,\"caption\":\"Agrupaci\u00f3 M\u00e8dica i Quir\u00fargica\"}]}<\/script>\n<meta name=\"geo.placename\" content=\"Barcelona\" \/>\n<meta name=\"geo.region\" content=\"Espanya\" \/>\n<!-- \/ Yoast SEO Premium plugin. -->","yoast_head_json":{"title":"Dr. Ivan Dom\u00e8nech Juan &#8211; AMiQ","robots":{"index":"index","follow":"follow","max-snippet":"max-snippet:-1","max-image-preview":"max-image-preview:large","max-video-preview":"max-video-preview:-1"},"canonical":"https:\/\/amiq.cat\/ca\/equip-medic\/dr-ivan-domenech-juan\/","schema":{"@context":"https:\/\/schema.org","@graph":[{"@type":"WebPage","@id":"https:\/\/amiq.cat\/ca\/equip-medic\/dr-ivan-domenech-juan\/","url":"https:\/\/amiq.cat\/ca\/equip-medic\/dr-ivan-domenech-juan\/","name":"Dr. Ivan Dom\u00e8nech Juan &#8211; AMiQ","isPartOf":{"@id":"https:\/\/amiq.cat\/ca\/#website"},"datePublished":"2024-01-30T07:22:30+00:00","dateModified":"2025-04-24T09:34:43+00:00","breadcrumb":{"@id":"https:\/\/amiq.cat\/ca\/equip-medic\/dr-ivan-domenech-juan\/#breadcrumb"},"inLanguage":"ca","potentialAction":[{"@type":"ReadAction","target":["https:\/\/amiq.cat\/ca\/equip-medic\/dr-ivan-domenech-juan\/"]}]},{"@type":"BreadcrumbList","@id":"https:\/\/amiq.cat\/ca\/equip-medic\/dr-ivan-domenech-juan\/#breadcrumb","itemListElement":[{"@type":"ListItem","position":1,"name":"Portada","item":"https:\/\/amiq.cat\/ca\/"},{"@type":"ListItem","position":2,"name":"Equip M\u00e8dic","item":"https:\/\/amiq.cat\/ca\/equip-medic\/"},{"@type":"ListItem","position":3,"name":"Dr. Ivan Dom\u00e8nech Juan"}]},{"@type":"WebSite","@id":"https:\/\/amiq.cat\/ca\/#website","url":"https:\/\/amiq.cat\/ca\/","name":"AMiQ","description":"Agrupaci\u00f3 M\u00e8dica i Quir\u00fargica","publisher":{"@id":"https:\/\/amiq.cat\/ca\/#organization"},"alternateName":"AMiQ","potentialAction":[{"@type":"SearchAction","target":{"@type":"EntryPoint","urlTemplate":"https:\/\/amiq.cat\/ca\/?s={search_term_string}"},"query-input":{"@type":"PropertyValueSpecification","valueRequired":true,"valueName":"search_term_string"}}],"inLanguage":"ca"},{"@type":["Organization","Place","MedicalClinic"],"@id":"https:\/\/amiq.cat\/ca\/#organization","name":"Agrupaci\u00f3 M\u00e8dica i Quir\u00fargica","alternateName":"AMIQ","url":"https:\/\/amiq.cat\/ca\/","logo":{"@id":"https:\/\/amiq.cat\/ca\/equip-medic\/dr-ivan-domenech-juan\/#local-main-organization-logo"},"image":{"@id":"https:\/\/amiq.cat\/ca\/equip-medic\/dr-ivan-domenech-juan\/#local-main-organization-logo"},"description":"Entidad especializada en soluciones aseguradoras para profesionales sanitarios, ofreciendo coberturas adaptadas a las necesidades m\u00e9dicas y quir\u00fargicas. Con una amplia experiencia en el sector, destaca por su compromiso con la protecci\u00f3n integral, la gesti\u00f3n eficiente de riesgos y un servicio cercano y personalizado. Su enfoque combina innovaci\u00f3n, confianza y respaldo profesional, convirti\u00e9ndola en una opci\u00f3n s\u00f3lida para quienes buscan seguridad y tranquilidad en el ejercicio de la pr\u00e1ctica sanitaria.","legalName":"Agrupaci\u00f3 M\u00e8dica i Quir\u00fargica","numberOfEmployees":{"@type":"QuantitativeValue","minValue":"11","maxValue":"50"},"address":{"@id":"https:\/\/amiq.cat\/ca\/equip-medic\/dr-ivan-domenech-juan\/#local-main-place-address"},"telephone":["93 122 3615"],"openingHoursSpecification":[]},{"@type":"PostalAddress","@id":"https:\/\/amiq.cat\/ca\/equip-medic\/dr-ivan-domenech-juan\/#local-main-place-address","streetAddress":"Carrer de Josep Maria Llad\u00f3, 3,, Sarri\u00e0-Sant Gervasi,","addressLocality":"Barcelona","postalCode":"08035","addressRegion":"Activo","addressCountry":"ES"},{"@type":"ImageObject","inLanguage":"ca","@id":"https:\/\/amiq.cat\/ca\/equip-medic\/dr-ivan-domenech-juan\/#local-main-organization-logo","url":"https:\/\/amiq.cat\/wp-content\/uploads\/2024\/07\/logo-amiq-300.png","contentUrl":"https:\/\/amiq.cat\/wp-content\/uploads\/2024\/07\/logo-amiq-300.png","width":400,"height":92,"caption":"Agrupaci\u00f3 M\u00e8dica i Quir\u00fargica"}]},"geo.placename":"Barcelona","geo.region":"Espanya"},"_links":{"self":[{"href":"https:\/\/amiq.cat\/ca\/wp-json\/wp\/v2\/pages\/12121","targetHints":{"allow":["GET"]}}],"collection":[{"href":"https:\/\/amiq.cat\/ca\/wp-json\/wp\/v2\/pages"}],"about":[{"href":"https:\/\/amiq.cat\/ca\/wp-json\/wp\/v2\/types\/page"}],"author":[{"embeddable":true,"href":"https:\/\/amiq.cat\/ca\/wp-json\/wp\/v2\/users\/3"}],"replies":[{"embeddable":true,"href":"https:\/\/amiq.cat\/ca\/wp-json\/wp\/v2\/comments?post=12121"}],"version-history":[{"count":8,"href":"https:\/\/amiq.cat\/ca\/wp-json\/wp\/v2\/pages\/12121\/revisions"}],"predecessor-version":[{"id":14033,"href":"https:\/\/amiq.cat\/ca\/wp-json\/wp\/v2\/pages\/12121\/revisions\/14033"}],"up":[{"embeddable":true,"href":"https:\/\/amiq.cat\/ca\/wp-json\/wp\/v2\/pages\/12072"}],"wp:attachment":[{"href":"https:\/\/amiq.cat\/ca\/wp-json\/wp\/v2\/media?parent=12121"}],"wp:term":[{"taxonomy":"category","embeddable":true,"href":"https:\/\/amiq.cat\/ca\/wp-json\/wp\/v2\/categories?post=12121"},{"taxonomy":"post_tag","embeddable":true,"href":"https:\/\/amiq.cat\/ca\/wp-json\/wp\/v2\/tags?post=12121"}],"curies":[{"name":"wp","href":"https:\/\/api.w.org\/{rel}","templated":true}]}}