{"id":12142,"date":"2024-01-30T08:23:17","date_gmt":"2024-01-30T07:23:17","guid":{"rendered":"https:\/\/wetopi.com\/equip-medic\/dr-joaquim-menem\/"},"modified":"2024-05-29T11:28:03","modified_gmt":"2024-05-29T09:28:03","slug":"dr-joaquim-menem","status":"publish","type":"page","link":"https:\/\/amiq.cat\/ca\/equip-medic\/dr-joaquim-menem\/","title":{"rendered":"Dr. Joaquim Menem"},"content":{"rendered":"\n\n\t<nav aria-label=\"breadcrumbs\"><p><a href=\"https:\/\/amiq.cat\/ca\/equip-medic\/\">Equipo M\u00e9dico<\/a> &raquo; Dr. Joaquim Menem<\/p><\/nav>\n\t<p>Dr. Joaquim Menem<\/p>\n\t<p>Especialidades<\/p>\n\t<p>Otorrinolaringolog\u00eda<\/p>\n\t<ul>\n\t\t\t<li>\n\t\t\t\tLicenciado en Medicina y Cirurg\u00eda en la Universidad de Zaragoza\n\t\t\t<\/li>\n\t\t\t<li>\n\t\t\t\tFormaci\u00f3n MIR de especialista en Otorrinolaringolog\u00eda en el Hospital Universitari de Bellvitge, de Hospitalet de Llobregat.\n\t\t\t<\/li>\n\t\t<\/ul>\n\t<p>Experi\u00e9ncia Laboral<\/p>\n<ul>\n<li>M\u00e9dico adjunto especialista en Otorrinolaringolog\u00eda en el Hospital de l&#8217;Alian\u00e7a de Barcelona<\/li>\n<li>M\u00e9dico adjunto especialista en Otorrinolaringolog\u00eda en la secci\u00f3n de Otolog\u00eda, del Hospital Universitari de Bellvitge, de Hospitalet del Llobregat.<\/li>\n<\/ul>\n\t<h3>Parcipaci\u00f3n en Investigaci\u00f3n<\/h3>\n<ul>\n<li>Investigador colaborador en 4 estudios multic\u00e9ntricos y\/o ensayos cl\u00ednicos en fase III, de la Fundaci\u00f3 de Recerca FAPS \/ 1991-1999.<\/li>\n<\/ul>\n\t<ul>\n\t\t\t\n\t\t<\/ul>\n\n","protected":false},"excerpt":{"rendered":"<p>Equipo M\u00e9dico &raquo; Dr. Joaquim Menem Dr. Joaquim Menem Especialidades Otorrinolaringolog\u00eda Licenciado en Medicina y Cirurg\u00eda en la Universidad de Zaragoza Formaci\u00f3n MIR de especialista en Otorrinolaringolog\u00eda en el Hospital Universitari de Bellvitge, de Hospitalet de Llobregat. Experi\u00e9ncia Laboral M\u00e9dico adjunto especialista en Otorrinolaringolog\u00eda en el Hospital de l&#8217;Alian\u00e7a de Barcelona M\u00e9dico adjunto especialista en&hellip;<\/p>\n","protected":false},"author":3,"featured_media":0,"parent":12072,"menu_order":8,"comment_status":"closed","ping_status":"closed","template":"","meta":{"_exactmetrics_skip_tracking":false,"_exactmetrics_sitenote_active":false,"_exactmetrics_sitenote_note":"","_exactmetrics_sitenote_category":0,"_monsterinsights_skip_tracking":false,"_monsterinsights_sitenote_active":false,"_monsterinsights_sitenote_note":"","_monsterinsights_sitenote_category":0,"_uf_show_specific_survey":0,"_uf_disable_surveys":false,"footnotes":""},"categories":[119],"tags":[],"class_list":["post-12142","page","type-page","status-publish","hentry","category-otorinolaringologia-infatil-i-adults"],"aioseo_notices":[],"yoast_head":"<!-- This site is optimized with the Yoast SEO Premium plugin v26.4 (Yoast SEO v26.4) - https:\/\/yoast.com\/wordpress\/plugins\/seo\/ -->\n<title>Dr. Joaquim Menem &#8211; AMiQ<\/title>\n<meta name=\"robots\" content=\"index, follow, max-snippet:-1, max-image-preview:large, max-video-preview:-1\" \/>\n<link rel=\"canonical\" href=\"https:\/\/amiq.cat\/ca\/equip-medic\/dr-joaquim-menem\/\" \/>\n<script type=\"application\/ld+json\" class=\"yoast-schema-graph\">{\"@context\":\"https:\/\/schema.org\",\"@graph\":[{\"@type\":\"WebPage\",\"@id\":\"https:\/\/amiq.cat\/ca\/equip-medic\/dr-joaquim-menem\/\",\"url\":\"https:\/\/amiq.cat\/ca\/equip-medic\/dr-joaquim-menem\/\",\"name\":\"Dr. Joaquim Menem &#8211; AMiQ\",\"isPartOf\":{\"@id\":\"https:\/\/amiq.cat\/ca\/#website\"},\"datePublished\":\"2024-01-30T07:23:17+00:00\",\"dateModified\":\"2024-05-29T09:28:03+00:00\",\"breadcrumb\":{\"@id\":\"https:\/\/amiq.cat\/ca\/equip-medic\/dr-joaquim-menem\/#breadcrumb\"},\"inLanguage\":\"ca\",\"potentialAction\":[{\"@type\":\"ReadAction\",\"target\":[\"https:\/\/amiq.cat\/ca\/equip-medic\/dr-joaquim-menem\/\"]}]},{\"@type\":\"BreadcrumbList\",\"@id\":\"https:\/\/amiq.cat\/ca\/equip-medic\/dr-joaquim-menem\/#breadcrumb\",\"itemListElement\":[{\"@type\":\"ListItem\",\"position\":1,\"name\":\"Portada\",\"item\":\"https:\/\/amiq.cat\/ca\/\"},{\"@type\":\"ListItem\",\"position\":2,\"name\":\"Equip M\u00e8dic\",\"item\":\"https:\/\/amiq.cat\/ca\/equip-medic\/\"},{\"@type\":\"ListItem\",\"position\":3,\"name\":\"Dr. Joaquim Menem\"}]},{\"@type\":\"WebSite\",\"@id\":\"https:\/\/amiq.cat\/ca\/#website\",\"url\":\"https:\/\/amiq.cat\/ca\/\",\"name\":\"AMiQ\",\"description\":\"Agrupaci\u00f3 M\u00e8dica i Quir\u00fargica\",\"publisher\":{\"@id\":\"https:\/\/amiq.cat\/ca\/#organization\"},\"alternateName\":\"AMiQ\",\"potentialAction\":[{\"@type\":\"SearchAction\",\"target\":{\"@type\":\"EntryPoint\",\"urlTemplate\":\"https:\/\/amiq.cat\/ca\/?s={search_term_string}\"},\"query-input\":{\"@type\":\"PropertyValueSpecification\",\"valueRequired\":true,\"valueName\":\"search_term_string\"}}],\"inLanguage\":\"ca\"},{\"@type\":[\"Organization\",\"Place\",\"MedicalClinic\"],\"@id\":\"https:\/\/amiq.cat\/ca\/#organization\",\"name\":\"Agrupaci\u00f3 M\u00e8dica i Quir\u00fargica\",\"alternateName\":\"AMIQ\",\"url\":\"https:\/\/amiq.cat\/ca\/\",\"logo\":{\"@id\":\"https:\/\/amiq.cat\/ca\/equip-medic\/dr-joaquim-menem\/#local-main-organization-logo\"},\"image\":{\"@id\":\"https:\/\/amiq.cat\/ca\/equip-medic\/dr-joaquim-menem\/#local-main-organization-logo\"},\"description\":\"Entidad especializada en soluciones aseguradoras para profesionales sanitarios, ofreciendo coberturas adaptadas a las necesidades m\u00e9dicas y quir\u00fargicas. Con una amplia experiencia en el sector, destaca por su compromiso con la protecci\u00f3n integral, la gesti\u00f3n eficiente de riesgos y un servicio cercano y personalizado. Su enfoque combina innovaci\u00f3n, confianza y respaldo profesional, convirti\u00e9ndola en una opci\u00f3n s\u00f3lida para quienes buscan seguridad y tranquilidad en el ejercicio de la pr\u00e1ctica sanitaria.\",\"legalName\":\"Agrupaci\u00f3 M\u00e8dica i Quir\u00fargica\",\"numberOfEmployees\":{\"@type\":\"QuantitativeValue\",\"minValue\":\"11\",\"maxValue\":\"50\"},\"address\":{\"@id\":\"https:\/\/amiq.cat\/ca\/equip-medic\/dr-joaquim-menem\/#local-main-place-address\"},\"telephone\":[\"93 122 3615\"],\"openingHoursSpecification\":[]},{\"@type\":\"PostalAddress\",\"@id\":\"https:\/\/amiq.cat\/ca\/equip-medic\/dr-joaquim-menem\/#local-main-place-address\",\"streetAddress\":\"Carrer de Josep Maria Llad\u00f3, 3,, Sarri\u00e0-Sant Gervasi,\",\"addressLocality\":\"Barcelona\",\"postalCode\":\"08035\",\"addressRegion\":\"Activo\",\"addressCountry\":\"ES\"},{\"@type\":\"ImageObject\",\"inLanguage\":\"ca\",\"@id\":\"https:\/\/amiq.cat\/ca\/equip-medic\/dr-joaquim-menem\/#local-main-organization-logo\",\"url\":\"https:\/\/amiq.cat\/wp-content\/uploads\/2024\/07\/logo-amiq-300.png\",\"contentUrl\":\"https:\/\/amiq.cat\/wp-content\/uploads\/2024\/07\/logo-amiq-300.png\",\"width\":400,\"height\":92,\"caption\":\"Agrupaci\u00f3 M\u00e8dica i Quir\u00fargica\"}]}<\/script>\n<meta name=\"geo.placename\" content=\"Barcelona\" \/>\n<meta name=\"geo.region\" content=\"Espanya\" \/>\n<!-- \/ Yoast SEO Premium plugin. -->","yoast_head_json":{"title":"Dr. Joaquim Menem &#8211; AMiQ","robots":{"index":"index","follow":"follow","max-snippet":"max-snippet:-1","max-image-preview":"max-image-preview:large","max-video-preview":"max-video-preview:-1"},"canonical":"https:\/\/amiq.cat\/ca\/equip-medic\/dr-joaquim-menem\/","schema":{"@context":"https:\/\/schema.org","@graph":[{"@type":"WebPage","@id":"https:\/\/amiq.cat\/ca\/equip-medic\/dr-joaquim-menem\/","url":"https:\/\/amiq.cat\/ca\/equip-medic\/dr-joaquim-menem\/","name":"Dr. Joaquim Menem &#8211; AMiQ","isPartOf":{"@id":"https:\/\/amiq.cat\/ca\/#website"},"datePublished":"2024-01-30T07:23:17+00:00","dateModified":"2024-05-29T09:28:03+00:00","breadcrumb":{"@id":"https:\/\/amiq.cat\/ca\/equip-medic\/dr-joaquim-menem\/#breadcrumb"},"inLanguage":"ca","potentialAction":[{"@type":"ReadAction","target":["https:\/\/amiq.cat\/ca\/equip-medic\/dr-joaquim-menem\/"]}]},{"@type":"BreadcrumbList","@id":"https:\/\/amiq.cat\/ca\/equip-medic\/dr-joaquim-menem\/#breadcrumb","itemListElement":[{"@type":"ListItem","position":1,"name":"Portada","item":"https:\/\/amiq.cat\/ca\/"},{"@type":"ListItem","position":2,"name":"Equip M\u00e8dic","item":"https:\/\/amiq.cat\/ca\/equip-medic\/"},{"@type":"ListItem","position":3,"name":"Dr. Joaquim Menem"}]},{"@type":"WebSite","@id":"https:\/\/amiq.cat\/ca\/#website","url":"https:\/\/amiq.cat\/ca\/","name":"AMiQ","description":"Agrupaci\u00f3 M\u00e8dica i Quir\u00fargica","publisher":{"@id":"https:\/\/amiq.cat\/ca\/#organization"},"alternateName":"AMiQ","potentialAction":[{"@type":"SearchAction","target":{"@type":"EntryPoint","urlTemplate":"https:\/\/amiq.cat\/ca\/?s={search_term_string}"},"query-input":{"@type":"PropertyValueSpecification","valueRequired":true,"valueName":"search_term_string"}}],"inLanguage":"ca"},{"@type":["Organization","Place","MedicalClinic"],"@id":"https:\/\/amiq.cat\/ca\/#organization","name":"Agrupaci\u00f3 M\u00e8dica i Quir\u00fargica","alternateName":"AMIQ","url":"https:\/\/amiq.cat\/ca\/","logo":{"@id":"https:\/\/amiq.cat\/ca\/equip-medic\/dr-joaquim-menem\/#local-main-organization-logo"},"image":{"@id":"https:\/\/amiq.cat\/ca\/equip-medic\/dr-joaquim-menem\/#local-main-organization-logo"},"description":"Entidad especializada en soluciones aseguradoras para profesionales sanitarios, ofreciendo coberturas adaptadas a las necesidades m\u00e9dicas y quir\u00fargicas. Con una amplia experiencia en el sector, destaca por su compromiso con la protecci\u00f3n integral, la gesti\u00f3n eficiente de riesgos y un servicio cercano y personalizado. Su enfoque combina innovaci\u00f3n, confianza y respaldo profesional, convirti\u00e9ndola en una opci\u00f3n s\u00f3lida para quienes buscan seguridad y tranquilidad en el ejercicio de la pr\u00e1ctica sanitaria.","legalName":"Agrupaci\u00f3 M\u00e8dica i Quir\u00fargica","numberOfEmployees":{"@type":"QuantitativeValue","minValue":"11","maxValue":"50"},"address":{"@id":"https:\/\/amiq.cat\/ca\/equip-medic\/dr-joaquim-menem\/#local-main-place-address"},"telephone":["93 122 3615"],"openingHoursSpecification":[]},{"@type":"PostalAddress","@id":"https:\/\/amiq.cat\/ca\/equip-medic\/dr-joaquim-menem\/#local-main-place-address","streetAddress":"Carrer de Josep Maria Llad\u00f3, 3,, Sarri\u00e0-Sant Gervasi,","addressLocality":"Barcelona","postalCode":"08035","addressRegion":"Activo","addressCountry":"ES"},{"@type":"ImageObject","inLanguage":"ca","@id":"https:\/\/amiq.cat\/ca\/equip-medic\/dr-joaquim-menem\/#local-main-organization-logo","url":"https:\/\/amiq.cat\/wp-content\/uploads\/2024\/07\/logo-amiq-300.png","contentUrl":"https:\/\/amiq.cat\/wp-content\/uploads\/2024\/07\/logo-amiq-300.png","width":400,"height":92,"caption":"Agrupaci\u00f3 M\u00e8dica i Quir\u00fargica"}]},"geo.placename":"Barcelona","geo.region":"Espanya"},"_links":{"self":[{"href":"https:\/\/amiq.cat\/ca\/wp-json\/wp\/v2\/pages\/12142","targetHints":{"allow":["GET"]}}],"collection":[{"href":"https:\/\/amiq.cat\/ca\/wp-json\/wp\/v2\/pages"}],"about":[{"href":"https:\/\/amiq.cat\/ca\/wp-json\/wp\/v2\/types\/page"}],"author":[{"embeddable":true,"href":"https:\/\/amiq.cat\/ca\/wp-json\/wp\/v2\/users\/3"}],"replies":[{"embeddable":true,"href":"https:\/\/amiq.cat\/ca\/wp-json\/wp\/v2\/comments?post=12142"}],"version-history":[{"count":2,"href":"https:\/\/amiq.cat\/ca\/wp-json\/wp\/v2\/pages\/12142\/revisions"}],"predecessor-version":[{"id":13523,"href":"https:\/\/amiq.cat\/ca\/wp-json\/wp\/v2\/pages\/12142\/revisions\/13523"}],"up":[{"embeddable":true,"href":"https:\/\/amiq.cat\/ca\/wp-json\/wp\/v2\/pages\/12072"}],"wp:attachment":[{"href":"https:\/\/amiq.cat\/ca\/wp-json\/wp\/v2\/media?parent=12142"}],"wp:term":[{"taxonomy":"category","embeddable":true,"href":"https:\/\/amiq.cat\/ca\/wp-json\/wp\/v2\/categories?post=12142"},{"taxonomy":"post_tag","embeddable":true,"href":"https:\/\/amiq.cat\/ca\/wp-json\/wp\/v2\/tags?post=12142"}],"curies":[{"name":"wp","href":"https:\/\/api.w.org\/{rel}","templated":true}]}}