{"id":12695,"date":"2024-02-14T10:24:31","date_gmt":"2024-02-14T09:24:31","guid":{"rendered":"https:\/\/wetopi.com\/equip-medic\/dr-felipe-pinzon\/cita-amb-dr-felipe-pinzon\/"},"modified":"2024-02-14T10:24:47","modified_gmt":"2024-02-14T09:24:47","slug":"cita-amb-dr-felipe-pinzon","status":"publish","type":"page","link":"https:\/\/amiq.cat\/ca\/equip-medic\/dr-felipe-pinzon\/cita-amb-dr-felipe-pinzon\/","title":{"rendered":"Cita amb Dr. Felipe Pinzon"},"content":{"rendered":"\n\n\t<nav aria-label=\"breadcrumbs\"><p><a href=\"https:\/\/wetopi.com\"><\/a> &#8211; <a href=\"https:\/\/wetopi.com\/equipo-medico\/\">Equipo M\u00e9dico<\/a> &#8211; Dr. Felipe Pinzon<\/p><\/nav>\n\t<h3><a href=\"https:\/\/www.amiq.cat\/metges-collaboradors\/#\" target=\"_self\" rel=\"noopener\">Dr. Felipe Pinzon<\/a><\/h3>\n\t<p>Especialidades<\/p>\n\t<p>Especialistes en Cirurgia Maxilofacial i Implantologia Dental<\/p>\n\t\t\t\t<img loading=\"lazy\" decoding=\"async\" src=\"https:\/\/wetopi.com\/wp-content\/uploads\/2024\/01\/sin-foto-hombre-1687126262.jpg\" alt=\"sin-foto-hombre-1687126262\" itemprop=\"image\" height=\"267\" width=\"267\" title=\"sin-foto-hombre-1687126262\" onerror=\"this.style.display='none'\"  \/>\n\t\t\t<a href=\"\" target=\"_self\" rel=\"noopener\">\n\t\t\t\t\t\t\tSolicita Cita\n\t\t\t\t\t<\/a>\n\t<p>Trayectoria profesional<\/p>\n\t<p>Trayectoria profesional<\/p>\n<p>&nbsp;<\/p>\n\t<ul>\n\t\t\t\n\t\t<\/ul>\n\t<p>Te puede interesar<\/p>\n\t\t\t\t<a href=\"https:\/\/wetopi.com\/mutuas\/\" target=\"_self\" itemprop=\"url\" rel=\"noopener\">\n\t\t\t\t<img loading=\"lazy\" decoding=\"async\" src=\"https:\/\/wetopi.com\/wp-content\/uploads\/2024\/01\/el-respeto.png\" alt=\"el-respeto\" itemprop=\"image\" height=\"512\" width=\"512\" title=\"el-respeto\" onerror=\"this.style.display='none'\"  \/>\n\t\t\t\t<\/a>\n<h3><a href=\"https:\/\/wetopi.com\/mutuas\/\" target=\"_self\" rel=\"noopener\">Mutuas<\/a><\/h3>\t\n\t\t\t\t<a href=\"https:\/\/wetopi.com\/somos-noticia\/\" target=\"_self\" itemprop=\"url\" rel=\"noopener\">\n\t\t\t\t<img loading=\"lazy\" decoding=\"async\" src=\"https:\/\/wetopi.com\/wp-content\/uploads\/2024\/01\/periodico.png\" alt=\"periodico\" itemprop=\"image\" height=\"512\" width=\"512\" title=\"periodico\" onerror=\"this.style.display='none'\"  \/>\n\t\t\t\t<\/a>\n<h3><a href=\"https:\/\/wetopi.com\/somos-noticia\/\" target=\"_self\" rel=\"noopener\">Notic\u00edas<\/a><\/h3>\t\n\t\t\t\t<img loading=\"lazy\" decoding=\"async\" src=\"https:\/\/wetopi.com\/wp-content\/uploads\/2024\/01\/realimentacion.png\" alt=\"realimentacion\" itemprop=\"image\" height=\"512\" width=\"512\" title=\"realimentacion\" onerror=\"this.style.display='none'\"  \/>\n<h3>Testimonios<\/h3>\t\n\t\t\t\t<a href=\"https:\/\/wetopi.com\/raquel-fundacion-amiq\/\" target=\"_self\" itemprop=\"url\" rel=\"noopener\">\n\t\t\t\t<img loading=\"lazy\" decoding=\"async\" src=\"https:\/\/wetopi.com\/wp-content\/uploads\/2024\/01\/sesion.png\" alt=\"sesion\" itemprop=\"image\" height=\"512\" width=\"512\" title=\"sesion\" onerror=\"this.style.display='none'\"  \/>\n\t\t\t\t<\/a>\n<h3><a href=\"https:\/\/wetopi.com\/raquel-fundacion-amiq\/\" target=\"_self\" rel=\"noopener\">Fundaci\u00f3n Raquel<\/a><\/h3>\t\n\t\t\t\tAMiQ IMO\n\t\t\t\tAMiQ Causse Clinic\n\t\t\t\tAMiQ Dexeus\n\t\t\t\t\t\t\tAMiQ IMO\n\t<iframe src=\"https:\/\/www.google.com\/maps\/embed\/v1\/place?q=AMiQ+IMO&#038;key=AIzaSyD09zQ9PNDNNy9TadMuzRV_UsPUoWKntt8\" aria-hidden=\"true\" title=\"AMiQ IMO\"><\/iframe>\n\t\t\t\t\t\t\tAMiQ Causse Clinic\n\t<iframe src=\"https:\/\/www.google.com\/maps\/embed\/v1\/place?q=AMiQ+Causse+Clinic&#038;key=AIzaSyD09zQ9PNDNNy9TadMuzRV_UsPUoWKntt8\" aria-hidden=\"true\" title=\"AMiQ Causse Clinic\"><\/iframe>\n\t\t\t\t\t\t\tAMiQ Dexeus\n\t<iframe src=\"https:\/\/www.google.com\/maps\/embed\/v1\/place?q=AMiQ+Dexeus&#038;key=AIzaSyD09zQ9PNDNNy9TadMuzRV_UsPUoWKntt8\" aria-hidden=\"true\" title=\"AMiQ Dexeus\"><\/iframe>\n\n","protected":false},"excerpt":{"rendered":"<p>&#8211; Equipo M\u00e9dico &#8211; Dr. Felipe Pinzon Dr. Felipe Pinzon Especialidades Especialistes en Cirurgia Maxilofacial i Implantologia Dental Solicita Cita Trayectoria profesional Trayectoria profesional &nbsp; Te puede interesar Mutuas Notic\u00edas Testimonios Fundaci\u00f3n Raquel AMiQ IMO AMiQ Causse Clinic AMiQ Dexeus AMiQ IMO AMiQ Causse Clinic AMiQ Dexeus<\/p>\n","protected":false},"author":1,"featured_media":0,"parent":12133,"menu_order":0,"comment_status":"closed","ping_status":"closed","template":"","meta":{"_exactmetrics_skip_tracking":false,"_exactmetrics_sitenote_active":false,"_exactmetrics_sitenote_note":"","_exactmetrics_sitenote_category":0,"_monsterinsights_skip_tracking":false,"_monsterinsights_sitenote_active":false,"_monsterinsights_sitenote_note":"","_monsterinsights_sitenote_category":0,"_uf_show_specific_survey":0,"_uf_disable_surveys":false,"footnotes":""},"categories":[],"tags":[],"class_list":["post-12695","page","type-page","status-publish","hentry"],"aioseo_notices":[],"yoast_head":"<!-- This site is optimized with the Yoast SEO Premium plugin v26.4 (Yoast SEO v26.4) - https:\/\/yoast.com\/wordpress\/plugins\/seo\/ -->\n<title>Cita amb Dr. Felipe Pinzon &#8211; AMiQ<\/title>\n<meta name=\"robots\" content=\"index, follow, max-snippet:-1, max-image-preview:large, max-video-preview:-1\" \/>\n<link rel=\"canonical\" href=\"https:\/\/amiq.cat\/ca\/equip-medic\/dr-felipe-pinzon\/cita-amb-dr-felipe-pinzon\/\" \/>\n<script type=\"application\/ld+json\" class=\"yoast-schema-graph\">{\"@context\":\"https:\/\/schema.org\",\"@graph\":[{\"@type\":\"WebPage\",\"@id\":\"https:\/\/amiq.cat\/ca\/equip-medic\/dr-felipe-pinzon\/cita-amb-dr-felipe-pinzon\/\",\"url\":\"https:\/\/amiq.cat\/ca\/equip-medic\/dr-felipe-pinzon\/cita-amb-dr-felipe-pinzon\/\",\"name\":\"Cita amb Dr. Felipe Pinzon &#8211; AMiQ\",\"isPartOf\":{\"@id\":\"https:\/\/amiq.cat\/ca\/#website\"},\"primaryImageOfPage\":{\"@id\":\"https:\/\/amiq.cat\/ca\/equip-medic\/dr-felipe-pinzon\/cita-amb-dr-felipe-pinzon\/#primaryimage\"},\"image\":{\"@id\":\"https:\/\/amiq.cat\/ca\/equip-medic\/dr-felipe-pinzon\/cita-amb-dr-felipe-pinzon\/#primaryimage\"},\"thumbnailUrl\":\"https:\/\/wetopi.com\/wp-content\/uploads\/2024\/01\/sin-foto-hombre-1687126262.jpg\",\"datePublished\":\"2024-02-14T09:24:31+00:00\",\"dateModified\":\"2024-02-14T09:24:47+00:00\",\"breadcrumb\":{\"@id\":\"https:\/\/amiq.cat\/ca\/equip-medic\/dr-felipe-pinzon\/cita-amb-dr-felipe-pinzon\/#breadcrumb\"},\"inLanguage\":\"ca\",\"potentialAction\":[{\"@type\":\"ReadAction\",\"target\":[\"https:\/\/amiq.cat\/ca\/equip-medic\/dr-felipe-pinzon\/cita-amb-dr-felipe-pinzon\/\"]}]},{\"@type\":\"ImageObject\",\"inLanguage\":\"ca\",\"@id\":\"https:\/\/amiq.cat\/ca\/equip-medic\/dr-felipe-pinzon\/cita-amb-dr-felipe-pinzon\/#primaryimage\",\"url\":\"https:\/\/wetopi.com\/wp-content\/uploads\/2024\/01\/sin-foto-hombre-1687126262.jpg\",\"contentUrl\":\"https:\/\/wetopi.com\/wp-content\/uploads\/2024\/01\/sin-foto-hombre-1687126262.jpg\"},{\"@type\":\"BreadcrumbList\",\"@id\":\"https:\/\/amiq.cat\/ca\/equip-medic\/dr-felipe-pinzon\/cita-amb-dr-felipe-pinzon\/#breadcrumb\",\"itemListElement\":[{\"@type\":\"ListItem\",\"position\":1,\"name\":\"Portada\",\"item\":\"https:\/\/amiq.cat\/ca\/\"},{\"@type\":\"ListItem\",\"position\":2,\"name\":\"Equip M\u00e8dic\",\"item\":\"https:\/\/amiq.cat\/ca\/equip-medic\/\"},{\"@type\":\"ListItem\",\"position\":3,\"name\":\"Dr. Felipe Pinzon\",\"item\":\"https:\/\/amiq.cat\/ca\/equipo-medico\/dr-felipe-pinzon\/\"},{\"@type\":\"ListItem\",\"position\":4,\"name\":\"Cita amb Dr. Felipe Pinzon\"}]},{\"@type\":\"WebSite\",\"@id\":\"https:\/\/amiq.cat\/ca\/#website\",\"url\":\"https:\/\/amiq.cat\/ca\/\",\"name\":\"AMiQ\",\"description\":\"Agrupaci\u00f3 M\u00e8dica i Quir\u00fargica\",\"publisher\":{\"@id\":\"https:\/\/amiq.cat\/ca\/#organization\"},\"alternateName\":\"AMiQ\",\"potentialAction\":[{\"@type\":\"SearchAction\",\"target\":{\"@type\":\"EntryPoint\",\"urlTemplate\":\"https:\/\/amiq.cat\/ca\/?s={search_term_string}\"},\"query-input\":{\"@type\":\"PropertyValueSpecification\",\"valueRequired\":true,\"valueName\":\"search_term_string\"}}],\"inLanguage\":\"ca\"},{\"@type\":[\"Organization\",\"Place\",\"MedicalClinic\"],\"@id\":\"https:\/\/amiq.cat\/ca\/#organization\",\"name\":\"Agrupaci\u00f3 M\u00e8dica i Quir\u00fargica\",\"alternateName\":\"AMIQ\",\"url\":\"https:\/\/amiq.cat\/ca\/\",\"logo\":{\"@id\":\"https:\/\/amiq.cat\/ca\/equip-medic\/dr-felipe-pinzon\/cita-amb-dr-felipe-pinzon\/#local-main-organization-logo\"},\"image\":{\"@id\":\"https:\/\/amiq.cat\/ca\/equip-medic\/dr-felipe-pinzon\/cita-amb-dr-felipe-pinzon\/#local-main-organization-logo\"},\"description\":\"Entidad especializada en soluciones aseguradoras para profesionales sanitarios, ofreciendo coberturas adaptadas a las necesidades m\u00e9dicas y quir\u00fargicas. Con una amplia experiencia en el sector, destaca por su compromiso con la protecci\u00f3n integral, la gesti\u00f3n eficiente de riesgos y un servicio cercano y personalizado. Su enfoque combina innovaci\u00f3n, confianza y respaldo profesional, convirti\u00e9ndola en una opci\u00f3n s\u00f3lida para quienes buscan seguridad y tranquilidad en el ejercicio de la pr\u00e1ctica sanitaria.\",\"legalName\":\"Agrupaci\u00f3 M\u00e8dica i Quir\u00fargica\",\"numberOfEmployees\":{\"@type\":\"QuantitativeValue\",\"minValue\":\"11\",\"maxValue\":\"50\"},\"address\":{\"@id\":\"https:\/\/amiq.cat\/ca\/equip-medic\/dr-felipe-pinzon\/cita-amb-dr-felipe-pinzon\/#local-main-place-address\"},\"telephone\":[\"93 122 3615\"],\"openingHoursSpecification\":[]},{\"@type\":\"PostalAddress\",\"@id\":\"https:\/\/amiq.cat\/ca\/equip-medic\/dr-felipe-pinzon\/cita-amb-dr-felipe-pinzon\/#local-main-place-address\",\"streetAddress\":\"Carrer de Josep Maria Llad\u00f3, 3,, Sarri\u00e0-Sant Gervasi,\",\"addressLocality\":\"Barcelona\",\"postalCode\":\"08035\",\"addressRegion\":\"Activo\",\"addressCountry\":\"ES\"},{\"@type\":\"ImageObject\",\"inLanguage\":\"ca\",\"@id\":\"https:\/\/amiq.cat\/ca\/equip-medic\/dr-felipe-pinzon\/cita-amb-dr-felipe-pinzon\/#local-main-organization-logo\",\"url\":\"https:\/\/amiq.cat\/wp-content\/uploads\/2024\/07\/logo-amiq-300.png\",\"contentUrl\":\"https:\/\/amiq.cat\/wp-content\/uploads\/2024\/07\/logo-amiq-300.png\",\"width\":400,\"height\":92,\"caption\":\"Agrupaci\u00f3 M\u00e8dica i Quir\u00fargica\"}]}<\/script>\n<meta name=\"geo.placename\" content=\"Barcelona\" \/>\n<meta name=\"geo.region\" content=\"Espanya\" \/>\n<!-- \/ Yoast SEO Premium plugin. -->","yoast_head_json":{"title":"Cita amb Dr. Felipe Pinzon &#8211; AMiQ","robots":{"index":"index","follow":"follow","max-snippet":"max-snippet:-1","max-image-preview":"max-image-preview:large","max-video-preview":"max-video-preview:-1"},"canonical":"https:\/\/amiq.cat\/ca\/equip-medic\/dr-felipe-pinzon\/cita-amb-dr-felipe-pinzon\/","schema":{"@context":"https:\/\/schema.org","@graph":[{"@type":"WebPage","@id":"https:\/\/amiq.cat\/ca\/equip-medic\/dr-felipe-pinzon\/cita-amb-dr-felipe-pinzon\/","url":"https:\/\/amiq.cat\/ca\/equip-medic\/dr-felipe-pinzon\/cita-amb-dr-felipe-pinzon\/","name":"Cita amb Dr. Felipe Pinzon &#8211; AMiQ","isPartOf":{"@id":"https:\/\/amiq.cat\/ca\/#website"},"primaryImageOfPage":{"@id":"https:\/\/amiq.cat\/ca\/equip-medic\/dr-felipe-pinzon\/cita-amb-dr-felipe-pinzon\/#primaryimage"},"image":{"@id":"https:\/\/amiq.cat\/ca\/equip-medic\/dr-felipe-pinzon\/cita-amb-dr-felipe-pinzon\/#primaryimage"},"thumbnailUrl":"https:\/\/wetopi.com\/wp-content\/uploads\/2024\/01\/sin-foto-hombre-1687126262.jpg","datePublished":"2024-02-14T09:24:31+00:00","dateModified":"2024-02-14T09:24:47+00:00","breadcrumb":{"@id":"https:\/\/amiq.cat\/ca\/equip-medic\/dr-felipe-pinzon\/cita-amb-dr-felipe-pinzon\/#breadcrumb"},"inLanguage":"ca","potentialAction":[{"@type":"ReadAction","target":["https:\/\/amiq.cat\/ca\/equip-medic\/dr-felipe-pinzon\/cita-amb-dr-felipe-pinzon\/"]}]},{"@type":"ImageObject","inLanguage":"ca","@id":"https:\/\/amiq.cat\/ca\/equip-medic\/dr-felipe-pinzon\/cita-amb-dr-felipe-pinzon\/#primaryimage","url":"https:\/\/wetopi.com\/wp-content\/uploads\/2024\/01\/sin-foto-hombre-1687126262.jpg","contentUrl":"https:\/\/wetopi.com\/wp-content\/uploads\/2024\/01\/sin-foto-hombre-1687126262.jpg"},{"@type":"BreadcrumbList","@id":"https:\/\/amiq.cat\/ca\/equip-medic\/dr-felipe-pinzon\/cita-amb-dr-felipe-pinzon\/#breadcrumb","itemListElement":[{"@type":"ListItem","position":1,"name":"Portada","item":"https:\/\/amiq.cat\/ca\/"},{"@type":"ListItem","position":2,"name":"Equip M\u00e8dic","item":"https:\/\/amiq.cat\/ca\/equip-medic\/"},{"@type":"ListItem","position":3,"name":"Dr. Felipe Pinzon","item":"https:\/\/amiq.cat\/ca\/equipo-medico\/dr-felipe-pinzon\/"},{"@type":"ListItem","position":4,"name":"Cita amb Dr. Felipe Pinzon"}]},{"@type":"WebSite","@id":"https:\/\/amiq.cat\/ca\/#website","url":"https:\/\/amiq.cat\/ca\/","name":"AMiQ","description":"Agrupaci\u00f3 M\u00e8dica i Quir\u00fargica","publisher":{"@id":"https:\/\/amiq.cat\/ca\/#organization"},"alternateName":"AMiQ","potentialAction":[{"@type":"SearchAction","target":{"@type":"EntryPoint","urlTemplate":"https:\/\/amiq.cat\/ca\/?s={search_term_string}"},"query-input":{"@type":"PropertyValueSpecification","valueRequired":true,"valueName":"search_term_string"}}],"inLanguage":"ca"},{"@type":["Organization","Place","MedicalClinic"],"@id":"https:\/\/amiq.cat\/ca\/#organization","name":"Agrupaci\u00f3 M\u00e8dica i Quir\u00fargica","alternateName":"AMIQ","url":"https:\/\/amiq.cat\/ca\/","logo":{"@id":"https:\/\/amiq.cat\/ca\/equip-medic\/dr-felipe-pinzon\/cita-amb-dr-felipe-pinzon\/#local-main-organization-logo"},"image":{"@id":"https:\/\/amiq.cat\/ca\/equip-medic\/dr-felipe-pinzon\/cita-amb-dr-felipe-pinzon\/#local-main-organization-logo"},"description":"Entidad especializada en soluciones aseguradoras para profesionales sanitarios, ofreciendo coberturas adaptadas a las necesidades m\u00e9dicas y quir\u00fargicas. Con una amplia experiencia en el sector, destaca por su compromiso con la protecci\u00f3n integral, la gesti\u00f3n eficiente de riesgos y un servicio cercano y personalizado. Su enfoque combina innovaci\u00f3n, confianza y respaldo profesional, convirti\u00e9ndola en una opci\u00f3n s\u00f3lida para quienes buscan seguridad y tranquilidad en el ejercicio de la pr\u00e1ctica sanitaria.","legalName":"Agrupaci\u00f3 M\u00e8dica i Quir\u00fargica","numberOfEmployees":{"@type":"QuantitativeValue","minValue":"11","maxValue":"50"},"address":{"@id":"https:\/\/amiq.cat\/ca\/equip-medic\/dr-felipe-pinzon\/cita-amb-dr-felipe-pinzon\/#local-main-place-address"},"telephone":["93 122 3615"],"openingHoursSpecification":[]},{"@type":"PostalAddress","@id":"https:\/\/amiq.cat\/ca\/equip-medic\/dr-felipe-pinzon\/cita-amb-dr-felipe-pinzon\/#local-main-place-address","streetAddress":"Carrer de Josep Maria Llad\u00f3, 3,, Sarri\u00e0-Sant Gervasi,","addressLocality":"Barcelona","postalCode":"08035","addressRegion":"Activo","addressCountry":"ES"},{"@type":"ImageObject","inLanguage":"ca","@id":"https:\/\/amiq.cat\/ca\/equip-medic\/dr-felipe-pinzon\/cita-amb-dr-felipe-pinzon\/#local-main-organization-logo","url":"https:\/\/amiq.cat\/wp-content\/uploads\/2024\/07\/logo-amiq-300.png","contentUrl":"https:\/\/amiq.cat\/wp-content\/uploads\/2024\/07\/logo-amiq-300.png","width":400,"height":92,"caption":"Agrupaci\u00f3 M\u00e8dica i Quir\u00fargica"}]},"geo.placename":"Barcelona","geo.region":"Espanya"},"_links":{"self":[{"href":"https:\/\/amiq.cat\/ca\/wp-json\/wp\/v2\/pages\/12695","targetHints":{"allow":["GET"]}}],"collection":[{"href":"https:\/\/amiq.cat\/ca\/wp-json\/wp\/v2\/pages"}],"about":[{"href":"https:\/\/amiq.cat\/ca\/wp-json\/wp\/v2\/types\/page"}],"author":[{"embeddable":true,"href":"https:\/\/amiq.cat\/ca\/wp-json\/wp\/v2\/users\/1"}],"replies":[{"embeddable":true,"href":"https:\/\/amiq.cat\/ca\/wp-json\/wp\/v2\/comments?post=12695"}],"version-history":[{"count":2,"href":"https:\/\/amiq.cat\/ca\/wp-json\/wp\/v2\/pages\/12695\/revisions"}],"predecessor-version":[{"id":12701,"href":"https:\/\/amiq.cat\/ca\/wp-json\/wp\/v2\/pages\/12695\/revisions\/12701"}],"up":[{"embeddable":true,"href":"https:\/\/amiq.cat\/ca\/wp-json\/wp\/v2\/pages\/12133"}],"wp:attachment":[{"href":"https:\/\/amiq.cat\/ca\/wp-json\/wp\/v2\/media?parent=12695"}],"wp:term":[{"taxonomy":"category","embeddable":true,"href":"https:\/\/amiq.cat\/ca\/wp-json\/wp\/v2\/categories?post=12695"},{"taxonomy":"post_tag","embeddable":true,"href":"https:\/\/amiq.cat\/ca\/wp-json\/wp\/v2\/tags?post=12695"}],"curies":[{"name":"wp","href":"https:\/\/api.w.org\/{rel}","templated":true}]}}