{"id":12009,"date":"2024-01-29T06:35:59","date_gmt":"2024-01-29T05:35:59","guid":{"rendered":"https:\/\/wetopi.com\/amiq-imo\/"},"modified":"2026-01-20T10:24:37","modified_gmt":"2026-01-20T09:24:37","slug":"amiq-imo","status":"publish","type":"page","link":"https:\/\/amiq.cat\/en\/our-clinics\/amiq-imo\/","title":{"rendered":"AMiQ IMO"},"content":{"rendered":"\n\n<h2>\n\t\tAMiQ &#8211; IMO   Barcelona\n\t<\/h2>\n<p><strong>AMiQ<\/strong> desarrolla su actividad de Otorrinolaringolog\u00eda, Cirug\u00eda Maxilofacial y Cirug\u00eda de Cabo y Cuello en un edificio de 24.000 m\u00b2 dedicados a la salud.<\/p>\n<p>El edificio, obra del reconocido arquitecto Josep Llin\u00e0s, situado en la salida 7 de la Ronda de Dalt, a los pies de la monta\u00f1a de Collserola, ofrece confort, tranquilidad y unas vistas privilegiadas de la ciudad.<\/p>\n<p><strong>Cuenta con:<\/strong><\/p>\n<ul>\n<li>70 salas de consulta<\/li>\n<li>8 quir\u00f3fanos<\/li>\n<li>1 laboratorio de biolog\u00eda molecular<\/li>\n<li>Restaurante-cafeter\u00eda (de lunes a viernes)<\/li>\n<li>Auditorio (capacidad para 300 personas)<\/li>\n<li>2 Seminarios de formaci\u00f3n m\u00e9dica<\/li>\n<li>Parking propio<\/li>\n<\/ul>\n\t\t\t\t\t\t\t\t\t<img loading=\"lazy\" decoding=\"async\" src=\"https:\/\/amiq.cat\/wp-content\/uploads\/2024\/02\/IMO-edificio-7.jpeg\" alt=\"IMO-edificio-7\" itemprop=\"image\" height=\"639\" width=\"956\" srcset=\"https:\/\/amiq.cat\/wp-content\/uploads\/2024\/02\/IMO-edificio-7.jpeg 956w, https:\/\/amiq.cat\/wp-content\/uploads\/2024\/02\/IMO-edificio-7-300x201.jpeg 300w, https:\/\/amiq.cat\/wp-content\/uploads\/2024\/02\/IMO-edificio-7-768x513.jpeg 768w\" sizes=\"auto, (max-width: 956px) 100vw, 956px\" title=\"IMO-edificio-7\" onerror=\"this.style.display='none'\"  \/>\n\t\t\t\t\t\t\t\t\t\t\t\t\t\t\t\t\t<a href=\"https:\/\/amiq.cat\/wp-content\/uploads\/2024\/01\/AMIQ-IMO-IMG_6934.jpg\" target=\"_self\" data-caption=\"\" rel=\"noopener\">\n\t\t\t\t\t\t<figure>\n\t\t\t\t\t\t\t<img loading=\"lazy\" decoding=\"async\" src=\"https:\/\/amiq.cat\/wp-content\/uploads\/2024\/01\/AMIQ-IMO-IMG_6934.jpg\" alt=\"\" srcset=\"https:\/\/amiq.cat\/wp-content\/uploads\/2024\/01\/AMIQ-IMO-IMG_6934.jpg 900w, https:\/\/amiq.cat\/wp-content\/uploads\/2024\/01\/AMIQ-IMO-IMG_6934-300x200.jpg 300w, https:\/\/amiq.cat\/wp-content\/uploads\/2024\/01\/AMIQ-IMO-IMG_6934-768x512.jpg 768w\" width=\"900\" height=\"600\" \/>\n\t\t\t\t\t\t\t\t\t\t\t\t\t\t\t<!-- Overlay Wrapper -->\n\t\t\t\t\t\t\t\t <!-- Overlay Wrapper Closed -->\n\t\t\t\t\t\t\t\t\t\t\t\t\t<\/figure>\n\t\t\t\t\t\t\t\t\t\t<\/a>\n\t\t\t\t\t\t\t\t\t\t\t\t\t\t\t\t\t<a href=\"https:\/\/amiq.cat\/wp-content\/uploads\/2024\/01\/AMIQ-IMO-IMG_6936.jpg\" target=\"_self\" data-caption=\"\" rel=\"noopener\">\n\t\t\t\t\t\t<figure>\n\t\t\t\t\t\t\t<img loading=\"lazy\" decoding=\"async\" src=\"https:\/\/amiq.cat\/wp-content\/uploads\/2024\/01\/AMIQ-IMO-IMG_6936.jpg\" alt=\"\" srcset=\"https:\/\/amiq.cat\/wp-content\/uploads\/2024\/01\/AMIQ-IMO-IMG_6936.jpg 900w, https:\/\/amiq.cat\/wp-content\/uploads\/2024\/01\/AMIQ-IMO-IMG_6936-300x200.jpg 300w, https:\/\/amiq.cat\/wp-content\/uploads\/2024\/01\/AMIQ-IMO-IMG_6936-768x512.jpg 768w\" width=\"900\" height=\"600\" \/>\n\t\t\t\t\t\t\t\t\t\t\t\t\t\t\t<!-- Overlay Wrapper -->\n\t\t\t\t\t\t\t\t <!-- Overlay Wrapper Closed -->\n\t\t\t\t\t\t\t\t\t\t\t\t\t<\/figure>\n\t\t\t\t\t\t\t\t\t\t<\/a>\n\t\t\t\t\t\t\t\t\t\t\t\t\t\t\t\t\t<a href=\"https:\/\/amiq.cat\/wp-content\/uploads\/2024\/02\/IMO-coche-1.jpeg\" target=\"_self\" data-caption=\"\" rel=\"noopener\">\n\t\t\t\t\t\t<figure>\n\t\t\t\t\t\t\t<img loading=\"lazy\" decoding=\"async\" src=\"https:\/\/amiq.cat\/wp-content\/uploads\/2024\/02\/IMO-coche-1.jpeg\" alt=\"\" srcset=\"https:\/\/amiq.cat\/wp-content\/uploads\/2024\/02\/IMO-coche-1.jpeg 768w, https:\/\/amiq.cat\/wp-content\/uploads\/2024\/02\/IMO-coche-1-225x300.jpeg 225w\" width=\"768\" height=\"1024\" \/>\n\t\t\t\t\t\t\t\t\t\t\t\t\t\t\t<!-- Overlay Wrapper -->\n\t\t\t\t\t\t\t\t <!-- Overlay Wrapper Closed -->\n\t\t\t\t\t\t\t\t\t\t\t\t\t<\/figure>\n\t\t\t\t\t\t\t\t\t\t<\/a>\n\t\t\t\t\t\t\t\t\t\t\t\t\t\t\t\t\t<a href=\"https:\/\/amiq.cat\/wp-content\/uploads\/2024\/02\/IMO-coche-2.jpeg\" target=\"_self\" data-caption=\"\" rel=\"noopener\">\n\t\t\t\t\t\t<figure>\n\t\t\t\t\t\t\t<img loading=\"lazy\" decoding=\"async\" src=\"https:\/\/amiq.cat\/wp-content\/uploads\/2024\/02\/IMO-coche-2.jpeg\" alt=\"\" srcset=\"https:\/\/amiq.cat\/wp-content\/uploads\/2024\/02\/IMO-coche-2.jpeg 793w, https:\/\/amiq.cat\/wp-content\/uploads\/2024\/02\/IMO-coche-2-232x300.jpeg 232w, https:\/\/amiq.cat\/wp-content\/uploads\/2024\/02\/IMO-coche-2-768x992.jpeg 768w\" width=\"793\" height=\"1024\" \/>\n\t\t\t\t\t\t\t\t\t\t\t\t\t\t\t<!-- Overlay Wrapper -->\n\t\t\t\t\t\t\t\t <!-- Overlay Wrapper Closed -->\n\t\t\t\t\t\t\t\t\t\t\t\t\t<\/figure>\n\t\t\t\t\t\t\t\t\t\t<\/a>\n\t\t\t\t\t\t\t\t\t\t\t\t\t\t\t\t\t<a href=\"https:\/\/amiq.cat\/wp-content\/uploads\/2024\/02\/IMO-edificio-1.jpeg\" target=\"_self\" data-caption=\"\" rel=\"noopener\">\n\t\t\t\t\t\t<figure>\n\t\t\t\t\t\t\t<img loading=\"lazy\" decoding=\"async\" src=\"https:\/\/amiq.cat\/wp-content\/uploads\/2024\/02\/IMO-edificio-1.jpeg\" alt=\"\" srcset=\"https:\/\/amiq.cat\/wp-content\/uploads\/2024\/02\/IMO-edificio-1.jpeg 1024w, https:\/\/amiq.cat\/wp-content\/uploads\/2024\/02\/IMO-edificio-1-300x296.jpeg 300w, https:\/\/amiq.cat\/wp-content\/uploads\/2024\/02\/IMO-edificio-1-768x759.jpeg 768w\" width=\"1024\" height=\"1012\" \/>\n\t\t\t\t\t\t\t\t\t\t\t\t\t\t\t<!-- Overlay Wrapper -->\n\t\t\t\t\t\t\t\t <!-- Overlay Wrapper Closed -->\n\t\t\t\t\t\t\t\t\t\t\t\t\t<\/figure>\n\t\t\t\t\t\t\t\t\t\t<\/a>\n\t\t\t\t\t\t\t\t\t\t\t\t\t\t\t\t\t<a href=\"https:\/\/amiq.cat\/wp-content\/uploads\/2024\/02\/IMO-edificio-2.jpeg\" target=\"_self\" data-caption=\"\" rel=\"noopener\">\n\t\t\t\t\t\t<figure>\n\t\t\t\t\t\t\t<img loading=\"lazy\" decoding=\"async\" src=\"https:\/\/amiq.cat\/wp-content\/uploads\/2024\/02\/IMO-edificio-2.jpeg\" alt=\"\" srcset=\"https:\/\/amiq.cat\/wp-content\/uploads\/2024\/02\/IMO-edificio-2.jpeg 1024w, https:\/\/amiq.cat\/wp-content\/uploads\/2024\/02\/IMO-edificio-2-300x162.jpeg 300w, https:\/\/amiq.cat\/wp-content\/uploads\/2024\/02\/IMO-edificio-2-768x415.jpeg 768w\" width=\"1024\" height=\"553\" \/>\n\t\t\t\t\t\t\t\t\t\t\t\t\t\t\t<!-- Overlay Wrapper -->\n\t\t\t\t\t\t\t\t <!-- Overlay Wrapper Closed -->\n\t\t\t\t\t\t\t\t\t\t\t\t\t<\/figure>\n\t\t\t\t\t\t\t\t\t\t<\/a>\n\t\t\t\t\t\t\t\t\t\t\t\t\t\t\t\t\t<a href=\"https:\/\/amiq.cat\/wp-content\/uploads\/2024\/02\/IMO-edificio-3.jpeg\" target=\"_self\" data-caption=\"\" rel=\"noopener\">\n\t\t\t\t\t\t<figure>\n\t\t\t\t\t\t\t<img loading=\"lazy\" decoding=\"async\" src=\"https:\/\/amiq.cat\/wp-content\/uploads\/2024\/02\/IMO-edificio-3.jpeg\" alt=\"\" srcset=\"https:\/\/amiq.cat\/wp-content\/uploads\/2024\/02\/IMO-edificio-3.jpeg 1024w, https:\/\/amiq.cat\/wp-content\/uploads\/2024\/02\/IMO-edificio-3-300x277.jpeg 300w, https:\/\/amiq.cat\/wp-content\/uploads\/2024\/02\/IMO-edificio-3-768x709.jpeg 768w\" width=\"1024\" height=\"945\" \/>\n\t\t\t\t\t\t\t\t\t\t\t\t\t\t\t<!-- Overlay Wrapper -->\n\t\t\t\t\t\t\t\t <!-- Overlay Wrapper Closed -->\n\t\t\t\t\t\t\t\t\t\t\t\t\t<\/figure>\n\t\t\t\t\t\t\t\t\t\t<\/a>\n\t\t\t\t\t\t\t\t\t\t\t\t\t\t\t\t\t<a href=\"https:\/\/amiq.cat\/wp-content\/uploads\/2024\/02\/IMO-edificio-4.jpeg\" target=\"_self\" data-caption=\"\" rel=\"noopener\">\n\t\t\t\t\t\t<figure>\n\t\t\t\t\t\t\t<img loading=\"lazy\" decoding=\"async\" src=\"https:\/\/amiq.cat\/wp-content\/uploads\/2024\/02\/IMO-edificio-4.jpeg\" alt=\"\" srcset=\"https:\/\/amiq.cat\/wp-content\/uploads\/2024\/02\/IMO-edificio-4.jpeg 711w, https:\/\/amiq.cat\/wp-content\/uploads\/2024\/02\/IMO-edificio-4-208x300.jpeg 208w\" width=\"711\" height=\"1024\" \/>\n\t\t\t\t\t\t\t\t\t\t\t\t\t\t\t<!-- Overlay Wrapper -->\n\t\t\t\t\t\t\t\t <!-- Overlay Wrapper Closed -->\n\t\t\t\t\t\t\t\t\t\t\t\t\t<\/figure>\n\t\t\t\t\t\t\t\t\t\t<\/a>\n\t\t\t\t\t\t\t\t\t\t\t\t\t\t\t\t\t<a href=\"https:\/\/amiq.cat\/wp-content\/uploads\/2024\/02\/IMO-edificio-5.jpeg\" target=\"_self\" data-caption=\"\" rel=\"noopener\">\n\t\t\t\t\t\t<figure>\n\t\t\t\t\t\t\t<img loading=\"lazy\" decoding=\"async\" src=\"https:\/\/amiq.cat\/wp-content\/uploads\/2024\/02\/IMO-edificio-5.jpeg\" alt=\"\" srcset=\"https:\/\/amiq.cat\/wp-content\/uploads\/2024\/02\/IMO-edificio-5.jpeg 914w, https:\/\/amiq.cat\/wp-content\/uploads\/2024\/02\/IMO-edificio-5-300x169.jpeg 300w, https:\/\/amiq.cat\/wp-content\/uploads\/2024\/02\/IMO-edificio-5-768x433.jpeg 768w\" width=\"914\" height=\"515\" \/>\n\t\t\t\t\t\t\t\t\t\t\t\t\t\t\t<!-- Overlay Wrapper -->\n\t\t\t\t\t\t\t\t <!-- Overlay Wrapper Closed -->\n\t\t\t\t\t\t\t\t\t\t\t\t\t<\/figure>\n\t\t\t\t\t\t\t\t\t\t<\/a>\n\t\t\t\t\t\t\t\t\t\t\t\t\t\t\t\t\t<a href=\"https:\/\/amiq.cat\/wp-content\/uploads\/2024\/02\/IMO-edificio-6.jpeg\" target=\"_self\" data-caption=\"\" rel=\"noopener\">\n\t\t\t\t\t\t<figure>\n\t\t\t\t\t\t\t<img loading=\"lazy\" decoding=\"async\" src=\"https:\/\/amiq.cat\/wp-content\/uploads\/2024\/02\/IMO-edificio-6.jpeg\" alt=\"\" srcset=\"https:\/\/amiq.cat\/wp-content\/uploads\/2024\/02\/IMO-edificio-6.jpeg 953w, https:\/\/amiq.cat\/wp-content\/uploads\/2024\/02\/IMO-edificio-6-300x184.jpeg 300w, https:\/\/amiq.cat\/wp-content\/uploads\/2024\/02\/IMO-edificio-6-768x470.jpeg 768w\" width=\"953\" height=\"583\" \/>\n\t\t\t\t\t\t\t\t\t\t\t\t\t\t\t<!-- Overlay Wrapper -->\n\t\t\t\t\t\t\t\t <!-- Overlay Wrapper Closed -->\n\t\t\t\t\t\t\t\t\t\t\t\t\t<\/figure>\n\t\t\t\t\t\t\t\t\t\t<\/a>\n\t\t\t\t\t\t\t\t\t\t\t\t\t\t\t\t\t<a href=\"https:\/\/amiq.cat\/wp-content\/uploads\/2024\/02\/IMO-edificio-7.jpeg\" target=\"_self\" data-caption=\"\" rel=\"noopener\">\n\t\t\t\t\t\t<figure>\n\t\t\t\t\t\t\t<img loading=\"lazy\" decoding=\"async\" src=\"https:\/\/amiq.cat\/wp-content\/uploads\/2024\/02\/IMO-edificio-7.jpeg\" alt=\"\" srcset=\"https:\/\/amiq.cat\/wp-content\/uploads\/2024\/02\/IMO-edificio-7.jpeg 956w, https:\/\/amiq.cat\/wp-content\/uploads\/2024\/02\/IMO-edificio-7-300x201.jpeg 300w, https:\/\/amiq.cat\/wp-content\/uploads\/2024\/02\/IMO-edificio-7-768x513.jpeg 768w\" width=\"956\" height=\"639\" \/>\n\t\t\t\t\t\t\t\t\t\t\t\t\t\t\t<!-- Overlay Wrapper -->\n\t\t\t\t\t\t\t\t <!-- Overlay Wrapper Closed -->\n\t\t\t\t\t\t\t\t\t\t\t\t\t<\/figure>\n\t\t\t\t\t\t\t\t\t\t<\/a>\n\t\t\t\t\t\t\t\t\t\t\t\t\t\t\t\t\t<a href=\"https:\/\/amiq.cat\/wp-content\/uploads\/2024\/02\/IMO-interior-1.jpeg\" target=\"_self\" data-caption=\"\" rel=\"noopener\">\n\t\t\t\t\t\t<figure>\n\t\t\t\t\t\t\t<img loading=\"lazy\" decoding=\"async\" src=\"https:\/\/amiq.cat\/wp-content\/uploads\/2024\/02\/IMO-interior-1.jpeg\" alt=\"\" srcset=\"https:\/\/amiq.cat\/wp-content\/uploads\/2024\/02\/IMO-interior-1.jpeg 768w, https:\/\/amiq.cat\/wp-content\/uploads\/2024\/02\/IMO-interior-1-225x300.jpeg 225w\" width=\"768\" height=\"1024\" \/>\n\t\t\t\t\t\t\t\t\t\t\t\t\t\t\t<!-- Overlay Wrapper -->\n\t\t\t\t\t\t\t\t <!-- Overlay Wrapper Closed -->\n\t\t\t\t\t\t\t\t\t\t\t\t\t<\/figure>\n\t\t\t\t\t\t\t\t\t\t<\/a>\n\t\t\t\t\t\t\t\t\t\t\t\t\t\t\t\t\t<a href=\"https:\/\/amiq.cat\/wp-content\/uploads\/2024\/02\/IMO-interior-2.jpeg\" target=\"_self\" data-caption=\"\" rel=\"noopener\">\n\t\t\t\t\t\t<figure>\n\t\t\t\t\t\t\t<img loading=\"lazy\" decoding=\"async\" src=\"https:\/\/amiq.cat\/wp-content\/uploads\/2024\/02\/IMO-interior-2.jpeg\" alt=\"\" srcset=\"https:\/\/amiq.cat\/wp-content\/uploads\/2024\/02\/IMO-interior-2.jpeg 768w, https:\/\/amiq.cat\/wp-content\/uploads\/2024\/02\/IMO-interior-2-225x300.jpeg 225w\" width=\"768\" height=\"1024\" \/>\n\t\t\t\t\t\t\t\t\t\t\t\t\t\t\t<!-- Overlay Wrapper -->\n\t\t\t\t\t\t\t\t <!-- Overlay Wrapper Closed -->\n\t\t\t\t\t\t\t\t\t\t\t\t\t<\/figure>\n\t\t\t\t\t\t\t\t\t\t<\/a>\n\t\t\t\t\t\t\t\t\t\t\t\t\t\t\t\t\t<a href=\"https:\/\/amiq.cat\/wp-content\/uploads\/2024\/02\/IMO-interior-3.jpeg\" target=\"_self\" data-caption=\"\" rel=\"noopener\">\n\t\t\t\t\t\t<figure>\n\t\t\t\t\t\t\t<img loading=\"lazy\" decoding=\"async\" src=\"https:\/\/amiq.cat\/wp-content\/uploads\/2024\/02\/IMO-interior-3.jpeg\" alt=\"\" srcset=\"https:\/\/amiq.cat\/wp-content\/uploads\/2024\/02\/IMO-interior-3.jpeg 1024w, https:\/\/amiq.cat\/wp-content\/uploads\/2024\/02\/IMO-interior-3-300x225.jpeg 300w, https:\/\/amiq.cat\/wp-content\/uploads\/2024\/02\/IMO-interior-3-768x576.jpeg 768w\" width=\"1024\" height=\"768\" \/>\n\t\t\t\t\t\t\t\t\t\t\t\t\t\t\t<!-- Overlay Wrapper -->\n\t\t\t\t\t\t\t\t <!-- Overlay Wrapper Closed -->\n\t\t\t\t\t\t\t\t\t\t\t\t\t<\/figure>\n\t\t\t\t\t\t\t\t\t\t<\/a>\n\t\t\t\t\t\t\t\t\t\t\t\t\t\t\t\t\t<a href=\"https:\/\/amiq.cat\/wp-content\/uploads\/2024\/02\/IMO-interior-4.jpeg\" target=\"_self\" data-caption=\"\" rel=\"noopener\">\n\t\t\t\t\t\t<figure>\n\t\t\t\t\t\t\t<img loading=\"lazy\" decoding=\"async\" src=\"https:\/\/amiq.cat\/wp-content\/uploads\/2024\/02\/IMO-interior-4.jpeg\" alt=\"\" srcset=\"https:\/\/amiq.cat\/wp-content\/uploads\/2024\/02\/IMO-interior-4.jpeg 768w, https:\/\/amiq.cat\/wp-content\/uploads\/2024\/02\/IMO-interior-4-225x300.jpeg 225w\" width=\"768\" height=\"1024\" \/>\n\t\t\t\t\t\t\t\t\t\t\t\t\t\t\t<!-- Overlay Wrapper -->\n\t\t\t\t\t\t\t\t <!-- Overlay Wrapper Closed -->\n\t\t\t\t\t\t\t\t\t\t\t\t\t<\/figure>\n\t\t\t\t\t\t\t\t\t\t<\/a>\n\t\t\t\t\t\t\t\t\t\t\t\t\t\t\t\t\t<a href=\"https:\/\/amiq.cat\/wp-content\/uploads\/2024\/02\/operacion-1.jpeg\" target=\"_self\" data-caption=\"\" rel=\"noopener\">\n\t\t\t\t\t\t<figure>\n\t\t\t\t\t\t\t<img loading=\"lazy\" decoding=\"async\" src=\"https:\/\/amiq.cat\/wp-content\/uploads\/2024\/02\/operacion-1.jpeg\" alt=\"\" srcset=\"https:\/\/amiq.cat\/wp-content\/uploads\/2024\/02\/operacion-1.jpeg 766w, https:\/\/amiq.cat\/wp-content\/uploads\/2024\/02\/operacion-1-224x300.jpeg 224w\" width=\"766\" height=\"1024\" \/>\n\t\t\t\t\t\t\t\t\t\t\t\t\t\t\t<!-- Overlay Wrapper -->\n\t\t\t\t\t\t\t\t <!-- Overlay Wrapper Closed -->\n\t\t\t\t\t\t\t\t\t\t\t\t\t<\/figure>\n\t\t\t\t\t\t\t\t\t\t<\/a>\n\t\t\t\t\t\t\t\t<!-- navigation arrows -->\n\t\t\t<button aria-label=\"Previous slide\" role=\"button\" tabindex=\"0\">\n\t\t\t<\/button>\n\t\t\t<button aria-label=\"Next slide\" role=\"button\" tabindex=\"0\">\n\t\t\t<\/button>\n\t\t\t\t\t\t<!-- pagination -->\n\t<h2>\n\t\tContacta con AMiQ &#8211; IMO Barcelona\n\t<\/h2>\n\t\t\t<a href=\"tel:931223615\" target=\"_blank\" rel=\"noopener\">\n\t\t\t\t\t\t93 122 3615\n\t\t\t\t\t<\/a>\n\t\t\t<a href=\"mailto:administracio@amiq.cat\" target=\"_blank\" rel=\"noopener\">\n\t\t\t\t\t\temail\n\t\t\t\t\t<\/a>\n<h3>AMiQ &#8211; Agrupaci\u00f3n M\u00e9dica y Quir\u00fargica<\/h3>\n<p><strong>La Agrupaci\u00f3n M\u00e9dica y Quir\u00fargica AMiQ,<\/strong> liderada por el <strong>Dr. Ivan Dom\u00e8nech<\/strong>, est\u00e1 constituida por unos colaboradores profesionales, que tienen por objetivo proporcionar un tratamiento M\u00e9dico integral para las especialidades de Otorrinolaringolog\u00eda, Cirug\u00eda M\u00e1xilo Facial, Alergolog\u00eda, Dermatolog\u00eda de Cabo y Cuello y Endocrinolog\u00eda de Tiroides y Paratiroides<strong>.<\/strong><\/p>\n<p>Cerca de <strong>35.000 visitas y m\u00e1s de 800 cirug\u00edas<\/strong> anuales, avalan nuestra experiencia.<\/p>\n<h2>\n\t\tD\u00f3nde estamos\n\t<\/h2>\n\t<iframe src=\"https:\/\/www.google.com\/maps\/embed\/v1\/place?q=AMiQ+IMO&#038;key=AIzaSyD09zQ9PNDNNy9TadMuzRV_UsPUoWKntt8\" aria-hidden=\"true\" title=\"AMiQ IMO\"><\/iframe>\n\t<p><img loading=\"lazy\" decoding=\"async\" src=\"https:\/\/amiq.cat\/wp-content\/uploads\/2024\/02\/ubicacion-300x300.png\" alt=\"\" width=\"22\" height=\"22\" \/><\/p>\n<p>Carrer de Josep Maria Llad\u00f3, 3, Sarri\u00e0-Sant Gervasi, 08035 Barcelona<\/p>\n<p><a href=\"tel:938357214\"><img loading=\"lazy\" decoding=\"async\" src=\"https:\/\/amiq.cat\/wp-content\/uploads\/2024\/02\/telefono-300x300.png\" alt=\"\" width=\"20\" height=\"20\" \/><\/a><a href=\"tel:938357214\"> 93 122 3615<\/a><\/p>\n<p><a href=\"mailto:recepcio@amiq.cat\"><img loading=\"lazy\" decoding=\"async\" src=\"https:\/\/amiq.cat\/wp-content\/uploads\/2024\/02\/correo-300x300.png\" alt=\"\" width=\"22\" height=\"22\" \/><\/a><a href=\"mailto:administracio@amiq.cat\">administracio@amiq.cat<\/a><\/p>\n\n","protected":false},"excerpt":{"rendered":"<p>AMiQ &#8211; IMO Barcelona AMiQ desarrolla su actividad de Otorrinolaringolog\u00eda, Cirug\u00eda Maxilofacial y Cirug\u00eda de Cabo y Cuello en un edificio de 24.000 m\u00b2 dedicados a la salud. El edificio, obra del reconocido arquitecto Josep Llin\u00e0s, situado en la salida 7 de la Ronda de Dalt, a los pies de la monta\u00f1a de Collserola, ofrece&hellip;<\/p>\n","protected":false},"author":3,"featured_media":0,"parent":12196,"menu_order":26,"comment_status":"closed","ping_status":"closed","template":"","meta":{"_exactmetrics_skip_tracking":false,"_exactmetrics_sitenote_active":false,"_exactmetrics_sitenote_note":"","_exactmetrics_sitenote_category":0,"_monsterinsights_skip_tracking":false,"_monsterinsights_sitenote_active":false,"_monsterinsights_sitenote_note":"","_monsterinsights_sitenote_category":0,"_uf_show_specific_survey":0,"_uf_disable_surveys":false,"footnotes":""},"categories":[],"tags":[],"class_list":["post-12009","page","type-page","status-publish","hentry"],"aioseo_notices":[],"yoast_head":"<!-- This site is optimized with the Yoast SEO Premium plugin v26.4 (Yoast SEO v26.4) - https:\/\/yoast.com\/wordpress\/plugins\/seo\/ -->\n<title>AMiQ IMO &#8211; AMiQ<\/title>\n<meta name=\"robots\" content=\"index, follow, max-snippet:-1, max-image-preview:large, max-video-preview:-1\" \/>\n<link rel=\"canonical\" href=\"https:\/\/amiq.cat\/en\/our-clinics\/amiq-imo\/\" \/>\n<script type=\"application\/ld+json\" class=\"yoast-schema-graph\">{\"@context\":\"https:\/\/schema.org\",\"@graph\":[{\"@type\":\"WebPage\",\"@id\":\"https:\/\/amiq.cat\/en\/our-clinics\/amiq-imo\/\",\"url\":\"https:\/\/amiq.cat\/en\/our-clinics\/amiq-imo\/\",\"name\":\"AMiQ IMO &#8211; AMiQ\",\"isPartOf\":{\"@id\":\"https:\/\/amiq.cat\/en\/#website\"},\"primaryImageOfPage\":{\"@id\":\"https:\/\/amiq.cat\/en\/our-clinics\/amiq-imo\/#primaryimage\"},\"image\":{\"@id\":\"https:\/\/amiq.cat\/en\/our-clinics\/amiq-imo\/#primaryimage\"},\"thumbnailUrl\":\"https:\/\/amiq.cat\/wp-content\/uploads\/2024\/02\/IMO-edificio-7.jpeg\",\"datePublished\":\"2024-01-29T05:35:59+00:00\",\"dateModified\":\"2026-01-20T09:24:37+00:00\",\"breadcrumb\":{\"@id\":\"https:\/\/amiq.cat\/en\/our-clinics\/amiq-imo\/#breadcrumb\"},\"inLanguage\":\"en-US\",\"potentialAction\":[{\"@type\":\"ReadAction\",\"target\":[\"https:\/\/amiq.cat\/en\/our-clinics\/amiq-imo\/\"]}]},{\"@type\":\"ImageObject\",\"inLanguage\":\"en-US\",\"@id\":\"https:\/\/amiq.cat\/en\/our-clinics\/amiq-imo\/#primaryimage\",\"url\":\"https:\/\/amiq.cat\/wp-content\/uploads\/2024\/02\/IMO-edificio-7.jpeg\",\"contentUrl\":\"https:\/\/amiq.cat\/wp-content\/uploads\/2024\/02\/IMO-edificio-7.jpeg\"},{\"@type\":\"BreadcrumbList\",\"@id\":\"https:\/\/amiq.cat\/en\/our-clinics\/amiq-imo\/#breadcrumb\",\"itemListElement\":[{\"@type\":\"ListItem\",\"position\":1,\"name\":\"Portada\",\"item\":\"https:\/\/amiq.cat\/en\/\"},{\"@type\":\"ListItem\",\"position\":2,\"name\":\"Our Clinics\",\"item\":\"https:\/\/amiq.cat\/en\/our-clinics\/\"},{\"@type\":\"ListItem\",\"position\":3,\"name\":\"AMiQ IMO\"}]},{\"@type\":\"WebSite\",\"@id\":\"https:\/\/amiq.cat\/en\/#website\",\"url\":\"https:\/\/amiq.cat\/en\/\",\"name\":\"AMiQ\",\"description\":\"Agrupaci\u00f3 M\u00e8dica i Quir\u00fargica\",\"publisher\":{\"@id\":\"https:\/\/amiq.cat\/en\/#organization\"},\"alternateName\":\"AMiQ\",\"potentialAction\":[{\"@type\":\"SearchAction\",\"target\":{\"@type\":\"EntryPoint\",\"urlTemplate\":\"https:\/\/amiq.cat\/en\/?s={search_term_string}\"},\"query-input\":{\"@type\":\"PropertyValueSpecification\",\"valueRequired\":true,\"valueName\":\"search_term_string\"}}],\"inLanguage\":\"en-US\"},{\"@type\":[\"Organization\",\"Place\",\"MedicalClinic\"],\"@id\":\"https:\/\/amiq.cat\/en\/#organization\",\"name\":\"Agrupaci\u00f3 M\u00e8dica i Quir\u00fargica\",\"alternateName\":\"AMIQ\",\"url\":\"https:\/\/amiq.cat\/en\/\",\"logo\":{\"@id\":\"https:\/\/amiq.cat\/en\/our-clinics\/amiq-imo\/#local-main-organization-logo\"},\"image\":{\"@id\":\"https:\/\/amiq.cat\/en\/our-clinics\/amiq-imo\/#local-main-organization-logo\"},\"description\":\"Entidad especializada en soluciones aseguradoras para profesionales sanitarios, ofreciendo coberturas adaptadas a las necesidades m\u00e9dicas y quir\u00fargicas. Con una amplia experiencia en el sector, destaca por su compromiso con la protecci\u00f3n integral, la gesti\u00f3n eficiente de riesgos y un servicio cercano y personalizado. Su enfoque combina innovaci\u00f3n, confianza y respaldo profesional, convirti\u00e9ndola en una opci\u00f3n s\u00f3lida para quienes buscan seguridad y tranquilidad en el ejercicio de la pr\u00e1ctica sanitaria.\",\"legalName\":\"Agrupaci\u00f3 M\u00e8dica i Quir\u00fargica\",\"numberOfEmployees\":{\"@type\":\"QuantitativeValue\",\"minValue\":\"11\",\"maxValue\":\"50\"},\"address\":{\"@id\":\"https:\/\/amiq.cat\/en\/our-clinics\/amiq-imo\/#local-main-place-address\"},\"telephone\":[\"93 122 3615\"],\"openingHoursSpecification\":[]},{\"@type\":\"PostalAddress\",\"@id\":\"https:\/\/amiq.cat\/en\/our-clinics\/amiq-imo\/#local-main-place-address\",\"streetAddress\":\"Carrer de Josep Maria Llad\u00f3, 3,, Sarri\u00e0-Sant Gervasi,\",\"addressLocality\":\"Barcelona\",\"postalCode\":\"08035\",\"addressRegion\":\"Activo\",\"addressCountry\":\"ES\"},{\"@type\":\"ImageObject\",\"inLanguage\":\"en-US\",\"@id\":\"https:\/\/amiq.cat\/en\/our-clinics\/amiq-imo\/#local-main-organization-logo\",\"url\":\"https:\/\/amiq.cat\/wp-content\/uploads\/2024\/07\/logo-amiq-300.png\",\"contentUrl\":\"https:\/\/amiq.cat\/wp-content\/uploads\/2024\/07\/logo-amiq-300.png\",\"width\":400,\"height\":92,\"caption\":\"Agrupaci\u00f3 M\u00e8dica i Quir\u00fargica\"}]}<\/script>\n<meta name=\"geo.placename\" content=\"Barcelona\" \/>\n<meta name=\"geo.region\" content=\"Spain\" \/>\n<!-- \/ Yoast SEO Premium plugin. -->","yoast_head_json":{"title":"AMiQ IMO &#8211; AMiQ","robots":{"index":"index","follow":"follow","max-snippet":"max-snippet:-1","max-image-preview":"max-image-preview:large","max-video-preview":"max-video-preview:-1"},"canonical":"https:\/\/amiq.cat\/en\/our-clinics\/amiq-imo\/","schema":{"@context":"https:\/\/schema.org","@graph":[{"@type":"WebPage","@id":"https:\/\/amiq.cat\/en\/our-clinics\/amiq-imo\/","url":"https:\/\/amiq.cat\/en\/our-clinics\/amiq-imo\/","name":"AMiQ IMO &#8211; AMiQ","isPartOf":{"@id":"https:\/\/amiq.cat\/en\/#website"},"primaryImageOfPage":{"@id":"https:\/\/amiq.cat\/en\/our-clinics\/amiq-imo\/#primaryimage"},"image":{"@id":"https:\/\/amiq.cat\/en\/our-clinics\/amiq-imo\/#primaryimage"},"thumbnailUrl":"https:\/\/amiq.cat\/wp-content\/uploads\/2024\/02\/IMO-edificio-7.jpeg","datePublished":"2024-01-29T05:35:59+00:00","dateModified":"2026-01-20T09:24:37+00:00","breadcrumb":{"@id":"https:\/\/amiq.cat\/en\/our-clinics\/amiq-imo\/#breadcrumb"},"inLanguage":"en-US","potentialAction":[{"@type":"ReadAction","target":["https:\/\/amiq.cat\/en\/our-clinics\/amiq-imo\/"]}]},{"@type":"ImageObject","inLanguage":"en-US","@id":"https:\/\/amiq.cat\/en\/our-clinics\/amiq-imo\/#primaryimage","url":"https:\/\/amiq.cat\/wp-content\/uploads\/2024\/02\/IMO-edificio-7.jpeg","contentUrl":"https:\/\/amiq.cat\/wp-content\/uploads\/2024\/02\/IMO-edificio-7.jpeg"},{"@type":"BreadcrumbList","@id":"https:\/\/amiq.cat\/en\/our-clinics\/amiq-imo\/#breadcrumb","itemListElement":[{"@type":"ListItem","position":1,"name":"Portada","item":"https:\/\/amiq.cat\/en\/"},{"@type":"ListItem","position":2,"name":"Our Clinics","item":"https:\/\/amiq.cat\/en\/our-clinics\/"},{"@type":"ListItem","position":3,"name":"AMiQ IMO"}]},{"@type":"WebSite","@id":"https:\/\/amiq.cat\/en\/#website","url":"https:\/\/amiq.cat\/en\/","name":"AMiQ","description":"Agrupaci\u00f3 M\u00e8dica i Quir\u00fargica","publisher":{"@id":"https:\/\/amiq.cat\/en\/#organization"},"alternateName":"AMiQ","potentialAction":[{"@type":"SearchAction","target":{"@type":"EntryPoint","urlTemplate":"https:\/\/amiq.cat\/en\/?s={search_term_string}"},"query-input":{"@type":"PropertyValueSpecification","valueRequired":true,"valueName":"search_term_string"}}],"inLanguage":"en-US"},{"@type":["Organization","Place","MedicalClinic"],"@id":"https:\/\/amiq.cat\/en\/#organization","name":"Agrupaci\u00f3 M\u00e8dica i Quir\u00fargica","alternateName":"AMIQ","url":"https:\/\/amiq.cat\/en\/","logo":{"@id":"https:\/\/amiq.cat\/en\/our-clinics\/amiq-imo\/#local-main-organization-logo"},"image":{"@id":"https:\/\/amiq.cat\/en\/our-clinics\/amiq-imo\/#local-main-organization-logo"},"description":"Entidad especializada en soluciones aseguradoras para profesionales sanitarios, ofreciendo coberturas adaptadas a las necesidades m\u00e9dicas y quir\u00fargicas. Con una amplia experiencia en el sector, destaca por su compromiso con la protecci\u00f3n integral, la gesti\u00f3n eficiente de riesgos y un servicio cercano y personalizado. Su enfoque combina innovaci\u00f3n, confianza y respaldo profesional, convirti\u00e9ndola en una opci\u00f3n s\u00f3lida para quienes buscan seguridad y tranquilidad en el ejercicio de la pr\u00e1ctica sanitaria.","legalName":"Agrupaci\u00f3 M\u00e8dica i Quir\u00fargica","numberOfEmployees":{"@type":"QuantitativeValue","minValue":"11","maxValue":"50"},"address":{"@id":"https:\/\/amiq.cat\/en\/our-clinics\/amiq-imo\/#local-main-place-address"},"telephone":["93 122 3615"],"openingHoursSpecification":[]},{"@type":"PostalAddress","@id":"https:\/\/amiq.cat\/en\/our-clinics\/amiq-imo\/#local-main-place-address","streetAddress":"Carrer de Josep Maria Llad\u00f3, 3,, Sarri\u00e0-Sant Gervasi,","addressLocality":"Barcelona","postalCode":"08035","addressRegion":"Activo","addressCountry":"ES"},{"@type":"ImageObject","inLanguage":"en-US","@id":"https:\/\/amiq.cat\/en\/our-clinics\/amiq-imo\/#local-main-organization-logo","url":"https:\/\/amiq.cat\/wp-content\/uploads\/2024\/07\/logo-amiq-300.png","contentUrl":"https:\/\/amiq.cat\/wp-content\/uploads\/2024\/07\/logo-amiq-300.png","width":400,"height":92,"caption":"Agrupaci\u00f3 M\u00e8dica i Quir\u00fargica"}]},"geo.placename":"Barcelona","geo.region":"Spain"},"_links":{"self":[{"href":"https:\/\/amiq.cat\/en\/wp-json\/wp\/v2\/pages\/12009","targetHints":{"allow":["GET"]}}],"collection":[{"href":"https:\/\/amiq.cat\/en\/wp-json\/wp\/v2\/pages"}],"about":[{"href":"https:\/\/amiq.cat\/en\/wp-json\/wp\/v2\/types\/page"}],"author":[{"embeddable":true,"href":"https:\/\/amiq.cat\/en\/wp-json\/wp\/v2\/users\/3"}],"replies":[{"embeddable":true,"href":"https:\/\/amiq.cat\/en\/wp-json\/wp\/v2\/comments?post=12009"}],"version-history":[{"count":5,"href":"https:\/\/amiq.cat\/en\/wp-json\/wp\/v2\/pages\/12009\/revisions"}],"predecessor-version":[{"id":14309,"href":"https:\/\/amiq.cat\/en\/wp-json\/wp\/v2\/pages\/12009\/revisions\/14309"}],"up":[{"embeddable":true,"href":"https:\/\/amiq.cat\/en\/wp-json\/wp\/v2\/pages\/12196"}],"wp:attachment":[{"href":"https:\/\/amiq.cat\/en\/wp-json\/wp\/v2\/media?parent=12009"}],"wp:term":[{"taxonomy":"category","embeddable":true,"href":"https:\/\/amiq.cat\/en\/wp-json\/wp\/v2\/categories?post=12009"},{"taxonomy":"post_tag","embeddable":true,"href":"https:\/\/amiq.cat\/en\/wp-json\/wp\/v2\/tags?post=12009"}],"curies":[{"name":"wp","href":"https:\/\/api.w.org\/{rel}","templated":true}]}}