{"id":12020,"date":"2024-01-29T06:35:17","date_gmt":"2024-01-29T05:35:17","guid":{"rendered":"https:\/\/wetopi.com\/amiq-causse-clinic\/"},"modified":"2026-01-20T10:31:38","modified_gmt":"2026-01-20T09:31:38","slug":"amiq-causse-clinic","status":"publish","type":"page","link":"https:\/\/amiq.cat\/en\/our-clinics\/amiq-causse-clinic\/","title":{"rendered":"AMiQ Causse Clinic"},"content":{"rendered":"\n\n<h2>\n\t\tAMiQ : Causse Clinc &#8211; Girona\n\t<\/h2>\n\t<p>Our management, medical team, and all staff are dedicated to providing you with the highest quality care. At Causse Clinic, we strive to deliver excellent medical services tailored to your needs. Trust us to take care of your health!<\/p>\n\t\t\t\t\t\t\t\t\t\t\t\t\t\t\t\t\t<a href=\"https:\/\/amiq.cat\/wp-content\/uploads\/2024\/02\/Causse-edificio-1.jpeg\" target=\"_self\" data-caption=\"\" rel=\"noopener\">\n\t\t\t\t\t\t<figure>\n\t\t\t\t\t\t\t<img loading=\"lazy\" decoding=\"async\" src=\"https:\/\/amiq.cat\/wp-content\/uploads\/2024\/02\/Causse-edificio-1.jpeg\" alt=\"\" srcset=\"https:\/\/amiq.cat\/wp-content\/uploads\/2024\/02\/Causse-edificio-1.jpeg 913w, https:\/\/amiq.cat\/wp-content\/uploads\/2024\/02\/Causse-edificio-1-267x300.jpeg 267w, https:\/\/amiq.cat\/wp-content\/uploads\/2024\/02\/Causse-edificio-1-768x861.jpeg 768w\" width=\"913\" height=\"1024\" \/>\n\t\t\t\t\t\t\t\t\t\t\t\t\t\t\t<!-- Overlay Wrapper -->\n\t\t\t\t\t\t\t\t <!-- Overlay Wrapper Closed -->\n\t\t\t\t\t\t\t\t\t\t\t\t\t<\/figure>\n\t\t\t\t\t\t\t\t\t\t<\/a>\n\t\t\t\t\t\t\t\t\t\t\t\t\t\t\t\t\t<a href=\"https:\/\/amiq.cat\/wp-content\/uploads\/2024\/02\/Causse-interior-1.jpeg\" target=\"_self\" data-caption=\"\" rel=\"noopener\">\n\t\t\t\t\t\t<figure>\n\t\t\t\t\t\t\t<img loading=\"lazy\" decoding=\"async\" src=\"https:\/\/amiq.cat\/wp-content\/uploads\/2024\/02\/Causse-interior-1.jpeg\" alt=\"\" srcset=\"https:\/\/amiq.cat\/wp-content\/uploads\/2024\/02\/Causse-interior-1.jpeg 853w, https:\/\/amiq.cat\/wp-content\/uploads\/2024\/02\/Causse-interior-1-250x300.jpeg 250w, https:\/\/amiq.cat\/wp-content\/uploads\/2024\/02\/Causse-interior-1-768x922.jpeg 768w\" width=\"853\" height=\"1024\" \/>\n\t\t\t\t\t\t\t\t\t\t\t\t\t\t\t<!-- Overlay Wrapper -->\n\t\t\t\t\t\t\t\t <!-- Overlay Wrapper Closed -->\n\t\t\t\t\t\t\t\t\t\t\t\t\t<\/figure>\n\t\t\t\t\t\t\t\t\t\t<\/a>\n\t\t\t\t\t\t\t\t\t\t\t\t\t\t\t\t\t<a href=\"https:\/\/amiq.cat\/wp-content\/uploads\/2024\/02\/Causse-interior-2.jpeg\" target=\"_self\" data-caption=\"\" rel=\"noopener\">\n\t\t\t\t\t\t<figure>\n\t\t\t\t\t\t\t<img loading=\"lazy\" decoding=\"async\" src=\"https:\/\/amiq.cat\/wp-content\/uploads\/2024\/02\/Causse-interior-2.jpeg\" alt=\"\" srcset=\"https:\/\/amiq.cat\/wp-content\/uploads\/2024\/02\/Causse-interior-2.jpeg 853w, https:\/\/amiq.cat\/wp-content\/uploads\/2024\/02\/Causse-interior-2-250x300.jpeg 250w, https:\/\/amiq.cat\/wp-content\/uploads\/2024\/02\/Causse-interior-2-768x922.jpeg 768w\" width=\"853\" height=\"1024\" \/>\n\t\t\t\t\t\t\t\t\t\t\t\t\t\t\t<!-- Overlay Wrapper -->\n\t\t\t\t\t\t\t\t <!-- Overlay Wrapper Closed -->\n\t\t\t\t\t\t\t\t\t\t\t\t\t<\/figure>\n\t\t\t\t\t\t\t\t\t\t<\/a>\n\t\t\t\t\t\t\t\t\t\t\t\t\t\t\t\t\t<a href=\"https:\/\/amiq.cat\/wp-content\/uploads\/2024\/02\/Causse-interior-3.jpeg\" target=\"_self\" data-caption=\"\" rel=\"noopener\">\n\t\t\t\t\t\t<figure>\n\t\t\t\t\t\t\t<img loading=\"lazy\" decoding=\"async\" src=\"https:\/\/amiq.cat\/wp-content\/uploads\/2024\/02\/Causse-interior-3.jpeg\" alt=\"\" srcset=\"https:\/\/amiq.cat\/wp-content\/uploads\/2024\/02\/Causse-interior-3.jpeg 853w, https:\/\/amiq.cat\/wp-content\/uploads\/2024\/02\/Causse-interior-3-250x300.jpeg 250w, https:\/\/amiq.cat\/wp-content\/uploads\/2024\/02\/Causse-interior-3-768x922.jpeg 768w\" width=\"853\" height=\"1024\" \/>\n\t\t\t\t\t\t\t\t\t\t\t\t\t\t\t<!-- Overlay Wrapper -->\n\t\t\t\t\t\t\t\t <!-- Overlay Wrapper Closed -->\n\t\t\t\t\t\t\t\t\t\t\t\t\t<\/figure>\n\t\t\t\t\t\t\t\t\t\t<\/a>\n\t\t\t\t\t\t\t\t\t\t\t\t\t\t\t\t\t<a href=\"https:\/\/amiq.cat\/wp-content\/uploads\/2024\/02\/Causse-interior-4.jpeg\" target=\"_self\" data-caption=\"\" rel=\"noopener\">\n\t\t\t\t\t\t<figure>\n\t\t\t\t\t\t\t<img loading=\"lazy\" decoding=\"async\" src=\"https:\/\/amiq.cat\/wp-content\/uploads\/2024\/02\/Causse-interior-4.jpeg\" alt=\"\" srcset=\"https:\/\/amiq.cat\/wp-content\/uploads\/2024\/02\/Causse-interior-4.jpeg 853w, https:\/\/amiq.cat\/wp-content\/uploads\/2024\/02\/Causse-interior-4-250x300.jpeg 250w, https:\/\/amiq.cat\/wp-content\/uploads\/2024\/02\/Causse-interior-4-768x922.jpeg 768w\" width=\"853\" height=\"1024\" \/>\n\t\t\t\t\t\t\t\t\t\t\t\t\t\t\t<!-- Overlay Wrapper -->\n\t\t\t\t\t\t\t\t <!-- Overlay Wrapper Closed -->\n\t\t\t\t\t\t\t\t\t\t\t\t\t<\/figure>\n\t\t\t\t\t\t\t\t\t\t<\/a>\n\t\t\t\t\t\t\t\t\t\t\t\t\t\t\t\t\t<a href=\"https:\/\/amiq.cat\/wp-content\/uploads\/2024\/02\/Causse-interior-5.jpeg\" target=\"_self\" data-caption=\"\" rel=\"noopener\">\n\t\t\t\t\t\t<figure>\n\t\t\t\t\t\t\t<img loading=\"lazy\" decoding=\"async\" src=\"https:\/\/amiq.cat\/wp-content\/uploads\/2024\/02\/Causse-interior-5.jpeg\" alt=\"\" srcset=\"https:\/\/amiq.cat\/wp-content\/uploads\/2024\/02\/Causse-interior-5.jpeg 1024w, https:\/\/amiq.cat\/wp-content\/uploads\/2024\/02\/Causse-interior-5-300x213.jpeg 300w, https:\/\/amiq.cat\/wp-content\/uploads\/2024\/02\/Causse-interior-5-768x546.jpeg 768w\" width=\"1024\" height=\"728\" \/>\n\t\t\t\t\t\t\t\t\t\t\t\t\t\t\t<!-- Overlay Wrapper -->\n\t\t\t\t\t\t\t\t <!-- Overlay Wrapper Closed -->\n\t\t\t\t\t\t\t\t\t\t\t\t\t<\/figure>\n\t\t\t\t\t\t\t\t\t\t<\/a>\n\t\t\t\t\t\t\t\t<!-- navigation arrows -->\n\t\t\t<button aria-label=\"Previous slide\" role=\"button\" tabindex=\"0\">\n\t\t\t<\/button>\n\t\t\t<button aria-label=\"Next slide\" role=\"button\" tabindex=\"0\">\n\t\t\t<\/button>\n\t\t\t\t\t\t<!-- pagination -->\n\t<h2>\n\t\tWhere we are\n\t<\/h2>\n\t<iframe src=\"https:\/\/www.google.com\/maps\/embed\/v1\/place?q=AMiQ+Causse+Clinic&#038;key=AIzaSyD09zQ9PNDNNy9TadMuzRV_UsPUoWKntt8\" aria-hidden=\"true\" title=\"AMiQ Causse Clinic\"><\/iframe>\n\tC. del Carme, 131<br \/>\n17004 Girona<br \/>\nTel. 972 20 49 00\n\t\t\t<a href=\"tel:972204900\" target=\"_blank\" rel=\"noopener\">\n\t\t\t\t\t\t972 20 49 00\n\t\t\t\t\t<\/a>\n\n","protected":false},"excerpt":{"rendered":"<p>AMiQ : Causse Clinc &#8211; Girona Our management, medical team, and all staff are dedicated to providing you with the highest quality care. At Causse Clinic, we strive to deliver excellent medical services tailored to your needs. Trust us to take care of your health! Where we are C. del Carme, 131 17004 Girona Tel.&hellip;<\/p>\n","protected":false},"author":3,"featured_media":0,"parent":12196,"menu_order":1,"comment_status":"closed","ping_status":"closed","template":"","meta":{"_exactmetrics_skip_tracking":false,"_exactmetrics_sitenote_active":false,"_exactmetrics_sitenote_note":"","_exactmetrics_sitenote_category":0,"_monsterinsights_skip_tracking":false,"_monsterinsights_sitenote_active":false,"_monsterinsights_sitenote_note":"","_monsterinsights_sitenote_category":0,"_uf_show_specific_survey":0,"_uf_disable_surveys":false,"footnotes":""},"categories":[],"tags":[],"class_list":["post-12020","page","type-page","status-publish","hentry"],"aioseo_notices":[],"yoast_head":"<!-- This site is optimized with the Yoast SEO Premium plugin v26.4 (Yoast SEO v26.4) - https:\/\/yoast.com\/wordpress\/plugins\/seo\/ -->\n<title>AMiQ Causse Clinic &#8211; AMiQ<\/title>\n<meta name=\"robots\" content=\"index, follow, max-snippet:-1, max-image-preview:large, max-video-preview:-1\" \/>\n<link rel=\"canonical\" href=\"https:\/\/amiq.cat\/en\/our-clinics\/amiq-causse-clinic\/\" \/>\n<script type=\"application\/ld+json\" class=\"yoast-schema-graph\">{\"@context\":\"https:\/\/schema.org\",\"@graph\":[{\"@type\":\"WebPage\",\"@id\":\"https:\/\/amiq.cat\/en\/our-clinics\/amiq-causse-clinic\/\",\"url\":\"https:\/\/amiq.cat\/en\/our-clinics\/amiq-causse-clinic\/\",\"name\":\"AMiQ Causse Clinic &#8211; AMiQ\",\"isPartOf\":{\"@id\":\"https:\/\/amiq.cat\/en\/#website\"},\"primaryImageOfPage\":{\"@id\":\"https:\/\/amiq.cat\/en\/our-clinics\/amiq-causse-clinic\/#primaryimage\"},\"image\":{\"@id\":\"https:\/\/amiq.cat\/en\/our-clinics\/amiq-causse-clinic\/#primaryimage\"},\"thumbnailUrl\":\"https:\/\/amiq.cat\/wp-content\/uploads\/2024\/02\/Causse-edificio-1.jpeg\",\"datePublished\":\"2024-01-29T05:35:17+00:00\",\"dateModified\":\"2026-01-20T09:31:38+00:00\",\"breadcrumb\":{\"@id\":\"https:\/\/amiq.cat\/en\/our-clinics\/amiq-causse-clinic\/#breadcrumb\"},\"inLanguage\":\"en-US\",\"potentialAction\":[{\"@type\":\"ReadAction\",\"target\":[\"https:\/\/amiq.cat\/en\/our-clinics\/amiq-causse-clinic\/\"]}]},{\"@type\":\"ImageObject\",\"inLanguage\":\"en-US\",\"@id\":\"https:\/\/amiq.cat\/en\/our-clinics\/amiq-causse-clinic\/#primaryimage\",\"url\":\"https:\/\/amiq.cat\/wp-content\/uploads\/2024\/02\/Causse-edificio-1.jpeg\",\"contentUrl\":\"https:\/\/amiq.cat\/wp-content\/uploads\/2024\/02\/Causse-edificio-1.jpeg\"},{\"@type\":\"BreadcrumbList\",\"@id\":\"https:\/\/amiq.cat\/en\/our-clinics\/amiq-causse-clinic\/#breadcrumb\",\"itemListElement\":[{\"@type\":\"ListItem\",\"position\":1,\"name\":\"Portada\",\"item\":\"https:\/\/amiq.cat\/en\/\"},{\"@type\":\"ListItem\",\"position\":2,\"name\":\"Our Clinics\",\"item\":\"https:\/\/amiq.cat\/en\/our-clinics\/\"},{\"@type\":\"ListItem\",\"position\":3,\"name\":\"AMiQ Causse Clinic\"}]},{\"@type\":\"WebSite\",\"@id\":\"https:\/\/amiq.cat\/en\/#website\",\"url\":\"https:\/\/amiq.cat\/en\/\",\"name\":\"AMiQ\",\"description\":\"Agrupaci\u00f3 M\u00e8dica i Quir\u00fargica\",\"publisher\":{\"@id\":\"https:\/\/amiq.cat\/en\/#organization\"},\"alternateName\":\"AMiQ\",\"potentialAction\":[{\"@type\":\"SearchAction\",\"target\":{\"@type\":\"EntryPoint\",\"urlTemplate\":\"https:\/\/amiq.cat\/en\/?s={search_term_string}\"},\"query-input\":{\"@type\":\"PropertyValueSpecification\",\"valueRequired\":true,\"valueName\":\"search_term_string\"}}],\"inLanguage\":\"en-US\"},{\"@type\":[\"Organization\",\"Place\",\"MedicalClinic\"],\"@id\":\"https:\/\/amiq.cat\/en\/#organization\",\"name\":\"Agrupaci\u00f3 M\u00e8dica i Quir\u00fargica\",\"alternateName\":\"AMIQ\",\"url\":\"https:\/\/amiq.cat\/en\/\",\"logo\":{\"@id\":\"https:\/\/amiq.cat\/en\/our-clinics\/amiq-causse-clinic\/#local-main-organization-logo\"},\"image\":{\"@id\":\"https:\/\/amiq.cat\/en\/our-clinics\/amiq-causse-clinic\/#local-main-organization-logo\"},\"description\":\"Entidad especializada en soluciones aseguradoras para profesionales sanitarios, ofreciendo coberturas adaptadas a las necesidades m\u00e9dicas y quir\u00fargicas. Con una amplia experiencia en el sector, destaca por su compromiso con la protecci\u00f3n integral, la gesti\u00f3n eficiente de riesgos y un servicio cercano y personalizado. Su enfoque combina innovaci\u00f3n, confianza y respaldo profesional, convirti\u00e9ndola en una opci\u00f3n s\u00f3lida para quienes buscan seguridad y tranquilidad en el ejercicio de la pr\u00e1ctica sanitaria.\",\"legalName\":\"Agrupaci\u00f3 M\u00e8dica i Quir\u00fargica\",\"numberOfEmployees\":{\"@type\":\"QuantitativeValue\",\"minValue\":\"11\",\"maxValue\":\"50\"},\"address\":{\"@id\":\"https:\/\/amiq.cat\/en\/our-clinics\/amiq-causse-clinic\/#local-main-place-address\"},\"telephone\":[\"93 122 3615\"],\"openingHoursSpecification\":[]},{\"@type\":\"PostalAddress\",\"@id\":\"https:\/\/amiq.cat\/en\/our-clinics\/amiq-causse-clinic\/#local-main-place-address\",\"streetAddress\":\"Carrer de Josep Maria Llad\u00f3, 3,, Sarri\u00e0-Sant Gervasi,\",\"addressLocality\":\"Barcelona\",\"postalCode\":\"08035\",\"addressRegion\":\"Activo\",\"addressCountry\":\"ES\"},{\"@type\":\"ImageObject\",\"inLanguage\":\"en-US\",\"@id\":\"https:\/\/amiq.cat\/en\/our-clinics\/amiq-causse-clinic\/#local-main-organization-logo\",\"url\":\"https:\/\/amiq.cat\/wp-content\/uploads\/2024\/07\/logo-amiq-300.png\",\"contentUrl\":\"https:\/\/amiq.cat\/wp-content\/uploads\/2024\/07\/logo-amiq-300.png\",\"width\":400,\"height\":92,\"caption\":\"Agrupaci\u00f3 M\u00e8dica i Quir\u00fargica\"}]}<\/script>\n<meta name=\"geo.placename\" content=\"Barcelona\" \/>\n<meta name=\"geo.region\" content=\"Spain\" \/>\n<!-- \/ Yoast SEO Premium plugin. -->","yoast_head_json":{"title":"AMiQ Causse Clinic &#8211; AMiQ","robots":{"index":"index","follow":"follow","max-snippet":"max-snippet:-1","max-image-preview":"max-image-preview:large","max-video-preview":"max-video-preview:-1"},"canonical":"https:\/\/amiq.cat\/en\/our-clinics\/amiq-causse-clinic\/","schema":{"@context":"https:\/\/schema.org","@graph":[{"@type":"WebPage","@id":"https:\/\/amiq.cat\/en\/our-clinics\/amiq-causse-clinic\/","url":"https:\/\/amiq.cat\/en\/our-clinics\/amiq-causse-clinic\/","name":"AMiQ Causse Clinic &#8211; AMiQ","isPartOf":{"@id":"https:\/\/amiq.cat\/en\/#website"},"primaryImageOfPage":{"@id":"https:\/\/amiq.cat\/en\/our-clinics\/amiq-causse-clinic\/#primaryimage"},"image":{"@id":"https:\/\/amiq.cat\/en\/our-clinics\/amiq-causse-clinic\/#primaryimage"},"thumbnailUrl":"https:\/\/amiq.cat\/wp-content\/uploads\/2024\/02\/Causse-edificio-1.jpeg","datePublished":"2024-01-29T05:35:17+00:00","dateModified":"2026-01-20T09:31:38+00:00","breadcrumb":{"@id":"https:\/\/amiq.cat\/en\/our-clinics\/amiq-causse-clinic\/#breadcrumb"},"inLanguage":"en-US","potentialAction":[{"@type":"ReadAction","target":["https:\/\/amiq.cat\/en\/our-clinics\/amiq-causse-clinic\/"]}]},{"@type":"ImageObject","inLanguage":"en-US","@id":"https:\/\/amiq.cat\/en\/our-clinics\/amiq-causse-clinic\/#primaryimage","url":"https:\/\/amiq.cat\/wp-content\/uploads\/2024\/02\/Causse-edificio-1.jpeg","contentUrl":"https:\/\/amiq.cat\/wp-content\/uploads\/2024\/02\/Causse-edificio-1.jpeg"},{"@type":"BreadcrumbList","@id":"https:\/\/amiq.cat\/en\/our-clinics\/amiq-causse-clinic\/#breadcrumb","itemListElement":[{"@type":"ListItem","position":1,"name":"Portada","item":"https:\/\/amiq.cat\/en\/"},{"@type":"ListItem","position":2,"name":"Our Clinics","item":"https:\/\/amiq.cat\/en\/our-clinics\/"},{"@type":"ListItem","position":3,"name":"AMiQ Causse Clinic"}]},{"@type":"WebSite","@id":"https:\/\/amiq.cat\/en\/#website","url":"https:\/\/amiq.cat\/en\/","name":"AMiQ","description":"Agrupaci\u00f3 M\u00e8dica i Quir\u00fargica","publisher":{"@id":"https:\/\/amiq.cat\/en\/#organization"},"alternateName":"AMiQ","potentialAction":[{"@type":"SearchAction","target":{"@type":"EntryPoint","urlTemplate":"https:\/\/amiq.cat\/en\/?s={search_term_string}"},"query-input":{"@type":"PropertyValueSpecification","valueRequired":true,"valueName":"search_term_string"}}],"inLanguage":"en-US"},{"@type":["Organization","Place","MedicalClinic"],"@id":"https:\/\/amiq.cat\/en\/#organization","name":"Agrupaci\u00f3 M\u00e8dica i Quir\u00fargica","alternateName":"AMIQ","url":"https:\/\/amiq.cat\/en\/","logo":{"@id":"https:\/\/amiq.cat\/en\/our-clinics\/amiq-causse-clinic\/#local-main-organization-logo"},"image":{"@id":"https:\/\/amiq.cat\/en\/our-clinics\/amiq-causse-clinic\/#local-main-organization-logo"},"description":"Entidad especializada en soluciones aseguradoras para profesionales sanitarios, ofreciendo coberturas adaptadas a las necesidades m\u00e9dicas y quir\u00fargicas. Con una amplia experiencia en el sector, destaca por su compromiso con la protecci\u00f3n integral, la gesti\u00f3n eficiente de riesgos y un servicio cercano y personalizado. Su enfoque combina innovaci\u00f3n, confianza y respaldo profesional, convirti\u00e9ndola en una opci\u00f3n s\u00f3lida para quienes buscan seguridad y tranquilidad en el ejercicio de la pr\u00e1ctica sanitaria.","legalName":"Agrupaci\u00f3 M\u00e8dica i Quir\u00fargica","numberOfEmployees":{"@type":"QuantitativeValue","minValue":"11","maxValue":"50"},"address":{"@id":"https:\/\/amiq.cat\/en\/our-clinics\/amiq-causse-clinic\/#local-main-place-address"},"telephone":["93 122 3615"],"openingHoursSpecification":[]},{"@type":"PostalAddress","@id":"https:\/\/amiq.cat\/en\/our-clinics\/amiq-causse-clinic\/#local-main-place-address","streetAddress":"Carrer de Josep Maria Llad\u00f3, 3,, Sarri\u00e0-Sant Gervasi,","addressLocality":"Barcelona","postalCode":"08035","addressRegion":"Activo","addressCountry":"ES"},{"@type":"ImageObject","inLanguage":"en-US","@id":"https:\/\/amiq.cat\/en\/our-clinics\/amiq-causse-clinic\/#local-main-organization-logo","url":"https:\/\/amiq.cat\/wp-content\/uploads\/2024\/07\/logo-amiq-300.png","contentUrl":"https:\/\/amiq.cat\/wp-content\/uploads\/2024\/07\/logo-amiq-300.png","width":400,"height":92,"caption":"Agrupaci\u00f3 M\u00e8dica i Quir\u00fargica"}]},"geo.placename":"Barcelona","geo.region":"Spain"},"_links":{"self":[{"href":"https:\/\/amiq.cat\/en\/wp-json\/wp\/v2\/pages\/12020","targetHints":{"allow":["GET"]}}],"collection":[{"href":"https:\/\/amiq.cat\/en\/wp-json\/wp\/v2\/pages"}],"about":[{"href":"https:\/\/amiq.cat\/en\/wp-json\/wp\/v2\/types\/page"}],"author":[{"embeddable":true,"href":"https:\/\/amiq.cat\/en\/wp-json\/wp\/v2\/users\/3"}],"replies":[{"embeddable":true,"href":"https:\/\/amiq.cat\/en\/wp-json\/wp\/v2\/comments?post=12020"}],"version-history":[{"count":4,"href":"https:\/\/amiq.cat\/en\/wp-json\/wp\/v2\/pages\/12020\/revisions"}],"predecessor-version":[{"id":13836,"href":"https:\/\/amiq.cat\/en\/wp-json\/wp\/v2\/pages\/12020\/revisions\/13836"}],"up":[{"embeddable":true,"href":"https:\/\/amiq.cat\/en\/wp-json\/wp\/v2\/pages\/12196"}],"wp:attachment":[{"href":"https:\/\/amiq.cat\/en\/wp-json\/wp\/v2\/media?parent=12020"}],"wp:term":[{"taxonomy":"category","embeddable":true,"href":"https:\/\/amiq.cat\/en\/wp-json\/wp\/v2\/categories?post=12020"},{"taxonomy":"post_tag","embeddable":true,"href":"https:\/\/amiq.cat\/en\/wp-json\/wp\/v2\/tags?post=12020"}],"curies":[{"name":"wp","href":"https:\/\/api.w.org\/{rel}","templated":true}]}}