{"id":12090,"date":"2024-01-29T06:46:45","date_gmt":"2024-01-29T05:46:45","guid":{"rendered":"https:\/\/wetopi.com\/pediatric-otorhinolaryngology\/"},"modified":"2025-07-06T13:24:37","modified_gmt":"2025-07-06T11:24:37","slug":"pediatric-otorhinolaryngology","status":"publish","type":"page","link":"https:\/\/amiq.cat\/en\/pediatric-otorhinolaryngology\/","title":{"rendered":"Pediatric Otorhinolaryngology"},"content":{"rendered":"\n\n\t\t<h2>  Pediatric Otolaryngology<\/h2>\n\t\t\t<p>Pediatric Otolaryngology Barcelona<\/p>\t\t\n\t\t\t\tPortfolio of Services and Pathologies we treat.\n<p><strong>CERVICAL PATHOLOGY<\/strong><\/p>\n<ul>\n<li>Comprehensive treatment of laryngeal and cervical-facial cancer.<\/li>\n<li>Cancer Surgery with Da Vinci Robot<\/li>\n<li>Laser conservative partial surgery of the voice in pharyngolaryngeal cancer.<\/li>\n<li>Voice rehabilitation in the laryngectomized patient. Phonatory prostheses<\/li>\n<li>Benign and malignant thyroid pathology.<\/li>\n<li>Thyroid Cancer Surgery.<\/li>\n<li>Parathyroid Gland Surgery<\/li>\n<li>Salivary gland pathology. Parotid cancer Parotidectomy. Submaxillectomy.<\/li>\n<li>Experts in intraoperative monitoring of the facial nerve during parotid tumor surgery<\/li>\n<li>Voice pathology. Laryngeal stroboscopy. Singer&#8217;s Pathology.<\/li>\n<li>Functional surgery of dysphonia.<\/li>\n<li>Laryngeal stenotic pathology. Tracheotomies<\/li>\n<li>Vocal cord paralysis. Thyroplasty Surgery Percutaneous infiltrations.<\/li>\n<li>Congenital neck pathology. Cysts and fistulas of the thyroglossal duct and gill cysts.<\/li>\n<li>Facial paralysis. Surgical treatment and botulinum toxin, rehabilitation treatment<\/li>\n<\/ul>\n<p><strong>EAR AND HEARING PATHOLOGY<\/strong><\/p>\n<ul>\n<li>Study and surgery of hypoacusis.<\/li>\n<li>Auditory potentials<\/li>\n<li>Detection of childhood deafness,<\/li>\n<li>Acute and chronic otitis media.<\/li>\n<li>Study and treatment of vertigo.<\/li>\n<li>Videonistagmographies<\/li>\n<li>Myringoplasty surgery tympanic perforation surgery<\/li>\n<li>Otosclerosis Stapedectomy Surgery<\/li>\n<li>Cholesteatoma surgery. Tympanoplasties<\/li>\n<li>Study and treatment of acoustic neurinomas.<\/li>\n<li>Hearing surgery with middle ear prosthesis<\/li>\n<li>Osseointegrated implants.<\/li>\n<li>Cochlear Implants<\/li>\n<\/ul>\n<p><strong>OROPHARYNX, MOUTH-THROAT PATHOLOGY.<\/strong><\/p>\n<ul>\n<li>Cancer of the tonsil, tongue, palate.<\/li>\n<li>Treatment of snoring and sleep apnea syndrome.<\/li>\n<li>Videosomnoscopies. DISE<\/li>\n<li>Adenotonsillar pathology. Laser tonsillectomy. Tonsillar reduction.<\/li>\n<li>Swallowing pathology. Video Fibroendoscopy of swallowing.<\/li>\n<li>NASAL PATHOLOGY NASOSINUSAL PATHOLOGY<\/li>\n<li>Functional and aesthetic rhinoseptoplasty.<\/li>\n<li>Nasal septum surgery. Septoplasty.<\/li>\n<li>Diagnosis and treatment of rhinitis. Radiofrequency of turbinates.<\/li>\n<li>Treatment of nasosinusal cancer. Neuronavigator-assisted surgery.<\/li>\n<li>Diagnosis and treatment of rhinosinusitis. Nasosinusal polyposis. Endoscopic nasosinusal surgery.<\/li>\n<li>Treatment of epistaxis nosebleeds<\/li>\n<li>Nasal trauma.<\/li>\n<li>Allergy Functional Unit.<\/li>\n<\/ul>\n<p><strong>PEDIATRIC PEDIATRIC ORL<\/strong><\/p>\n<ul>\n<li>Adenotonsillectomy with or without laser.<\/li>\n<li>Laser-assisted tonsillar reduction. Infantile Sleep Apnea Syndrome.<\/li>\n<li>Surgery for chronic serous otitis.<\/li>\n<li>Transtympanic drainage<\/li>\n<li>Study of neonatal hearing loss. Trunk auditory potentials<\/li>\n<li>Study of infantile hypoacusis. Steady state auditory evoked potentials<\/li>\n<li>Pediatric cholesteatoma surgery<\/li>\n<li>Tympanic perforation surgery. Myringoplasty<\/li>\n<li>Pediatric nasal respiratory insufficiency. Rhinosinusitis in childhood.<\/li>\n<\/ul>\n\t\t\t\tPharyngolaryngeal pathology unit\n<ul>\n<li>Aphonia and functional dysphonia that in most cases are resolved with the intervention of the speech therapist who collaborates with our service.<\/li>\n<li>Speech therapy for speech, language and mouth breathing disorders.<\/li>\n<li>Diagnosis and treatment of pharyngitis, tonsillitis, etc.<\/li>\n<\/ul>\n\t\t\t\tSleep Disordered Breathing Unit\n<p>RHONCOPATHY AND APNEAS<\/p>\n<p>In our center, diagnosis and treatment is carried out in conjunction with an interdisciplinary assessment that includes, in addition to our service, the sleep specialists of the Estivill clinic. Snoring affects 10% of the pediatric population, while obstructive sleep apnea syndrome (OSAHS) is around 3%. The clinical repercussions can be reflected in cardiovascular alterations, behavioral alterations (attention deficit, hyperactivity, aggressiveness, irritability), neurocognitive alterations (memory, global intelligence and alterations in language acquisition&#8230;).<\/p>\n<p>The most frequent cause of airway obstruction in children is adenotonsillar hypertrophy (an inherent and very frequent factor in children&#8217;s anatomy).<\/p>\n<p>The treatment of choice in children is surgery aimed at resolving the cause of the obstruction. Surgery that is performed easily and safely using new technologies: laser surgery, CO\u2082, radiofrequency&#8230; It is a surgery of approximately half an hour, which consists of the partial reduction of the tonsils and the removal of vegetations (adenoidectomy), using the most advanced methods that minimize both pain and intra and post-surgical complications.<\/p>\n\t\t\t\tHearing Impairment Screening Unit\n<ul>\n<li>Audiometry and impedance audiometry, as well as the possibility of scheduling audiometry for children from 2 years of age with suspected hearing impairment.<\/li>\n<li>Study of auditory neurophysiology by neonatal screening using Brainstem Potentials and Steady State Evoked Potentials, the latter of recent application, consists of an innovative method that allows the estimation of detailed audiometry by frequencies, using the latest generation of computer software.<\/li>\n<li>Advice to parents in case of need for hearing aids or specific surgeries.<\/li>\n<\/ul>\n\t\t\t\t  Otologic Pathology Unit\n<ul>\n<li>Acute otitis media (AOM) together with seromucous otitis (SMO) are one of the most frequent pathologies during childhood. Most of them resolve spontaneously, but 6% of them require surgical treatment through the placement of transtympanic drains. Quick and simple surgery that effectively resolves this pathology.<\/li>\n<li>Our service also performs mastoiditis surgeries, chronic otitis, tympanoplasty, etc.<\/li>\n<li>Hearing surgery through conventional surgery of stapedectomies, as well as more sophisticated surgeries through Implantable Hearing Devices, Cochlear Implants&#8230;<\/li>\n<\/ul>\n\t<p>Discover our outstanding pediatric otolaryngology service, characterized by a close collaboration with the pediatric service of our institute. We share medical and surgical protocols to ensure highly personalized treatments for each child. We are proud to be recognized as a reference service for pediatricians throughout Catalonia.<\/p>\n\t<p>You may be interested in<\/p>\n\t\t\t\t<a href=\"https:\/\/wetopi.com\/mutuas\/\" target=\"_self\" itemprop=\"url\" rel=\"noopener\">\n\t\t\t\t<img decoding=\"async\" src=\"https:\/\/amiq.cat\/wp-content\/uploads\/2024\/01\/el-respeto.png\" alt=\"el-respeto\" itemprop=\"image\" title=\"el-respeto\" onerror=\"this.style.display='none'\"  \/>\n\t\t\t\t<\/a>\n<h3><a href=\"https:\/\/wetopi.com\/mutuas\/\" target=\"_self\" rel=\"noopener\">Mutuals<\/a><\/h3>\t\n\t\t\t\t<a href=\"https:\/\/wetopi.com\/somos-noticia\/\" target=\"_self\" itemprop=\"url\" rel=\"noopener\">\n\t\t\t\t<img decoding=\"async\" src=\"https:\/\/amiq.cat\/wp-content\/uploads\/2024\/01\/periodico.png\" alt=\"periodico\" itemprop=\"image\" title=\"periodico\" onerror=\"this.style.display='none'\"  \/>\n\t\t\t\t<\/a>\n<h3><a href=\"https:\/\/wetopi.com\/somos-noticia\/\" target=\"_self\" rel=\"noopener\">News<\/a><\/h3>\t\n\t\t\t\t<img decoding=\"async\" src=\"https:\/\/amiq.cat\/wp-content\/uploads\/2024\/01\/realimentacion.png\" alt=\"realimentacion\" itemprop=\"image\" title=\"realimentacion\" onerror=\"this.style.display='none'\"  \/>\n<h3>Testimonials<\/h3>\t\n\t\t\t\t<a href=\"https:\/\/wetopi.com\/raquel-fundacion-amiq\/\" target=\"_self\" itemprop=\"url\" rel=\"noopener\">\n\t\t\t\t<img decoding=\"async\" src=\"https:\/\/amiq.cat\/wp-content\/uploads\/2024\/01\/sesion.png\" alt=\"sesion\" itemprop=\"image\" title=\"sesion\" onerror=\"this.style.display='none'\"  \/>\n\t\t\t\t<\/a>\n<h3><a href=\"https:\/\/wetopi.com\/raquel-fundacion-amiq\/\" target=\"_self\" rel=\"noopener\">Raquel Foundation<\/a><\/h3>\t\n\t\t\t\tAMiQ IMO\n\t\t\t\tAMiQ Causse Clinic\n\t\t\t\tAMiQ Dexeus\n\t\t\t\t\t\t\tAMiQ IMO\n\t\t\t\t<p><iframe loading=\"lazy\" src=\"https:\/\/www.google.com\/maps\/embed?pb=!1m18!1m12!1m3!1d2992.3234487794894!2d2.121723076757667!3d41.410496871296914!2m3!1f0!2f0!3f0!3m2!1i1024!2i768!4f13.1!3m3!1m2!1s0x12a499277146a6ab%3A0xda82929e48af1add!2sAMIQ-IMO%20Cirurgia%20de%20Cap%20i%20Coll%20BISC%20H%26N%20CLINIC.!5e0!3m2!1ses!2ses!4v1706527830149!5m2!1ses!2ses\" width=\"1100\" height=\"450\" allowfullscreen=\"allowfullscreen\"><\/iframe><\/p>\n\t\t\t\t\t\t\tAMiQ Causse Clinic\n\t\t\t\t<p><iframe loading=\"lazy\" src=\"https:\/\/www.google.com\/maps\/embed?pb=!1m18!1m12!1m3!1d23728.886329977453!2d2.7862468743164066!3d41.976431!2m3!1f0!2f0!3f0!3m2!1i1024!2i768!4f13.1!3m3!1m2!1s0x12bae7a6e83e4677%3A0xf40c1a73045af755!2sAMIQ-CAUSSE%20CLINIC.%20Otorrinolaringologia%20i%20Cirurgia%20de%20Cap%20i%20Coll.!5e0!3m2!1ses!2ses!4v1706527907647!5m2!1ses!2ses\" width=\"1100\" height=\"450\" allowfullscreen=\"allowfullscreen\"><\/iframe><\/p>\n\t\t\t\t\t\t\tAMiQ Dexeus\n\t\t\t\t<p><iframe loading=\"lazy\" src=\"https:\/\/www.google.com\/maps\/embed?pb=!1m18!1m12!1m3!1d2993.4970186299147!2d2.123539426756625!3d41.38501147130017!2m3!1f0!2f0!3f0!3m2!1i1024!2i768!4f13.1!3m3!1m2!1s0x12a49860c16ddbe5%3A0x19639875f59cebb9!2sAMiQ-%20Otorrinolaringolog%C3%ADa-Alergia%20Dexeus!5e0!3m2!1ses!2ses!4v1706527932060!5m2!1ses!2ses\" width=\"1100\" height=\"450\" allowfullscreen=\"allowfullscreen\"><\/iframe><\/p>\n\n","protected":false},"excerpt":{"rendered":"<p>Pediatric Otolaryngology Pediatric Otolaryngology Barcelona Portfolio of Services and Pathologies we treat. CERVICAL PATHOLOGY Comprehensive treatment of laryngeal and cervical-facial cancer. Cancer Surgery with Da Vinci Robot Laser conservative partial surgery of the voice in pharyngolaryngeal cancer. Voice rehabilitation in the laryngectomized patient. Phonatory prostheses Benign and malignant thyroid pathology. Thyroid Cancer Surgery. Parathyroid Gland&hellip;<\/p>\n","protected":false},"author":3,"featured_media":0,"parent":0,"menu_order":64,"comment_status":"closed","ping_status":"closed","template":"","meta":{"_exactmetrics_skip_tracking":false,"_exactmetrics_sitenote_active":false,"_exactmetrics_sitenote_note":"","_exactmetrics_sitenote_category":0,"_monsterinsights_skip_tracking":false,"_monsterinsights_sitenote_active":false,"_monsterinsights_sitenote_note":"","_monsterinsights_sitenote_category":0,"_uf_show_specific_survey":0,"_uf_disable_surveys":false,"footnotes":""},"categories":[],"tags":[],"class_list":["post-12090","page","type-page","status-publish","hentry"],"aioseo_notices":[],"yoast_head":"<!-- This site is optimized with the Yoast SEO Premium plugin v26.4 (Yoast SEO v26.4) - https:\/\/yoast.com\/wordpress\/plugins\/seo\/ -->\n<title>Pediatric Otorhinolaryngology &#8211; AMiQ<\/title>\n<meta name=\"robots\" content=\"index, follow, max-snippet:-1, max-image-preview:large, max-video-preview:-1\" \/>\n<link rel=\"canonical\" href=\"https:\/\/amiq.cat\/en\/pediatric-otorhinolaryngology\/\" \/>\n<script type=\"application\/ld+json\" class=\"yoast-schema-graph\">{\"@context\":\"https:\/\/schema.org\",\"@graph\":[{\"@type\":\"WebPage\",\"@id\":\"https:\/\/amiq.cat\/en\/pediatric-otorhinolaryngology\/\",\"url\":\"https:\/\/amiq.cat\/en\/pediatric-otorhinolaryngology\/\",\"name\":\"Pediatric Otorhinolaryngology &#8211; AMiQ\",\"isPartOf\":{\"@id\":\"https:\/\/amiq.cat\/en\/#website\"},\"primaryImageOfPage\":{\"@id\":\"https:\/\/amiq.cat\/en\/pediatric-otorhinolaryngology\/#primaryimage\"},\"image\":{\"@id\":\"https:\/\/amiq.cat\/en\/pediatric-otorhinolaryngology\/#primaryimage\"},\"thumbnailUrl\":\"https:\/\/amiq.cat\/wp-content\/uploads\/2024\/01\/el-respeto.png\",\"datePublished\":\"2024-01-29T05:46:45+00:00\",\"dateModified\":\"2025-07-06T11:24:37+00:00\",\"breadcrumb\":{\"@id\":\"https:\/\/amiq.cat\/en\/pediatric-otorhinolaryngology\/#breadcrumb\"},\"inLanguage\":\"en-US\",\"potentialAction\":[{\"@type\":\"ReadAction\",\"target\":[\"https:\/\/amiq.cat\/en\/pediatric-otorhinolaryngology\/\"]}]},{\"@type\":\"ImageObject\",\"inLanguage\":\"en-US\",\"@id\":\"https:\/\/amiq.cat\/en\/pediatric-otorhinolaryngology\/#primaryimage\",\"url\":\"https:\/\/amiq.cat\/wp-content\/uploads\/2024\/01\/el-respeto.png\",\"contentUrl\":\"https:\/\/amiq.cat\/wp-content\/uploads\/2024\/01\/el-respeto.png\"},{\"@type\":\"BreadcrumbList\",\"@id\":\"https:\/\/amiq.cat\/en\/pediatric-otorhinolaryngology\/#breadcrumb\",\"itemListElement\":[{\"@type\":\"ListItem\",\"position\":1,\"name\":\"Portada\",\"item\":\"https:\/\/amiq.cat\/en\/\"},{\"@type\":\"ListItem\",\"position\":2,\"name\":\"Pediatric Otorhinolaryngology\"}]},{\"@type\":\"WebSite\",\"@id\":\"https:\/\/amiq.cat\/en\/#website\",\"url\":\"https:\/\/amiq.cat\/en\/\",\"name\":\"AMiQ\",\"description\":\"Agrupaci\u00f3 M\u00e8dica i Quir\u00fargica\",\"publisher\":{\"@id\":\"https:\/\/amiq.cat\/en\/#organization\"},\"alternateName\":\"AMiQ\",\"potentialAction\":[{\"@type\":\"SearchAction\",\"target\":{\"@type\":\"EntryPoint\",\"urlTemplate\":\"https:\/\/amiq.cat\/en\/?s={search_term_string}\"},\"query-input\":{\"@type\":\"PropertyValueSpecification\",\"valueRequired\":true,\"valueName\":\"search_term_string\"}}],\"inLanguage\":\"en-US\"},{\"@type\":[\"Organization\",\"Place\",\"MedicalClinic\"],\"@id\":\"https:\/\/amiq.cat\/en\/#organization\",\"name\":\"Agrupaci\u00f3 M\u00e8dica i Quir\u00fargica\",\"alternateName\":\"AMIQ\",\"url\":\"https:\/\/amiq.cat\/en\/\",\"logo\":{\"@id\":\"https:\/\/amiq.cat\/en\/pediatric-otorhinolaryngology\/#local-main-organization-logo\"},\"image\":{\"@id\":\"https:\/\/amiq.cat\/en\/pediatric-otorhinolaryngology\/#local-main-organization-logo\"},\"description\":\"Entidad especializada en soluciones aseguradoras para profesionales sanitarios, ofreciendo coberturas adaptadas a las necesidades m\u00e9dicas y quir\u00fargicas. Con una amplia experiencia en el sector, destaca por su compromiso con la protecci\u00f3n integral, la gesti\u00f3n eficiente de riesgos y un servicio cercano y personalizado. Su enfoque combina innovaci\u00f3n, confianza y respaldo profesional, convirti\u00e9ndola en una opci\u00f3n s\u00f3lida para quienes buscan seguridad y tranquilidad en el ejercicio de la pr\u00e1ctica sanitaria.\",\"legalName\":\"Agrupaci\u00f3 M\u00e8dica i Quir\u00fargica\",\"numberOfEmployees\":{\"@type\":\"QuantitativeValue\",\"minValue\":\"11\",\"maxValue\":\"50\"},\"address\":{\"@id\":\"https:\/\/amiq.cat\/en\/pediatric-otorhinolaryngology\/#local-main-place-address\"},\"telephone\":[\"93 122 3615\"],\"openingHoursSpecification\":[]},{\"@type\":\"PostalAddress\",\"@id\":\"https:\/\/amiq.cat\/en\/pediatric-otorhinolaryngology\/#local-main-place-address\",\"streetAddress\":\"Carrer de Josep Maria Llad\u00f3, 3,, Sarri\u00e0-Sant Gervasi,\",\"addressLocality\":\"Barcelona\",\"postalCode\":\"08035\",\"addressRegion\":\"Activo\",\"addressCountry\":\"ES\"},{\"@type\":\"ImageObject\",\"inLanguage\":\"en-US\",\"@id\":\"https:\/\/amiq.cat\/en\/pediatric-otorhinolaryngology\/#local-main-organization-logo\",\"url\":\"https:\/\/amiq.cat\/wp-content\/uploads\/2024\/07\/logo-amiq-300.png\",\"contentUrl\":\"https:\/\/amiq.cat\/wp-content\/uploads\/2024\/07\/logo-amiq-300.png\",\"width\":400,\"height\":92,\"caption\":\"Agrupaci\u00f3 M\u00e8dica i Quir\u00fargica\"}]}<\/script>\n<meta name=\"geo.placename\" content=\"Barcelona\" \/>\n<meta name=\"geo.region\" content=\"Spain\" \/>\n<!-- \/ Yoast SEO Premium plugin. -->","yoast_head_json":{"title":"Pediatric Otorhinolaryngology &#8211; AMiQ","robots":{"index":"index","follow":"follow","max-snippet":"max-snippet:-1","max-image-preview":"max-image-preview:large","max-video-preview":"max-video-preview:-1"},"canonical":"https:\/\/amiq.cat\/en\/pediatric-otorhinolaryngology\/","schema":{"@context":"https:\/\/schema.org","@graph":[{"@type":"WebPage","@id":"https:\/\/amiq.cat\/en\/pediatric-otorhinolaryngology\/","url":"https:\/\/amiq.cat\/en\/pediatric-otorhinolaryngology\/","name":"Pediatric Otorhinolaryngology &#8211; AMiQ","isPartOf":{"@id":"https:\/\/amiq.cat\/en\/#website"},"primaryImageOfPage":{"@id":"https:\/\/amiq.cat\/en\/pediatric-otorhinolaryngology\/#primaryimage"},"image":{"@id":"https:\/\/amiq.cat\/en\/pediatric-otorhinolaryngology\/#primaryimage"},"thumbnailUrl":"https:\/\/amiq.cat\/wp-content\/uploads\/2024\/01\/el-respeto.png","datePublished":"2024-01-29T05:46:45+00:00","dateModified":"2025-07-06T11:24:37+00:00","breadcrumb":{"@id":"https:\/\/amiq.cat\/en\/pediatric-otorhinolaryngology\/#breadcrumb"},"inLanguage":"en-US","potentialAction":[{"@type":"ReadAction","target":["https:\/\/amiq.cat\/en\/pediatric-otorhinolaryngology\/"]}]},{"@type":"ImageObject","inLanguage":"en-US","@id":"https:\/\/amiq.cat\/en\/pediatric-otorhinolaryngology\/#primaryimage","url":"https:\/\/amiq.cat\/wp-content\/uploads\/2024\/01\/el-respeto.png","contentUrl":"https:\/\/amiq.cat\/wp-content\/uploads\/2024\/01\/el-respeto.png"},{"@type":"BreadcrumbList","@id":"https:\/\/amiq.cat\/en\/pediatric-otorhinolaryngology\/#breadcrumb","itemListElement":[{"@type":"ListItem","position":1,"name":"Portada","item":"https:\/\/amiq.cat\/en\/"},{"@type":"ListItem","position":2,"name":"Pediatric Otorhinolaryngology"}]},{"@type":"WebSite","@id":"https:\/\/amiq.cat\/en\/#website","url":"https:\/\/amiq.cat\/en\/","name":"AMiQ","description":"Agrupaci\u00f3 M\u00e8dica i Quir\u00fargica","publisher":{"@id":"https:\/\/amiq.cat\/en\/#organization"},"alternateName":"AMiQ","potentialAction":[{"@type":"SearchAction","target":{"@type":"EntryPoint","urlTemplate":"https:\/\/amiq.cat\/en\/?s={search_term_string}"},"query-input":{"@type":"PropertyValueSpecification","valueRequired":true,"valueName":"search_term_string"}}],"inLanguage":"en-US"},{"@type":["Organization","Place","MedicalClinic"],"@id":"https:\/\/amiq.cat\/en\/#organization","name":"Agrupaci\u00f3 M\u00e8dica i Quir\u00fargica","alternateName":"AMIQ","url":"https:\/\/amiq.cat\/en\/","logo":{"@id":"https:\/\/amiq.cat\/en\/pediatric-otorhinolaryngology\/#local-main-organization-logo"},"image":{"@id":"https:\/\/amiq.cat\/en\/pediatric-otorhinolaryngology\/#local-main-organization-logo"},"description":"Entidad especializada en soluciones aseguradoras para profesionales sanitarios, ofreciendo coberturas adaptadas a las necesidades m\u00e9dicas y quir\u00fargicas. Con una amplia experiencia en el sector, destaca por su compromiso con la protecci\u00f3n integral, la gesti\u00f3n eficiente de riesgos y un servicio cercano y personalizado. Su enfoque combina innovaci\u00f3n, confianza y respaldo profesional, convirti\u00e9ndola en una opci\u00f3n s\u00f3lida para quienes buscan seguridad y tranquilidad en el ejercicio de la pr\u00e1ctica sanitaria.","legalName":"Agrupaci\u00f3 M\u00e8dica i Quir\u00fargica","numberOfEmployees":{"@type":"QuantitativeValue","minValue":"11","maxValue":"50"},"address":{"@id":"https:\/\/amiq.cat\/en\/pediatric-otorhinolaryngology\/#local-main-place-address"},"telephone":["93 122 3615"],"openingHoursSpecification":[]},{"@type":"PostalAddress","@id":"https:\/\/amiq.cat\/en\/pediatric-otorhinolaryngology\/#local-main-place-address","streetAddress":"Carrer de Josep Maria Llad\u00f3, 3,, Sarri\u00e0-Sant Gervasi,","addressLocality":"Barcelona","postalCode":"08035","addressRegion":"Activo","addressCountry":"ES"},{"@type":"ImageObject","inLanguage":"en-US","@id":"https:\/\/amiq.cat\/en\/pediatric-otorhinolaryngology\/#local-main-organization-logo","url":"https:\/\/amiq.cat\/wp-content\/uploads\/2024\/07\/logo-amiq-300.png","contentUrl":"https:\/\/amiq.cat\/wp-content\/uploads\/2024\/07\/logo-amiq-300.png","width":400,"height":92,"caption":"Agrupaci\u00f3 M\u00e8dica i Quir\u00fargica"}]},"geo.placename":"Barcelona","geo.region":"Spain"},"_links":{"self":[{"href":"https:\/\/amiq.cat\/en\/wp-json\/wp\/v2\/pages\/12090","targetHints":{"allow":["GET"]}}],"collection":[{"href":"https:\/\/amiq.cat\/en\/wp-json\/wp\/v2\/pages"}],"about":[{"href":"https:\/\/amiq.cat\/en\/wp-json\/wp\/v2\/types\/page"}],"author":[{"embeddable":true,"href":"https:\/\/amiq.cat\/en\/wp-json\/wp\/v2\/users\/3"}],"replies":[{"embeddable":true,"href":"https:\/\/amiq.cat\/en\/wp-json\/wp\/v2\/comments?post=12090"}],"version-history":[{"count":5,"href":"https:\/\/amiq.cat\/en\/wp-json\/wp\/v2\/pages\/12090\/revisions"}],"predecessor-version":[{"id":14081,"href":"https:\/\/amiq.cat\/en\/wp-json\/wp\/v2\/pages\/12090\/revisions\/14081"}],"wp:attachment":[{"href":"https:\/\/amiq.cat\/en\/wp-json\/wp\/v2\/media?parent=12090"}],"wp:term":[{"taxonomy":"category","embeddable":true,"href":"https:\/\/amiq.cat\/en\/wp-json\/wp\/v2\/categories?post=12090"},{"taxonomy":"post_tag","embeddable":true,"href":"https:\/\/amiq.cat\/en\/wp-json\/wp\/v2\/tags?post=12090"}],"curies":[{"name":"wp","href":"https:\/\/api.w.org\/{rel}","templated":true}]}}