{"id":12132,"date":"2024-01-30T08:22:30","date_gmt":"2024-01-30T07:22:30","guid":{"rendered":"https:\/\/wetopi.com\/medical-equipment\/dr-ivan-domenech-juan\/"},"modified":"2025-04-24T11:33:26","modified_gmt":"2025-04-24T09:33:26","slug":"dr-ivan-domenech-juan","status":"publish","type":"page","link":"https:\/\/amiq.cat\/en\/medical-equipment\/dr-ivan-domenech-juan\/","title":{"rendered":"Dr. Ivan Dom\u00e8nech Juan"},"content":{"rendered":"\n\n\t<h1>Dr. Ivan Dom\u00e8nech Juan<\/h1>\n\t<p>Specialties<\/p>\n<p>Specialist in Pediatric and Adult Otorhinolaryngology, Voice Surgery, Head and Neck Cancer Surgery, Laser Surgery, Robotic Surgery and Neuronavigation. In addition, he performs Thyroid and Parathyroid Surgery, Facial Paralysis Reconstructive Surgery, Hearing and Ear Microsurgery, Cochlear and Osseointegrated Implant Surgery, Parotid Gland Surgery, and Endoscopic Nasosinusal Surgery.<\/p>\n\t\t\t<a href=\"https:\/\/amiq.cat\/en\/medical-equipment\/dr-ivan-domenech-juan\/appointment-dr-ivan-domenech-juan\/\" target=\"_self\">\n Make an appointment with Dr. Dom\u00e8nech Juan, Ivan\n\t\t\t\t\t<\/a>\n\t<ul>\n\t\t\t<li>\n Founding Director of the AMiQ Medical and Surgical Association.\n\t\t\t<\/li>\n\t\t\t<li>\n  Doctor of Medicine from the University of Barcelona, qualification of the Doctoral Thesis Cum Laude.\n\t\t\t<\/li>\n\t\t\t<li>\n  Associate Professor of Medicine at the UAB Universitat Aut\u00f2noma de Barcelona.\n\t\t\t<\/li>\n\t\t\t<li>\n  Consultant Otorhinolaryngology of SAAS. Andorran Health Care Service.\n\t\t\t<\/li>\n\t\t<\/ul>\n\t\t<link itemprop=\"url\" href=\"https:\/\/amiq.cat\">\n\t\t<a itemprop=\"sameAs\" href=\"https:\/\/es.linkedin.com\/in\/ivan-dom%C3%A8nech-juan-md-phd-46b11933\" target=\"_blank\" title=\"LinkedIn\" aria-label=\"LinkedIn\" role=\"button\" rel=\"noopener noreferrer external\">\n\t\t\t\t\t<\/a>\n<h3>Surgical Specialties<\/h3>\n<ul>\n<li>Pediatric Otorhinolaryngology.<\/li>\n<li>Voice surgery<\/li>\n<li>Head and Neck Cancer Surgery.<\/li>\n<li>Laser Surgery, Robotic Surgery and Neuronavigation.<\/li>\n<li>Thyroid and Parathyroid Surgery<\/li>\n<li>Reconstructive Surgery of Facial Paralysis.<\/li>\n<li>Hearing and Ear Microsurgery<\/li>\n<li>Cochlear and Osseointegrated Implant Surgery.<\/li>\n<li>Parotid gland surgery.<\/li>\n<li>Endoscopic Nasosinusal Surgery<\/li>\n<\/ul>\n<h3>Work Experience<\/h3>\n<ul>\n<li>Otorhinolaryngology Service of the Hospital Universitari de Bellvitge.<\/li>\n<li>Specialist of Otorhinolaryngology Cl\u00ednica Teknon of Barcelona (2006).<\/li>\n<li>Pediatric Specialist at the Clinica Infantil Staurus in Barcelona (2004-2008).<\/li>\n<\/ul>\n<h3>Training International Hospitals<\/h3>\n<ul>\n<li>St. Louis St. Vincent Medical Center, USA Otology surgical training 2 months 2006.<\/li>\n<li>House Ear Institute, EEUUs &#8220;Visinting Physicians Program&#8221; Otoneurocirugia 2meses 2006 .<\/li>\n<li>Medical-surgical training stay of 1 month and a half at St. Jude Medical Center. St. Vincents Private Hospital in Sydney, Australia. 2007.<\/li>\n<li>1 month surgical training at the Chicago Ear Institute and Northwestern University Hospital, USA. 2008.<\/li>\n<li>Completion of the 2-month &#8216;Visinting Physicians Program&#8217; at the House Ear Institute, in the United States. 2009.<\/li>\n<li>Training for 2 months at the Facial Nerve and Facial Surgery Center of the MEEI\/Harvard University, USA. 2010.<\/li>\n<li>Training in Facial Aesthetic Surgery and Facial Paralysis of 1 month and a half at the Facial Center for Advanced Facial Plastic Surgery. Beverly Hills. United States 2012<\/li>\n<li>Completion of the 1 and a half month &#8216;Visinting Physicians Program&#8217; at the House Research Institute, in the United States. 2012.<\/li>\n<li>One and a half month training stay at the Massachusetts Eye and Ear Infirmary, with the award of 19.5 AMA PRA Category Credits from Harvard Medical School. Boston , United States. 2013.<\/li>\n<li>1 month training in Thyroid Surgery and Head and Neck Cancer at UCSF Hospital, University of California San Francisco. United States. 2014<\/li>\n<li>1 month training in Head and Neck Cancer, Thyroid Surgery at Queen&#8217;s Medical Center. Oahu. United States. 2019<\/li>\n<\/ul>\n\t<ul>\n\t\t\t\n\t\t<\/ul>\n\n","protected":false},"excerpt":{"rendered":"<p>Dr. Ivan Dom\u00e8nech Juan Specialties Specialist in Pediatric and Adult Otorhinolaryngology, Voice Surgery, Head and Neck Cancer Surgery, Laser Surgery, Robotic Surgery and Neuronavigation. In addition, he performs Thyroid and Parathyroid Surgery, Facial Paralysis Reconstructive Surgery, Hearing and Ear Microsurgery, Cochlear and Osseointegrated Implant Surgery, Parotid Gland Surgery, and Endoscopic Nasosinusal Surgery. Make an appointment&hellip;<\/p>\n","protected":false},"author":3,"featured_media":0,"parent":12084,"menu_order":13,"comment_status":"closed","ping_status":"closed","template":"","meta":{"_exactmetrics_skip_tracking":false,"_exactmetrics_sitenote_active":false,"_exactmetrics_sitenote_note":"","_exactmetrics_sitenote_category":0,"_monsterinsights_skip_tracking":false,"_monsterinsights_sitenote_active":false,"_monsterinsights_sitenote_note":"","_monsterinsights_sitenote_category":0,"_uf_show_specific_survey":0,"_uf_disable_surveys":false,"footnotes":""},"categories":[121],"tags":[],"class_list":["post-12132","page","type-page","status-publish","hentry","category-otolaryngology-for-children-and-adults"],"aioseo_notices":[],"yoast_head":"<!-- This site is optimized with the Yoast SEO Premium plugin v26.4 (Yoast SEO v26.4) - https:\/\/yoast.com\/wordpress\/plugins\/seo\/ -->\n<title>Dr. Ivan Dom\u00e8nech Juan &#8211; AMiQ<\/title>\n<meta name=\"robots\" content=\"index, follow, max-snippet:-1, max-image-preview:large, max-video-preview:-1\" \/>\n<link rel=\"canonical\" href=\"https:\/\/amiq.cat\/en\/medical-equipment\/dr-ivan-domenech-juan\/\" \/>\n<script type=\"application\/ld+json\" class=\"yoast-schema-graph\">{\"@context\":\"https:\/\/schema.org\",\"@graph\":[{\"@type\":\"WebPage\",\"@id\":\"https:\/\/amiq.cat\/en\/medical-equipment\/dr-ivan-domenech-juan\/\",\"url\":\"https:\/\/amiq.cat\/en\/medical-equipment\/dr-ivan-domenech-juan\/\",\"name\":\"Dr. Ivan Dom\u00e8nech Juan &#8211; AMiQ\",\"isPartOf\":{\"@id\":\"https:\/\/amiq.cat\/en\/#website\"},\"datePublished\":\"2024-01-30T07:22:30+00:00\",\"dateModified\":\"2025-04-24T09:33:26+00:00\",\"breadcrumb\":{\"@id\":\"https:\/\/amiq.cat\/en\/medical-equipment\/dr-ivan-domenech-juan\/#breadcrumb\"},\"inLanguage\":\"en-US\",\"potentialAction\":[{\"@type\":\"ReadAction\",\"target\":[\"https:\/\/amiq.cat\/en\/medical-equipment\/dr-ivan-domenech-juan\/\"]}]},{\"@type\":\"BreadcrumbList\",\"@id\":\"https:\/\/amiq.cat\/en\/medical-equipment\/dr-ivan-domenech-juan\/#breadcrumb\",\"itemListElement\":[{\"@type\":\"ListItem\",\"position\":1,\"name\":\"Portada\",\"item\":\"https:\/\/amiq.cat\/en\/\"},{\"@type\":\"ListItem\",\"position\":2,\"name\":\"Medical Equipment\",\"item\":\"https:\/\/amiq.cat\/en\/medical-equipment\/\"},{\"@type\":\"ListItem\",\"position\":3,\"name\":\"Dr. Ivan Dom\u00e8nech Juan\"}]},{\"@type\":\"WebSite\",\"@id\":\"https:\/\/amiq.cat\/en\/#website\",\"url\":\"https:\/\/amiq.cat\/en\/\",\"name\":\"AMiQ\",\"description\":\"Agrupaci\u00f3 M\u00e8dica i Quir\u00fargica\",\"publisher\":{\"@id\":\"https:\/\/amiq.cat\/en\/#organization\"},\"alternateName\":\"AMiQ\",\"potentialAction\":[{\"@type\":\"SearchAction\",\"target\":{\"@type\":\"EntryPoint\",\"urlTemplate\":\"https:\/\/amiq.cat\/en\/?s={search_term_string}\"},\"query-input\":{\"@type\":\"PropertyValueSpecification\",\"valueRequired\":true,\"valueName\":\"search_term_string\"}}],\"inLanguage\":\"en-US\"},{\"@type\":[\"Organization\",\"Place\",\"MedicalClinic\"],\"@id\":\"https:\/\/amiq.cat\/en\/#organization\",\"name\":\"Agrupaci\u00f3 M\u00e8dica i Quir\u00fargica\",\"alternateName\":\"AMIQ\",\"url\":\"https:\/\/amiq.cat\/en\/\",\"logo\":{\"@id\":\"https:\/\/amiq.cat\/en\/medical-equipment\/dr-ivan-domenech-juan\/#local-main-organization-logo\"},\"image\":{\"@id\":\"https:\/\/amiq.cat\/en\/medical-equipment\/dr-ivan-domenech-juan\/#local-main-organization-logo\"},\"description\":\"Entidad especializada en soluciones aseguradoras para profesionales sanitarios, ofreciendo coberturas adaptadas a las necesidades m\u00e9dicas y quir\u00fargicas. Con una amplia experiencia en el sector, destaca por su compromiso con la protecci\u00f3n integral, la gesti\u00f3n eficiente de riesgos y un servicio cercano y personalizado. Su enfoque combina innovaci\u00f3n, confianza y respaldo profesional, convirti\u00e9ndola en una opci\u00f3n s\u00f3lida para quienes buscan seguridad y tranquilidad en el ejercicio de la pr\u00e1ctica sanitaria.\",\"legalName\":\"Agrupaci\u00f3 M\u00e8dica i Quir\u00fargica\",\"numberOfEmployees\":{\"@type\":\"QuantitativeValue\",\"minValue\":\"11\",\"maxValue\":\"50\"},\"address\":{\"@id\":\"https:\/\/amiq.cat\/en\/medical-equipment\/dr-ivan-domenech-juan\/#local-main-place-address\"},\"telephone\":[\"93 122 3615\"],\"openingHoursSpecification\":[]},{\"@type\":\"PostalAddress\",\"@id\":\"https:\/\/amiq.cat\/en\/medical-equipment\/dr-ivan-domenech-juan\/#local-main-place-address\",\"streetAddress\":\"Carrer de Josep Maria Llad\u00f3, 3,, Sarri\u00e0-Sant Gervasi,\",\"addressLocality\":\"Barcelona\",\"postalCode\":\"08035\",\"addressRegion\":\"Activo\",\"addressCountry\":\"ES\"},{\"@type\":\"ImageObject\",\"inLanguage\":\"en-US\",\"@id\":\"https:\/\/amiq.cat\/en\/medical-equipment\/dr-ivan-domenech-juan\/#local-main-organization-logo\",\"url\":\"https:\/\/amiq.cat\/wp-content\/uploads\/2024\/07\/logo-amiq-300.png\",\"contentUrl\":\"https:\/\/amiq.cat\/wp-content\/uploads\/2024\/07\/logo-amiq-300.png\",\"width\":400,\"height\":92,\"caption\":\"Agrupaci\u00f3 M\u00e8dica i Quir\u00fargica\"}]}<\/script>\n<meta name=\"geo.placename\" content=\"Barcelona\" \/>\n<meta name=\"geo.region\" content=\"Spain\" \/>\n<!-- \/ Yoast SEO Premium plugin. -->","yoast_head_json":{"title":"Dr. Ivan Dom\u00e8nech Juan &#8211; AMiQ","robots":{"index":"index","follow":"follow","max-snippet":"max-snippet:-1","max-image-preview":"max-image-preview:large","max-video-preview":"max-video-preview:-1"},"canonical":"https:\/\/amiq.cat\/en\/medical-equipment\/dr-ivan-domenech-juan\/","schema":{"@context":"https:\/\/schema.org","@graph":[{"@type":"WebPage","@id":"https:\/\/amiq.cat\/en\/medical-equipment\/dr-ivan-domenech-juan\/","url":"https:\/\/amiq.cat\/en\/medical-equipment\/dr-ivan-domenech-juan\/","name":"Dr. Ivan Dom\u00e8nech Juan &#8211; AMiQ","isPartOf":{"@id":"https:\/\/amiq.cat\/en\/#website"},"datePublished":"2024-01-30T07:22:30+00:00","dateModified":"2025-04-24T09:33:26+00:00","breadcrumb":{"@id":"https:\/\/amiq.cat\/en\/medical-equipment\/dr-ivan-domenech-juan\/#breadcrumb"},"inLanguage":"en-US","potentialAction":[{"@type":"ReadAction","target":["https:\/\/amiq.cat\/en\/medical-equipment\/dr-ivan-domenech-juan\/"]}]},{"@type":"BreadcrumbList","@id":"https:\/\/amiq.cat\/en\/medical-equipment\/dr-ivan-domenech-juan\/#breadcrumb","itemListElement":[{"@type":"ListItem","position":1,"name":"Portada","item":"https:\/\/amiq.cat\/en\/"},{"@type":"ListItem","position":2,"name":"Medical Equipment","item":"https:\/\/amiq.cat\/en\/medical-equipment\/"},{"@type":"ListItem","position":3,"name":"Dr. Ivan Dom\u00e8nech Juan"}]},{"@type":"WebSite","@id":"https:\/\/amiq.cat\/en\/#website","url":"https:\/\/amiq.cat\/en\/","name":"AMiQ","description":"Agrupaci\u00f3 M\u00e8dica i Quir\u00fargica","publisher":{"@id":"https:\/\/amiq.cat\/en\/#organization"},"alternateName":"AMiQ","potentialAction":[{"@type":"SearchAction","target":{"@type":"EntryPoint","urlTemplate":"https:\/\/amiq.cat\/en\/?s={search_term_string}"},"query-input":{"@type":"PropertyValueSpecification","valueRequired":true,"valueName":"search_term_string"}}],"inLanguage":"en-US"},{"@type":["Organization","Place","MedicalClinic"],"@id":"https:\/\/amiq.cat\/en\/#organization","name":"Agrupaci\u00f3 M\u00e8dica i Quir\u00fargica","alternateName":"AMIQ","url":"https:\/\/amiq.cat\/en\/","logo":{"@id":"https:\/\/amiq.cat\/en\/medical-equipment\/dr-ivan-domenech-juan\/#local-main-organization-logo"},"image":{"@id":"https:\/\/amiq.cat\/en\/medical-equipment\/dr-ivan-domenech-juan\/#local-main-organization-logo"},"description":"Entidad especializada en soluciones aseguradoras para profesionales sanitarios, ofreciendo coberturas adaptadas a las necesidades m\u00e9dicas y quir\u00fargicas. Con una amplia experiencia en el sector, destaca por su compromiso con la protecci\u00f3n integral, la gesti\u00f3n eficiente de riesgos y un servicio cercano y personalizado. Su enfoque combina innovaci\u00f3n, confianza y respaldo profesional, convirti\u00e9ndola en una opci\u00f3n s\u00f3lida para quienes buscan seguridad y tranquilidad en el ejercicio de la pr\u00e1ctica sanitaria.","legalName":"Agrupaci\u00f3 M\u00e8dica i Quir\u00fargica","numberOfEmployees":{"@type":"QuantitativeValue","minValue":"11","maxValue":"50"},"address":{"@id":"https:\/\/amiq.cat\/en\/medical-equipment\/dr-ivan-domenech-juan\/#local-main-place-address"},"telephone":["93 122 3615"],"openingHoursSpecification":[]},{"@type":"PostalAddress","@id":"https:\/\/amiq.cat\/en\/medical-equipment\/dr-ivan-domenech-juan\/#local-main-place-address","streetAddress":"Carrer de Josep Maria Llad\u00f3, 3,, Sarri\u00e0-Sant Gervasi,","addressLocality":"Barcelona","postalCode":"08035","addressRegion":"Activo","addressCountry":"ES"},{"@type":"ImageObject","inLanguage":"en-US","@id":"https:\/\/amiq.cat\/en\/medical-equipment\/dr-ivan-domenech-juan\/#local-main-organization-logo","url":"https:\/\/amiq.cat\/wp-content\/uploads\/2024\/07\/logo-amiq-300.png","contentUrl":"https:\/\/amiq.cat\/wp-content\/uploads\/2024\/07\/logo-amiq-300.png","width":400,"height":92,"caption":"Agrupaci\u00f3 M\u00e8dica i Quir\u00fargica"}]},"geo.placename":"Barcelona","geo.region":"Spain"},"_links":{"self":[{"href":"https:\/\/amiq.cat\/en\/wp-json\/wp\/v2\/pages\/12132","targetHints":{"allow":["GET"]}}],"collection":[{"href":"https:\/\/amiq.cat\/en\/wp-json\/wp\/v2\/pages"}],"about":[{"href":"https:\/\/amiq.cat\/en\/wp-json\/wp\/v2\/types\/page"}],"author":[{"embeddable":true,"href":"https:\/\/amiq.cat\/en\/wp-json\/wp\/v2\/users\/3"}],"replies":[{"embeddable":true,"href":"https:\/\/amiq.cat\/en\/wp-json\/wp\/v2\/comments?post=12132"}],"version-history":[{"count":8,"href":"https:\/\/amiq.cat\/en\/wp-json\/wp\/v2\/pages\/12132\/revisions"}],"predecessor-version":[{"id":14032,"href":"https:\/\/amiq.cat\/en\/wp-json\/wp\/v2\/pages\/12132\/revisions\/14032"}],"up":[{"embeddable":true,"href":"https:\/\/amiq.cat\/en\/wp-json\/wp\/v2\/pages\/12084"}],"wp:attachment":[{"href":"https:\/\/amiq.cat\/en\/wp-json\/wp\/v2\/media?parent=12132"}],"wp:term":[{"taxonomy":"category","embeddable":true,"href":"https:\/\/amiq.cat\/en\/wp-json\/wp\/v2\/categories?post=12132"},{"taxonomy":"post_tag","embeddable":true,"href":"https:\/\/amiq.cat\/en\/wp-json\/wp\/v2\/tags?post=12132"}],"curies":[{"name":"wp","href":"https:\/\/api.w.org\/{rel}","templated":true}]}}