{"id":12137,"date":"2024-01-30T08:23:53","date_gmt":"2024-01-30T07:23:53","guid":{"rendered":"https:\/\/wetopi.com\/medical-equipment\/dr-vanesa-zerpa\/"},"modified":"2024-08-05T10:18:30","modified_gmt":"2024-08-05T08:18:30","slug":"dr-vanesa-zerpa","status":"publish","type":"page","link":"https:\/\/amiq.cat\/en\/medical-equipment\/dr-vanesa-zerpa\/","title":{"rendered":"Dr. Vanesa Zerpa"},"content":{"rendered":"\n\n\t<nav aria-label=\"breadcrumbs\"><p><a href=\"https:\/\/amiq.cat\/en\/medical-equipment\/\">Medical Equipment<\/a> &raquo; Dr. Vanesa Zerpa<\/p><\/nav>\n\t<p>Dr. Vanesa Zerpa<\/p>\n\t<p>Specialties<\/p>\n\t<p>Otolaryngology<\/p>\n\t\t\t<a href=\"https:\/\/wetopi.com\/equipo-medico\/dra-vanesa-zerpa\/cita-con-dra-vanessa-zerpa\/\" target=\"_self\" rel=\"noopener\">\n\t\t\t\t\t\t\tRequest an Appointment with Dr. Vanessa Zerpa\n\t\t\t\t\t<\/a>\n\t<ul>\n\t\t\t<li>\n\t\t\t\tBachelor of Medicine and Surgery from the Central University of Venezuela (Caracas, Venezuela).\n\t\t\t<\/li>\n\t\t\t<li>\n\t\t\t\tResidency training in Otolaryngology at the Dr. Peset University Hospital in Valencia. (2011-2015).\n\t\t\t<\/li>\n\t\t<\/ul>\n\t<p>Work Experience<\/p>\n<ul>\n<li>Medical Assistant in Otolaryngology at Quir\u00f3n Dexeus University Hospital since 2016.<\/li>\n<li>Specialist in Otolaryngology at Quir\u00f3nsalud Hospital in Valencia (2015).<\/li>\n<li>Specialist in Otolaryngology at Virgen de la Cinta Hospital in Tortosa (2016).<\/li>\n<\/ul>\n<p>&nbsp;<\/p>\n\t<ul>\n\t\t\t\n\t\t<\/ul>\n\n","protected":false},"excerpt":{"rendered":"<p>Medical Equipment &raquo; Dr. Vanesa Zerpa Dr. Vanesa Zerpa Specialties Otolaryngology Request an Appointment with Dr. Vanessa Zerpa Bachelor of Medicine and Surgery from the Central University of Venezuela (Caracas, Venezuela). Residency training in Otolaryngology at the Dr. Peset University Hospital in Valencia. (2011-2015). Work Experience Medical Assistant in Otolaryngology at Quir\u00f3n Dexeus University Hospital&hellip;<\/p>\n","protected":false},"author":3,"featured_media":0,"parent":12084,"menu_order":9,"comment_status":"closed","ping_status":"closed","template":"","meta":{"_exactmetrics_skip_tracking":false,"_exactmetrics_sitenote_active":false,"_exactmetrics_sitenote_note":"","_exactmetrics_sitenote_category":0,"_monsterinsights_skip_tracking":false,"_monsterinsights_sitenote_active":false,"_monsterinsights_sitenote_note":"","_monsterinsights_sitenote_category":0,"_uf_show_specific_survey":0,"_uf_disable_surveys":false,"footnotes":""},"categories":[],"tags":[],"class_list":["post-12137","page","type-page","status-publish","hentry"],"aioseo_notices":[],"yoast_head":"<!-- This site is optimized with the Yoast SEO Premium plugin v26.4 (Yoast SEO v26.4) - https:\/\/yoast.com\/wordpress\/plugins\/seo\/ -->\n<title>Dr. Vanesa Zerpa &#8211; AMiQ<\/title>\n<meta name=\"robots\" content=\"index, follow, max-snippet:-1, max-image-preview:large, max-video-preview:-1\" \/>\n<link rel=\"canonical\" href=\"https:\/\/amiq.cat\/en\/medical-equipment\/dr-vanesa-zerpa\/\" \/>\n<script type=\"application\/ld+json\" class=\"yoast-schema-graph\">{\"@context\":\"https:\/\/schema.org\",\"@graph\":[{\"@type\":\"WebPage\",\"@id\":\"https:\/\/amiq.cat\/en\/medical-equipment\/dr-vanesa-zerpa\/\",\"url\":\"https:\/\/amiq.cat\/en\/medical-equipment\/dr-vanesa-zerpa\/\",\"name\":\"Dr. Vanesa Zerpa &#8211; AMiQ\",\"isPartOf\":{\"@id\":\"https:\/\/amiq.cat\/en\/#website\"},\"datePublished\":\"2024-01-30T07:23:53+00:00\",\"dateModified\":\"2024-08-05T08:18:30+00:00\",\"breadcrumb\":{\"@id\":\"https:\/\/amiq.cat\/en\/medical-equipment\/dr-vanesa-zerpa\/#breadcrumb\"},\"inLanguage\":\"en-US\",\"potentialAction\":[{\"@type\":\"ReadAction\",\"target\":[\"https:\/\/amiq.cat\/en\/medical-equipment\/dr-vanesa-zerpa\/\"]}]},{\"@type\":\"BreadcrumbList\",\"@id\":\"https:\/\/amiq.cat\/en\/medical-equipment\/dr-vanesa-zerpa\/#breadcrumb\",\"itemListElement\":[{\"@type\":\"ListItem\",\"position\":1,\"name\":\"Portada\",\"item\":\"https:\/\/amiq.cat\/en\/\"},{\"@type\":\"ListItem\",\"position\":2,\"name\":\"Medical Equipment\",\"item\":\"https:\/\/amiq.cat\/en\/medical-equipment\/\"},{\"@type\":\"ListItem\",\"position\":3,\"name\":\"Dr. Vanesa Zerpa\"}]},{\"@type\":\"WebSite\",\"@id\":\"https:\/\/amiq.cat\/en\/#website\",\"url\":\"https:\/\/amiq.cat\/en\/\",\"name\":\"AMiQ\",\"description\":\"Agrupaci\u00f3 M\u00e8dica i Quir\u00fargica\",\"publisher\":{\"@id\":\"https:\/\/amiq.cat\/en\/#organization\"},\"alternateName\":\"AMiQ\",\"potentialAction\":[{\"@type\":\"SearchAction\",\"target\":{\"@type\":\"EntryPoint\",\"urlTemplate\":\"https:\/\/amiq.cat\/en\/?s={search_term_string}\"},\"query-input\":{\"@type\":\"PropertyValueSpecification\",\"valueRequired\":true,\"valueName\":\"search_term_string\"}}],\"inLanguage\":\"en-US\"},{\"@type\":[\"Organization\",\"Place\",\"MedicalClinic\"],\"@id\":\"https:\/\/amiq.cat\/en\/#organization\",\"name\":\"Agrupaci\u00f3 M\u00e8dica i Quir\u00fargica\",\"alternateName\":\"AMIQ\",\"url\":\"https:\/\/amiq.cat\/en\/\",\"logo\":{\"@id\":\"https:\/\/amiq.cat\/en\/medical-equipment\/dr-vanesa-zerpa\/#local-main-organization-logo\"},\"image\":{\"@id\":\"https:\/\/amiq.cat\/en\/medical-equipment\/dr-vanesa-zerpa\/#local-main-organization-logo\"},\"description\":\"Entidad especializada en soluciones aseguradoras para profesionales sanitarios, ofreciendo coberturas adaptadas a las necesidades m\u00e9dicas y quir\u00fargicas. Con una amplia experiencia en el sector, destaca por su compromiso con la protecci\u00f3n integral, la gesti\u00f3n eficiente de riesgos y un servicio cercano y personalizado. Su enfoque combina innovaci\u00f3n, confianza y respaldo profesional, convirti\u00e9ndola en una opci\u00f3n s\u00f3lida para quienes buscan seguridad y tranquilidad en el ejercicio de la pr\u00e1ctica sanitaria.\",\"legalName\":\"Agrupaci\u00f3 M\u00e8dica i Quir\u00fargica\",\"numberOfEmployees\":{\"@type\":\"QuantitativeValue\",\"minValue\":\"11\",\"maxValue\":\"50\"},\"address\":{\"@id\":\"https:\/\/amiq.cat\/en\/medical-equipment\/dr-vanesa-zerpa\/#local-main-place-address\"},\"telephone\":[\"93 122 3615\"],\"openingHoursSpecification\":[]},{\"@type\":\"PostalAddress\",\"@id\":\"https:\/\/amiq.cat\/en\/medical-equipment\/dr-vanesa-zerpa\/#local-main-place-address\",\"streetAddress\":\"Carrer de Josep Maria Llad\u00f3, 3,, Sarri\u00e0-Sant Gervasi,\",\"addressLocality\":\"Barcelona\",\"postalCode\":\"08035\",\"addressRegion\":\"Activo\",\"addressCountry\":\"ES\"},{\"@type\":\"ImageObject\",\"inLanguage\":\"en-US\",\"@id\":\"https:\/\/amiq.cat\/en\/medical-equipment\/dr-vanesa-zerpa\/#local-main-organization-logo\",\"url\":\"https:\/\/amiq.cat\/wp-content\/uploads\/2024\/07\/logo-amiq-300.png\",\"contentUrl\":\"https:\/\/amiq.cat\/wp-content\/uploads\/2024\/07\/logo-amiq-300.png\",\"width\":400,\"height\":92,\"caption\":\"Agrupaci\u00f3 M\u00e8dica i Quir\u00fargica\"}]}<\/script>\n<meta name=\"geo.placename\" content=\"Barcelona\" \/>\n<meta name=\"geo.region\" content=\"Spain\" \/>\n<!-- \/ Yoast SEO Premium plugin. -->","yoast_head_json":{"title":"Dr. Vanesa Zerpa &#8211; AMiQ","robots":{"index":"index","follow":"follow","max-snippet":"max-snippet:-1","max-image-preview":"max-image-preview:large","max-video-preview":"max-video-preview:-1"},"canonical":"https:\/\/amiq.cat\/en\/medical-equipment\/dr-vanesa-zerpa\/","schema":{"@context":"https:\/\/schema.org","@graph":[{"@type":"WebPage","@id":"https:\/\/amiq.cat\/en\/medical-equipment\/dr-vanesa-zerpa\/","url":"https:\/\/amiq.cat\/en\/medical-equipment\/dr-vanesa-zerpa\/","name":"Dr. Vanesa Zerpa &#8211; AMiQ","isPartOf":{"@id":"https:\/\/amiq.cat\/en\/#website"},"datePublished":"2024-01-30T07:23:53+00:00","dateModified":"2024-08-05T08:18:30+00:00","breadcrumb":{"@id":"https:\/\/amiq.cat\/en\/medical-equipment\/dr-vanesa-zerpa\/#breadcrumb"},"inLanguage":"en-US","potentialAction":[{"@type":"ReadAction","target":["https:\/\/amiq.cat\/en\/medical-equipment\/dr-vanesa-zerpa\/"]}]},{"@type":"BreadcrumbList","@id":"https:\/\/amiq.cat\/en\/medical-equipment\/dr-vanesa-zerpa\/#breadcrumb","itemListElement":[{"@type":"ListItem","position":1,"name":"Portada","item":"https:\/\/amiq.cat\/en\/"},{"@type":"ListItem","position":2,"name":"Medical Equipment","item":"https:\/\/amiq.cat\/en\/medical-equipment\/"},{"@type":"ListItem","position":3,"name":"Dr. Vanesa Zerpa"}]},{"@type":"WebSite","@id":"https:\/\/amiq.cat\/en\/#website","url":"https:\/\/amiq.cat\/en\/","name":"AMiQ","description":"Agrupaci\u00f3 M\u00e8dica i Quir\u00fargica","publisher":{"@id":"https:\/\/amiq.cat\/en\/#organization"},"alternateName":"AMiQ","potentialAction":[{"@type":"SearchAction","target":{"@type":"EntryPoint","urlTemplate":"https:\/\/amiq.cat\/en\/?s={search_term_string}"},"query-input":{"@type":"PropertyValueSpecification","valueRequired":true,"valueName":"search_term_string"}}],"inLanguage":"en-US"},{"@type":["Organization","Place","MedicalClinic"],"@id":"https:\/\/amiq.cat\/en\/#organization","name":"Agrupaci\u00f3 M\u00e8dica i Quir\u00fargica","alternateName":"AMIQ","url":"https:\/\/amiq.cat\/en\/","logo":{"@id":"https:\/\/amiq.cat\/en\/medical-equipment\/dr-vanesa-zerpa\/#local-main-organization-logo"},"image":{"@id":"https:\/\/amiq.cat\/en\/medical-equipment\/dr-vanesa-zerpa\/#local-main-organization-logo"},"description":"Entidad especializada en soluciones aseguradoras para profesionales sanitarios, ofreciendo coberturas adaptadas a las necesidades m\u00e9dicas y quir\u00fargicas. Con una amplia experiencia en el sector, destaca por su compromiso con la protecci\u00f3n integral, la gesti\u00f3n eficiente de riesgos y un servicio cercano y personalizado. Su enfoque combina innovaci\u00f3n, confianza y respaldo profesional, convirti\u00e9ndola en una opci\u00f3n s\u00f3lida para quienes buscan seguridad y tranquilidad en el ejercicio de la pr\u00e1ctica sanitaria.","legalName":"Agrupaci\u00f3 M\u00e8dica i Quir\u00fargica","numberOfEmployees":{"@type":"QuantitativeValue","minValue":"11","maxValue":"50"},"address":{"@id":"https:\/\/amiq.cat\/en\/medical-equipment\/dr-vanesa-zerpa\/#local-main-place-address"},"telephone":["93 122 3615"],"openingHoursSpecification":[]},{"@type":"PostalAddress","@id":"https:\/\/amiq.cat\/en\/medical-equipment\/dr-vanesa-zerpa\/#local-main-place-address","streetAddress":"Carrer de Josep Maria Llad\u00f3, 3,, Sarri\u00e0-Sant Gervasi,","addressLocality":"Barcelona","postalCode":"08035","addressRegion":"Activo","addressCountry":"ES"},{"@type":"ImageObject","inLanguage":"en-US","@id":"https:\/\/amiq.cat\/en\/medical-equipment\/dr-vanesa-zerpa\/#local-main-organization-logo","url":"https:\/\/amiq.cat\/wp-content\/uploads\/2024\/07\/logo-amiq-300.png","contentUrl":"https:\/\/amiq.cat\/wp-content\/uploads\/2024\/07\/logo-amiq-300.png","width":400,"height":92,"caption":"Agrupaci\u00f3 M\u00e8dica i Quir\u00fargica"}]},"geo.placename":"Barcelona","geo.region":"Spain"},"_links":{"self":[{"href":"https:\/\/amiq.cat\/en\/wp-json\/wp\/v2\/pages\/12137","targetHints":{"allow":["GET"]}}],"collection":[{"href":"https:\/\/amiq.cat\/en\/wp-json\/wp\/v2\/pages"}],"about":[{"href":"https:\/\/amiq.cat\/en\/wp-json\/wp\/v2\/types\/page"}],"author":[{"embeddable":true,"href":"https:\/\/amiq.cat\/en\/wp-json\/wp\/v2\/users\/3"}],"replies":[{"embeddable":true,"href":"https:\/\/amiq.cat\/en\/wp-json\/wp\/v2\/comments?post=12137"}],"version-history":[{"count":3,"href":"https:\/\/amiq.cat\/en\/wp-json\/wp\/v2\/pages\/12137\/revisions"}],"predecessor-version":[{"id":13820,"href":"https:\/\/amiq.cat\/en\/wp-json\/wp\/v2\/pages\/12137\/revisions\/13820"}],"up":[{"embeddable":true,"href":"https:\/\/amiq.cat\/en\/wp-json\/wp\/v2\/pages\/12084"}],"wp:attachment":[{"href":"https:\/\/amiq.cat\/en\/wp-json\/wp\/v2\/media?parent=12137"}],"wp:term":[{"taxonomy":"category","embeddable":true,"href":"https:\/\/amiq.cat\/en\/wp-json\/wp\/v2\/categories?post=12137"},{"taxonomy":"post_tag","embeddable":true,"href":"https:\/\/amiq.cat\/en\/wp-json\/wp\/v2\/tags?post=12137"}],"curies":[{"name":"wp","href":"https:\/\/api.w.org\/{rel}","templated":true}]}}