{"id":12156,"date":"2024-01-30T08:24:06","date_gmt":"2024-01-30T07:24:06","guid":{"rendered":"https:\/\/wetopi.com\/medical-equipment\/dr-lorena-trujillo\/"},"modified":"2026-01-20T10:37:43","modified_gmt":"2026-01-20T09:37:43","slug":"dr-lorena-trujillo","status":"publish","type":"page","link":"https:\/\/amiq.cat\/en\/medical-equipment\/dr-lorena-trujillo\/","title":{"rendered":"Dr. Lorena Trujillo"},"content":{"rendered":"\n\n\t<nav aria-label=\"breadcrumbs\"><p><a href=\"https:\/\/amiq.cat\/en\/medical-equipment\/\">Medical Equipment<\/a> &raquo; Dr. Lorena Trujillo<\/p><\/nav>\n\t<p>Dr. Lorena Trujillo<\/p>\n\t<p>Specialties<\/p>\n\t<p>Otolaringology<\/p>\n\t\t\t<a href=\"https:\/\/wetopi.com\/equipo-medico\/dra-lorena-trujillo\/cita-con-dra-lorena-trujillo\/\" target=\"_self\" rel=\"noopener\">\n\t\t\t\t\t\t\tRequest an Appointment with Dr. Lorena Trujillo\n\t\t\t\t\t<\/a>\n<p>Work Experience<\/p>\n<ul>\n<li>Medical Specialist in the Emergency Department at La Mar\u00eda Hospital and Clinica Medell\u00edn, Colombia.<\/li>\n<li>Specialist Physician, Otolaryngology Service at Virgen de Macarena University Hospital, Seville.<\/li>\n<li>Specialist Physician, Otolaryngology Service at Infanta Luisa Hospital-Quir\u00f3n Salud, Seville.<\/li>\n<li>Medical-Surgical Training Internship at Gregorio Mara\u00f1\u00f3n University Hospital, Madrid.<\/li>\n<li>Medical-Surgical Training Internship at Cl\u00ednic Hospital, Barcelona.<\/li>\n<\/ul>\n<p><b>Training in Excellent Hospitals Abroad<\/b><\/p>\n<ul>\n<li>Medical-Surgical Training Internship, &#8220;Visiting Physicians Program&#8221; at the House Ear Institute in Los Angeles, United States.<\/li>\n<\/ul>\n\n","protected":false},"excerpt":{"rendered":"<p>Medical Equipment &raquo; Dr. Lorena Trujillo Dr. Lorena Trujillo Specialties Otolaringology Request an Appointment with Dr. Lorena Trujillo Work Experience Medical Specialist in the Emergency Department at La Mar\u00eda Hospital and Clinica Medell\u00edn, Colombia. Specialist Physician, Otolaryngology Service at Virgen de Macarena University Hospital, Seville. Specialist Physician, Otolaryngology Service at Infanta Luisa Hospital-Quir\u00f3n Salud, Seville.&hellip;<\/p>\n","protected":false},"author":3,"featured_media":0,"parent":12084,"menu_order":10,"comment_status":"closed","ping_status":"closed","template":"","meta":{"_exactmetrics_skip_tracking":false,"_exactmetrics_sitenote_active":false,"_exactmetrics_sitenote_note":"","_exactmetrics_sitenote_category":0,"_monsterinsights_skip_tracking":false,"_monsterinsights_sitenote_active":false,"_monsterinsights_sitenote_note":"","_monsterinsights_sitenote_category":0,"_uf_show_specific_survey":0,"_uf_disable_surveys":false,"footnotes":""},"categories":[121],"tags":[],"class_list":["post-12156","page","type-page","status-publish","hentry","category-otolaryngology-for-children-and-adults"],"aioseo_notices":[],"yoast_head":"<!-- This site is optimized with the Yoast SEO Premium plugin v26.4 (Yoast SEO v26.4) - https:\/\/yoast.com\/wordpress\/plugins\/seo\/ -->\n<title>Dr. Lorena Trujillo &#8211; AMiQ<\/title>\n<meta name=\"robots\" content=\"index, follow, max-snippet:-1, max-image-preview:large, max-video-preview:-1\" \/>\n<link rel=\"canonical\" href=\"https:\/\/amiq.cat\/en\/medical-equipment\/dr-lorena-trujillo\/\" \/>\n<script type=\"application\/ld+json\" class=\"yoast-schema-graph\">{\"@context\":\"https:\/\/schema.org\",\"@graph\":[{\"@type\":\"WebPage\",\"@id\":\"https:\/\/amiq.cat\/en\/medical-equipment\/dr-lorena-trujillo\/\",\"url\":\"https:\/\/amiq.cat\/en\/medical-equipment\/dr-lorena-trujillo\/\",\"name\":\"Dr. Lorena Trujillo &#8211; AMiQ\",\"isPartOf\":{\"@id\":\"https:\/\/amiq.cat\/en\/#website\"},\"datePublished\":\"2024-01-30T07:24:06+00:00\",\"dateModified\":\"2026-01-20T09:37:43+00:00\",\"breadcrumb\":{\"@id\":\"https:\/\/amiq.cat\/en\/medical-equipment\/dr-lorena-trujillo\/#breadcrumb\"},\"inLanguage\":\"en-US\",\"potentialAction\":[{\"@type\":\"ReadAction\",\"target\":[\"https:\/\/amiq.cat\/en\/medical-equipment\/dr-lorena-trujillo\/\"]}]},{\"@type\":\"BreadcrumbList\",\"@id\":\"https:\/\/amiq.cat\/en\/medical-equipment\/dr-lorena-trujillo\/#breadcrumb\",\"itemListElement\":[{\"@type\":\"ListItem\",\"position\":1,\"name\":\"Portada\",\"item\":\"https:\/\/amiq.cat\/en\/\"},{\"@type\":\"ListItem\",\"position\":2,\"name\":\"Medical Equipment\",\"item\":\"https:\/\/amiq.cat\/en\/medical-equipment\/\"},{\"@type\":\"ListItem\",\"position\":3,\"name\":\"Dr. Lorena Trujillo\"}]},{\"@type\":\"WebSite\",\"@id\":\"https:\/\/amiq.cat\/en\/#website\",\"url\":\"https:\/\/amiq.cat\/en\/\",\"name\":\"AMiQ\",\"description\":\"Agrupaci\u00f3 M\u00e8dica i Quir\u00fargica\",\"publisher\":{\"@id\":\"https:\/\/amiq.cat\/en\/#organization\"},\"alternateName\":\"AMiQ\",\"potentialAction\":[{\"@type\":\"SearchAction\",\"target\":{\"@type\":\"EntryPoint\",\"urlTemplate\":\"https:\/\/amiq.cat\/en\/?s={search_term_string}\"},\"query-input\":{\"@type\":\"PropertyValueSpecification\",\"valueRequired\":true,\"valueName\":\"search_term_string\"}}],\"inLanguage\":\"en-US\"},{\"@type\":[\"Organization\",\"Place\",\"MedicalClinic\"],\"@id\":\"https:\/\/amiq.cat\/en\/#organization\",\"name\":\"Agrupaci\u00f3 M\u00e8dica i Quir\u00fargica\",\"alternateName\":\"AMIQ\",\"url\":\"https:\/\/amiq.cat\/en\/\",\"logo\":{\"@id\":\"https:\/\/amiq.cat\/en\/medical-equipment\/dr-lorena-trujillo\/#local-main-organization-logo\"},\"image\":{\"@id\":\"https:\/\/amiq.cat\/en\/medical-equipment\/dr-lorena-trujillo\/#local-main-organization-logo\"},\"description\":\"Entidad especializada en soluciones aseguradoras para profesionales sanitarios, ofreciendo coberturas adaptadas a las necesidades m\u00e9dicas y quir\u00fargicas. Con una amplia experiencia en el sector, destaca por su compromiso con la protecci\u00f3n integral, la gesti\u00f3n eficiente de riesgos y un servicio cercano y personalizado. Su enfoque combina innovaci\u00f3n, confianza y respaldo profesional, convirti\u00e9ndola en una opci\u00f3n s\u00f3lida para quienes buscan seguridad y tranquilidad en el ejercicio de la pr\u00e1ctica sanitaria.\",\"legalName\":\"Agrupaci\u00f3 M\u00e8dica i Quir\u00fargica\",\"numberOfEmployees\":{\"@type\":\"QuantitativeValue\",\"minValue\":\"11\",\"maxValue\":\"50\"},\"address\":{\"@id\":\"https:\/\/amiq.cat\/en\/medical-equipment\/dr-lorena-trujillo\/#local-main-place-address\"},\"telephone\":[\"93 122 3615\"],\"openingHoursSpecification\":[]},{\"@type\":\"PostalAddress\",\"@id\":\"https:\/\/amiq.cat\/en\/medical-equipment\/dr-lorena-trujillo\/#local-main-place-address\",\"streetAddress\":\"Carrer de Josep Maria Llad\u00f3, 3,, Sarri\u00e0-Sant Gervasi,\",\"addressLocality\":\"Barcelona\",\"postalCode\":\"08035\",\"addressRegion\":\"Activo\",\"addressCountry\":\"ES\"},{\"@type\":\"ImageObject\",\"inLanguage\":\"en-US\",\"@id\":\"https:\/\/amiq.cat\/en\/medical-equipment\/dr-lorena-trujillo\/#local-main-organization-logo\",\"url\":\"https:\/\/amiq.cat\/wp-content\/uploads\/2024\/07\/logo-amiq-300.png\",\"contentUrl\":\"https:\/\/amiq.cat\/wp-content\/uploads\/2024\/07\/logo-amiq-300.png\",\"width\":400,\"height\":92,\"caption\":\"Agrupaci\u00f3 M\u00e8dica i Quir\u00fargica\"}]}<\/script>\n<meta name=\"geo.placename\" content=\"Barcelona\" \/>\n<meta name=\"geo.region\" content=\"Spain\" \/>\n<!-- \/ Yoast SEO Premium plugin. -->","yoast_head_json":{"title":"Dr. Lorena Trujillo &#8211; AMiQ","robots":{"index":"index","follow":"follow","max-snippet":"max-snippet:-1","max-image-preview":"max-image-preview:large","max-video-preview":"max-video-preview:-1"},"canonical":"https:\/\/amiq.cat\/en\/medical-equipment\/dr-lorena-trujillo\/","schema":{"@context":"https:\/\/schema.org","@graph":[{"@type":"WebPage","@id":"https:\/\/amiq.cat\/en\/medical-equipment\/dr-lorena-trujillo\/","url":"https:\/\/amiq.cat\/en\/medical-equipment\/dr-lorena-trujillo\/","name":"Dr. Lorena Trujillo &#8211; AMiQ","isPartOf":{"@id":"https:\/\/amiq.cat\/en\/#website"},"datePublished":"2024-01-30T07:24:06+00:00","dateModified":"2026-01-20T09:37:43+00:00","breadcrumb":{"@id":"https:\/\/amiq.cat\/en\/medical-equipment\/dr-lorena-trujillo\/#breadcrumb"},"inLanguage":"en-US","potentialAction":[{"@type":"ReadAction","target":["https:\/\/amiq.cat\/en\/medical-equipment\/dr-lorena-trujillo\/"]}]},{"@type":"BreadcrumbList","@id":"https:\/\/amiq.cat\/en\/medical-equipment\/dr-lorena-trujillo\/#breadcrumb","itemListElement":[{"@type":"ListItem","position":1,"name":"Portada","item":"https:\/\/amiq.cat\/en\/"},{"@type":"ListItem","position":2,"name":"Medical Equipment","item":"https:\/\/amiq.cat\/en\/medical-equipment\/"},{"@type":"ListItem","position":3,"name":"Dr. Lorena Trujillo"}]},{"@type":"WebSite","@id":"https:\/\/amiq.cat\/en\/#website","url":"https:\/\/amiq.cat\/en\/","name":"AMiQ","description":"Agrupaci\u00f3 M\u00e8dica i Quir\u00fargica","publisher":{"@id":"https:\/\/amiq.cat\/en\/#organization"},"alternateName":"AMiQ","potentialAction":[{"@type":"SearchAction","target":{"@type":"EntryPoint","urlTemplate":"https:\/\/amiq.cat\/en\/?s={search_term_string}"},"query-input":{"@type":"PropertyValueSpecification","valueRequired":true,"valueName":"search_term_string"}}],"inLanguage":"en-US"},{"@type":["Organization","Place","MedicalClinic"],"@id":"https:\/\/amiq.cat\/en\/#organization","name":"Agrupaci\u00f3 M\u00e8dica i Quir\u00fargica","alternateName":"AMIQ","url":"https:\/\/amiq.cat\/en\/","logo":{"@id":"https:\/\/amiq.cat\/en\/medical-equipment\/dr-lorena-trujillo\/#local-main-organization-logo"},"image":{"@id":"https:\/\/amiq.cat\/en\/medical-equipment\/dr-lorena-trujillo\/#local-main-organization-logo"},"description":"Entidad especializada en soluciones aseguradoras para profesionales sanitarios, ofreciendo coberturas adaptadas a las necesidades m\u00e9dicas y quir\u00fargicas. Con una amplia experiencia en el sector, destaca por su compromiso con la protecci\u00f3n integral, la gesti\u00f3n eficiente de riesgos y un servicio cercano y personalizado. Su enfoque combina innovaci\u00f3n, confianza y respaldo profesional, convirti\u00e9ndola en una opci\u00f3n s\u00f3lida para quienes buscan seguridad y tranquilidad en el ejercicio de la pr\u00e1ctica sanitaria.","legalName":"Agrupaci\u00f3 M\u00e8dica i Quir\u00fargica","numberOfEmployees":{"@type":"QuantitativeValue","minValue":"11","maxValue":"50"},"address":{"@id":"https:\/\/amiq.cat\/en\/medical-equipment\/dr-lorena-trujillo\/#local-main-place-address"},"telephone":["93 122 3615"],"openingHoursSpecification":[]},{"@type":"PostalAddress","@id":"https:\/\/amiq.cat\/en\/medical-equipment\/dr-lorena-trujillo\/#local-main-place-address","streetAddress":"Carrer de Josep Maria Llad\u00f3, 3,, Sarri\u00e0-Sant Gervasi,","addressLocality":"Barcelona","postalCode":"08035","addressRegion":"Activo","addressCountry":"ES"},{"@type":"ImageObject","inLanguage":"en-US","@id":"https:\/\/amiq.cat\/en\/medical-equipment\/dr-lorena-trujillo\/#local-main-organization-logo","url":"https:\/\/amiq.cat\/wp-content\/uploads\/2024\/07\/logo-amiq-300.png","contentUrl":"https:\/\/amiq.cat\/wp-content\/uploads\/2024\/07\/logo-amiq-300.png","width":400,"height":92,"caption":"Agrupaci\u00f3 M\u00e8dica i Quir\u00fargica"}]},"geo.placename":"Barcelona","geo.region":"Spain"},"_links":{"self":[{"href":"https:\/\/amiq.cat\/en\/wp-json\/wp\/v2\/pages\/12156","targetHints":{"allow":["GET"]}}],"collection":[{"href":"https:\/\/amiq.cat\/en\/wp-json\/wp\/v2\/pages"}],"about":[{"href":"https:\/\/amiq.cat\/en\/wp-json\/wp\/v2\/types\/page"}],"author":[{"embeddable":true,"href":"https:\/\/amiq.cat\/en\/wp-json\/wp\/v2\/users\/3"}],"replies":[{"embeddable":true,"href":"https:\/\/amiq.cat\/en\/wp-json\/wp\/v2\/comments?post=12156"}],"version-history":[{"count":3,"href":"https:\/\/amiq.cat\/en\/wp-json\/wp\/v2\/pages\/12156\/revisions"}],"predecessor-version":[{"id":13821,"href":"https:\/\/amiq.cat\/en\/wp-json\/wp\/v2\/pages\/12156\/revisions\/13821"}],"up":[{"embeddable":true,"href":"https:\/\/amiq.cat\/en\/wp-json\/wp\/v2\/pages\/12084"}],"wp:attachment":[{"href":"https:\/\/amiq.cat\/en\/wp-json\/wp\/v2\/media?parent=12156"}],"wp:term":[{"taxonomy":"category","embeddable":true,"href":"https:\/\/amiq.cat\/en\/wp-json\/wp\/v2\/categories?post=12156"},{"taxonomy":"post_tag","embeddable":true,"href":"https:\/\/amiq.cat\/en\/wp-json\/wp\/v2\/tags?post=12156"}],"curies":[{"name":"wp","href":"https:\/\/api.w.org\/{rel}","templated":true}]}}