{"id":13638,"date":"2024-06-13T08:09:26","date_gmt":"2024-06-13T06:09:26","guid":{"rendered":"https:\/\/amiq.cat\/our-clinics\/amiq-hm-hospitales-nens\/"},"modified":"2025-11-19T22:10:13","modified_gmt":"2025-11-19T21:10:13","slug":"amiq-hm-hospitales-nens","status":"publish","type":"page","link":"https:\/\/amiq.cat\/en\/our-clinics\/amiq-hm-hospitales-nens\/","title":{"rendered":"AMiQ Hospitales HM nens"},"content":{"rendered":"\n\n<h2>\n\t\t\tAMiQ &#8211; Hospital HM Nens\t<\/h2>\n<strong>HM Hospitales y la Fundaci\u00f3 Hospital de Nens<\/strong> de Barcelona comparten la filosof\u00eda basada en la m\u00e1xima calidad asistencial, la docencia y educaci\u00f3n sanitaria y la investigaci\u00f3n.\nEl Dr Ivan Dom\u00e8nech Juan MD PhD, es especialista en Otorrinolaringolog\u00eda Pedi\u00e1trica.<br \/>\nFormado en los mejores Hospitales Internacionales:\n<ul>\n<li>House Ear Institute, EEUU.<\/li>\n<li>St. Vincent Medical Center, EEUU.<\/li>\n<li>Chicago Ear Institute i el Northwestern University Hospital, EEUU.<\/li>\n<li>St. Vincents Private Hospital de Sydney, Australia.<\/li>\n<li>MEEI, Universidad de Harvard Boston, EEUU.<\/li>\n<li>UCSF Hospital, University of California San Francisco, EEUU.<\/li>\n<li>Queen&#8217;s Medical Center. Oahu EEUU<\/li>\n<\/ul>\n\t\t\t\t\t\t\t\t\t<img loading=\"lazy\" decoding=\"async\" src=\"https:\/\/amiq.cat\/wp-content\/uploads\/2024\/06\/hm-nens.jpeg\" alt=\"HM hospitales nens en Barcelona AMiQ. Agrupaci\u00f3 m\u00e8dica i quir\u00fargica\" itemprop=\"image\" height=\"459\" width=\"860\" srcset=\"https:\/\/amiq.cat\/wp-content\/uploads\/2024\/06\/hm-nens.jpeg 860w, https:\/\/amiq.cat\/wp-content\/uploads\/2024\/06\/hm-nens-300x160.jpeg 300w, https:\/\/amiq.cat\/wp-content\/uploads\/2024\/06\/hm-nens-768x410.jpeg 768w\" sizes=\"auto, (max-width: 860px) 100vw, 860px\" title=\"hm-nens\" onerror=\"this.style.display='none'\"  \/>\n<h2>\n\t\t\tD\u00f3nde estamos\t<\/h2>\n\t<p><img loading=\"lazy\" decoding=\"async\" src=\"https:\/\/amiq.cat\/wp-content\/uploads\/2024\/02\/ubicacion-300x300.png\" alt=\"\" width=\"22\" height=\"22\" \/><\/p>\nCarrer Consell de Cent, 437 \u200b\u200b<br \/>\n08009 Barcelona\n<p><a href=\"mailto:recepcio@amiq.cat\"><img loading=\"lazy\" decoding=\"async\" src=\"https:\/\/amiq.cat\/wp-content\/uploads\/2024\/02\/correo-300x300.png\" alt=\"\" width=\"22\" height=\"22\" \/><\/a><a href=\"mailto:administracio@amiq.cat\">administracio@amiq.cat<\/a><\/p>\n\n","protected":false},"excerpt":{"rendered":"<p>AMiQ &#8211; Hospital HM Nens HM Hospitales y la Fundaci\u00f3 Hospital de Nens de Barcelona comparten la filosof\u00eda basada en la m\u00e1xima calidad asistencial, la docencia y educaci\u00f3n sanitaria y la investigaci\u00f3n. El Dr Ivan Dom\u00e8nech Juan MD PhD, es especialista en Otorrinolaringolog\u00eda Pedi\u00e1trica. Formado en los mejores Hospitales Internacionales: House Ear Institute, EEUU. St.&hellip;<\/p>\n","protected":false},"author":3,"featured_media":0,"parent":12196,"menu_order":2,"comment_status":"closed","ping_status":"closed","template":"","meta":{"_exactmetrics_skip_tracking":false,"_exactmetrics_sitenote_active":false,"_exactmetrics_sitenote_note":"","_exactmetrics_sitenote_category":0,"_monsterinsights_skip_tracking":false,"_monsterinsights_sitenote_active":false,"_monsterinsights_sitenote_note":"","_monsterinsights_sitenote_category":0,"_uf_show_specific_survey":0,"_uf_disable_surveys":false,"footnotes":""},"categories":[],"tags":[],"class_list":["post-13638","page","type-page","status-publish","hentry"],"aioseo_notices":[],"yoast_head":"<!-- This site is optimized with the Yoast SEO Premium plugin v26.4 (Yoast SEO v26.4) - https:\/\/yoast.com\/wordpress\/plugins\/seo\/ -->\n<title>AMiQ Hospitales HM nens &#8211; AMiQ<\/title>\n<meta name=\"robots\" content=\"index, follow, max-snippet:-1, max-image-preview:large, max-video-preview:-1\" \/>\n<link rel=\"canonical\" href=\"https:\/\/amiq.cat\/en\/our-clinics\/amiq-hm-hospitales-nens\/\" \/>\n<script type=\"application\/ld+json\" class=\"yoast-schema-graph\">{\"@context\":\"https:\/\/schema.org\",\"@graph\":[{\"@type\":\"WebPage\",\"@id\":\"https:\/\/amiq.cat\/en\/our-clinics\/amiq-hm-hospitales-nens\/\",\"url\":\"https:\/\/amiq.cat\/en\/our-clinics\/amiq-hm-hospitales-nens\/\",\"name\":\"AMiQ Hospitales HM nens &#8211; AMiQ\",\"isPartOf\":{\"@id\":\"https:\/\/amiq.cat\/en\/#website\"},\"primaryImageOfPage\":{\"@id\":\"https:\/\/amiq.cat\/en\/our-clinics\/amiq-hm-hospitales-nens\/#primaryimage\"},\"image\":{\"@id\":\"https:\/\/amiq.cat\/en\/our-clinics\/amiq-hm-hospitales-nens\/#primaryimage\"},\"thumbnailUrl\":\"https:\/\/amiq.cat\/wp-content\/uploads\/2024\/06\/hm-nens.jpeg\",\"datePublished\":\"2024-06-13T06:09:26+00:00\",\"dateModified\":\"2025-11-19T21:10:13+00:00\",\"breadcrumb\":{\"@id\":\"https:\/\/amiq.cat\/en\/our-clinics\/amiq-hm-hospitales-nens\/#breadcrumb\"},\"inLanguage\":\"en-US\",\"potentialAction\":[{\"@type\":\"ReadAction\",\"target\":[\"https:\/\/amiq.cat\/en\/our-clinics\/amiq-hm-hospitales-nens\/\"]}]},{\"@type\":\"ImageObject\",\"inLanguage\":\"en-US\",\"@id\":\"https:\/\/amiq.cat\/en\/our-clinics\/amiq-hm-hospitales-nens\/#primaryimage\",\"url\":\"https:\/\/amiq.cat\/wp-content\/uploads\/2024\/06\/hm-nens.jpeg\",\"contentUrl\":\"https:\/\/amiq.cat\/wp-content\/uploads\/2024\/06\/hm-nens.jpeg\"},{\"@type\":\"BreadcrumbList\",\"@id\":\"https:\/\/amiq.cat\/en\/our-clinics\/amiq-hm-hospitales-nens\/#breadcrumb\",\"itemListElement\":[{\"@type\":\"ListItem\",\"position\":1,\"name\":\"Portada\",\"item\":\"https:\/\/amiq.cat\/en\/\"},{\"@type\":\"ListItem\",\"position\":2,\"name\":\"Our Clinics\",\"item\":\"https:\/\/amiq.cat\/en\/our-clinics\/\"},{\"@type\":\"ListItem\",\"position\":3,\"name\":\"AMiQ Hospitales HM nens\"}]},{\"@type\":\"WebSite\",\"@id\":\"https:\/\/amiq.cat\/en\/#website\",\"url\":\"https:\/\/amiq.cat\/en\/\",\"name\":\"AMiQ\",\"description\":\"Agrupaci\u00f3 M\u00e8dica i Quir\u00fargica\",\"publisher\":{\"@id\":\"https:\/\/amiq.cat\/en\/#organization\"},\"alternateName\":\"AMiQ\",\"potentialAction\":[{\"@type\":\"SearchAction\",\"target\":{\"@type\":\"EntryPoint\",\"urlTemplate\":\"https:\/\/amiq.cat\/en\/?s={search_term_string}\"},\"query-input\":{\"@type\":\"PropertyValueSpecification\",\"valueRequired\":true,\"valueName\":\"search_term_string\"}}],\"inLanguage\":\"en-US\"},{\"@type\":[\"Organization\",\"Place\",\"MedicalClinic\"],\"@id\":\"https:\/\/amiq.cat\/en\/#organization\",\"name\":\"Agrupaci\u00f3 M\u00e8dica i Quir\u00fargica\",\"alternateName\":\"AMIQ\",\"url\":\"https:\/\/amiq.cat\/en\/\",\"logo\":{\"@id\":\"https:\/\/amiq.cat\/en\/our-clinics\/amiq-hm-hospitales-nens\/#local-main-organization-logo\"},\"image\":{\"@id\":\"https:\/\/amiq.cat\/en\/our-clinics\/amiq-hm-hospitales-nens\/#local-main-organization-logo\"},\"description\":\"Entidad especializada en soluciones aseguradoras para profesionales sanitarios, ofreciendo coberturas adaptadas a las necesidades m\u00e9dicas y quir\u00fargicas. Con una amplia experiencia en el sector, destaca por su compromiso con la protecci\u00f3n integral, la gesti\u00f3n eficiente de riesgos y un servicio cercano y personalizado. Su enfoque combina innovaci\u00f3n, confianza y respaldo profesional, convirti\u00e9ndola en una opci\u00f3n s\u00f3lida para quienes buscan seguridad y tranquilidad en el ejercicio de la pr\u00e1ctica sanitaria.\",\"legalName\":\"Agrupaci\u00f3 M\u00e8dica i Quir\u00fargica\",\"numberOfEmployees\":{\"@type\":\"QuantitativeValue\",\"minValue\":\"11\",\"maxValue\":\"50\"},\"address\":{\"@id\":\"https:\/\/amiq.cat\/en\/our-clinics\/amiq-hm-hospitales-nens\/#local-main-place-address\"},\"telephone\":[\"93 122 3615\"],\"openingHoursSpecification\":[]},{\"@type\":\"PostalAddress\",\"@id\":\"https:\/\/amiq.cat\/en\/our-clinics\/amiq-hm-hospitales-nens\/#local-main-place-address\",\"streetAddress\":\"Carrer de Josep Maria Llad\u00f3, 3,, Sarri\u00e0-Sant Gervasi,\",\"addressLocality\":\"Barcelona\",\"postalCode\":\"08035\",\"addressRegion\":\"Activo\",\"addressCountry\":\"ES\"},{\"@type\":\"ImageObject\",\"inLanguage\":\"en-US\",\"@id\":\"https:\/\/amiq.cat\/en\/our-clinics\/amiq-hm-hospitales-nens\/#local-main-organization-logo\",\"url\":\"https:\/\/amiq.cat\/wp-content\/uploads\/2024\/07\/logo-amiq-300.png\",\"contentUrl\":\"https:\/\/amiq.cat\/wp-content\/uploads\/2024\/07\/logo-amiq-300.png\",\"width\":400,\"height\":92,\"caption\":\"Agrupaci\u00f3 M\u00e8dica i Quir\u00fargica\"}]}<\/script>\n<meta name=\"geo.placename\" content=\"Barcelona\" \/>\n<meta name=\"geo.region\" content=\"Spain\" \/>\n<!-- \/ Yoast SEO Premium plugin. -->","yoast_head_json":{"title":"AMiQ Hospitales HM nens &#8211; AMiQ","robots":{"index":"index","follow":"follow","max-snippet":"max-snippet:-1","max-image-preview":"max-image-preview:large","max-video-preview":"max-video-preview:-1"},"canonical":"https:\/\/amiq.cat\/en\/our-clinics\/amiq-hm-hospitales-nens\/","schema":{"@context":"https:\/\/schema.org","@graph":[{"@type":"WebPage","@id":"https:\/\/amiq.cat\/en\/our-clinics\/amiq-hm-hospitales-nens\/","url":"https:\/\/amiq.cat\/en\/our-clinics\/amiq-hm-hospitales-nens\/","name":"AMiQ Hospitales HM nens &#8211; AMiQ","isPartOf":{"@id":"https:\/\/amiq.cat\/en\/#website"},"primaryImageOfPage":{"@id":"https:\/\/amiq.cat\/en\/our-clinics\/amiq-hm-hospitales-nens\/#primaryimage"},"image":{"@id":"https:\/\/amiq.cat\/en\/our-clinics\/amiq-hm-hospitales-nens\/#primaryimage"},"thumbnailUrl":"https:\/\/amiq.cat\/wp-content\/uploads\/2024\/06\/hm-nens.jpeg","datePublished":"2024-06-13T06:09:26+00:00","dateModified":"2025-11-19T21:10:13+00:00","breadcrumb":{"@id":"https:\/\/amiq.cat\/en\/our-clinics\/amiq-hm-hospitales-nens\/#breadcrumb"},"inLanguage":"en-US","potentialAction":[{"@type":"ReadAction","target":["https:\/\/amiq.cat\/en\/our-clinics\/amiq-hm-hospitales-nens\/"]}]},{"@type":"ImageObject","inLanguage":"en-US","@id":"https:\/\/amiq.cat\/en\/our-clinics\/amiq-hm-hospitales-nens\/#primaryimage","url":"https:\/\/amiq.cat\/wp-content\/uploads\/2024\/06\/hm-nens.jpeg","contentUrl":"https:\/\/amiq.cat\/wp-content\/uploads\/2024\/06\/hm-nens.jpeg"},{"@type":"BreadcrumbList","@id":"https:\/\/amiq.cat\/en\/our-clinics\/amiq-hm-hospitales-nens\/#breadcrumb","itemListElement":[{"@type":"ListItem","position":1,"name":"Portada","item":"https:\/\/amiq.cat\/en\/"},{"@type":"ListItem","position":2,"name":"Our Clinics","item":"https:\/\/amiq.cat\/en\/our-clinics\/"},{"@type":"ListItem","position":3,"name":"AMiQ Hospitales HM nens"}]},{"@type":"WebSite","@id":"https:\/\/amiq.cat\/en\/#website","url":"https:\/\/amiq.cat\/en\/","name":"AMiQ","description":"Agrupaci\u00f3 M\u00e8dica i Quir\u00fargica","publisher":{"@id":"https:\/\/amiq.cat\/en\/#organization"},"alternateName":"AMiQ","potentialAction":[{"@type":"SearchAction","target":{"@type":"EntryPoint","urlTemplate":"https:\/\/amiq.cat\/en\/?s={search_term_string}"},"query-input":{"@type":"PropertyValueSpecification","valueRequired":true,"valueName":"search_term_string"}}],"inLanguage":"en-US"},{"@type":["Organization","Place","MedicalClinic"],"@id":"https:\/\/amiq.cat\/en\/#organization","name":"Agrupaci\u00f3 M\u00e8dica i Quir\u00fargica","alternateName":"AMIQ","url":"https:\/\/amiq.cat\/en\/","logo":{"@id":"https:\/\/amiq.cat\/en\/our-clinics\/amiq-hm-hospitales-nens\/#local-main-organization-logo"},"image":{"@id":"https:\/\/amiq.cat\/en\/our-clinics\/amiq-hm-hospitales-nens\/#local-main-organization-logo"},"description":"Entidad especializada en soluciones aseguradoras para profesionales sanitarios, ofreciendo coberturas adaptadas a las necesidades m\u00e9dicas y quir\u00fargicas. Con una amplia experiencia en el sector, destaca por su compromiso con la protecci\u00f3n integral, la gesti\u00f3n eficiente de riesgos y un servicio cercano y personalizado. Su enfoque combina innovaci\u00f3n, confianza y respaldo profesional, convirti\u00e9ndola en una opci\u00f3n s\u00f3lida para quienes buscan seguridad y tranquilidad en el ejercicio de la pr\u00e1ctica sanitaria.","legalName":"Agrupaci\u00f3 M\u00e8dica i Quir\u00fargica","numberOfEmployees":{"@type":"QuantitativeValue","minValue":"11","maxValue":"50"},"address":{"@id":"https:\/\/amiq.cat\/en\/our-clinics\/amiq-hm-hospitales-nens\/#local-main-place-address"},"telephone":["93 122 3615"],"openingHoursSpecification":[]},{"@type":"PostalAddress","@id":"https:\/\/amiq.cat\/en\/our-clinics\/amiq-hm-hospitales-nens\/#local-main-place-address","streetAddress":"Carrer de Josep Maria Llad\u00f3, 3,, Sarri\u00e0-Sant Gervasi,","addressLocality":"Barcelona","postalCode":"08035","addressRegion":"Activo","addressCountry":"ES"},{"@type":"ImageObject","inLanguage":"en-US","@id":"https:\/\/amiq.cat\/en\/our-clinics\/amiq-hm-hospitales-nens\/#local-main-organization-logo","url":"https:\/\/amiq.cat\/wp-content\/uploads\/2024\/07\/logo-amiq-300.png","contentUrl":"https:\/\/amiq.cat\/wp-content\/uploads\/2024\/07\/logo-amiq-300.png","width":400,"height":92,"caption":"Agrupaci\u00f3 M\u00e8dica i Quir\u00fargica"}]},"geo.placename":"Barcelona","geo.region":"Spain"},"_links":{"self":[{"href":"https:\/\/amiq.cat\/en\/wp-json\/wp\/v2\/pages\/13638","targetHints":{"allow":["GET"]}}],"collection":[{"href":"https:\/\/amiq.cat\/en\/wp-json\/wp\/v2\/pages"}],"about":[{"href":"https:\/\/amiq.cat\/en\/wp-json\/wp\/v2\/types\/page"}],"author":[{"embeddable":true,"href":"https:\/\/amiq.cat\/en\/wp-json\/wp\/v2\/users\/3"}],"replies":[{"embeddable":true,"href":"https:\/\/amiq.cat\/en\/wp-json\/wp\/v2\/comments?post=13638"}],"version-history":[{"count":3,"href":"https:\/\/amiq.cat\/en\/wp-json\/wp\/v2\/pages\/13638\/revisions"}],"predecessor-version":[{"id":14079,"href":"https:\/\/amiq.cat\/en\/wp-json\/wp\/v2\/pages\/13638\/revisions\/14079"}],"up":[{"embeddable":true,"href":"https:\/\/amiq.cat\/en\/wp-json\/wp\/v2\/pages\/12196"}],"wp:attachment":[{"href":"https:\/\/amiq.cat\/en\/wp-json\/wp\/v2\/media?parent=13638"}],"wp:term":[{"taxonomy":"category","embeddable":true,"href":"https:\/\/amiq.cat\/en\/wp-json\/wp\/v2\/categories?post=13638"},{"taxonomy":"post_tag","embeddable":true,"href":"https:\/\/amiq.cat\/en\/wp-json\/wp\/v2\/tags?post=13638"}],"curies":[{"name":"wp","href":"https:\/\/api.w.org\/{rel}","templated":true}]}}