{"id":10827,"date":"2024-01-29T06:35:17","date_gmt":"2024-01-29T06:35:17","guid":{"rendered":"https:\/\/wetopi.com\/?page_id=10827"},"modified":"2025-11-19T22:10:11","modified_gmt":"2025-11-19T21:10:11","slug":"amiq-causse-clinic","status":"publish","type":"page","link":"https:\/\/amiq.cat\/es\/nuestras-clinicas\/amiq-causse-clinic\/","title":{"rendered":"AMiQ Causse Clinic"},"content":{"rendered":"\n\n<h2>\n\t\tAMiQ &#8211; CAUSSE CLINIC  Girona\n\t<\/h2>\n\t<p>Nuestra direcci\u00f3n, equipo m\u00e9dico y todo el personal est\u00e1n dedicados a proporcionarte la atenci\u00f3n de la m\u00e1s alta calidad. En Causse Cl\u00ednic, nos esforzamos por brindar servicios m\u00e9dicos de excelencia que se adapten a tus necesidades. \u00a1Conf\u00eda en nosotros para cuidar de tu salud!<\/p>\n\t\t\t\t\t\t\t\t\t\t\t\t\t\t\t\t\t<a href=\"https:\/\/amiq.cat\/wp-content\/uploads\/2024\/02\/Causse-edificio-1.jpeg\" target=\"_self\" data-caption=\"\" rel=\"noopener\">\n\t\t\t\t\t\t<figure>\n\t\t\t\t\t\t\t<img loading=\"lazy\" decoding=\"async\" src=\"https:\/\/amiq.cat\/wp-content\/uploads\/2024\/02\/Causse-edificio-1.jpeg\" alt=\"\" srcset=\"https:\/\/amiq.cat\/wp-content\/uploads\/2024\/02\/Causse-edificio-1.jpeg 913w, https:\/\/amiq.cat\/wp-content\/uploads\/2024\/02\/Causse-edificio-1-267x300.jpeg 267w, https:\/\/amiq.cat\/wp-content\/uploads\/2024\/02\/Causse-edificio-1-768x861.jpeg 768w\" width=\"913\" height=\"1024\" \/>\n\t\t\t\t\t\t\t\t\t\t\t\t\t\t\t<!-- Overlay Wrapper -->\n\t\t\t\t\t\t\t\t <!-- Overlay Wrapper Closed -->\n\t\t\t\t\t\t\t\t\t\t\t\t\t<\/figure>\n\t\t\t\t\t\t\t\t\t\t<\/a>\n\t\t\t\t\t\t\t\t\t\t\t\t\t\t\t\t\t<a href=\"https:\/\/amiq.cat\/wp-content\/uploads\/2024\/02\/Causse-interior-1.jpeg\" target=\"_self\" data-caption=\"\" rel=\"noopener\">\n\t\t\t\t\t\t<figure>\n\t\t\t\t\t\t\t<img loading=\"lazy\" decoding=\"async\" src=\"https:\/\/amiq.cat\/wp-content\/uploads\/2024\/02\/Causse-interior-1.jpeg\" alt=\"\" srcset=\"https:\/\/amiq.cat\/wp-content\/uploads\/2024\/02\/Causse-interior-1.jpeg 853w, https:\/\/amiq.cat\/wp-content\/uploads\/2024\/02\/Causse-interior-1-250x300.jpeg 250w, https:\/\/amiq.cat\/wp-content\/uploads\/2024\/02\/Causse-interior-1-768x922.jpeg 768w\" width=\"853\" height=\"1024\" \/>\n\t\t\t\t\t\t\t\t\t\t\t\t\t\t\t<!-- Overlay Wrapper -->\n\t\t\t\t\t\t\t\t <!-- Overlay Wrapper Closed -->\n\t\t\t\t\t\t\t\t\t\t\t\t\t<\/figure>\n\t\t\t\t\t\t\t\t\t\t<\/a>\n\t\t\t\t\t\t\t\t\t\t\t\t\t\t\t\t\t<a href=\"https:\/\/amiq.cat\/wp-content\/uploads\/2024\/02\/Causse-interior-2.jpeg\" target=\"_self\" data-caption=\"\" rel=\"noopener\">\n\t\t\t\t\t\t<figure>\n\t\t\t\t\t\t\t<img loading=\"lazy\" decoding=\"async\" src=\"https:\/\/amiq.cat\/wp-content\/uploads\/2024\/02\/Causse-interior-2.jpeg\" alt=\"\" srcset=\"https:\/\/amiq.cat\/wp-content\/uploads\/2024\/02\/Causse-interior-2.jpeg 853w, https:\/\/amiq.cat\/wp-content\/uploads\/2024\/02\/Causse-interior-2-250x300.jpeg 250w, https:\/\/amiq.cat\/wp-content\/uploads\/2024\/02\/Causse-interior-2-768x922.jpeg 768w\" width=\"853\" height=\"1024\" \/>\n\t\t\t\t\t\t\t\t\t\t\t\t\t\t\t<!-- Overlay Wrapper -->\n\t\t\t\t\t\t\t\t <!-- Overlay Wrapper Closed -->\n\t\t\t\t\t\t\t\t\t\t\t\t\t<\/figure>\n\t\t\t\t\t\t\t\t\t\t<\/a>\n\t\t\t\t\t\t\t\t\t\t\t\t\t\t\t\t\t<a href=\"https:\/\/amiq.cat\/wp-content\/uploads\/2024\/02\/Causse-interior-3.jpeg\" target=\"_self\" data-caption=\"\" rel=\"noopener\">\n\t\t\t\t\t\t<figure>\n\t\t\t\t\t\t\t<img loading=\"lazy\" decoding=\"async\" src=\"https:\/\/amiq.cat\/wp-content\/uploads\/2024\/02\/Causse-interior-3.jpeg\" alt=\"\" srcset=\"https:\/\/amiq.cat\/wp-content\/uploads\/2024\/02\/Causse-interior-3.jpeg 853w, https:\/\/amiq.cat\/wp-content\/uploads\/2024\/02\/Causse-interior-3-250x300.jpeg 250w, https:\/\/amiq.cat\/wp-content\/uploads\/2024\/02\/Causse-interior-3-768x922.jpeg 768w\" width=\"853\" height=\"1024\" \/>\n\t\t\t\t\t\t\t\t\t\t\t\t\t\t\t<!-- Overlay Wrapper -->\n\t\t\t\t\t\t\t\t <!-- Overlay Wrapper Closed -->\n\t\t\t\t\t\t\t\t\t\t\t\t\t<\/figure>\n\t\t\t\t\t\t\t\t\t\t<\/a>\n\t\t\t\t\t\t\t\t\t\t\t\t\t\t\t\t\t<a href=\"https:\/\/amiq.cat\/wp-content\/uploads\/2024\/02\/Causse-interior-4.jpeg\" target=\"_self\" data-caption=\"\" rel=\"noopener\">\n\t\t\t\t\t\t<figure>\n\t\t\t\t\t\t\t<img loading=\"lazy\" decoding=\"async\" src=\"https:\/\/amiq.cat\/wp-content\/uploads\/2024\/02\/Causse-interior-4.jpeg\" alt=\"\" srcset=\"https:\/\/amiq.cat\/wp-content\/uploads\/2024\/02\/Causse-interior-4.jpeg 853w, https:\/\/amiq.cat\/wp-content\/uploads\/2024\/02\/Causse-interior-4-250x300.jpeg 250w, https:\/\/amiq.cat\/wp-content\/uploads\/2024\/02\/Causse-interior-4-768x922.jpeg 768w\" width=\"853\" height=\"1024\" \/>\n\t\t\t\t\t\t\t\t\t\t\t\t\t\t\t<!-- Overlay Wrapper -->\n\t\t\t\t\t\t\t\t <!-- Overlay Wrapper Closed -->\n\t\t\t\t\t\t\t\t\t\t\t\t\t<\/figure>\n\t\t\t\t\t\t\t\t\t\t<\/a>\n\t\t\t\t\t\t\t\t\t\t\t\t\t\t\t\t\t<a href=\"https:\/\/amiq.cat\/wp-content\/uploads\/2024\/02\/Causse-interior-5.jpeg\" target=\"_self\" data-caption=\"\" rel=\"noopener\">\n\t\t\t\t\t\t<figure>\n\t\t\t\t\t\t\t<img loading=\"lazy\" decoding=\"async\" src=\"https:\/\/amiq.cat\/wp-content\/uploads\/2024\/02\/Causse-interior-5.jpeg\" alt=\"\" srcset=\"https:\/\/amiq.cat\/wp-content\/uploads\/2024\/02\/Causse-interior-5.jpeg 1024w, https:\/\/amiq.cat\/wp-content\/uploads\/2024\/02\/Causse-interior-5-300x213.jpeg 300w, https:\/\/amiq.cat\/wp-content\/uploads\/2024\/02\/Causse-interior-5-768x546.jpeg 768w\" width=\"1024\" height=\"728\" \/>\n\t\t\t\t\t\t\t\t\t\t\t\t\t\t\t<!-- Overlay Wrapper -->\n\t\t\t\t\t\t\t\t <!-- Overlay Wrapper Closed -->\n\t\t\t\t\t\t\t\t\t\t\t\t\t<\/figure>\n\t\t\t\t\t\t\t\t\t\t<\/a>\n\t\t\t\t\t\t\t\t<!-- navigation arrows -->\n\t\t\t<button aria-label=\"Previous slide\" role=\"button\" tabindex=\"0\">\n\t\t\t<\/button>\n\t\t\t<button aria-label=\"Next slide\" role=\"button\" tabindex=\"0\">\n\t\t\t<\/button>\n\t\t\t\t\t\t<!-- pagination -->\n\t<h2>\n\t\tD\u00f3nde estamos\n\t<\/h2>\n\t<iframe src=\"https:\/\/www.google.com\/maps\/embed\/v1\/place?q=AMiQ+Causse+Clinic&#038;key=AIzaSyD09zQ9PNDNNy9TadMuzRV_UsPUoWKntt8\" aria-hidden=\"true\" title=\"AMiQ Causse Clinic\"><\/iframe>\n\tC. del Carme, 131<br \/>\n17004 Girona<br \/>\nTel. 972 20 49 00\n\t\t\t<a href=\"tel:972204900\" target=\"_blank\" rel=\"noopener\">\n\t\t\t\t\t\t972 20 49 00\n\t\t\t\t\t<\/a>\n\n","protected":false},"excerpt":{"rendered":"<p>AMiQ &#8211; CAUSSE CLINIC Girona Nuestra direcci\u00f3n, equipo m\u00e9dico y todo el personal est\u00e1n dedicados a proporcionarte la atenci\u00f3n de la m\u00e1s alta calidad. En Causse Cl\u00ednic, nos esforzamos por brindar servicios m\u00e9dicos de excelencia que se adapten a tus necesidades. \u00a1Conf\u00eda en nosotros para cuidar de tu salud! D\u00f3nde estamos C. del Carme, 131&hellip;<\/p>\n","protected":false},"author":3,"featured_media":0,"parent":11285,"menu_order":1,"comment_status":"closed","ping_status":"closed","template":"","meta":{"_exactmetrics_skip_tracking":false,"_exactmetrics_sitenote_active":false,"_exactmetrics_sitenote_note":"","_exactmetrics_sitenote_category":0,"_monsterinsights_skip_tracking":false,"_monsterinsights_sitenote_active":false,"_monsterinsights_sitenote_note":"","_monsterinsights_sitenote_category":0,"_uf_show_specific_survey":0,"_uf_disable_surveys":false,"footnotes":""},"categories":[],"tags":[],"class_list":["post-10827","page","type-page","status-publish","hentry"],"aioseo_notices":[],"yoast_head":"<!-- This site is optimized with the Yoast SEO Premium plugin v26.4 (Yoast SEO v26.4) - https:\/\/yoast.com\/wordpress\/plugins\/seo\/ -->\n<title>AMiQ Causse Clinic &#8211; AMiQ<\/title>\n<meta name=\"robots\" content=\"index, follow, max-snippet:-1, max-image-preview:large, max-video-preview:-1\" \/>\n<link rel=\"canonical\" href=\"https:\/\/amiq.cat\/es\/nuestras-clinicas\/amiq-causse-clinic\/\" \/>\n<script type=\"application\/ld+json\" class=\"yoast-schema-graph\">{\"@context\":\"https:\/\/schema.org\",\"@graph\":[{\"@type\":\"WebPage\",\"@id\":\"https:\/\/amiq.cat\/es\/nuestras-clinicas\/amiq-causse-clinic\/\",\"url\":\"https:\/\/amiq.cat\/es\/nuestras-clinicas\/amiq-causse-clinic\/\",\"name\":\"AMiQ Causse Clinic &#8211; AMiQ\",\"isPartOf\":{\"@id\":\"https:\/\/amiq.cat\/es\/#website\"},\"primaryImageOfPage\":{\"@id\":\"https:\/\/amiq.cat\/es\/nuestras-clinicas\/amiq-causse-clinic\/#primaryimage\"},\"image\":{\"@id\":\"https:\/\/amiq.cat\/es\/nuestras-clinicas\/amiq-causse-clinic\/#primaryimage\"},\"thumbnailUrl\":\"https:\/\/amiq.cat\/wp-content\/uploads\/2024\/02\/Causse-edificio-1.jpeg\",\"datePublished\":\"2024-01-29T06:35:17+00:00\",\"dateModified\":\"2025-11-19T21:10:11+00:00\",\"breadcrumb\":{\"@id\":\"https:\/\/amiq.cat\/es\/nuestras-clinicas\/amiq-causse-clinic\/#breadcrumb\"},\"inLanguage\":\"es\",\"potentialAction\":[{\"@type\":\"ReadAction\",\"target\":[\"https:\/\/amiq.cat\/es\/nuestras-clinicas\/amiq-causse-clinic\/\"]}]},{\"@type\":\"ImageObject\",\"inLanguage\":\"es\",\"@id\":\"https:\/\/amiq.cat\/es\/nuestras-clinicas\/amiq-causse-clinic\/#primaryimage\",\"url\":\"https:\/\/amiq.cat\/wp-content\/uploads\/2024\/02\/Causse-edificio-1.jpeg\",\"contentUrl\":\"https:\/\/amiq.cat\/wp-content\/uploads\/2024\/02\/Causse-edificio-1.jpeg\"},{\"@type\":\"BreadcrumbList\",\"@id\":\"https:\/\/amiq.cat\/es\/nuestras-clinicas\/amiq-causse-clinic\/#breadcrumb\",\"itemListElement\":[{\"@type\":\"ListItem\",\"position\":1,\"name\":\"Portada\",\"item\":\"https:\/\/amiq.cat\/es\/\"},{\"@type\":\"ListItem\",\"position\":2,\"name\":\"Nuestras Cl\u00ednicas\",\"item\":\"https:\/\/amiq.cat\/es\/nuestras-clinicas\/\"},{\"@type\":\"ListItem\",\"position\":3,\"name\":\"AMiQ Causse Clinic\"}]},{\"@type\":\"WebSite\",\"@id\":\"https:\/\/amiq.cat\/es\/#website\",\"url\":\"https:\/\/amiq.cat\/es\/\",\"name\":\"AMiQ\",\"description\":\"Agrupaci\u00f3 M\u00e8dica i Quir\u00fargica\",\"publisher\":{\"@id\":\"https:\/\/amiq.cat\/es\/#organization\"},\"alternateName\":\"AMiQ\",\"potentialAction\":[{\"@type\":\"SearchAction\",\"target\":{\"@type\":\"EntryPoint\",\"urlTemplate\":\"https:\/\/amiq.cat\/es\/?s={search_term_string}\"},\"query-input\":{\"@type\":\"PropertyValueSpecification\",\"valueRequired\":true,\"valueName\":\"search_term_string\"}}],\"inLanguage\":\"es\"},{\"@type\":[\"Organization\",\"Place\",\"MedicalClinic\"],\"@id\":\"https:\/\/amiq.cat\/es\/#organization\",\"name\":\"Agrupaci\u00f3 M\u00e8dica i Quir\u00fargica\",\"alternateName\":\"AMIQ\",\"url\":\"https:\/\/amiq.cat\/es\/\",\"logo\":{\"@id\":\"https:\/\/amiq.cat\/es\/nuestras-clinicas\/amiq-causse-clinic\/#local-main-organization-logo\"},\"image\":{\"@id\":\"https:\/\/amiq.cat\/es\/nuestras-clinicas\/amiq-causse-clinic\/#local-main-organization-logo\"},\"description\":\"Entidad especializada en soluciones aseguradoras para profesionales sanitarios, ofreciendo coberturas adaptadas a las necesidades m\u00e9dicas y quir\u00fargicas. Con una amplia experiencia en el sector, destaca por su compromiso con la protecci\u00f3n integral, la gesti\u00f3n eficiente de riesgos y un servicio cercano y personalizado. Su enfoque combina innovaci\u00f3n, confianza y respaldo profesional, convirti\u00e9ndola en una opci\u00f3n s\u00f3lida para quienes buscan seguridad y tranquilidad en el ejercicio de la pr\u00e1ctica sanitaria.\",\"legalName\":\"Agrupaci\u00f3 M\u00e8dica i Quir\u00fargica\",\"numberOfEmployees\":{\"@type\":\"QuantitativeValue\",\"minValue\":\"11\",\"maxValue\":\"50\"},\"address\":{\"@id\":\"https:\/\/amiq.cat\/es\/nuestras-clinicas\/amiq-causse-clinic\/#local-main-place-address\"},\"telephone\":[\"93 122 3615\"],\"openingHoursSpecification\":[]},{\"@type\":\"PostalAddress\",\"@id\":\"https:\/\/amiq.cat\/es\/nuestras-clinicas\/amiq-causse-clinic\/#local-main-place-address\",\"streetAddress\":\"Carrer de Josep Maria Llad\u00f3, 3,, Sarri\u00e0-Sant Gervasi,\",\"addressLocality\":\"Barcelona\",\"postalCode\":\"08035\",\"addressRegion\":\"Activo\",\"addressCountry\":\"ES\"},{\"@type\":\"ImageObject\",\"inLanguage\":\"es\",\"@id\":\"https:\/\/amiq.cat\/es\/nuestras-clinicas\/amiq-causse-clinic\/#local-main-organization-logo\",\"url\":\"https:\/\/amiq.cat\/wp-content\/uploads\/2024\/07\/logo-amiq-300.png\",\"contentUrl\":\"https:\/\/amiq.cat\/wp-content\/uploads\/2024\/07\/logo-amiq-300.png\",\"width\":400,\"height\":92,\"caption\":\"Agrupaci\u00f3 M\u00e8dica i Quir\u00fargica\"}]}<\/script>\n<meta name=\"geo.placename\" content=\"Barcelona\" \/>\n<meta name=\"geo.region\" content=\"Espa\u00f1a\" \/>\n<!-- \/ Yoast SEO Premium plugin. -->","yoast_head_json":{"title":"AMiQ Causse Clinic &#8211; AMiQ","robots":{"index":"index","follow":"follow","max-snippet":"max-snippet:-1","max-image-preview":"max-image-preview:large","max-video-preview":"max-video-preview:-1"},"canonical":"https:\/\/amiq.cat\/es\/nuestras-clinicas\/amiq-causse-clinic\/","schema":{"@context":"https:\/\/schema.org","@graph":[{"@type":"WebPage","@id":"https:\/\/amiq.cat\/es\/nuestras-clinicas\/amiq-causse-clinic\/","url":"https:\/\/amiq.cat\/es\/nuestras-clinicas\/amiq-causse-clinic\/","name":"AMiQ Causse Clinic &#8211; AMiQ","isPartOf":{"@id":"https:\/\/amiq.cat\/es\/#website"},"primaryImageOfPage":{"@id":"https:\/\/amiq.cat\/es\/nuestras-clinicas\/amiq-causse-clinic\/#primaryimage"},"image":{"@id":"https:\/\/amiq.cat\/es\/nuestras-clinicas\/amiq-causse-clinic\/#primaryimage"},"thumbnailUrl":"https:\/\/amiq.cat\/wp-content\/uploads\/2024\/02\/Causse-edificio-1.jpeg","datePublished":"2024-01-29T06:35:17+00:00","dateModified":"2025-11-19T21:10:11+00:00","breadcrumb":{"@id":"https:\/\/amiq.cat\/es\/nuestras-clinicas\/amiq-causse-clinic\/#breadcrumb"},"inLanguage":"es","potentialAction":[{"@type":"ReadAction","target":["https:\/\/amiq.cat\/es\/nuestras-clinicas\/amiq-causse-clinic\/"]}]},{"@type":"ImageObject","inLanguage":"es","@id":"https:\/\/amiq.cat\/es\/nuestras-clinicas\/amiq-causse-clinic\/#primaryimage","url":"https:\/\/amiq.cat\/wp-content\/uploads\/2024\/02\/Causse-edificio-1.jpeg","contentUrl":"https:\/\/amiq.cat\/wp-content\/uploads\/2024\/02\/Causse-edificio-1.jpeg"},{"@type":"BreadcrumbList","@id":"https:\/\/amiq.cat\/es\/nuestras-clinicas\/amiq-causse-clinic\/#breadcrumb","itemListElement":[{"@type":"ListItem","position":1,"name":"Portada","item":"https:\/\/amiq.cat\/es\/"},{"@type":"ListItem","position":2,"name":"Nuestras Cl\u00ednicas","item":"https:\/\/amiq.cat\/es\/nuestras-clinicas\/"},{"@type":"ListItem","position":3,"name":"AMiQ Causse Clinic"}]},{"@type":"WebSite","@id":"https:\/\/amiq.cat\/es\/#website","url":"https:\/\/amiq.cat\/es\/","name":"AMiQ","description":"Agrupaci\u00f3 M\u00e8dica i Quir\u00fargica","publisher":{"@id":"https:\/\/amiq.cat\/es\/#organization"},"alternateName":"AMiQ","potentialAction":[{"@type":"SearchAction","target":{"@type":"EntryPoint","urlTemplate":"https:\/\/amiq.cat\/es\/?s={search_term_string}"},"query-input":{"@type":"PropertyValueSpecification","valueRequired":true,"valueName":"search_term_string"}}],"inLanguage":"es"},{"@type":["Organization","Place","MedicalClinic"],"@id":"https:\/\/amiq.cat\/es\/#organization","name":"Agrupaci\u00f3 M\u00e8dica i Quir\u00fargica","alternateName":"AMIQ","url":"https:\/\/amiq.cat\/es\/","logo":{"@id":"https:\/\/amiq.cat\/es\/nuestras-clinicas\/amiq-causse-clinic\/#local-main-organization-logo"},"image":{"@id":"https:\/\/amiq.cat\/es\/nuestras-clinicas\/amiq-causse-clinic\/#local-main-organization-logo"},"description":"Entidad especializada en soluciones aseguradoras para profesionales sanitarios, ofreciendo coberturas adaptadas a las necesidades m\u00e9dicas y quir\u00fargicas. Con una amplia experiencia en el sector, destaca por su compromiso con la protecci\u00f3n integral, la gesti\u00f3n eficiente de riesgos y un servicio cercano y personalizado. Su enfoque combina innovaci\u00f3n, confianza y respaldo profesional, convirti\u00e9ndola en una opci\u00f3n s\u00f3lida para quienes buscan seguridad y tranquilidad en el ejercicio de la pr\u00e1ctica sanitaria.","legalName":"Agrupaci\u00f3 M\u00e8dica i Quir\u00fargica","numberOfEmployees":{"@type":"QuantitativeValue","minValue":"11","maxValue":"50"},"address":{"@id":"https:\/\/amiq.cat\/es\/nuestras-clinicas\/amiq-causse-clinic\/#local-main-place-address"},"telephone":["93 122 3615"],"openingHoursSpecification":[]},{"@type":"PostalAddress","@id":"https:\/\/amiq.cat\/es\/nuestras-clinicas\/amiq-causse-clinic\/#local-main-place-address","streetAddress":"Carrer de Josep Maria Llad\u00f3, 3,, Sarri\u00e0-Sant Gervasi,","addressLocality":"Barcelona","postalCode":"08035","addressRegion":"Activo","addressCountry":"ES"},{"@type":"ImageObject","inLanguage":"es","@id":"https:\/\/amiq.cat\/es\/nuestras-clinicas\/amiq-causse-clinic\/#local-main-organization-logo","url":"https:\/\/amiq.cat\/wp-content\/uploads\/2024\/07\/logo-amiq-300.png","contentUrl":"https:\/\/amiq.cat\/wp-content\/uploads\/2024\/07\/logo-amiq-300.png","width":400,"height":92,"caption":"Agrupaci\u00f3 M\u00e8dica i Quir\u00fargica"}]},"geo.placename":"Barcelona","geo.region":"Espa\u00f1a"},"_links":{"self":[{"href":"https:\/\/amiq.cat\/es\/wp-json\/wp\/v2\/pages\/10827","targetHints":{"allow":["GET"]}}],"collection":[{"href":"https:\/\/amiq.cat\/es\/wp-json\/wp\/v2\/pages"}],"about":[{"href":"https:\/\/amiq.cat\/es\/wp-json\/wp\/v2\/types\/page"}],"author":[{"embeddable":true,"href":"https:\/\/amiq.cat\/es\/wp-json\/wp\/v2\/users\/3"}],"replies":[{"embeddable":true,"href":"https:\/\/amiq.cat\/es\/wp-json\/wp\/v2\/comments?post=10827"}],"version-history":[{"count":10,"href":"https:\/\/amiq.cat\/es\/wp-json\/wp\/v2\/pages\/10827\/revisions"}],"predecessor-version":[{"id":13242,"href":"https:\/\/amiq.cat\/es\/wp-json\/wp\/v2\/pages\/10827\/revisions\/13242"}],"up":[{"embeddable":true,"href":"https:\/\/amiq.cat\/es\/wp-json\/wp\/v2\/pages\/11285"}],"wp:attachment":[{"href":"https:\/\/amiq.cat\/es\/wp-json\/wp\/v2\/media?parent=10827"}],"wp:term":[{"taxonomy":"category","embeddable":true,"href":"https:\/\/amiq.cat\/es\/wp-json\/wp\/v2\/categories?post=10827"},{"taxonomy":"post_tag","embeddable":true,"href":"https:\/\/amiq.cat\/es\/wp-json\/wp\/v2\/tags?post=10827"}],"curies":[{"name":"wp","href":"https:\/\/api.w.org\/{rel}","templated":true}]}}