{"id":10837,"date":"2024-01-29T06:36:37","date_gmt":"2024-01-29T06:36:37","guid":{"rendered":"https:\/\/wetopi.com\/?page_id=10837"},"modified":"2025-10-20T13:28:32","modified_gmt":"2025-10-20T11:28:32","slug":"aviso-legal","status":"publish","type":"page","link":"https:\/\/amiq.cat\/es\/aviso-legal\/","title":{"rendered":"Aviso Legal"},"content":{"rendered":"\n\n\t<p><a href=\"https:\/\/amiq.cat\">Inicio<\/a><\/p>\n\t<p><\/p>\n<h1 class=\"wp-block-heading\">Aviso Legal y condiciones de uso<\/h1>\n<h3>DATOS IDENTIFICATIVOS<\/h3>\n<p> <\/p>\n<p>En cumplimiento con el deber de informacio\u0301n recogido en el arti\u0301culo 10 de la Ley 34\/2002, de 11 de julio, de Servicios de la Sociedad de la Informacio\u0301n y del Comercio Electro\u0301nico, a continuacio\u0301n se reflejan los siguientes datos:<\/p>\n<p> <\/p>\n<p>La empresa titular de esta website es \u00abAgrupacio\u0301 Me\u0301dica i Quiru\u0301rgica DTXEUS, S.L.\u00bb, con domicilio en C\/ Sabino de Arana 5-19, Planta 1a, Despacho 1.4, 08028 de Barcelona, con nu\u0301mero de CIF: B-64782618, inscrita en el Registro Mercantil de Barcelona al tomo 41.723, folio 139, hoja B-394672, inscripcio\u0301n 1a. Correo electro\u0301nico de contacto info@amiq.cat.<\/p>\n<p> <\/p>\n<p>La informacio\u0301n contenida en www.amiq.cat constituye un servicio de informacio\u0301n de los diversos servicios que ofrece \u00abAgrupacio\u0301 Me\u0301dica i Quiru\u0301rgica DTXEUS, S.L.\u00bb (en adelante \u00abAmiq\u00bb) agrupacio\u0301n dedicada al sector sanitario, especialmente en las ramas de alergologi\u0301a y otorrino, entre otros servicios relacionados.<\/p>\n<p> <\/p>\n<h3 class=\"wp-block-heading\">ACEPTACIO\u0301N DE LAS CONDICIONES DE USO<\/h3>\n<p> <\/p>\n<p>El acceso a la Web www.amiq.cat exige la aceptacio\u0301n de las condiciones de uso, su poli\u0301tica y aviso legal que en cada momento se encuentren vigentes en e\u0301sta Web sin necesidad de previo aviso, a excepcio\u0301n de que se produzcan variaciones substanciales. El hecho de navegar o utilizar dicho soporte, unido a la marcacio\u0301n de los check-ins en los distintos formularios, supone la aceptacio\u0301n inequi\u0301voca de estas, cuando se facilitan datos de contacto.<\/p>\n<p> <\/p>\n<h3 class=\"wp-block-heading\">PROPIEDAD INTELECTUAL<\/h3>\n<p> <\/p>\n<p>El co\u0301digo fuente, los disen\u0303os gra\u0301ficos, las ima\u0301genes, las fotografi\u0301as, las animaciones, el software, los textos, asi\u0301 como la informacio\u0301n y los contenidos que se recogen en www.amiq.cat esta\u0301n protegidos por la legislacio\u0301n espan\u0303ola sobre los derechos de propiedad intelectual e industrial a favor de \u00abAmiq\u00bb, y no se permite, la reproduccio\u0301n total o parcial de e\u0301sta Web, ni su tratamiento informa\u0301tico, comunicacio\u0301n pu\u0301blica, distribucio\u0301n, difusio\u0301n, modificacio\u0301n, transformacio\u0301n o descompilacio\u0301n, sin el permiso previo y por escrito de su titular, \u00abAmiq\u00bb de conformidad con lo dispuesto en los arti\u0301culos 8 y 32 pa\u0301rrafo segundo de la Ley de Propiedad Intelectual.<\/p>\n<p> <\/p>\n<p>El usuario, u\u0301nica y exclusivamente podra\u0301 utilizar el material que aparezca en e\u0301sta Web para su uso personal y privado, quedando prohibido su utilizacio\u0301n con fines comerciales o para incurrir en actividades ili\u0301citas. Todos los derechos derivados de la propiedad intelectual esta\u0301n expresamente reservados por \u00abAmiq\u00bb.<\/p>\n<p> <\/p>\n<p>\u00abAmiq\u00bb velara\u0301 por el cumplimiento de las anteriores condiciones y para la debida utilizacio\u0301n de los contenidos presentados en su portal, ejercitando todas las acciones civiles y penales que le correspondan en el caso de infraccio\u0301n o incumplimiento de e\u0301stos derechos por parte del usuario.<\/p>\n<p> <\/p>\n<h3 class=\"wp-block-heading\">PROTECCIO\u0301N DE DATOS DE CARA\u0301CTER PERSONAL<\/h3>\n<p> <\/p>\n<p>El acceso a la pa\u0301gina Web o su uso no implica una recogida de datos personales del usuario por parte de \u00abAmiq\u00bb. No obstante, se comunica que, en el caso de que \u00abAmiq\u00bb solicite datos personales, se recogera\u0301 debidamente el consentimiento y se informara\u0301 debidamente al usuario conforme a lo establecido en el arti\u0301culo 13 del Reglamento Europeo 2016\/679 de 27 de abril (RGPD), de Proteccio\u0301n de Datos de Cara\u0301cter Personal. (Formularios de contacto o bien cualquier solicitud de servicios).<\/p>\n<p> <\/p>\n<p>Los Datos Personales que se recogen en los formularios de solicitud de informacio\u0301n de \u00abAmiq\u00bb sera\u0301n objeto de tratamiento mixto y se incorporaran a los correspondientes tratamientos, de los cuales la titularidad corresponde a \u00abAmiq\u00bb.<\/p>\n<p> <\/p>\n<p>La recogida y tratamiento mixto de los Datos de Cara\u0301cter Personal tiene como finalidad el mantenimiento de la relacio\u0301n solicitada que en su caso se establezca con \u00abAmiq\u00bb, asi\u0301 como la gestio\u0301n, administracio\u0301n, informacio\u0301n, prestacio\u0301n y mejora de los servicios que el usuario decida solicitar o contratar.<\/p>\n<p> <\/p>\n<p>Esta parte no asume ninguna responsabilidad por la falsedad de la informacio\u0301n facilitada pudiendo y no renunciando, a las acciones que pudiere derivar dicha accio\u0301n.<\/p>\n<p> <\/p>\n<p>\u00abAmiq\u00bb ha tomado las medidas de i\u0301ndole te\u0301cnica y organizativa necesarias para garantizar la seguridad de los datos y evitar su alteracio\u0301n, pe\u0301rdida, tratamiento o acceso no autorizado, teniendo en cuenta el estado de la tecnologi\u0301a, la naturaleza de los datos almacenados y los riesgos a que se encuentran expuestos, ya provengan de la accio\u0301n humana o del medio fi\u0301sico o natural. Se adoptara\u0301n las medidas de i\u0301ndole te\u0301cnicas y organizativas que persigan alcanzar los objetivos ba\u0301sicos en materia de seguridad, como son: la confidencialidad, entendida como la limitacio\u0301n de acceso a la informacio\u0301n por personas no autorizadas; la integridad, entendida como el mantenimiento de la informacio\u0301n fiable y con calidad, y la disponibilidad, entendida como la garanti\u0301a de acceso al Sistema de Informacio\u0301n por la solicitud de un usuario autorizado.<\/p>\n<p> <\/p>\n<p>La agrupacio\u0301n no realiza cesiones en la actualidad con sus datos. En su caso, cualquier posible cesio\u0301n estara\u0301 amparada en el obligado cumplimiento de la legislacio\u0301n o bien en su consentimiento expli\u0301cito.<\/p>\n<p> <\/p>\n<p>En la poli\u0301tica de privacidad, documento que complementa el presente, se detallan los tratamientos y finalidades de los datos que Usted nos pueda facilitar.<\/p>\n<p> <\/p>\n<p><strong>COOKIES<\/strong><\/p>\n<p> <\/p>\n<p>Las cookies son pequen\u0303os archivos que nuestro ordenador trasmite al suyo, pero que no nos proporciona informacio\u0301n ni sobre su nombre, ni sobre cualquier otro dato de cara\u0301cter personal. El uso de cokkies en la Web \u00abAmiq\u00bb se limita u\u0301nica y exclusivamente a efectos de funcionamiento, seguridad y estadi\u0301sticos. Las cookies que utilizamos no pueden leer datos de su ordenador ni leer las cookies que existieran en su ordenador de otras pa\u0301ginas Web. Si quiere puede configurar su navegador para que le avise en pantalla que va ha recibir una cookie. Si el usuario decide que su ordenador no reciba e\u0301stas cookies, esto no impedira\u0301 que se pueda acceder a la informacio\u0301n de la pa\u0301gina www.amiq.cat. (El contenido de cookies lo encontrara\u0301 en Poli\u0301tica de cookies).<\/p>\n<p> <\/p>\n<h3 class=\"wp-block-heading\">REGISTRO Y CONTRASEN\u0303AS DE ACCESO<\/h3>\n<p> <\/p>\n<p>\u00abAmiq\u00bb proporciona la posibilidad de registrarse a sus clientes, cumplimentando un formulario, donde se debe facilitar, nombre completo, email y una contrasen\u0303a de acceso, la cual es u\u0301nica, personal e intransferible, siendo condicio\u0301n necesaria para acceder a determinados servicios incluidos en la Web.<\/p>\n<p> <\/p>\n<p>El usuario se compromete a preservar la confidencialidad de su contrasen\u0303a, pudiendo solicitar su modificacio\u0301n en caso de pe\u0301rdida, conocimiento por otras personas o cualquier otra circunstancia que impida o dificulte el normal funcionamiento de su acceso, a trave\u0301s de la opcio\u0301n Editar Perfil.<\/p>\n<p> <\/p>\n<p>\u00abAmiq\u00bb se reserva el derecho a anular discrecionalmente la contrasen\u0303a de acceso de algu\u0301n usuario cuando concurran circunstancias de las que se presuman utilizaciones ili\u0301citas.<\/p>\n<p> <\/p>\n<p>El usuario asume la plena responsabilidad y, por tanto, todas las obligaciones que se deriven del uso de los diferentes servicios a los que se accede con clave de acceso o por la utilizacio\u0301n que de ellos realicen terceras personas accediendo con la contrasen\u0303a del usuario.<\/p>\n<p> <\/p>\n<h3 class=\"wp-block-heading\">LIMITACIO\u0301N DE LA RESPONSABILIDAD<\/h3>\n<p> <\/p>\n<p>\u00abAmiq\u00bb no se responsabiliza de los posibles dan\u0303os o perjuicios que puedan suceder como consecuencia del uso de los contenidos de las Web, siendo de exclusiva responsabilidad del usuario que acceda a las mismas.<\/p>\n<p> <\/p>\n<p>En el mismo sentido, \u00abAmiq\u00bb no se responsabiliza de los posibles perjuicios que se puedan derivar del uso de una versio\u0301n no actualizada o defectuosa del navegador, de interrupciones en la conexio\u0301n que se produzcan durante la transmisio\u0301n de datos, virus informa\u0301ticos, averi\u0301as o desconexiones en el funcionamiento del sistema telema\u0301tico, de bloqueos causados por deficiencias o sobrecargas de las li\u0301neas telefo\u0301nicas, asi\u0301 como de dan\u0303os provocados por terceras personas mediante intromisiones no autorizadas.<\/p>\n<p> <\/p>\n<p>La Web de \u00abAmiq\u00bb no contiene enlaces a otras pa\u0301ginas Web que pueden resultar de intere\u0301s para los usuarios. \u00abAmiq\u00bb, en su caso, no asume ninguna responsabilidad sobre estos enlaces, no pudie\u0301ndose garantizar el cumplimiento de Poli\u0301ticas de Privacidad adecuadas, motivo por el cual el usuario accede al contenido de las referidas pa\u0301ginas Web en las condiciones de uso que se fijen en las mismas y bajo su exclusiva responsabilidad.<\/p>\n<p> <\/p>\n<p>\u00abAmiq\u00bb no se hace responsable del incumplimiento de cualquier norma aplicable en que pueda incurrir el usuario en su acceso a la Web www.amiq.cat y\/o en el uso de las informaciones contenidas en ella.<\/p>\n<p> <\/p>\n<p>\u00abAmiq\u00bb se reserva el derecho a interrumpir o denegar discrecionalmente, en cualquier momento y sin necesidad de previo aviso, el acceso de cualquier usuario a los contenidos de acceso restringido, cuando concurran alguna de les circunstancias descritas.<\/p>\n<p> <\/p>\n<h3 class=\"wp-block-heading\">RESPONSABILIDAD<\/h3>\n<p> <\/p>\n<p>En definitiva, el usuario es el u\u0301nico responsable del uso que realice de los servicios, contenidos, enlaces (links) e hipertextos incluidos en la Web www.amiq.cat.<\/p>\n<p> <\/p>\n<h3 class=\"wp-block-heading\">POLITICA DE PRIVACIDAD<\/h3>\n<p> <\/p>\n<p>Los Datos de Cara\u0301cter Personal recabados mediante los diferentes formularios de las Web esta\u0301n sujetos a los te\u0301rminos recogidos en nuestra Poli\u0301tica de Privacidad.<\/p>\n<p> <\/p>\n<h3 class=\"wp-block-heading\">RESERVA<\/h3>\n<p> <\/p>\n<p>\u00abAmiq\u00bb se reserva la facultad en todo momento, sin necesidad de previo aviso, de efectuar modificaciones y actualizaciones de la informacio\u0301n contenida en sus Web o en su configuracio\u0301n y presentacio\u0301n. Asimismo, se reserva el derecho a suspender temporalmente, y sin que sea necesario previo aviso, la accesibilidad a las Web por razones de eventual necesidad y para efectuar operaciones de mantenimiento, reparacio\u0301n o mejora.<\/p>\n<p> <\/p>\n<p>\u00abAmiq\u00bb se reserva el derecho a incluir o retirar total o parcialmente de sus Web, cualquier informacio\u0301n a su exclusiva discrecio\u0301n.<\/p>\n<p> <\/p>\n<h3 class=\"wp-block-heading\">LEY APLICABLE Y JURISDICCIO\u0301N<\/h3>\n<p> <\/p>\n<p>Para todas aquellas cuestiones que se puedan suscitar con motivo de interpretacio\u0301n, ejecucio\u0301n o eventual incumplimiento de las presentes condiciones de utilizacio\u0301n, los usuarios, con renuncia a su propio fuero, y con independencia del lugar donde se suscite cualquier disputa, se sometera\u0301n expresamente a la competencia y jurisdiccio\u0301n de los juzgados y tribunales de Barcelona.<\/p>\n<p> <\/p>\n<p>Las presentes condiciones se regira\u0301n, en todo caso, por la legislacio\u0301n espan\u0303ola.<\/p>\n<p> <\/p>\n<p>\u00a9 2023 &#8211; \u00abAgrupacio\u0301 Me\u0301dica i Quiru\u0301rgica DTXEUS, S.L.\u00bb<\/p>\n<p> <\/p>\n<p>U\u0301ltima revisio\u0301n, 23 de marzo 2023 Todos los derechos reservados.<\/p>\n<p><\/p>\n\n","protected":false},"excerpt":{"rendered":"<p>Inicio Aviso Legal y condiciones de uso DATOS IDENTIFICATIVOS En cumplimiento con el deber de informacio\u0301n recogido en el arti\u0301culo 10 de la Ley 34\/2002, de 11 de julio, de Servicios de la Sociedad de la Informacio\u0301n y del Comercio Electro\u0301nico, a continuacio\u0301n se reflejan los siguientes datos: La empresa titular de esta website es&hellip;<\/p>\n","protected":false},"author":3,"featured_media":0,"parent":0,"menu_order":18,"comment_status":"closed","ping_status":"closed","template":"","meta":{"_exactmetrics_skip_tracking":false,"_exactmetrics_sitenote_active":false,"_exactmetrics_sitenote_note":"","_exactmetrics_sitenote_category":0,"_monsterinsights_skip_tracking":true,"_monsterinsights_sitenote_active":false,"_monsterinsights_sitenote_note":"","_monsterinsights_sitenote_category":0,"_uf_show_specific_survey":0,"_uf_disable_surveys":false,"footnotes":""},"categories":[],"tags":[],"class_list":["post-10837","page","type-page","status-publish","hentry"],"aioseo_notices":[],"yoast_head":"<!-- This site is optimized with the Yoast SEO Premium plugin v26.4 (Yoast SEO v26.4) - https:\/\/yoast.com\/wordpress\/plugins\/seo\/ -->\n<title>Aviso Legal &#8211; AMiQ<\/title>\n<meta name=\"robots\" content=\"noindex, nofollow\" \/>\n<script type=\"application\/ld+json\" class=\"yoast-schema-graph\">{\"@context\":\"https:\/\/schema.org\",\"@graph\":[{\"@type\":\"WebPage\",\"@id\":\"https:\/\/amiq.cat\/es\/aviso-legal\/\",\"url\":\"https:\/\/amiq.cat\/es\/aviso-legal\/\",\"name\":\"Aviso Legal &#8211; AMiQ\",\"isPartOf\":{\"@id\":\"https:\/\/amiq.cat\/es\/#website\"},\"datePublished\":\"2024-01-29T06:36:37+00:00\",\"dateModified\":\"2025-10-20T11:28:32+00:00\",\"breadcrumb\":{\"@id\":\"https:\/\/amiq.cat\/es\/aviso-legal\/#breadcrumb\"},\"inLanguage\":\"es\",\"potentialAction\":[{\"@type\":\"ReadAction\",\"target\":[\"https:\/\/amiq.cat\/es\/aviso-legal\/\"]}]},{\"@type\":\"BreadcrumbList\",\"@id\":\"https:\/\/amiq.cat\/es\/aviso-legal\/#breadcrumb\",\"itemListElement\":[{\"@type\":\"ListItem\",\"position\":1,\"name\":\"Portada\",\"item\":\"https:\/\/amiq.cat\/es\/\"},{\"@type\":\"ListItem\",\"position\":2,\"name\":\"Aviso Legal\"}]},{\"@type\":\"WebSite\",\"@id\":\"https:\/\/amiq.cat\/es\/#website\",\"url\":\"https:\/\/amiq.cat\/es\/\",\"name\":\"AMiQ\",\"description\":\"Agrupaci\u00f3 M\u00e8dica i Quir\u00fargica\",\"publisher\":{\"@id\":\"https:\/\/amiq.cat\/es\/#organization\"},\"alternateName\":\"AMiQ\",\"potentialAction\":[{\"@type\":\"SearchAction\",\"target\":{\"@type\":\"EntryPoint\",\"urlTemplate\":\"https:\/\/amiq.cat\/es\/?s={search_term_string}\"},\"query-input\":{\"@type\":\"PropertyValueSpecification\",\"valueRequired\":true,\"valueName\":\"search_term_string\"}}],\"inLanguage\":\"es\"},{\"@type\":[\"Organization\",\"Place\",\"MedicalClinic\"],\"@id\":\"https:\/\/amiq.cat\/es\/#organization\",\"name\":\"Agrupaci\u00f3 M\u00e8dica i Quir\u00fargica\",\"alternateName\":\"AMIQ\",\"url\":\"https:\/\/amiq.cat\/es\/\",\"logo\":{\"@id\":\"https:\/\/amiq.cat\/es\/aviso-legal\/#local-main-organization-logo\"},\"image\":{\"@id\":\"https:\/\/amiq.cat\/es\/aviso-legal\/#local-main-organization-logo\"},\"description\":\"Entidad especializada en soluciones aseguradoras para profesionales sanitarios, ofreciendo coberturas adaptadas a las necesidades m\u00e9dicas y quir\u00fargicas. Con una amplia experiencia en el sector, destaca por su compromiso con la protecci\u00f3n integral, la gesti\u00f3n eficiente de riesgos y un servicio cercano y personalizado. Su enfoque combina innovaci\u00f3n, confianza y respaldo profesional, convirti\u00e9ndola en una opci\u00f3n s\u00f3lida para quienes buscan seguridad y tranquilidad en el ejercicio de la pr\u00e1ctica sanitaria.\",\"legalName\":\"Agrupaci\u00f3 M\u00e8dica i Quir\u00fargica\",\"numberOfEmployees\":{\"@type\":\"QuantitativeValue\",\"minValue\":\"11\",\"maxValue\":\"50\"},\"address\":{\"@id\":\"https:\/\/amiq.cat\/es\/aviso-legal\/#local-main-place-address\"},\"telephone\":[\"93 122 3615\"],\"openingHoursSpecification\":[]},{\"@type\":\"PostalAddress\",\"@id\":\"https:\/\/amiq.cat\/es\/aviso-legal\/#local-main-place-address\",\"streetAddress\":\"Carrer de Josep Maria Llad\u00f3, 3,, Sarri\u00e0-Sant Gervasi,\",\"addressLocality\":\"Barcelona\",\"postalCode\":\"08035\",\"addressRegion\":\"Activo\",\"addressCountry\":\"ES\"},{\"@type\":\"ImageObject\",\"inLanguage\":\"es\",\"@id\":\"https:\/\/amiq.cat\/es\/aviso-legal\/#local-main-organization-logo\",\"url\":\"https:\/\/amiq.cat\/wp-content\/uploads\/2024\/07\/logo-amiq-300.png\",\"contentUrl\":\"https:\/\/amiq.cat\/wp-content\/uploads\/2024\/07\/logo-amiq-300.png\",\"width\":400,\"height\":92,\"caption\":\"Agrupaci\u00f3 M\u00e8dica i Quir\u00fargica\"}]}<\/script>\n<meta name=\"geo.placename\" content=\"Barcelona\" \/>\n<meta name=\"geo.region\" content=\"Espa\u00f1a\" \/>\n<!-- \/ Yoast SEO Premium plugin. -->","yoast_head_json":{"title":"Aviso Legal &#8211; AMiQ","robots":{"index":"noindex","follow":"nofollow"},"schema":{"@context":"https:\/\/schema.org","@graph":[{"@type":"WebPage","@id":"https:\/\/amiq.cat\/es\/aviso-legal\/","url":"https:\/\/amiq.cat\/es\/aviso-legal\/","name":"Aviso Legal &#8211; AMiQ","isPartOf":{"@id":"https:\/\/amiq.cat\/es\/#website"},"datePublished":"2024-01-29T06:36:37+00:00","dateModified":"2025-10-20T11:28:32+00:00","breadcrumb":{"@id":"https:\/\/amiq.cat\/es\/aviso-legal\/#breadcrumb"},"inLanguage":"es","potentialAction":[{"@type":"ReadAction","target":["https:\/\/amiq.cat\/es\/aviso-legal\/"]}]},{"@type":"BreadcrumbList","@id":"https:\/\/amiq.cat\/es\/aviso-legal\/#breadcrumb","itemListElement":[{"@type":"ListItem","position":1,"name":"Portada","item":"https:\/\/amiq.cat\/es\/"},{"@type":"ListItem","position":2,"name":"Aviso Legal"}]},{"@type":"WebSite","@id":"https:\/\/amiq.cat\/es\/#website","url":"https:\/\/amiq.cat\/es\/","name":"AMiQ","description":"Agrupaci\u00f3 M\u00e8dica i Quir\u00fargica","publisher":{"@id":"https:\/\/amiq.cat\/es\/#organization"},"alternateName":"AMiQ","potentialAction":[{"@type":"SearchAction","target":{"@type":"EntryPoint","urlTemplate":"https:\/\/amiq.cat\/es\/?s={search_term_string}"},"query-input":{"@type":"PropertyValueSpecification","valueRequired":true,"valueName":"search_term_string"}}],"inLanguage":"es"},{"@type":["Organization","Place","MedicalClinic"],"@id":"https:\/\/amiq.cat\/es\/#organization","name":"Agrupaci\u00f3 M\u00e8dica i Quir\u00fargica","alternateName":"AMIQ","url":"https:\/\/amiq.cat\/es\/","logo":{"@id":"https:\/\/amiq.cat\/es\/aviso-legal\/#local-main-organization-logo"},"image":{"@id":"https:\/\/amiq.cat\/es\/aviso-legal\/#local-main-organization-logo"},"description":"Entidad especializada en soluciones aseguradoras para profesionales sanitarios, ofreciendo coberturas adaptadas a las necesidades m\u00e9dicas y quir\u00fargicas. Con una amplia experiencia en el sector, destaca por su compromiso con la protecci\u00f3n integral, la gesti\u00f3n eficiente de riesgos y un servicio cercano y personalizado. Su enfoque combina innovaci\u00f3n, confianza y respaldo profesional, convirti\u00e9ndola en una opci\u00f3n s\u00f3lida para quienes buscan seguridad y tranquilidad en el ejercicio de la pr\u00e1ctica sanitaria.","legalName":"Agrupaci\u00f3 M\u00e8dica i Quir\u00fargica","numberOfEmployees":{"@type":"QuantitativeValue","minValue":"11","maxValue":"50"},"address":{"@id":"https:\/\/amiq.cat\/es\/aviso-legal\/#local-main-place-address"},"telephone":["93 122 3615"],"openingHoursSpecification":[]},{"@type":"PostalAddress","@id":"https:\/\/amiq.cat\/es\/aviso-legal\/#local-main-place-address","streetAddress":"Carrer de Josep Maria Llad\u00f3, 3,, Sarri\u00e0-Sant Gervasi,","addressLocality":"Barcelona","postalCode":"08035","addressRegion":"Activo","addressCountry":"ES"},{"@type":"ImageObject","inLanguage":"es","@id":"https:\/\/amiq.cat\/es\/aviso-legal\/#local-main-organization-logo","url":"https:\/\/amiq.cat\/wp-content\/uploads\/2024\/07\/logo-amiq-300.png","contentUrl":"https:\/\/amiq.cat\/wp-content\/uploads\/2024\/07\/logo-amiq-300.png","width":400,"height":92,"caption":"Agrupaci\u00f3 M\u00e8dica i Quir\u00fargica"}]},"geo.placename":"Barcelona","geo.region":"Espa\u00f1a"},"_links":{"self":[{"href":"https:\/\/amiq.cat\/es\/wp-json\/wp\/v2\/pages\/10837","targetHints":{"allow":["GET"]}}],"collection":[{"href":"https:\/\/amiq.cat\/es\/wp-json\/wp\/v2\/pages"}],"about":[{"href":"https:\/\/amiq.cat\/es\/wp-json\/wp\/v2\/types\/page"}],"author":[{"embeddable":true,"href":"https:\/\/amiq.cat\/es\/wp-json\/wp\/v2\/users\/3"}],"replies":[{"embeddable":true,"href":"https:\/\/amiq.cat\/es\/wp-json\/wp\/v2\/comments?post=10837"}],"version-history":[{"count":7,"href":"https:\/\/amiq.cat\/es\/wp-json\/wp\/v2\/pages\/10837\/revisions"}],"predecessor-version":[{"id":14122,"href":"https:\/\/amiq.cat\/es\/wp-json\/wp\/v2\/pages\/10837\/revisions\/14122"}],"wp:attachment":[{"href":"https:\/\/amiq.cat\/es\/wp-json\/wp\/v2\/media?parent=10837"}],"wp:term":[{"taxonomy":"category","embeddable":true,"href":"https:\/\/amiq.cat\/es\/wp-json\/wp\/v2\/categories?post=10837"},{"taxonomy":"post_tag","embeddable":true,"href":"https:\/\/amiq.cat\/es\/wp-json\/wp\/v2\/tags?post=10837"}],"curies":[{"name":"wp","href":"https:\/\/api.w.org\/{rel}","templated":true}]}}