{"id":10860,"date":"2024-01-29T06:45:38","date_gmt":"2024-01-29T06:45:38","guid":{"rendered":"https:\/\/wetopi.com\/?page_id=10860"},"modified":"2025-10-20T13:27:37","modified_gmt":"2025-10-20T11:27:37","slug":"formacion-medica-continuada","status":"publish","type":"page","link":"https:\/\/amiq.cat\/es\/formacion-medica-continuada\/","title":{"rendered":"Formaci\u00f3n m\u00e9dica continuada"},"content":{"rendered":"\n\n\t\t<h1>AMiQ &#8211; Formaci\u00f3n<\/h1>\n\t\t\t<h4>Formaci\u00f3n M\u00e9dica Contiuada<\/h4>\t\t\n<h2>AMiQ Formaci\u00f3n M\u00e9dica<\/h2>\n<p><strong>Agrupaci\u00f3n M\u00e9dica y Quir\u00fargica (AMiQ)<\/strong> ostenta un convenio con <strong>Raquel Fundaci\u00f3n<\/strong> para potenciar la formaci\u00f3n continuada desde Especialistas en Otorrinolaringolog\u00eda mediante cursos, jornadas cient\u00edficas, rotaciones m\u00e9dicas&#8230;<\/p>\n<p>Los programas de Rotaciones M\u00e9dicas est\u00e1n bajo la supervisi\u00f3n del departamento de Docencia del Hospital Universitario Dexeus y se articulan mediante <a href=\"https:\/\/www.amiq.cat\/es\/raquel-fundacion-amiq\/\"><b>Raquel Fundaci\u00f3n AMiQ<\/b><\/a>.<\/p>\n\t\t<ul>\n\t\t\t\t\t<li>\n\t\t\t\t\t<a href=\"https:\/\/amiq.cat\/wp-content\/uploads\/2024\/02\/Amiq-Otologia-Juny-2021.pdf\" target=\"_blank\" rel=\"noopener\">\n\t\t\t\t<h3>Curs te\u00f2ric-pr\u00e0ctic de fresat d&#8217;os temporal, cirurgia d&#8217;orella i base de crani lateral<\/h3>\n\t\t<p>Barcelona, 2, 3 y 4 de juny de 2021<\/p>\t\t\t\n\t<\/a>\n\t\t\t<\/li>\n\t\t\t\t\t<li>\n\t\t\t\t\t<a href=\"https:\/\/amiq.cat\/wp-content\/uploads\/2024\/02\/Otologia-1.pdf\" target=\"_blank\" rel=\"noopener\">\n\t\t\t\t<h3>Curs te\u00f2ric-pr\u00e0ctic de fresat d&#8217;os temporal, cirurgia d&#8217;orella i base de crani lateral<\/h3>\n\t\t<p>Barcelona, 4, 5 i 6 de juny de 2019<\/p>\t\t\t\n\t<\/a>\n\t\t\t<\/li>\n\t\t\t\t\t<li>\n\t\t\t\t\t<a href=\"https:\/\/amiq.cat\/wp-content\/uploads\/2024\/02\/otorinolaringologia-pediatrica-04-04-2019.pdf\" target=\"_blank\" rel=\"noopener\">\n\t\t\t\t<h3>Otorinolaringologia pedi\u00e0trica. Actualitzacions en Otologia<\/h3>\n\t\t<p>Barcelona, 4 d&#8217;abril de 2019<\/p>\t\t\t\n\t<\/a>\n\t\t\t<\/li>\n\t\t\t\t\t<li>\n\t\t\t\t\t<a href=\"https:\/\/amiq.cat\/wp-content\/uploads\/2024\/02\/cursfresat2018.pdf\" target=\"_blank\" rel=\"noopener\">\n\t\t\t\t<h3>Curs Te\u00f2ric-pr\u00e0ctic en fresat d\u00b4\u00f2s temporal, cirurgia d\u00b4o\u00efda i base de crani lateral<\/h3>\n\t\t<p>Barcelona, 30,31 de Maig i 1 de Juny de 2018<\/p>\t\t\t\n\t<\/a>\n\t\t\t<\/li>\n\t\t\t\t\t<li>\n\t\t\t\t\t<a href=\"https:\/\/amiq.cat\/wp-content\/uploads\/2024\/02\/curso-diseccion-hueso-temporal.jpg\" target=\"_blank\" rel=\"noopener\">\n\t\t\t\t<h3>Patologia Al\u00b7l\u00e8rgica Esof\u00e0gica<\/h3>\n\t\t<p>Barcelona,11 de Novembre 2016<\/p>\t\t\t\n\t<\/a>\n\t\t\t<\/li>\n\t\t\t\t\t<li>\n\t\t\t\t\t<a href=\"https:\/\/amiq.cat\/wp-content\/uploads\/2024\/02\/curso-diseccion-hueso-temporal.jpg\" target=\"_blank\" rel=\"noopener\">\n\t\t\t\t<h3>VI Curs AMIQ -Taller te\u00f2ric-pr\u00e0ctic en Disecci\u00f3 de l\u00b4Os Temporal<\/h3>\n\t\t<p>Barcelona, Novembre 2016<\/p>\t\t\t\n\t<\/a>\n\t\t\t<\/li>\n\t\t\t\t\t<li>\n\t\t\t\t\t<a href=\"https:\/\/amiq.cat\/wp-content\/uploads\/2024\/02\/formacio-curs-vertigen-2015-web.pdf\" target=\"_blank\" rel=\"noopener\">\n\t\t\t\t<h3>V Curs AMIQ -Taller te\u00f2ric &#8211; pr\u00e0ctic en Patologia Vestibular<\/h3>\n\t\t<p>Barcelona, 19 de Maig 2016<\/p>\t\t\t\n\t<\/a>\n\t\t\t<\/li>\n\t\t\t\t<\/ul>\n\n","protected":false},"excerpt":{"rendered":"<p>AMiQ &#8211; Formaci\u00f3n Formaci\u00f3n M\u00e9dica Contiuada AMiQ Formaci\u00f3n M\u00e9dica Agrupaci\u00f3n M\u00e9dica y Quir\u00fargica (AMiQ) ostenta un convenio con Raquel Fundaci\u00f3n para potenciar la formaci\u00f3n continuada desde Especialistas en Otorrinolaringolog\u00eda mediante cursos, jornadas cient\u00edficas, rotaciones m\u00e9dicas&#8230; Los programas de Rotaciones M\u00e9dicas est\u00e1n bajo la supervisi\u00f3n del departamento de Docencia del Hospital Universitario Dexeus y se articulan&hellip;<\/p>\n","protected":false},"author":3,"featured_media":0,"parent":0,"menu_order":11,"comment_status":"closed","ping_status":"closed","template":"","meta":{"_exactmetrics_skip_tracking":false,"_exactmetrics_sitenote_active":false,"_exactmetrics_sitenote_note":"","_exactmetrics_sitenote_category":0,"_monsterinsights_skip_tracking":false,"_monsterinsights_sitenote_active":false,"_monsterinsights_sitenote_note":"","_monsterinsights_sitenote_category":0,"_uf_show_specific_survey":0,"_uf_disable_surveys":false,"footnotes":""},"categories":[],"tags":[],"class_list":["post-10860","page","type-page","status-publish","hentry"],"aioseo_notices":[],"yoast_head":"<!-- This site is optimized with the Yoast SEO Premium plugin v26.4 (Yoast SEO v26.4) - https:\/\/yoast.com\/wordpress\/plugins\/seo\/ -->\n<title>Formaci\u00f3n m\u00e9dica continuada &#8211; AMiQ<\/title>\n<meta name=\"robots\" content=\"index, follow, max-snippet:-1, max-image-preview:large, max-video-preview:-1\" \/>\n<link rel=\"canonical\" href=\"https:\/\/amiq.cat\/es\/formacion-medica-continuada\/\" \/>\n<script type=\"application\/ld+json\" class=\"yoast-schema-graph\">{\"@context\":\"https:\/\/schema.org\",\"@graph\":[{\"@type\":\"WebPage\",\"@id\":\"https:\/\/amiq.cat\/es\/formacion-medica-continuada\/\",\"url\":\"https:\/\/amiq.cat\/es\/formacion-medica-continuada\/\",\"name\":\"Formaci\u00f3n m\u00e9dica continuada &#8211; AMiQ\",\"isPartOf\":{\"@id\":\"https:\/\/amiq.cat\/es\/#website\"},\"datePublished\":\"2024-01-29T06:45:38+00:00\",\"dateModified\":\"2025-10-20T11:27:37+00:00\",\"breadcrumb\":{\"@id\":\"https:\/\/amiq.cat\/es\/formacion-medica-continuada\/#breadcrumb\"},\"inLanguage\":\"es\",\"potentialAction\":[{\"@type\":\"ReadAction\",\"target\":[\"https:\/\/amiq.cat\/es\/formacion-medica-continuada\/\"]}]},{\"@type\":\"BreadcrumbList\",\"@id\":\"https:\/\/amiq.cat\/es\/formacion-medica-continuada\/#breadcrumb\",\"itemListElement\":[{\"@type\":\"ListItem\",\"position\":1,\"name\":\"Portada\",\"item\":\"https:\/\/amiq.cat\/es\/\"},{\"@type\":\"ListItem\",\"position\":2,\"name\":\"Formaci\u00f3n m\u00e9dica continuada\"}]},{\"@type\":\"WebSite\",\"@id\":\"https:\/\/amiq.cat\/es\/#website\",\"url\":\"https:\/\/amiq.cat\/es\/\",\"name\":\"AMiQ\",\"description\":\"Agrupaci\u00f3 M\u00e8dica i Quir\u00fargica\",\"publisher\":{\"@id\":\"https:\/\/amiq.cat\/es\/#organization\"},\"alternateName\":\"AMiQ\",\"potentialAction\":[{\"@type\":\"SearchAction\",\"target\":{\"@type\":\"EntryPoint\",\"urlTemplate\":\"https:\/\/amiq.cat\/es\/?s={search_term_string}\"},\"query-input\":{\"@type\":\"PropertyValueSpecification\",\"valueRequired\":true,\"valueName\":\"search_term_string\"}}],\"inLanguage\":\"es\"},{\"@type\":[\"Organization\",\"Place\",\"MedicalClinic\"],\"@id\":\"https:\/\/amiq.cat\/es\/#organization\",\"name\":\"Agrupaci\u00f3 M\u00e8dica i Quir\u00fargica\",\"alternateName\":\"AMIQ\",\"url\":\"https:\/\/amiq.cat\/es\/\",\"logo\":{\"@id\":\"https:\/\/amiq.cat\/es\/formacion-medica-continuada\/#local-main-organization-logo\"},\"image\":{\"@id\":\"https:\/\/amiq.cat\/es\/formacion-medica-continuada\/#local-main-organization-logo\"},\"description\":\"Entidad especializada en soluciones aseguradoras para profesionales sanitarios, ofreciendo coberturas adaptadas a las necesidades m\u00e9dicas y quir\u00fargicas. Con una amplia experiencia en el sector, destaca por su compromiso con la protecci\u00f3n integral, la gesti\u00f3n eficiente de riesgos y un servicio cercano y personalizado. Su enfoque combina innovaci\u00f3n, confianza y respaldo profesional, convirti\u00e9ndola en una opci\u00f3n s\u00f3lida para quienes buscan seguridad y tranquilidad en el ejercicio de la pr\u00e1ctica sanitaria.\",\"legalName\":\"Agrupaci\u00f3 M\u00e8dica i Quir\u00fargica\",\"numberOfEmployees\":{\"@type\":\"QuantitativeValue\",\"minValue\":\"11\",\"maxValue\":\"50\"},\"address\":{\"@id\":\"https:\/\/amiq.cat\/es\/formacion-medica-continuada\/#local-main-place-address\"},\"telephone\":[\"93 122 3615\"],\"openingHoursSpecification\":[]},{\"@type\":\"PostalAddress\",\"@id\":\"https:\/\/amiq.cat\/es\/formacion-medica-continuada\/#local-main-place-address\",\"streetAddress\":\"Carrer de Josep Maria Llad\u00f3, 3,, Sarri\u00e0-Sant Gervasi,\",\"addressLocality\":\"Barcelona\",\"postalCode\":\"08035\",\"addressRegion\":\"Activo\",\"addressCountry\":\"ES\"},{\"@type\":\"ImageObject\",\"inLanguage\":\"es\",\"@id\":\"https:\/\/amiq.cat\/es\/formacion-medica-continuada\/#local-main-organization-logo\",\"url\":\"https:\/\/amiq.cat\/wp-content\/uploads\/2024\/07\/logo-amiq-300.png\",\"contentUrl\":\"https:\/\/amiq.cat\/wp-content\/uploads\/2024\/07\/logo-amiq-300.png\",\"width\":400,\"height\":92,\"caption\":\"Agrupaci\u00f3 M\u00e8dica i Quir\u00fargica\"}]}<\/script>\n<meta name=\"geo.placename\" content=\"Barcelona\" \/>\n<meta name=\"geo.region\" content=\"Espa\u00f1a\" \/>\n<!-- \/ Yoast SEO Premium plugin. -->","yoast_head_json":{"title":"Formaci\u00f3n m\u00e9dica continuada &#8211; AMiQ","robots":{"index":"index","follow":"follow","max-snippet":"max-snippet:-1","max-image-preview":"max-image-preview:large","max-video-preview":"max-video-preview:-1"},"canonical":"https:\/\/amiq.cat\/es\/formacion-medica-continuada\/","schema":{"@context":"https:\/\/schema.org","@graph":[{"@type":"WebPage","@id":"https:\/\/amiq.cat\/es\/formacion-medica-continuada\/","url":"https:\/\/amiq.cat\/es\/formacion-medica-continuada\/","name":"Formaci\u00f3n m\u00e9dica continuada &#8211; AMiQ","isPartOf":{"@id":"https:\/\/amiq.cat\/es\/#website"},"datePublished":"2024-01-29T06:45:38+00:00","dateModified":"2025-10-20T11:27:37+00:00","breadcrumb":{"@id":"https:\/\/amiq.cat\/es\/formacion-medica-continuada\/#breadcrumb"},"inLanguage":"es","potentialAction":[{"@type":"ReadAction","target":["https:\/\/amiq.cat\/es\/formacion-medica-continuada\/"]}]},{"@type":"BreadcrumbList","@id":"https:\/\/amiq.cat\/es\/formacion-medica-continuada\/#breadcrumb","itemListElement":[{"@type":"ListItem","position":1,"name":"Portada","item":"https:\/\/amiq.cat\/es\/"},{"@type":"ListItem","position":2,"name":"Formaci\u00f3n m\u00e9dica continuada"}]},{"@type":"WebSite","@id":"https:\/\/amiq.cat\/es\/#website","url":"https:\/\/amiq.cat\/es\/","name":"AMiQ","description":"Agrupaci\u00f3 M\u00e8dica i Quir\u00fargica","publisher":{"@id":"https:\/\/amiq.cat\/es\/#organization"},"alternateName":"AMiQ","potentialAction":[{"@type":"SearchAction","target":{"@type":"EntryPoint","urlTemplate":"https:\/\/amiq.cat\/es\/?s={search_term_string}"},"query-input":{"@type":"PropertyValueSpecification","valueRequired":true,"valueName":"search_term_string"}}],"inLanguage":"es"},{"@type":["Organization","Place","MedicalClinic"],"@id":"https:\/\/amiq.cat\/es\/#organization","name":"Agrupaci\u00f3 M\u00e8dica i Quir\u00fargica","alternateName":"AMIQ","url":"https:\/\/amiq.cat\/es\/","logo":{"@id":"https:\/\/amiq.cat\/es\/formacion-medica-continuada\/#local-main-organization-logo"},"image":{"@id":"https:\/\/amiq.cat\/es\/formacion-medica-continuada\/#local-main-organization-logo"},"description":"Entidad especializada en soluciones aseguradoras para profesionales sanitarios, ofreciendo coberturas adaptadas a las necesidades m\u00e9dicas y quir\u00fargicas. Con una amplia experiencia en el sector, destaca por su compromiso con la protecci\u00f3n integral, la gesti\u00f3n eficiente de riesgos y un servicio cercano y personalizado. Su enfoque combina innovaci\u00f3n, confianza y respaldo profesional, convirti\u00e9ndola en una opci\u00f3n s\u00f3lida para quienes buscan seguridad y tranquilidad en el ejercicio de la pr\u00e1ctica sanitaria.","legalName":"Agrupaci\u00f3 M\u00e8dica i Quir\u00fargica","numberOfEmployees":{"@type":"QuantitativeValue","minValue":"11","maxValue":"50"},"address":{"@id":"https:\/\/amiq.cat\/es\/formacion-medica-continuada\/#local-main-place-address"},"telephone":["93 122 3615"],"openingHoursSpecification":[]},{"@type":"PostalAddress","@id":"https:\/\/amiq.cat\/es\/formacion-medica-continuada\/#local-main-place-address","streetAddress":"Carrer de Josep Maria Llad\u00f3, 3,, Sarri\u00e0-Sant Gervasi,","addressLocality":"Barcelona","postalCode":"08035","addressRegion":"Activo","addressCountry":"ES"},{"@type":"ImageObject","inLanguage":"es","@id":"https:\/\/amiq.cat\/es\/formacion-medica-continuada\/#local-main-organization-logo","url":"https:\/\/amiq.cat\/wp-content\/uploads\/2024\/07\/logo-amiq-300.png","contentUrl":"https:\/\/amiq.cat\/wp-content\/uploads\/2024\/07\/logo-amiq-300.png","width":400,"height":92,"caption":"Agrupaci\u00f3 M\u00e8dica i Quir\u00fargica"}]},"geo.placename":"Barcelona","geo.region":"Espa\u00f1a"},"_links":{"self":[{"href":"https:\/\/amiq.cat\/es\/wp-json\/wp\/v2\/pages\/10860","targetHints":{"allow":["GET"]}}],"collection":[{"href":"https:\/\/amiq.cat\/es\/wp-json\/wp\/v2\/pages"}],"about":[{"href":"https:\/\/amiq.cat\/es\/wp-json\/wp\/v2\/types\/page"}],"author":[{"embeddable":true,"href":"https:\/\/amiq.cat\/es\/wp-json\/wp\/v2\/users\/3"}],"replies":[{"embeddable":true,"href":"https:\/\/amiq.cat\/es\/wp-json\/wp\/v2\/comments?post=10860"}],"version-history":[{"count":9,"href":"https:\/\/amiq.cat\/es\/wp-json\/wp\/v2\/pages\/10860\/revisions"}],"predecessor-version":[{"id":13382,"href":"https:\/\/amiq.cat\/es\/wp-json\/wp\/v2\/pages\/10860\/revisions\/13382"}],"wp:attachment":[{"href":"https:\/\/amiq.cat\/es\/wp-json\/wp\/v2\/media?parent=10860"}],"wp:term":[{"taxonomy":"category","embeddable":true,"href":"https:\/\/amiq.cat\/es\/wp-json\/wp\/v2\/categories?post=10860"},{"taxonomy":"post_tag","embeddable":true,"href":"https:\/\/amiq.cat\/es\/wp-json\/wp\/v2\/tags?post=10860"}],"curies":[{"name":"wp","href":"https:\/\/api.w.org\/{rel}","templated":true}]}}