{"id":10870,"date":"2024-01-29T06:46:45","date_gmt":"2024-01-29T06:46:45","guid":{"rendered":"https:\/\/wetopi.com\/?page_id=10870"},"modified":"2025-07-06T12:45:25","modified_gmt":"2025-07-06T10:45:25","slug":"otorrino-infantil","status":"publish","type":"page","link":"https:\/\/amiq.cat\/es\/otorrino-infantil\/","title":{"rendered":"Otorrino infantil"},"content":{"rendered":"\n\n\t\t<h2> Otorrinolaringolog\u00eda Infantil<\/h2>\n\t\t\t<p>Otorrinolaringolog\u00eda Pedi\u00e1trica Barcelona<\/p>\t\t\n\t\t\t\tCartera de Servicios y Patolog\u00edas que tratamos.\n<p><strong>PATOLOG\u00cdA CERVICAL<\/strong><\/p>\n<ul>\n<li>Tratamiento integral del c\u00e1ncer de laringe y c\u00e9rvico facial.<\/li>\n<li>Cirug\u00eda del C\u00e1ncer con Robot Da Vinci<\/li>\n<li>Cirug\u00eda parcial L\u00e1ser conservadora de Voz en el c\u00e1ncer faringolar\u00edngeo.<\/li>\n<li>Rehabilitaci\u00f3n de la voz en el paciente laringectomizado. Pr\u00f3tesis fonatorias<\/li>\n<li>Patolog\u00eda Tiroidea benigna y maligna.<\/li>\n<li>Cirug\u00eda del C\u00e1ncer de Tiroides.<\/li>\n<li>Cirug\u00eda de Gl\u00e1ndula Paratiroides<\/li>\n<li>Patolog\u00eda de las gl\u00e1ndulas salivales. C\u00e1ncer de Par\u00f3tida Parotidectomia. Submaxilectom\u00eda.<\/li>\n<li>Expertos en monitorizaci\u00f3n intraoperatoria del nervio facial durante la cirug\u00eda tumores de parotida<\/li>\n<li>Patolog\u00eda de la voz. Estroboscopia lar\u00edngea. Patolog\u00eda del Cantante.<\/li>\n<li>Cirug\u00eda funcional de la disfon\u00eda.<\/li>\n<li>Patolog\u00eda esten\u00f3tica lar\u00edngea. Traqueotom\u00edas<\/li>\n<li>Par\u00e1lisis de cuerda vocal. Cirug\u00eda Tiroplastias Infiltraciones percut\u00e1neas.<\/li>\n<li>Patolog\u00eda cong\u00e9nita del cuello. Quistes y f\u00edstulas del conducto tirogloso y quistes branquiales.<\/li>\n<li>Par\u00e1lisis facial. Tratamiento Quir\u00fargico y con toxina botulinica, tratamiento rehabilitador<\/li>\n<\/ul>\n<p><strong>O\u00cdDO Y PATOLOG\u00cdA AUDICI\u00d3N<\/strong><\/p>\n<ul>\n<li>Estudio y cirug\u00eda de la hipoacusia.<\/li>\n<li>Potenciales auditivos<\/li>\n<li>Detecci\u00f3n sordera infantil,<\/li>\n<li>Otitis medias agudas y cr\u00f3nicas.<\/li>\n<li>Estudio y tratamiento del v\u00e9rtigo.<\/li>\n<li>Videonistagmografias<\/li>\n<li>Miringoplastias cirugia perforacion timpanica<\/li>\n<li>Cirugia otosclerosi Estapedectomia<\/li>\n<li>Cirug\u00eda de colesteatoma. Timpanoplastias<\/li>\n<li>Estudio y tratamiento de los neurinomas del ac\u00fastico<\/li>\n<li>Cirug\u00eda Audici\u00f3n con pr\u00f3tesis o\u00eddo medio<\/li>\n<li>Implantes osteointegrados.<\/li>\n<li>Implantes Cocleares<\/li>\n<\/ul>\n<p><strong>OROFARINGE, PATOLOG\u00cdA BOCA GARGANTA.<\/strong><\/p>\n<ul>\n<li>C\u00e1ncer de am\u00edgdala, lengua, paladar.<\/li>\n<li>Tratamiento del ronquido y del s\u00edndrome de apnea del Sue\u00f1o.<\/li>\n<li>Videosomnoscopias. DISE<\/li>\n<li>Patolog\u00eda adenoamigdalar. Amigdalectom\u00eda L\u00e1ser. Reducci\u00f3n amigdalar.<\/li>\n<li>Patolog\u00eda de la degluci\u00f3n. Video Fibroendoscopia de la degluci\u00f3n.<\/li>\n<li>NARIZ PATOLOG\u00cdA NASOSINUSAL<\/li>\n<li>Rinoseptoplastia funcional y est\u00e9tica.<\/li>\n<li>Cirug\u00eda del tabique nasal. Septoplastia.<\/li>\n<li>Diagn\u00f3stico y tratamiento de la rinitis. Radiofrecuencia de cornetes.<\/li>\n<li>Tratamiento del c\u00e1ncer nasosinusal. Cirug\u00eda asistida con Neuronavegador.<\/li>\n<li>Diagn\u00f3stico y tratamiento de rinosinusitis. Poliposis nasosinusal. Cirug\u00eda endosc\u00f3pica nasosinusal.<\/li>\n<li>Tratamiento de la epistaxis sangrado de nariz<\/li>\n<li>Traumatismos nasales.<\/li>\n<li>Unidad Funcional de Alergia.<\/li>\n<\/ul>\n<p><strong>ORL INFANTIL PEDI\u00c1TRICA<\/strong><\/p>\n<ul>\n<li>Adenoamigdalectom\u00eda con o sin L\u00e1ser.<\/li>\n<li>Reducci\u00f3n amigdalar asistida por L\u00e1ser. S\u00edndrome de la Apnea del Sue\u00f1o infantil.<\/li>\n<li>Cirug\u00eda de la otitis serosa cr\u00f3nica.<\/li>\n<li>Drenajea transtimpanicos<\/li>\n<li>Estudio de la hipoacusia neonatal. Potenciales auditivos de tronco<\/li>\n<li>Estudio de la hipoacusia infantil. Potenciales evocados\u00a0auditivos\u00a0estado estable<\/li>\n<li>Cirug\u00eda colesteatoma infantil<\/li>\n<li>Cirug\u00eda perforaci\u00f3n timp\u00e1nica. Miringoplastias<\/li>\n<li>Insuficiencia respiratoria nasal infantil. Rinosinusitis en la infancia.<\/li>\n<\/ul>\n\t\t\t\tUnidad de patolog\u00eda faringolaringea\n<ul>\n<li>Afon\u00edas y disfon\u00edas funcionales que en la mayor\u00eda de los casos se resuelven con la intervenci\u00f3n del logopeda que colabora con nuestro servicio.<\/li>\n<li>Tratamiento logop\u00e9dico para trastornos del habla, lenguaje y respiraci\u00f3n bucal.<\/li>\n<li>Diagn\u00f3stico y tratamiento de faringitis, amigdalitis, etc.<\/li>\n<\/ul>\n\t\t\t\tUnidad del trastorno respiratorio del sue\u00f1o\n<p>RONCOPAT\u00cdA Y APNEAS<\/p>\n<p>En nuestro centro, el diagn\u00f3stico y el tratamiento se realiza conjuntamente con una valoraci\u00f3n interdisciplinar que incluye, adem\u00e1s de nuestro servicio, los especialistas del sue\u00f1o de la cl\u00ednica Estivill. La roncopat\u00eda afecta al 10% de la poblaci\u00f3n infantil, mientras que el s\u00edndrome de la apnea obstructiva del sue\u00f1o (SAHS) se sit\u00faa alrededor del 3%. La repercusi\u00f3n cl\u00ednica puede reflejarse en alteraciones cardiovasculares, alteraciones conductuales (d\u00e9ficit de atenci\u00f3n, hiperactividad, agresividad, irritabilidad), alteraciones neurocognitivas (memoria, inteligencia global y alteraciones en la adquisici\u00f3n del lenguaje&#8230;).<\/p>\n<p>La causa m\u00e1s frecuente de la obstrucci\u00f3n de la v\u00eda a\u00e9rea en el ni\u00f1o es la hipertrofia adenoamigdalar (factor inherente y muy frecuente en la anatom\u00eda infantil)<\/p>\n<p>El tratamiento de elecci\u00f3n en ni\u00f1os es la cirug\u00eda dirigida a solucionar la causa de la obstrucci\u00f3n. Cirug\u00eda que se realiza de manera f\u00e1cil y segura mediante nuevas tecnolog\u00edas: cirug\u00eda l\u00e1ser, CO\u2082, radiofrecuencia&#8230; Es una cirug\u00eda de media hora aproximada, que consiste en la reducci\u00f3n parcial de las am\u00edgdalas y la ex\u00e9resis de las vegetaciones (adenoidectom\u00eda), mediante los m\u00e9todos m\u00e1s punteros se minimizan tanto el dolor como las complicaciones intra y postquir\u00fargicas.<\/p>\n\t\t\t\tUnidad de detecci\u00f3n de la Hipoacusia\n<ul>\n<li>Realizaci\u00f3n de audiometr\u00edas e impedanciometr\u00edas, as\u00ed como la posibilidad de programar audiometr\u00edas infantiles acondicionadas para ni\u00f1os a partir de los 2 a\u00f1os con sospecha de d\u00e9ficit auditivo.<\/li>\n<li>Estudio de neurofisiolog\u00eda auditiva por screening Neonatal mediante Potenciales de Tronco Cerebral y Potenciales Evocados de Estado Estable, este \u00faltimo de reciente aplicaci\u00f3n, consiste en un m\u00e9todo innovador que permite la estimaci\u00f3n de la audiometr\u00eda detallada por frecuencias, mediante un software inform\u00e1tico de \u00faltima generaci\u00f3n.<\/li>\n<li>Asesoramiento a los padres en caso de necesidad de aud\u00edfonos o cirug\u00edas concretas.<\/li>\n<\/ul>\n\t\t\t\t Unidad de Patolog\u00eda Otol\u00f3gica\n<ul>\n<li>La otitis media aguda (OMA) junto con la otitis seromucosa (OSM) son durante la infancia una de las patolog\u00edas m\u00e1s frecuentes. La mayor\u00eda se resuelven espont\u00e1neamente, pero un 6% de estas requieren de tratamiento quir\u00fargico mediante la colocaci\u00f3n de drenajes transtimp\u00e1nicos. Cirug\u00eda r\u00e1pida y sencilla que resuelve eficazmente dicha patolog\u00eda.<\/li>\n<li>Nuestro servicio tambi\u00e9n realiza cirug\u00edas de mastoiditis, otitis cr\u00f3nicas, realizaci\u00f3n de Timpanoplastias, etc.<\/li>\n<li>Cirug\u00eda de la audici\u00f3n mediante cirug\u00eda convencional de Estapedectom\u00edas, as\u00ed como cirug\u00edas m\u00e1s sofisticadas mediante Dispositivos Auditivos Implantables, Implantes Cocleares&#8230;<\/li>\n<\/ul>\n\t<p>Descubre nuestro destacado servicio de otorrinolaringolog\u00eda pedi\u00e1trica, caracterizado por una colaboraci\u00f3n estrecha con el servicio de pediatr\u00eda de nuestro instituto. Compartimos protocolos m\u00e9dicos y quir\u00fargicos para garantizar tratamientos altamente personalizados para cada ni\u00f1o. Nos enorgullece ser reconocidos como un servicio de referencia para pediatras en toda Catalunya.<\/p>\n\t\t\t\tAMiQ IMO\n\t\t\t\tAMiQ Causse Clinic\n\t\t\t\tAMiQ Dexeus\n\t\t\t\t\t\t\tAMiQ IMO\n\t\t\t\t<p><iframe loading=\"lazy\" src=\"https:\/\/www.google.com\/maps\/embed?pb=!1m18!1m12!1m3!1d2992.3234487794894!2d2.121723076757667!3d41.410496871296914!2m3!1f0!2f0!3f0!3m2!1i1024!2i768!4f13.1!3m3!1m2!1s0x12a499277146a6ab%3A0xda82929e48af1add!2sAMIQ-IMO%20Cirurgia%20de%20Cap%20i%20Coll%20BISC%20H%26N%20CLINIC.!5e0!3m2!1ses!2ses!4v1706527830149!5m2!1ses!2ses\" width=\"1100\" height=\"450\" allowfullscreen=\"allowfullscreen\"><\/iframe><\/p>\n\t\t\t\t\t\t\tAMiQ Causse Clinic\n\t\t\t\t<p><iframe loading=\"lazy\" src=\"https:\/\/www.google.com\/maps\/embed?pb=!1m18!1m12!1m3!1d23728.886329977453!2d2.7862468743164066!3d41.976431!2m3!1f0!2f0!3f0!3m2!1i1024!2i768!4f13.1!3m3!1m2!1s0x12bae7a6e83e4677%3A0xf40c1a73045af755!2sAMIQ-CAUSSE%20CLINIC.%20Otorrinolaringologia%20i%20Cirurgia%20de%20Cap%20i%20Coll.!5e0!3m2!1ses!2ses!4v1706527907647!5m2!1ses!2ses\" width=\"1100\" height=\"450\" allowfullscreen=\"allowfullscreen\"><\/iframe><\/p>\n\t\t\t\t\t\t\tAMiQ Dexeus\n\t\t\t\t<p><iframe loading=\"lazy\" src=\"https:\/\/www.google.com\/maps\/embed?pb=!1m18!1m12!1m3!1d2993.4970186299147!2d2.123539426756625!3d41.38501147130017!2m3!1f0!2f0!3f0!3m2!1i1024!2i768!4f13.1!3m3!1m2!1s0x12a49860c16ddbe5%3A0x19639875f59cebb9!2sAMiQ-%20Otorrinolaringolog%C3%ADa-Alergia%20Dexeus!5e0!3m2!1ses!2ses!4v1706527932060!5m2!1ses!2ses\" width=\"1100\" height=\"450\" allowfullscreen=\"allowfullscreen\"><\/iframe><\/p>\n\n","protected":false},"excerpt":{"rendered":"<p>Otorrinolaringolog\u00eda Infantil Otorrinolaringolog\u00eda Pedi\u00e1trica Barcelona Cartera de Servicios y Patolog\u00edas que tratamos. PATOLOG\u00cdA CERVICAL Tratamiento integral del c\u00e1ncer de laringe y c\u00e9rvico facial. Cirug\u00eda del C\u00e1ncer con Robot Da Vinci Cirug\u00eda parcial L\u00e1ser conservadora de Voz en el c\u00e1ncer faringolar\u00edngeo. Rehabilitaci\u00f3n de la voz en el paciente laringectomizado. Pr\u00f3tesis fonatorias Patolog\u00eda Tiroidea benigna y maligna.&hellip;<\/p>\n","protected":false},"author":3,"featured_media":0,"parent":0,"menu_order":64,"comment_status":"closed","ping_status":"closed","template":"","meta":{"_exactmetrics_skip_tracking":false,"_exactmetrics_sitenote_active":false,"_exactmetrics_sitenote_note":"","_exactmetrics_sitenote_category":0,"_monsterinsights_skip_tracking":false,"_monsterinsights_sitenote_active":false,"_monsterinsights_sitenote_note":"","_monsterinsights_sitenote_category":0,"_uf_show_specific_survey":0,"_uf_disable_surveys":false,"footnotes":""},"categories":[],"tags":[],"class_list":["post-10870","page","type-page","status-publish","hentry"],"aioseo_notices":[],"yoast_head":"<!-- This site is optimized with the Yoast SEO Premium plugin v26.4 (Yoast SEO v26.4) - https:\/\/yoast.com\/wordpress\/plugins\/seo\/ -->\n<title>Otorrino infantil &#8211; AMiQ<\/title>\n<meta name=\"robots\" content=\"index, follow, max-snippet:-1, max-image-preview:large, max-video-preview:-1\" \/>\n<link rel=\"canonical\" href=\"https:\/\/amiq.cat\/es\/otorrino-infantil\/\" \/>\n<script type=\"application\/ld+json\" class=\"yoast-schema-graph\">{\"@context\":\"https:\/\/schema.org\",\"@graph\":[{\"@type\":\"WebPage\",\"@id\":\"https:\/\/amiq.cat\/es\/otorrino-infantil\/\",\"url\":\"https:\/\/amiq.cat\/es\/otorrino-infantil\/\",\"name\":\"Otorrino infantil &#8211; AMiQ\",\"isPartOf\":{\"@id\":\"https:\/\/amiq.cat\/es\/#website\"},\"datePublished\":\"2024-01-29T06:46:45+00:00\",\"dateModified\":\"2025-07-06T10:45:25+00:00\",\"breadcrumb\":{\"@id\":\"https:\/\/amiq.cat\/es\/otorrino-infantil\/#breadcrumb\"},\"inLanguage\":\"es\",\"potentialAction\":[{\"@type\":\"ReadAction\",\"target\":[\"https:\/\/amiq.cat\/es\/otorrino-infantil\/\"]}]},{\"@type\":\"BreadcrumbList\",\"@id\":\"https:\/\/amiq.cat\/es\/otorrino-infantil\/#breadcrumb\",\"itemListElement\":[{\"@type\":\"ListItem\",\"position\":1,\"name\":\"Portada\",\"item\":\"https:\/\/amiq.cat\/es\/\"},{\"@type\":\"ListItem\",\"position\":2,\"name\":\"Otorrino infantil\"}]},{\"@type\":\"WebSite\",\"@id\":\"https:\/\/amiq.cat\/es\/#website\",\"url\":\"https:\/\/amiq.cat\/es\/\",\"name\":\"AMiQ\",\"description\":\"Agrupaci\u00f3 M\u00e8dica i Quir\u00fargica\",\"publisher\":{\"@id\":\"https:\/\/amiq.cat\/es\/#organization\"},\"alternateName\":\"AMiQ\",\"potentialAction\":[{\"@type\":\"SearchAction\",\"target\":{\"@type\":\"EntryPoint\",\"urlTemplate\":\"https:\/\/amiq.cat\/es\/?s={search_term_string}\"},\"query-input\":{\"@type\":\"PropertyValueSpecification\",\"valueRequired\":true,\"valueName\":\"search_term_string\"}}],\"inLanguage\":\"es\"},{\"@type\":[\"Organization\",\"Place\",\"MedicalClinic\"],\"@id\":\"https:\/\/amiq.cat\/es\/#organization\",\"name\":\"Agrupaci\u00f3 M\u00e8dica i Quir\u00fargica\",\"alternateName\":\"AMIQ\",\"url\":\"https:\/\/amiq.cat\/es\/\",\"logo\":{\"@id\":\"https:\/\/amiq.cat\/es\/otorrino-infantil\/#local-main-organization-logo\"},\"image\":{\"@id\":\"https:\/\/amiq.cat\/es\/otorrino-infantil\/#local-main-organization-logo\"},\"description\":\"Entidad especializada en soluciones aseguradoras para profesionales sanitarios, ofreciendo coberturas adaptadas a las necesidades m\u00e9dicas y quir\u00fargicas. Con una amplia experiencia en el sector, destaca por su compromiso con la protecci\u00f3n integral, la gesti\u00f3n eficiente de riesgos y un servicio cercano y personalizado. Su enfoque combina innovaci\u00f3n, confianza y respaldo profesional, convirti\u00e9ndola en una opci\u00f3n s\u00f3lida para quienes buscan seguridad y tranquilidad en el ejercicio de la pr\u00e1ctica sanitaria.\",\"legalName\":\"Agrupaci\u00f3 M\u00e8dica i Quir\u00fargica\",\"numberOfEmployees\":{\"@type\":\"QuantitativeValue\",\"minValue\":\"11\",\"maxValue\":\"50\"},\"address\":{\"@id\":\"https:\/\/amiq.cat\/es\/otorrino-infantil\/#local-main-place-address\"},\"telephone\":[\"93 122 3615\"],\"openingHoursSpecification\":[]},{\"@type\":\"PostalAddress\",\"@id\":\"https:\/\/amiq.cat\/es\/otorrino-infantil\/#local-main-place-address\",\"streetAddress\":\"Carrer de Josep Maria Llad\u00f3, 3,, Sarri\u00e0-Sant Gervasi,\",\"addressLocality\":\"Barcelona\",\"postalCode\":\"08035\",\"addressRegion\":\"Activo\",\"addressCountry\":\"ES\"},{\"@type\":\"ImageObject\",\"inLanguage\":\"es\",\"@id\":\"https:\/\/amiq.cat\/es\/otorrino-infantil\/#local-main-organization-logo\",\"url\":\"https:\/\/amiq.cat\/wp-content\/uploads\/2024\/07\/logo-amiq-300.png\",\"contentUrl\":\"https:\/\/amiq.cat\/wp-content\/uploads\/2024\/07\/logo-amiq-300.png\",\"width\":400,\"height\":92,\"caption\":\"Agrupaci\u00f3 M\u00e8dica i Quir\u00fargica\"}]}<\/script>\n<meta name=\"geo.placename\" content=\"Barcelona\" \/>\n<meta name=\"geo.region\" content=\"Espa\u00f1a\" \/>\n<!-- \/ Yoast SEO Premium plugin. -->","yoast_head_json":{"title":"Otorrino infantil &#8211; AMiQ","robots":{"index":"index","follow":"follow","max-snippet":"max-snippet:-1","max-image-preview":"max-image-preview:large","max-video-preview":"max-video-preview:-1"},"canonical":"https:\/\/amiq.cat\/es\/otorrino-infantil\/","schema":{"@context":"https:\/\/schema.org","@graph":[{"@type":"WebPage","@id":"https:\/\/amiq.cat\/es\/otorrino-infantil\/","url":"https:\/\/amiq.cat\/es\/otorrino-infantil\/","name":"Otorrino infantil &#8211; AMiQ","isPartOf":{"@id":"https:\/\/amiq.cat\/es\/#website"},"datePublished":"2024-01-29T06:46:45+00:00","dateModified":"2025-07-06T10:45:25+00:00","breadcrumb":{"@id":"https:\/\/amiq.cat\/es\/otorrino-infantil\/#breadcrumb"},"inLanguage":"es","potentialAction":[{"@type":"ReadAction","target":["https:\/\/amiq.cat\/es\/otorrino-infantil\/"]}]},{"@type":"BreadcrumbList","@id":"https:\/\/amiq.cat\/es\/otorrino-infantil\/#breadcrumb","itemListElement":[{"@type":"ListItem","position":1,"name":"Portada","item":"https:\/\/amiq.cat\/es\/"},{"@type":"ListItem","position":2,"name":"Otorrino infantil"}]},{"@type":"WebSite","@id":"https:\/\/amiq.cat\/es\/#website","url":"https:\/\/amiq.cat\/es\/","name":"AMiQ","description":"Agrupaci\u00f3 M\u00e8dica i Quir\u00fargica","publisher":{"@id":"https:\/\/amiq.cat\/es\/#organization"},"alternateName":"AMiQ","potentialAction":[{"@type":"SearchAction","target":{"@type":"EntryPoint","urlTemplate":"https:\/\/amiq.cat\/es\/?s={search_term_string}"},"query-input":{"@type":"PropertyValueSpecification","valueRequired":true,"valueName":"search_term_string"}}],"inLanguage":"es"},{"@type":["Organization","Place","MedicalClinic"],"@id":"https:\/\/amiq.cat\/es\/#organization","name":"Agrupaci\u00f3 M\u00e8dica i Quir\u00fargica","alternateName":"AMIQ","url":"https:\/\/amiq.cat\/es\/","logo":{"@id":"https:\/\/amiq.cat\/es\/otorrino-infantil\/#local-main-organization-logo"},"image":{"@id":"https:\/\/amiq.cat\/es\/otorrino-infantil\/#local-main-organization-logo"},"description":"Entidad especializada en soluciones aseguradoras para profesionales sanitarios, ofreciendo coberturas adaptadas a las necesidades m\u00e9dicas y quir\u00fargicas. Con una amplia experiencia en el sector, destaca por su compromiso con la protecci\u00f3n integral, la gesti\u00f3n eficiente de riesgos y un servicio cercano y personalizado. Su enfoque combina innovaci\u00f3n, confianza y respaldo profesional, convirti\u00e9ndola en una opci\u00f3n s\u00f3lida para quienes buscan seguridad y tranquilidad en el ejercicio de la pr\u00e1ctica sanitaria.","legalName":"Agrupaci\u00f3 M\u00e8dica i Quir\u00fargica","numberOfEmployees":{"@type":"QuantitativeValue","minValue":"11","maxValue":"50"},"address":{"@id":"https:\/\/amiq.cat\/es\/otorrino-infantil\/#local-main-place-address"},"telephone":["93 122 3615"],"openingHoursSpecification":[]},{"@type":"PostalAddress","@id":"https:\/\/amiq.cat\/es\/otorrino-infantil\/#local-main-place-address","streetAddress":"Carrer de Josep Maria Llad\u00f3, 3,, Sarri\u00e0-Sant Gervasi,","addressLocality":"Barcelona","postalCode":"08035","addressRegion":"Activo","addressCountry":"ES"},{"@type":"ImageObject","inLanguage":"es","@id":"https:\/\/amiq.cat\/es\/otorrino-infantil\/#local-main-organization-logo","url":"https:\/\/amiq.cat\/wp-content\/uploads\/2024\/07\/logo-amiq-300.png","contentUrl":"https:\/\/amiq.cat\/wp-content\/uploads\/2024\/07\/logo-amiq-300.png","width":400,"height":92,"caption":"Agrupaci\u00f3 M\u00e8dica i Quir\u00fargica"}]},"geo.placename":"Barcelona","geo.region":"Espa\u00f1a"},"_links":{"self":[{"href":"https:\/\/amiq.cat\/es\/wp-json\/wp\/v2\/pages\/10870","targetHints":{"allow":["GET"]}}],"collection":[{"href":"https:\/\/amiq.cat\/es\/wp-json\/wp\/v2\/pages"}],"about":[{"href":"https:\/\/amiq.cat\/es\/wp-json\/wp\/v2\/types\/page"}],"author":[{"embeddable":true,"href":"https:\/\/amiq.cat\/es\/wp-json\/wp\/v2\/users\/3"}],"replies":[{"embeddable":true,"href":"https:\/\/amiq.cat\/es\/wp-json\/wp\/v2\/comments?post=10870"}],"version-history":[{"count":10,"href":"https:\/\/amiq.cat\/es\/wp-json\/wp\/v2\/pages\/10870\/revisions"}],"predecessor-version":[{"id":14054,"href":"https:\/\/amiq.cat\/es\/wp-json\/wp\/v2\/pages\/10870\/revisions\/14054"}],"wp:attachment":[{"href":"https:\/\/amiq.cat\/es\/wp-json\/wp\/v2\/media?parent=10870"}],"wp:term":[{"taxonomy":"category","embeddable":true,"href":"https:\/\/amiq.cat\/es\/wp-json\/wp\/v2\/categories?post=10870"},{"taxonomy":"post_tag","embeddable":true,"href":"https:\/\/amiq.cat\/es\/wp-json\/wp\/v2\/tags?post=10870"}],"curies":[{"name":"wp","href":"https:\/\/api.w.org\/{rel}","templated":true}]}}