{"id":10874,"date":"2024-01-29T06:47:13","date_gmt":"2024-01-29T06:47:13","guid":{"rendered":"https:\/\/wetopi.com\/?page_id=10874"},"modified":"2024-08-04T09:13:07","modified_gmt":"2024-08-04T07:13:07","slug":"politica-de-privacidad","status":"publish","type":"page","link":"https:\/\/amiq.cat\/es\/politica-de-privacidad\/","title":{"rendered":"Pol\u00edtica de Privacidad"},"content":{"rendered":"\n\n<h2>\n\t\tPol\u00edtica de Privacidad\n\t<\/h2>\n\t<p>&lt;- <a href=\"https:\/\/amiq.cat\">Inicio<\/a><\/p>\n<p>En la Agrupaci\u00f3 M\u00e9dica i Quirurgica CTXEUS, S.L. trabajamos para garantizar la privacidad en el tratamiento de sus datos personales. Hemos actualizado nuestra Pol\u00edtica de Privacidad para informar claramente de c\u00f3mo recopilamos, utilizamos y custodiamos los datos de las personas que contactan con nuestra Corporaci\u00f3n:<\/p>\n<h3>Responsable del Tratamiento<\/h3>\n<p>El interesado que facilite a <strong>Agrupaci\u00f3 M\u00e9dica i Quirurgica CTXEUS, S.L.<\/strong> sus datos de car\u00e1cter personal a trav\u00e9s de nuestra web o por otras v\u00edas (por ejemplo, redes sociales) queda informado de que el tratamiento de sus datos es realizado por:<\/p>\n<ul>\n<li>Agrupaci\u00f3 M\u00e9dica i Quirurgica CTXEUS, S.L.<\/li>\n<li>CIF B-64782618<\/li>\n<li>Domicilio social en calle Sabino de Arana, 5-19, planta 1\u00aa, Despacho 1.4.<\/li>\n<li>08028 Barcelona.<\/li>\n<li>Tel\u00e9fono: 93 835 72 14<\/li>\n<li>Correo electr\u00f3nico: recepcio@amiq.cat<\/li>\n<\/ul>\n<h3>Delegado de Protecci\u00f3n de Datos<\/h3>\n<p>Asimismo, le informamos de que contamos con un Delegado de Protecci\u00f3n de Datos (DPD) que vela por el cumplimiento de la normativa de protecci\u00f3n de datos y sus datos de contacto son:<\/p>\n<ul>\n<li>Correo electr\u00f3nico: szamora@icab.cat.<\/li>\n<\/ul>\n<p>Finalidades del tratamiento de datos En Agrupaci\u00f3 M\u00e9dica i Quirurgica CTXEUS, S.L. el tratamiento de datos se realiza con las siguientes finalidades, en funci\u00f3n del motivo por el que nos los hayas facilitado:<\/p>\n<ol>\n<li>Contactar con el remitente de la informaci\u00f3n, dar respuesta a su solicitud, petici\u00f3n o consulta y hacer un seguimiento posterior.<\/li>\n<li>Gestionar, en su caso, la contrataci\u00f3n de los servicios solicitados por el USUARIO, su facturaci\u00f3n y cobro.<\/li>\n<li>Gestionar las cesiones, en su caso, descritas en el formulario a Mutuas, Dexeus, u otros colaboradores descritos en la hoja de consentimiento.<\/li>\n<li>Gestionar, en su caso, el proceso de registro del USUARIO en nuestra Web.<\/li>\n<li>Gestionar sus peticione de cita previa, ya sea ordinaria o urgente, con nuestros profesionales, ya sea otorrinos o alerg\u00f3logos.<\/li>\n<li>Todas las finalidades se limitan y relacionan con el objeto principal de la Agrupaci\u00f3n que es la prestaci\u00f3n de servicios m\u00e9dicos para nuestros pacientes en las distintas ramas de la medicina, como son principalmente, la alergolog\u00eda y otorrinos, las pruebas diagn\u00f3sticas necesarias para el servicio principal y otras relacionadas.<\/li>\n<\/ol>\n<h3>Duraci\u00f3n del tratamiento de datos<\/h3>\n<ul>\n<li>Los datos para la gesti\u00f3n de la <strong>relaci\u00f3n con el cliente y la facturaci\u00f3n y cobro de los servicios<\/strong> ser\u00e1n conservados durante todo el tiempo en que el servicio est\u00e9 vigente. Una vez finalizada dicha relaci\u00f3n, en su caso, los datos podr\u00e1n ser conservados durante el tiempo exigido por la legislaci\u00f3n aplicable y hasta que prescriban las eventuales responsabilidades derivadas del servicio.<\/li>\n<li>Los datos para la <strong>gesti\u00f3n de consultas y solicitudes<\/strong> se conservar\u00e1n durante el tiempo necesario para dar respuesta a los mismos, con un plazo m\u00e1ximo de un a\u00f1o o bien plazos estad\u00edsticos e hist\u00f3ricos.<\/li>\n<li>En defecto de plazos concretos, mientras persiste la relaci\u00f3n entre la Agrupaci\u00f3n y el paciente.<\/li>\n<\/ul>\n<h3>Legitimaci\u00f3n para el tratamiento de datos<\/h3>\n<ul>\n<li>La base legal para el tratamiento de sus datos de las finalidades anteriores es la ejecuci\u00f3n de la prestaci\u00f3n del servicio correspondiente o contrato de servicios.<\/li>\n<li>Los datos se conservar\u00e1n mientras exista un inter\u00e9s mutuo de las partes, ya sea por la vigencia del servicio o contrato o consentimiento. Por otra parte, los<br \/>\ndatos permanecer\u00e1n en la Agrupaci\u00f3n en cumplimiento de normativas obligatorias gen\u00e9ricas y sectoriales sanitarias y hasta que se superen los periodos de prescripci\u00f3n.<\/li>\n<li>La prestaci\u00f3n del consentimiento inequ\u00edvoco.<\/li>\n<\/ul>\n<p>No obstante, le recordamos que tiene derecho a oponerse a este tratamiento de sus datos, pudiendo hacerlo por cualquiera de los medios descritos en esta Pol\u00edtica.<\/p>\n<h3>Comunicaci\u00f3n de sus datos<\/h3>\n<p>Los datos ser\u00e1n comunicados a las siguientes entidades:<\/p>\n<ul>\n<li>A nuestros colaboradores necesarios para <strong>la ejecuci\u00f3n del servicio<\/strong> solicitado.<\/li>\n<li>A nuestros <strong>colaboradores habituales<\/strong> motivado por la solicitud de servicios que no prestamos directamente, pero que recomendamos por su experiencia y<br \/>\nprofesionalidad.<\/li>\n<li>En relaci\u00f3n con las subcontrataciones, ya sea para implementar las medidas de seguridad como para asegurar la disponibilidad e integridad de la informaci\u00f3n<br \/>\nque custodia, tiene subcontratados copias de respaldo con empresas contrastadas.<\/li>\n<li>Concretamente se podr\u00e1n ceder o comunicar sus datos en los siguientes supuestos: 1)<strong> Grupo Hospitalarios<\/strong> donde existan consultas o se practique una<br \/>\noperaci\u00f3n quir\u00fargica, 2) <strong>Otosurgery, S.L.<\/strong> para la utilizaci\u00f3n de material quir\u00fargico, 3) a su <strong>Compa\u00f1\u00eda de Seguros<\/strong> para la facturaci\u00f3n de los servicios prestados y la obtenci\u00f3n de la autorizaci\u00f3n del servicio y 4) <strong>GAES<\/strong> en el supuesto de implantes y audiciones.<\/li>\n<li>A las <strong>entidades financieras<\/strong> a trav\u00e9s de las que se articule la gesti\u00f3n de cobros y pagos.<\/li>\n<li>A las <strong>Administraciones p\u00fablicas<\/strong> competentes, en los casos previstos en la Ley y para los fines en ella definidos.<\/li>\n<\/ul>\n<h3>Sus derechos<\/h3>\n<p>Toda persona que nos facilite sus datos tiene los siguientes derechos:<\/p>\n<ul>\n<li>Los clientes o pacientes pueden ejercer el derecho de acceso, rectificaci\u00f3n, oposici\u00f3n o supresi\u00f3n en la direcci\u00f3n que consta en la informaci\u00f3n por capa<br \/>\n(establecimiento o bien por email o bien en la direcci\u00f3n del inicio del escrito), como tambi\u00e9n a trav\u00e9s de nuestra web. Tambi\u00e9n informamos a los posibles afectados que tienen derecho a solicitar el derecho a la portabilidad de sus datos, en su caso, a la limitaci\u00f3n del tratamiento que se realice cuando la finalidad ya no exista o la<br \/>\noposici\u00f3n espec\u00edfica a un tratamiento espec\u00edfico.<\/li>\n<li>El interesado o afectado por el tratamiento, tienen derecho a retirar su consentimiento en cualquier momento.<\/li>\n<li>Para finalizar, el cliente o usuario afectado, tiene derecho a dirigirse a la Agencia de Protecci\u00f3n de Datos u otra autoridad de control competente, entidad que gestiona cualquier aspecto relacionado con la aplicaci\u00f3n de la normativa de protecci\u00f3n de datos y donde el usuario puede denunciar o defender sus intereses en el caso que lo considere oportuno, la web es www.aepd.es.<\/li>\n<\/ul>\n<h3>Transferencias Internacionales<\/h3>\n<p>Sus datos no se transmiten fuera de la Uni\u00f3n Europea, en su caso, ser\u00eda necesario solicitar su consentimiento expreso.<\/p>\n<h3>Datos de terceros<\/h3>\n<p>Si facilita datos de terceros, asume la responsabilidad de informarles previamente de todo lo previsto en el art\u00edculo 14 del Reglamento General de Protecci\u00f3n de Datos en las condiciones establecidas en dicho precepto.<\/p>\n<h3>Actualizaci\u00f3n de sus datos<\/h3>\n<p>En el caso de producirse alguna modificaci\u00f3n de sus datos o si detecta que alg\u00fan dato es err\u00f3neo, lo rogamos nos lo comunique para su subsanaci\u00f3n, con la finalidad de mantener los datos actualizados.<\/p>\n<p><em>Actualizada el 16 de noviembre de 2023<\/em><\/p>\n<p><strong>Agrupaci\u00f3 M\u00e9dica i Quirurgica CTXEUS, S.L. (AMIQ)<\/strong><\/p>\n\n","protected":false},"excerpt":{"rendered":"<p>Pol\u00edtica de Privacidad &lt;- Inicio En la Agrupaci\u00f3 M\u00e9dica i Quirurgica CTXEUS, S.L. trabajamos para garantizar la privacidad en el tratamiento de sus datos personales. Hemos actualizado nuestra Pol\u00edtica de Privacidad para informar claramente de c\u00f3mo recopilamos, utilizamos y custodiamos los datos de las personas que contactan con nuestra Corporaci\u00f3n: Responsable del Tratamiento El interesado&hellip;<\/p>\n","protected":false},"author":3,"featured_media":0,"parent":0,"menu_order":69,"comment_status":"closed","ping_status":"closed","template":"","meta":{"_exactmetrics_skip_tracking":false,"_exactmetrics_sitenote_active":false,"_exactmetrics_sitenote_note":"","_exactmetrics_sitenote_category":0,"_monsterinsights_skip_tracking":false,"_monsterinsights_sitenote_active":false,"_monsterinsights_sitenote_note":"","_monsterinsights_sitenote_category":0,"_uf_show_specific_survey":0,"_uf_disable_surveys":false,"footnotes":""},"categories":[],"tags":[],"class_list":["post-10874","page","type-page","status-publish","hentry"],"aioseo_notices":[],"yoast_head":"<!-- This site is optimized with the Yoast SEO Premium plugin v26.4 (Yoast SEO v26.4) - https:\/\/yoast.com\/wordpress\/plugins\/seo\/ -->\n<title>Pol\u00edtica de Privacidad &#8211; AMiQ<\/title>\n<meta name=\"robots\" content=\"index, follow, max-snippet:-1, max-image-preview:large, max-video-preview:-1\" \/>\n<link rel=\"canonical\" href=\"https:\/\/amiq.cat\/es\/politica-de-privacidad\/\" \/>\n<script type=\"application\/ld+json\" class=\"yoast-schema-graph\">{\"@context\":\"https:\/\/schema.org\",\"@graph\":[{\"@type\":\"WebPage\",\"@id\":\"https:\/\/amiq.cat\/es\/politica-de-privacidad\/\",\"url\":\"https:\/\/amiq.cat\/es\/politica-de-privacidad\/\",\"name\":\"Pol\u00edtica de Privacidad &#8211; AMiQ\",\"isPartOf\":{\"@id\":\"https:\/\/amiq.cat\/es\/#website\"},\"datePublished\":\"2024-01-29T06:47:13+00:00\",\"dateModified\":\"2024-08-04T07:13:07+00:00\",\"breadcrumb\":{\"@id\":\"https:\/\/amiq.cat\/es\/politica-de-privacidad\/#breadcrumb\"},\"inLanguage\":\"es\",\"potentialAction\":[{\"@type\":\"ReadAction\",\"target\":[\"https:\/\/amiq.cat\/es\/politica-de-privacidad\/\"]}]},{\"@type\":\"BreadcrumbList\",\"@id\":\"https:\/\/amiq.cat\/es\/politica-de-privacidad\/#breadcrumb\",\"itemListElement\":[{\"@type\":\"ListItem\",\"position\":1,\"name\":\"Portada\",\"item\":\"https:\/\/amiq.cat\/es\/\"},{\"@type\":\"ListItem\",\"position\":2,\"name\":\"Pol\u00edtica de Privacidad\"}]},{\"@type\":\"WebSite\",\"@id\":\"https:\/\/amiq.cat\/es\/#website\",\"url\":\"https:\/\/amiq.cat\/es\/\",\"name\":\"AMiQ\",\"description\":\"Agrupaci\u00f3 M\u00e8dica i Quir\u00fargica\",\"publisher\":{\"@id\":\"https:\/\/amiq.cat\/es\/#organization\"},\"alternateName\":\"AMiQ\",\"potentialAction\":[{\"@type\":\"SearchAction\",\"target\":{\"@type\":\"EntryPoint\",\"urlTemplate\":\"https:\/\/amiq.cat\/es\/?s={search_term_string}\"},\"query-input\":{\"@type\":\"PropertyValueSpecification\",\"valueRequired\":true,\"valueName\":\"search_term_string\"}}],\"inLanguage\":\"es\"},{\"@type\":[\"Organization\",\"Place\",\"MedicalClinic\"],\"@id\":\"https:\/\/amiq.cat\/es\/#organization\",\"name\":\"Agrupaci\u00f3 M\u00e8dica i Quir\u00fargica\",\"alternateName\":\"AMIQ\",\"url\":\"https:\/\/amiq.cat\/es\/\",\"logo\":{\"@id\":\"https:\/\/amiq.cat\/es\/politica-de-privacidad\/#local-main-organization-logo\"},\"image\":{\"@id\":\"https:\/\/amiq.cat\/es\/politica-de-privacidad\/#local-main-organization-logo\"},\"description\":\"Entidad especializada en soluciones aseguradoras para profesionales sanitarios, ofreciendo coberturas adaptadas a las necesidades m\u00e9dicas y quir\u00fargicas. Con una amplia experiencia en el sector, destaca por su compromiso con la protecci\u00f3n integral, la gesti\u00f3n eficiente de riesgos y un servicio cercano y personalizado. Su enfoque combina innovaci\u00f3n, confianza y respaldo profesional, convirti\u00e9ndola en una opci\u00f3n s\u00f3lida para quienes buscan seguridad y tranquilidad en el ejercicio de la pr\u00e1ctica sanitaria.\",\"legalName\":\"Agrupaci\u00f3 M\u00e8dica i Quir\u00fargica\",\"numberOfEmployees\":{\"@type\":\"QuantitativeValue\",\"minValue\":\"11\",\"maxValue\":\"50\"},\"address\":{\"@id\":\"https:\/\/amiq.cat\/es\/politica-de-privacidad\/#local-main-place-address\"},\"telephone\":[\"93 122 3615\"],\"openingHoursSpecification\":[]},{\"@type\":\"PostalAddress\",\"@id\":\"https:\/\/amiq.cat\/es\/politica-de-privacidad\/#local-main-place-address\",\"streetAddress\":\"Carrer de Josep Maria Llad\u00f3, 3,, Sarri\u00e0-Sant Gervasi,\",\"addressLocality\":\"Barcelona\",\"postalCode\":\"08035\",\"addressRegion\":\"Activo\",\"addressCountry\":\"ES\"},{\"@type\":\"ImageObject\",\"inLanguage\":\"es\",\"@id\":\"https:\/\/amiq.cat\/es\/politica-de-privacidad\/#local-main-organization-logo\",\"url\":\"https:\/\/amiq.cat\/wp-content\/uploads\/2024\/07\/logo-amiq-300.png\",\"contentUrl\":\"https:\/\/amiq.cat\/wp-content\/uploads\/2024\/07\/logo-amiq-300.png\",\"width\":400,\"height\":92,\"caption\":\"Agrupaci\u00f3 M\u00e8dica i Quir\u00fargica\"}]}<\/script>\n<meta name=\"geo.placename\" content=\"Barcelona\" \/>\n<meta name=\"geo.region\" content=\"Espa\u00f1a\" \/>\n<!-- \/ Yoast SEO Premium plugin. -->","yoast_head_json":{"title":"Pol\u00edtica de Privacidad &#8211; AMiQ","robots":{"index":"index","follow":"follow","max-snippet":"max-snippet:-1","max-image-preview":"max-image-preview:large","max-video-preview":"max-video-preview:-1"},"canonical":"https:\/\/amiq.cat\/es\/politica-de-privacidad\/","schema":{"@context":"https:\/\/schema.org","@graph":[{"@type":"WebPage","@id":"https:\/\/amiq.cat\/es\/politica-de-privacidad\/","url":"https:\/\/amiq.cat\/es\/politica-de-privacidad\/","name":"Pol\u00edtica de Privacidad &#8211; AMiQ","isPartOf":{"@id":"https:\/\/amiq.cat\/es\/#website"},"datePublished":"2024-01-29T06:47:13+00:00","dateModified":"2024-08-04T07:13:07+00:00","breadcrumb":{"@id":"https:\/\/amiq.cat\/es\/politica-de-privacidad\/#breadcrumb"},"inLanguage":"es","potentialAction":[{"@type":"ReadAction","target":["https:\/\/amiq.cat\/es\/politica-de-privacidad\/"]}]},{"@type":"BreadcrumbList","@id":"https:\/\/amiq.cat\/es\/politica-de-privacidad\/#breadcrumb","itemListElement":[{"@type":"ListItem","position":1,"name":"Portada","item":"https:\/\/amiq.cat\/es\/"},{"@type":"ListItem","position":2,"name":"Pol\u00edtica de Privacidad"}]},{"@type":"WebSite","@id":"https:\/\/amiq.cat\/es\/#website","url":"https:\/\/amiq.cat\/es\/","name":"AMiQ","description":"Agrupaci\u00f3 M\u00e8dica i Quir\u00fargica","publisher":{"@id":"https:\/\/amiq.cat\/es\/#organization"},"alternateName":"AMiQ","potentialAction":[{"@type":"SearchAction","target":{"@type":"EntryPoint","urlTemplate":"https:\/\/amiq.cat\/es\/?s={search_term_string}"},"query-input":{"@type":"PropertyValueSpecification","valueRequired":true,"valueName":"search_term_string"}}],"inLanguage":"es"},{"@type":["Organization","Place","MedicalClinic"],"@id":"https:\/\/amiq.cat\/es\/#organization","name":"Agrupaci\u00f3 M\u00e8dica i Quir\u00fargica","alternateName":"AMIQ","url":"https:\/\/amiq.cat\/es\/","logo":{"@id":"https:\/\/amiq.cat\/es\/politica-de-privacidad\/#local-main-organization-logo"},"image":{"@id":"https:\/\/amiq.cat\/es\/politica-de-privacidad\/#local-main-organization-logo"},"description":"Entidad especializada en soluciones aseguradoras para profesionales sanitarios, ofreciendo coberturas adaptadas a las necesidades m\u00e9dicas y quir\u00fargicas. Con una amplia experiencia en el sector, destaca por su compromiso con la protecci\u00f3n integral, la gesti\u00f3n eficiente de riesgos y un servicio cercano y personalizado. Su enfoque combina innovaci\u00f3n, confianza y respaldo profesional, convirti\u00e9ndola en una opci\u00f3n s\u00f3lida para quienes buscan seguridad y tranquilidad en el ejercicio de la pr\u00e1ctica sanitaria.","legalName":"Agrupaci\u00f3 M\u00e8dica i Quir\u00fargica","numberOfEmployees":{"@type":"QuantitativeValue","minValue":"11","maxValue":"50"},"address":{"@id":"https:\/\/amiq.cat\/es\/politica-de-privacidad\/#local-main-place-address"},"telephone":["93 122 3615"],"openingHoursSpecification":[]},{"@type":"PostalAddress","@id":"https:\/\/amiq.cat\/es\/politica-de-privacidad\/#local-main-place-address","streetAddress":"Carrer de Josep Maria Llad\u00f3, 3,, Sarri\u00e0-Sant Gervasi,","addressLocality":"Barcelona","postalCode":"08035","addressRegion":"Activo","addressCountry":"ES"},{"@type":"ImageObject","inLanguage":"es","@id":"https:\/\/amiq.cat\/es\/politica-de-privacidad\/#local-main-organization-logo","url":"https:\/\/amiq.cat\/wp-content\/uploads\/2024\/07\/logo-amiq-300.png","contentUrl":"https:\/\/amiq.cat\/wp-content\/uploads\/2024\/07\/logo-amiq-300.png","width":400,"height":92,"caption":"Agrupaci\u00f3 M\u00e8dica i Quir\u00fargica"}]},"geo.placename":"Barcelona","geo.region":"Espa\u00f1a"},"_links":{"self":[{"href":"https:\/\/amiq.cat\/es\/wp-json\/wp\/v2\/pages\/10874","targetHints":{"allow":["GET"]}}],"collection":[{"href":"https:\/\/amiq.cat\/es\/wp-json\/wp\/v2\/pages"}],"about":[{"href":"https:\/\/amiq.cat\/es\/wp-json\/wp\/v2\/types\/page"}],"author":[{"embeddable":true,"href":"https:\/\/amiq.cat\/es\/wp-json\/wp\/v2\/users\/3"}],"replies":[{"embeddable":true,"href":"https:\/\/amiq.cat\/es\/wp-json\/wp\/v2\/comments?post=10874"}],"version-history":[{"count":5,"href":"https:\/\/amiq.cat\/es\/wp-json\/wp\/v2\/pages\/10874\/revisions"}],"predecessor-version":[{"id":13811,"href":"https:\/\/amiq.cat\/es\/wp-json\/wp\/v2\/pages\/10874\/revisions\/13811"}],"wp:attachment":[{"href":"https:\/\/amiq.cat\/es\/wp-json\/wp\/v2\/media?parent=10874"}],"wp:term":[{"taxonomy":"category","embeddable":true,"href":"https:\/\/amiq.cat\/es\/wp-json\/wp\/v2\/categories?post=10874"},{"taxonomy":"post_tag","embeddable":true,"href":"https:\/\/amiq.cat\/es\/wp-json\/wp\/v2\/tags?post=10874"}],"curies":[{"name":"wp","href":"https:\/\/api.w.org\/{rel}","templated":true}]}}