{"id":10876,"date":"2024-01-29T06:47:31","date_gmt":"2024-01-29T06:47:31","guid":{"rendered":"https:\/\/wetopi.com\/?page_id=10876"},"modified":"2025-03-30T18:55:13","modified_gmt":"2025-03-30T16:55:13","slug":"raquel-fundacion-amiq","status":"publish","type":"page","link":"https:\/\/amiq.cat\/es\/raquel-fundacion-amiq\/","title":{"rendered":"Raquel Fundaci\u00f3n AMiQ"},"content":{"rendered":"\n\n<h2>\n\t\tRaquel Fundaci\u00f3n AMiQ\n\t<\/h2>\n<p>&nbsp;<\/p>\n<p>&nbsp;<\/p>\n<p><strong>RAQUEL. FUNDACI\u00d3 AMiQ<\/strong> tiene por objeto fundacional desarrollar una actividad solidaria, educativa, formativa, social y sanitaria para la poblaci\u00f3n en general, con especial dedicaci\u00f3n a la infancia.<\/p>\n<p>Nace en setiembre del 2016 en recuerdo y memoria de Raquel, como a consecuencia del anhelo de los profesionales de la Agrupaci\u00f3n M\u00e9dica y Quir\u00fargica en ayudar a conseguir un mundo mejor.<\/p>\n\t\t\t\t\t\t\t\t\t<img loading=\"lazy\" decoding=\"async\" src=\"https:\/\/amiq.cat\/wp-content\/uploads\/2024\/02\/raquel-fundacio.jpg\" alt=\"raquel-fundacio\" itemprop=\"image\" height=\"600\" width=\"900\" srcset=\"https:\/\/amiq.cat\/wp-content\/uploads\/2024\/02\/raquel-fundacio.jpg 900w, https:\/\/amiq.cat\/wp-content\/uploads\/2024\/02\/raquel-fundacio-300x200.jpg 300w, https:\/\/amiq.cat\/wp-content\/uploads\/2024\/02\/raquel-fundacio-768x512.jpg 768w\" sizes=\"auto, (max-width: 900px) 100vw, 900px\" title=\"raquel-fundacio\" onerror=\"this.style.display='none'\"  \/>\n<h2>Formaci\u00f3n M\u00e9dica<\/h2>\n<p>Es en base a su actividad formativa y educativa que Raquel Fundaci\u00f3n ofrece la posibilidad de\u00a0<strong>estancias formativas o rotaciones para residentes y adjuntos de Otorrinolaringolog\u00eda y Alergolog\u00eda,<\/strong>\u00a0mediante un convenio con La Unidad funcional de Otorrinolaringolog\u00eda y Alergia del Hospital Universitario Dexeus, que se articula la Agrupaci\u00f3n M\u00e9dica y Quirurgica.<\/p>\n<p>Existe la posibilidad de realizar un programa espec\u00edfico para la especialidad de Otorrinolaringolog\u00eda, limitado a dos plazas anuales para realizar el\u00a0<a href=\"https:\/\/amiq.cat\/wp-content\/uploads\/2024\/04\/PROGRAMA-FELLOWSHIP-RAQUEL-ES.pdf\" target=\"_blank\" rel=\"noopener\">Programa de Felloship en Otorrinolaringolog\u00eda<\/a>. <a href=\"https:\/\/amiq.cat\/wp-content\/uploads\/2024\/04\/PROGRAMA-FELLOWSHIP-RAQUEL-EN.pdf\" target=\"_blank\" rel=\"noopener\">English<\/a>. <a href=\"https:\/\/amiq.cat\/wp-content\/uploads\/2024\/04\/PROGRAMA-FELLOWSHIP-RAQUEL-IT.pdf\" target=\"_blank\" rel=\"noopener\">Italiano<\/a>.<\/p>\n<p>Rotaciones M\u00e9dicas, Estancias Formativas:<\/p>\n<ul>\n<li><strong>Dra. Maria Florencia Monta\u00f1o. ORL<\/strong>, Hospital Dr Cesar Milstein Buenos Aires. Argentina. 2014<\/li>\n<li><strong>Ana Moreira. Audiolog\u00eda<\/strong>, Portugal. 2015<\/li>\n<li><strong>Corina Martins. Audiolog\u00eda<\/strong>, Portugal. 2015<\/li>\n<li><strong>Dr. Guido Manuel Hoyos. ORL<\/strong>, Cl\u00ednica Universitaria Reina Fabiola. Argentina. 2017<\/li>\n<li><strong>Dr. Manuel G\u00f3mez. Alergia<\/strong>, Hospital Universitario Vall d&#8217;Hebron. Barcelona 2016<\/li>\n<li><strong>Dra. Liv B\u00e1rcenas Padilla. ORL<\/strong>, Hospital \u00c1ngeles. M\u00e9xico 2017.<\/li>\n<li><strong>Dr. Santiago Jaime Abaga. M\u00e9dico<\/strong>, SOS Aldeas infantiles. Guinea Ecuatorial 2018.<\/li>\n<li><strong>Dr. Manuel Eyama Mbo. M\u00e9dico<\/strong>, Hospital Regional de Bata. Guinea Ecuatorial 2018.<\/li>\n<li><strong>Dra. Daniela Mar\u00eda Brighenti. ORL<\/strong>, Hospital Dr. Cesar Milstein. Argentina. 2019.<\/li>\n<li><strong>Dr. Felipe Benjumea Flores. ORL<\/strong>, Hospital Universitario Bellvitge. Barcelona 2019.<\/li>\n<li><strong>Mar\u00eda Paula Torres Ria\u00f1o. Estudiante de Medicina<\/strong>, Fundaci\u00f3n Universitaria de Ciencias de la Salud. Colombia 2019.<\/li>\n<li><strong>Natalia Bel\u00e9n Saccoliti. Fonoaudiolog\u00eda<\/strong>, Hospital Bernardino Rivadavia. Argentina 2019.<\/li>\n<li><strong>Julia Gonz\u00e1lez Martin. Estudiante Medicina<\/strong>, Universidad de Barcelona. 2020<\/li>\n<li><strong>Dra. Maria Florencia Monta\u00f1o. ORL<\/strong>,\u00a0 Hospital de Escobar Erill. Argentina 2020.<\/li>\n<li><strong>Dra Silvia Sapino. ORL,<\/strong> Universidad de Turin. Italia 2021.<\/li>\n<li><strong>Dra Massiel Cepeda. ORL,<\/strong> Republica Dominicana. Fellow Raquel ORL a\u00f1o 2021\/22<\/li>\n<li><strong>Dra Laura Marie Garrido, ORL,<\/strong> Republica Dominicana. Fellow Raquel ORL a\u00f1o 2021\/22<\/li>\n<li><strong>Pilar Arebalo. Fonoaudi\u00f3loga,<\/strong> Argentina 2022<\/li>\n<li><strong>Dra Chiara Contin. ORL,<\/strong> Cl\u00ednica Universitaria Reina Fabiola. Argentina 2022<\/li>\n<li><strong>Lcda. Magdalena Troncoso. Fonoaudi\u00f3loga.<\/strong> Hospital General de Agudos Bernardino Rivadavia. Buenos Aires. Argentina. 2022<\/li>\n<li><strong>Lcda Victoria Kiefer. Fonoaudi\u00f3loga.<\/strong> Hospital General de Agudos Jos\u00e9 Mar\u00eda Penna. Buenos Aires. Argentina. 2022<\/li>\n<li><strong>Lcda. Maria Elena Elizaga. Fonoaudi\u00f3loga.<\/strong> Hospital Italiano. Buenos Aires. Argentina. 2022<\/li>\n<li><strong>Lcda. Josefina Olavegogeascoechea. Fonoaudi\u00f3loga.<\/strong> Hospital de Cl\u00ednicas. Buenos Aires. Argentina. 2022<\/li>\n<li><strong>Naima Urqu\u00eda.<\/strong> Estudiante Medicina, Universidad de Barcelona. Noviembre 2022<\/li>\n<li><strong>Luz Mosteiro.<\/strong> Estudiante Medicina, Universidad de Barcelona. Diciembre 2022-Enero 2023<\/li>\n<li><strong>Stefano Bormida.<\/strong> Otorrinolaringolog\u00eda. Hospital San Giovanni Battista-Molinette. Universidad de Tur\u00edn. Italia. Septiembre 2022-Febrero 2023<\/li>\n<li><strong>Alessia Mazzanti.<\/strong> Fonoaudi\u00f3loga. Hospital General de Agudos Bernardino Rivadavia. Febrero-Abril 2023<\/li>\n<li><strong>Agostina Magliarella.<\/strong> Fonoaudi\u00f3loga. Hospital General de Agudos Bernardino Rivadavia. Abril-Mayo 2023<\/li>\n<li><strong>Clara Pando.<\/strong> Fonoaudi\u00f3loga. Hospital Rehabilitaci\u00f3n Manuel Rocca Buenos Aires. Argentina. Marzo-Mayo 2023<\/li>\n<li><strong>Federica Piazza.<\/strong> Otorrinolaringolog\u00eda. Hospital San Giovanni Battista-Molinette. Universidad de Tur\u00edn. Italia. Marzo 2023-Septiembre 2023<\/li>\n<li><strong>Sofia M\u00e1rmol.<\/strong> Otorrinolaringolog\u00eda. Hospital Nacional de Cl\u00ednicas de la Provincia de C\u00f3rdoba. Universidad Nacional de C\u00f3rdoba. Argentina. Marzo-Abril 2023<\/li>\n<li><strong>Juan Felipe V\u00e9lez Rodr\u00edguez.<\/strong> Otorrinolaringolog\u00eda. Hospital San Jos\u00e9 Bogot\u00e1. Colombia. Abril-Junio 2023<\/li>\n<li><strong>Karla Valentina Rodr\u00edguez Mu\u00f1oz.<\/strong> Estudiante Medicina. Fundaci\u00f3n Universitaria de Ciencias de la Salud. Bogot\u00e1. Colombia. Abril-Mayo 2023<\/li>\n<li><strong>Agostina Magliarella.<\/strong> Licenciada en Fonoaudiolog\u00eda Hospital General de Agudos Bernardino Rivadavia. Argentina. Febrero-Abril 23.<\/li>\n<li><strong>Alessia Mazzanti.<\/strong> Licenciada en Fonoaudiolog\u00eda Hospital General de Agudos Bernardino Rivadavia. Argentina Febrero-Abril 23<\/li>\n<li><strong>Camila Magrasi.<\/strong> Licenciada en Fonoaudiolog\u00eda. Hospital General de Agudos de la Plata. Argentina Julio-Agosto 23<\/li>\n<li><strong>Rocio Magali.<\/strong> ORL Hospital Italiano de Buenos Aires Argentina. Octubre 23 a Junio 24.<\/li>\n<li><strong>Sofia Marmol.<\/strong> ORL Hospital Nacional de Cl\u00ednicas de la provincia de C\u00f3rdoba. Argentina. Enero-Junio 24.<\/li>\n<li><strong>Pilar Pones.<\/strong> Licenciada Fonoaudiologia. Hospital Rehabilitaci\u00f3n Manuel Rocca. Argentina. Marzo-Mayo 24.<\/li>\n<li><strong>Maria Sol.<\/strong> Carranza ORL Cl\u00ednica Universitaria reina Fabiola. Argentina Marzo Abril 24.<\/li>\n<li><strong>Guadalupe Pereira.<\/strong> Licenciada Fonoaudiologia Hospital Italiano de Buenos Aires, Argentina. Junio-Agosto 24<\/li>\n<li><strong>Arianna Daquino<\/strong>. ORL Universit\u00e0 di Torino, Hospital Molinette. Italia Octubre 2024 &#8211; marzo 2025<\/li>\n<li><strong>Arianna Tomasino.<\/strong> ORL Universit\u00e0 di Torino, Hospital Molinette. Italia Octubre 2024 &#8211; Marzo 2025<\/li>\n<li><strong>Virginia Lujan Neto. <\/strong>Licenciada en Fonoaudiolog\u00eda (UBA). Hospital General de agudos Jos\u00e9 Mar\u00eda Ramos Mej\u00eda. Argentina. Enero- Febrero 2025<\/li>\n<\/ul>\n\t\t<h3>AMiQ &#8211; Formaci\u00f3n M\u00e9dica<\/h3>\n<p>Formaci\u00f3n, Docencia y Programa Internacional de Fellowship en Otorrinolaringolog\u00eda<\/p>\n\t\t\t<a href=\"https:\/\/amiq.cat\/formacion-medica-continuada\/\" target=\"_self\">\n\t\t\t\t\t\t\tSABER M\u00c1S\n\t\t\t\t\t<\/a>\n<h3>Proyectos y actividades<\/h3>\n<p>&nbsp;<\/p>\n<p><strong>Proyecto de Colaboraci\u00f3n en Otolog\u00eda para el Nepal<\/strong>, mediante la fundaci\u00f3n Ear Care Nepal.<\/p>\n<p><strong>Dotaci\u00f3n de Material M\u00e9dico para Gambia<\/strong>, Hospital Royal Victoria y Hospital de Banjul, mediante proyecto de responsabilidad social y educativa de los ni\u00f1os y ni\u00f1as de la Escuela Ram\u00f3n Llull.<\/p>\n<p><strong>Material medico para Angola<\/strong>. En colaboraci\u00f3n con Amplif\u00f3n, material audiol\u00f3gico para el Hospital de Cubal Angola.<\/p>\n\t<h3>\u00a0\u00a0\u00a0\u00a0\u00a0 Contacta<\/h3>\n\n","protected":false},"excerpt":{"rendered":"<p>Raquel Fundaci\u00f3n AMiQ &nbsp; &nbsp; RAQUEL. FUNDACI\u00d3 AMiQ tiene por objeto fundacional desarrollar una actividad solidaria, educativa, formativa, social y sanitaria para la poblaci\u00f3n en general, con especial dedicaci\u00f3n a la infancia. Nace en setiembre del 2016 en recuerdo y memoria de Raquel, como a consecuencia del anhelo de los profesionales de la Agrupaci\u00f3n M\u00e9dica&hellip;<\/p>\n","protected":false},"author":3,"featured_media":0,"parent":0,"menu_order":76,"comment_status":"closed","ping_status":"closed","template":"","meta":{"_exactmetrics_skip_tracking":false,"_exactmetrics_sitenote_active":false,"_exactmetrics_sitenote_note":"","_exactmetrics_sitenote_category":0,"_monsterinsights_skip_tracking":false,"_monsterinsights_sitenote_active":false,"_monsterinsights_sitenote_note":"","_monsterinsights_sitenote_category":0,"_uf_show_specific_survey":0,"_uf_disable_surveys":false,"footnotes":""},"categories":[],"tags":[],"class_list":["post-10876","page","type-page","status-publish","hentry"],"aioseo_notices":[],"yoast_head":"<!-- This site is optimized with the Yoast SEO Premium plugin v26.4 (Yoast SEO v26.4) - https:\/\/yoast.com\/wordpress\/plugins\/seo\/ -->\n<title>Raquel Fundaci\u00f3n AMiQ &#8211; AMiQ<\/title>\n<meta name=\"robots\" content=\"index, follow, max-snippet:-1, max-image-preview:large, max-video-preview:-1\" \/>\n<link rel=\"canonical\" href=\"https:\/\/amiq.cat\/es\/raquel-fundacion-amiq\/\" \/>\n<script type=\"application\/ld+json\" class=\"yoast-schema-graph\">{\"@context\":\"https:\/\/schema.org\",\"@graph\":[{\"@type\":\"WebPage\",\"@id\":\"https:\/\/amiq.cat\/es\/raquel-fundacion-amiq\/\",\"url\":\"https:\/\/amiq.cat\/es\/raquel-fundacion-amiq\/\",\"name\":\"Raquel Fundaci\u00f3n AMiQ &#8211; AMiQ\",\"isPartOf\":{\"@id\":\"https:\/\/amiq.cat\/es\/#website\"},\"primaryImageOfPage\":{\"@id\":\"https:\/\/amiq.cat\/es\/raquel-fundacion-amiq\/#primaryimage\"},\"image\":{\"@id\":\"https:\/\/amiq.cat\/es\/raquel-fundacion-amiq\/#primaryimage\"},\"thumbnailUrl\":\"https:\/\/amiq.cat\/wp-content\/uploads\/2024\/02\/raquel-fundacio.jpg\",\"datePublished\":\"2024-01-29T06:47:31+00:00\",\"dateModified\":\"2025-03-30T16:55:13+00:00\",\"breadcrumb\":{\"@id\":\"https:\/\/amiq.cat\/es\/raquel-fundacion-amiq\/#breadcrumb\"},\"inLanguage\":\"es\",\"potentialAction\":[{\"@type\":\"ReadAction\",\"target\":[\"https:\/\/amiq.cat\/es\/raquel-fundacion-amiq\/\"]}]},{\"@type\":\"ImageObject\",\"inLanguage\":\"es\",\"@id\":\"https:\/\/amiq.cat\/es\/raquel-fundacion-amiq\/#primaryimage\",\"url\":\"https:\/\/amiq.cat\/wp-content\/uploads\/2024\/02\/raquel-fundacio.jpg\",\"contentUrl\":\"https:\/\/amiq.cat\/wp-content\/uploads\/2024\/02\/raquel-fundacio.jpg\"},{\"@type\":\"BreadcrumbList\",\"@id\":\"https:\/\/amiq.cat\/es\/raquel-fundacion-amiq\/#breadcrumb\",\"itemListElement\":[{\"@type\":\"ListItem\",\"position\":1,\"name\":\"Portada\",\"item\":\"https:\/\/amiq.cat\/es\/\"},{\"@type\":\"ListItem\",\"position\":2,\"name\":\"Raquel Fundaci\u00f3n AMiQ\"}]},{\"@type\":\"WebSite\",\"@id\":\"https:\/\/amiq.cat\/es\/#website\",\"url\":\"https:\/\/amiq.cat\/es\/\",\"name\":\"AMiQ\",\"description\":\"Agrupaci\u00f3 M\u00e8dica i Quir\u00fargica\",\"publisher\":{\"@id\":\"https:\/\/amiq.cat\/es\/#organization\"},\"alternateName\":\"AMiQ\",\"potentialAction\":[{\"@type\":\"SearchAction\",\"target\":{\"@type\":\"EntryPoint\",\"urlTemplate\":\"https:\/\/amiq.cat\/es\/?s={search_term_string}\"},\"query-input\":{\"@type\":\"PropertyValueSpecification\",\"valueRequired\":true,\"valueName\":\"search_term_string\"}}],\"inLanguage\":\"es\"},{\"@type\":[\"Organization\",\"Place\",\"MedicalClinic\"],\"@id\":\"https:\/\/amiq.cat\/es\/#organization\",\"name\":\"Agrupaci\u00f3 M\u00e8dica i Quir\u00fargica\",\"alternateName\":\"AMIQ\",\"url\":\"https:\/\/amiq.cat\/es\/\",\"logo\":{\"@id\":\"https:\/\/amiq.cat\/es\/raquel-fundacion-amiq\/#local-main-organization-logo\"},\"image\":{\"@id\":\"https:\/\/amiq.cat\/es\/raquel-fundacion-amiq\/#local-main-organization-logo\"},\"description\":\"Entidad especializada en soluciones aseguradoras para profesionales sanitarios, ofreciendo coberturas adaptadas a las necesidades m\u00e9dicas y quir\u00fargicas. Con una amplia experiencia en el sector, destaca por su compromiso con la protecci\u00f3n integral, la gesti\u00f3n eficiente de riesgos y un servicio cercano y personalizado. Su enfoque combina innovaci\u00f3n, confianza y respaldo profesional, convirti\u00e9ndola en una opci\u00f3n s\u00f3lida para quienes buscan seguridad y tranquilidad en el ejercicio de la pr\u00e1ctica sanitaria.\",\"legalName\":\"Agrupaci\u00f3 M\u00e8dica i Quir\u00fargica\",\"numberOfEmployees\":{\"@type\":\"QuantitativeValue\",\"minValue\":\"11\",\"maxValue\":\"50\"},\"address\":{\"@id\":\"https:\/\/amiq.cat\/es\/raquel-fundacion-amiq\/#local-main-place-address\"},\"telephone\":[\"93 122 3615\"],\"openingHoursSpecification\":[]},{\"@type\":\"PostalAddress\",\"@id\":\"https:\/\/amiq.cat\/es\/raquel-fundacion-amiq\/#local-main-place-address\",\"streetAddress\":\"Carrer de Josep Maria Llad\u00f3, 3,, Sarri\u00e0-Sant Gervasi,\",\"addressLocality\":\"Barcelona\",\"postalCode\":\"08035\",\"addressRegion\":\"Activo\",\"addressCountry\":\"ES\"},{\"@type\":\"ImageObject\",\"inLanguage\":\"es\",\"@id\":\"https:\/\/amiq.cat\/es\/raquel-fundacion-amiq\/#local-main-organization-logo\",\"url\":\"https:\/\/amiq.cat\/wp-content\/uploads\/2024\/07\/logo-amiq-300.png\",\"contentUrl\":\"https:\/\/amiq.cat\/wp-content\/uploads\/2024\/07\/logo-amiq-300.png\",\"width\":400,\"height\":92,\"caption\":\"Agrupaci\u00f3 M\u00e8dica i Quir\u00fargica\"}]}<\/script>\n<meta name=\"geo.placename\" content=\"Barcelona\" \/>\n<meta name=\"geo.region\" content=\"Espa\u00f1a\" \/>\n<!-- \/ Yoast SEO Premium plugin. -->","yoast_head_json":{"title":"Raquel Fundaci\u00f3n AMiQ &#8211; AMiQ","robots":{"index":"index","follow":"follow","max-snippet":"max-snippet:-1","max-image-preview":"max-image-preview:large","max-video-preview":"max-video-preview:-1"},"canonical":"https:\/\/amiq.cat\/es\/raquel-fundacion-amiq\/","schema":{"@context":"https:\/\/schema.org","@graph":[{"@type":"WebPage","@id":"https:\/\/amiq.cat\/es\/raquel-fundacion-amiq\/","url":"https:\/\/amiq.cat\/es\/raquel-fundacion-amiq\/","name":"Raquel Fundaci\u00f3n AMiQ &#8211; AMiQ","isPartOf":{"@id":"https:\/\/amiq.cat\/es\/#website"},"primaryImageOfPage":{"@id":"https:\/\/amiq.cat\/es\/raquel-fundacion-amiq\/#primaryimage"},"image":{"@id":"https:\/\/amiq.cat\/es\/raquel-fundacion-amiq\/#primaryimage"},"thumbnailUrl":"https:\/\/amiq.cat\/wp-content\/uploads\/2024\/02\/raquel-fundacio.jpg","datePublished":"2024-01-29T06:47:31+00:00","dateModified":"2025-03-30T16:55:13+00:00","breadcrumb":{"@id":"https:\/\/amiq.cat\/es\/raquel-fundacion-amiq\/#breadcrumb"},"inLanguage":"es","potentialAction":[{"@type":"ReadAction","target":["https:\/\/amiq.cat\/es\/raquel-fundacion-amiq\/"]}]},{"@type":"ImageObject","inLanguage":"es","@id":"https:\/\/amiq.cat\/es\/raquel-fundacion-amiq\/#primaryimage","url":"https:\/\/amiq.cat\/wp-content\/uploads\/2024\/02\/raquel-fundacio.jpg","contentUrl":"https:\/\/amiq.cat\/wp-content\/uploads\/2024\/02\/raquel-fundacio.jpg"},{"@type":"BreadcrumbList","@id":"https:\/\/amiq.cat\/es\/raquel-fundacion-amiq\/#breadcrumb","itemListElement":[{"@type":"ListItem","position":1,"name":"Portada","item":"https:\/\/amiq.cat\/es\/"},{"@type":"ListItem","position":2,"name":"Raquel Fundaci\u00f3n AMiQ"}]},{"@type":"WebSite","@id":"https:\/\/amiq.cat\/es\/#website","url":"https:\/\/amiq.cat\/es\/","name":"AMiQ","description":"Agrupaci\u00f3 M\u00e8dica i Quir\u00fargica","publisher":{"@id":"https:\/\/amiq.cat\/es\/#organization"},"alternateName":"AMiQ","potentialAction":[{"@type":"SearchAction","target":{"@type":"EntryPoint","urlTemplate":"https:\/\/amiq.cat\/es\/?s={search_term_string}"},"query-input":{"@type":"PropertyValueSpecification","valueRequired":true,"valueName":"search_term_string"}}],"inLanguage":"es"},{"@type":["Organization","Place","MedicalClinic"],"@id":"https:\/\/amiq.cat\/es\/#organization","name":"Agrupaci\u00f3 M\u00e8dica i Quir\u00fargica","alternateName":"AMIQ","url":"https:\/\/amiq.cat\/es\/","logo":{"@id":"https:\/\/amiq.cat\/es\/raquel-fundacion-amiq\/#local-main-organization-logo"},"image":{"@id":"https:\/\/amiq.cat\/es\/raquel-fundacion-amiq\/#local-main-organization-logo"},"description":"Entidad especializada en soluciones aseguradoras para profesionales sanitarios, ofreciendo coberturas adaptadas a las necesidades m\u00e9dicas y quir\u00fargicas. Con una amplia experiencia en el sector, destaca por su compromiso con la protecci\u00f3n integral, la gesti\u00f3n eficiente de riesgos y un servicio cercano y personalizado. Su enfoque combina innovaci\u00f3n, confianza y respaldo profesional, convirti\u00e9ndola en una opci\u00f3n s\u00f3lida para quienes buscan seguridad y tranquilidad en el ejercicio de la pr\u00e1ctica sanitaria.","legalName":"Agrupaci\u00f3 M\u00e8dica i Quir\u00fargica","numberOfEmployees":{"@type":"QuantitativeValue","minValue":"11","maxValue":"50"},"address":{"@id":"https:\/\/amiq.cat\/es\/raquel-fundacion-amiq\/#local-main-place-address"},"telephone":["93 122 3615"],"openingHoursSpecification":[]},{"@type":"PostalAddress","@id":"https:\/\/amiq.cat\/es\/raquel-fundacion-amiq\/#local-main-place-address","streetAddress":"Carrer de Josep Maria Llad\u00f3, 3,, Sarri\u00e0-Sant Gervasi,","addressLocality":"Barcelona","postalCode":"08035","addressRegion":"Activo","addressCountry":"ES"},{"@type":"ImageObject","inLanguage":"es","@id":"https:\/\/amiq.cat\/es\/raquel-fundacion-amiq\/#local-main-organization-logo","url":"https:\/\/amiq.cat\/wp-content\/uploads\/2024\/07\/logo-amiq-300.png","contentUrl":"https:\/\/amiq.cat\/wp-content\/uploads\/2024\/07\/logo-amiq-300.png","width":400,"height":92,"caption":"Agrupaci\u00f3 M\u00e8dica i Quir\u00fargica"}]},"geo.placename":"Barcelona","geo.region":"Espa\u00f1a"},"_links":{"self":[{"href":"https:\/\/amiq.cat\/es\/wp-json\/wp\/v2\/pages\/10876","targetHints":{"allow":["GET"]}}],"collection":[{"href":"https:\/\/amiq.cat\/es\/wp-json\/wp\/v2\/pages"}],"about":[{"href":"https:\/\/amiq.cat\/es\/wp-json\/wp\/v2\/types\/page"}],"author":[{"embeddable":true,"href":"https:\/\/amiq.cat\/es\/wp-json\/wp\/v2\/users\/3"}],"replies":[{"embeddable":true,"href":"https:\/\/amiq.cat\/es\/wp-json\/wp\/v2\/comments?post=10876"}],"version-history":[{"count":10,"href":"https:\/\/amiq.cat\/es\/wp-json\/wp\/v2\/pages\/10876\/revisions"}],"predecessor-version":[{"id":14023,"href":"https:\/\/amiq.cat\/es\/wp-json\/wp\/v2\/pages\/10876\/revisions\/14023"}],"wp:attachment":[{"href":"https:\/\/amiq.cat\/es\/wp-json\/wp\/v2\/media?parent=10876"}],"wp:term":[{"taxonomy":"category","embeddable":true,"href":"https:\/\/amiq.cat\/es\/wp-json\/wp\/v2\/categories?post=10876"},{"taxonomy":"post_tag","embeddable":true,"href":"https:\/\/amiq.cat\/es\/wp-json\/wp\/v2\/tags?post=10876"}],"curies":[{"name":"wp","href":"https:\/\/api.w.org\/{rel}","templated":true}]}}