{"id":10991,"date":"2024-01-29T19:57:25","date_gmt":"2024-01-29T19:57:25","guid":{"rendered":"https:\/\/wetopi.com\/?page_id=10991"},"modified":"2024-08-03T15:31:28","modified_gmt":"2024-08-03T13:31:28","slug":"especialidades","status":"publish","type":"page","link":"https:\/\/amiq.cat\/es\/especialidades\/","title":{"rendered":"Especialidades"},"content":{"rendered":"\n\n\t<p>Nuestras Especialidades<\/p>\n<h2><a href=\"https:\/\/amiq.cat\/otorrino-adultos\/\"><strong>Otorrino Adultos<\/strong><\/a><\/h2>\n<p>Especialistas Otorrinolaringolog\u00eda Barcelona<\/p>\n\t\t\t\t\t\t\t\t<a href=\"https:\/\/amiq.cat\/\/otorrino-adultos\/\" target=\"_self\" itemprop=\"url\" rel=\"noopener\">\n\t\t\t\t\t\t\t\t\t<img loading=\"lazy\" decoding=\"async\" src=\"https:\/\/amiq.cat\/wp-content\/uploads\/2024\/02\/amiq-header-otorrino-adults.jpg\" alt=\"amiq-header-otorrino-adults\" itemprop=\"image\" height=\"600\" width=\"1800\" srcset=\"https:\/\/amiq.cat\/wp-content\/uploads\/2024\/02\/amiq-header-otorrino-adults.jpg 1800w, https:\/\/amiq.cat\/wp-content\/uploads\/2024\/02\/amiq-header-otorrino-adults-300x100.jpg 300w, https:\/\/amiq.cat\/wp-content\/uploads\/2024\/02\/amiq-header-otorrino-adults-1024x341.jpg 1024w, https:\/\/amiq.cat\/wp-content\/uploads\/2024\/02\/amiq-header-otorrino-adults-768x256.jpg 768w, https:\/\/amiq.cat\/wp-content\/uploads\/2024\/02\/amiq-header-otorrino-adults-1536x512.jpg 1536w\" sizes=\"auto, (max-width: 1800px) 100vw, 1800px\" title=\"amiq-header-otorrino-adults\" onerror=\"this.style.display='none'\"  \/>\n\t\t\t\t\t\t\t\t\t\t\t\t\t<\/a>\n\t\t\t\t\t\t\t\t<a href=\"https:\/\/amiq.cat\/otorrino-infantil\/\" target=\"_self\" itemprop=\"url\" rel=\"noopener\">\n\t\t\t\t\t\t\t\t\t<img loading=\"lazy\" decoding=\"async\" src=\"https:\/\/amiq.cat\/wp-content\/uploads\/2024\/01\/amiq-home-header.jpg\" alt=\"amiq-home-header\" itemprop=\"image\" height=\"771\" width=\"1800\" srcset=\"https:\/\/amiq.cat\/wp-content\/uploads\/2024\/01\/amiq-home-header.jpg 1800w, https:\/\/amiq.cat\/wp-content\/uploads\/2024\/01\/amiq-home-header-300x129.jpg 300w, https:\/\/amiq.cat\/wp-content\/uploads\/2024\/01\/amiq-home-header-1024x439.jpg 1024w, https:\/\/amiq.cat\/wp-content\/uploads\/2024\/01\/amiq-home-header-768x329.jpg 768w, https:\/\/amiq.cat\/wp-content\/uploads\/2024\/01\/amiq-home-header-1536x658.jpg 1536w\" sizes=\"auto, (max-width: 1800px) 100vw, 1800px\" title=\"amiq-home-header\" onerror=\"this.style.display='none'\"  \/>\n\t\t\t\t\t\t\t\t\t\t\t\t\t<\/a>\n<h2><a href=\"https:\/\/amiq.cat\/otorrino-infantil\/\"><strong>Otorrinolaringolog\u00eda Infantil<\/strong><\/a><\/h2>\n<p>Otorrinolaringolog\u00eda Pedi\u00e1trica Barcelona<\/p>\n<h2><a href=\"https:\/\/amiq.cat\/alergologia\/\">Unidad Funcional de Alergolog\u00eda<\/a><\/h2>\n<p>Alergolog\u00eda, Infantil y Adultos, en Barcelona<\/p>\n\t\t\t\t\t\t\t\t<a href=\"https:\/\/amiq.cat\/alergologia\/\" target=\"_self\" itemprop=\"url\" rel=\"noopener\">\n\t\t\t\t\t\t\t\t\t<img loading=\"lazy\" decoding=\"async\" src=\"https:\/\/amiq.cat\/wp-content\/uploads\/2024\/01\/amiq-header-09.jpg\" alt=\"Alergolog\u00eda AMiQ\" itemprop=\"image\" height=\"771\" width=\"1800\" srcset=\"https:\/\/amiq.cat\/wp-content\/uploads\/2024\/01\/amiq-header-09.jpg 1800w, https:\/\/amiq.cat\/wp-content\/uploads\/2024\/01\/amiq-header-09-300x129.jpg 300w, https:\/\/amiq.cat\/wp-content\/uploads\/2024\/01\/amiq-header-09-1024x439.jpg 1024w, https:\/\/amiq.cat\/wp-content\/uploads\/2024\/01\/amiq-header-09-768x329.jpg 768w, https:\/\/amiq.cat\/wp-content\/uploads\/2024\/01\/amiq-header-09-1536x658.jpg 1536w\" sizes=\"auto, (max-width: 1800px) 100vw, 1800px\" title=\"amiq-header-09\" onerror=\"this.style.display='none'\"  \/>\n\t\t\t\t\t\t\t\t\t\t\t\t\t<\/a>\n\n","protected":false},"excerpt":{"rendered":"<p>Nuestras Especialidades Otorrino Adultos Especialistas Otorrinolaringolog\u00eda Barcelona Otorrinolaringolog\u00eda Infantil Otorrinolaringolog\u00eda Pedi\u00e1trica Barcelona Unidad Funcional de Alergolog\u00eda Alergolog\u00eda, Infantil y Adultos, en Barcelona<\/p>\n","protected":false},"author":3,"featured_media":0,"parent":0,"menu_order":98,"comment_status":"closed","ping_status":"closed","template":"","meta":{"_exactmetrics_skip_tracking":false,"_exactmetrics_sitenote_active":false,"_exactmetrics_sitenote_note":"","_exactmetrics_sitenote_category":0,"_monsterinsights_skip_tracking":false,"_monsterinsights_sitenote_active":false,"_monsterinsights_sitenote_note":"","_monsterinsights_sitenote_category":0,"_uf_show_specific_survey":0,"_uf_disable_surveys":false,"footnotes":""},"categories":[],"tags":[],"class_list":["post-10991","page","type-page","status-publish","hentry"],"aioseo_notices":[],"yoast_head":"<!-- This site is optimized with the Yoast SEO Premium plugin v26.4 (Yoast SEO v26.4) - https:\/\/yoast.com\/wordpress\/plugins\/seo\/ -->\n<title>Especialidades &#8211; AMiQ<\/title>\n<meta name=\"robots\" content=\"index, follow, max-snippet:-1, max-image-preview:large, max-video-preview:-1\" \/>\n<link rel=\"canonical\" href=\"https:\/\/amiq.cat\/es\/especialidades\/\" \/>\n<script type=\"application\/ld+json\" class=\"yoast-schema-graph\">{\"@context\":\"https:\/\/schema.org\",\"@graph\":[{\"@type\":\"WebPage\",\"@id\":\"https:\/\/amiq.cat\/es\/especialidades\/\",\"url\":\"https:\/\/amiq.cat\/es\/especialidades\/\",\"name\":\"Especialidades &#8211; AMiQ\",\"isPartOf\":{\"@id\":\"https:\/\/amiq.cat\/es\/#website\"},\"primaryImageOfPage\":{\"@id\":\"https:\/\/amiq.cat\/es\/especialidades\/#primaryimage\"},\"image\":{\"@id\":\"https:\/\/amiq.cat\/es\/especialidades\/#primaryimage\"},\"thumbnailUrl\":\"https:\/\/amiq.cat\/wp-content\/uploads\/2024\/02\/amiq-header-otorrino-adults.jpg\",\"datePublished\":\"2024-01-29T19:57:25+00:00\",\"dateModified\":\"2024-08-03T13:31:28+00:00\",\"breadcrumb\":{\"@id\":\"https:\/\/amiq.cat\/es\/especialidades\/#breadcrumb\"},\"inLanguage\":\"es\",\"potentialAction\":[{\"@type\":\"ReadAction\",\"target\":[\"https:\/\/amiq.cat\/es\/especialidades\/\"]}]},{\"@type\":\"ImageObject\",\"inLanguage\":\"es\",\"@id\":\"https:\/\/amiq.cat\/es\/especialidades\/#primaryimage\",\"url\":\"https:\/\/amiq.cat\/wp-content\/uploads\/2024\/02\/amiq-header-otorrino-adults.jpg\",\"contentUrl\":\"https:\/\/amiq.cat\/wp-content\/uploads\/2024\/02\/amiq-header-otorrino-adults.jpg\"},{\"@type\":\"BreadcrumbList\",\"@id\":\"https:\/\/amiq.cat\/es\/especialidades\/#breadcrumb\",\"itemListElement\":[{\"@type\":\"ListItem\",\"position\":1,\"name\":\"Portada\",\"item\":\"https:\/\/amiq.cat\/es\/\"},{\"@type\":\"ListItem\",\"position\":2,\"name\":\"Especialidades\"}]},{\"@type\":\"WebSite\",\"@id\":\"https:\/\/amiq.cat\/es\/#website\",\"url\":\"https:\/\/amiq.cat\/es\/\",\"name\":\"AMiQ\",\"description\":\"Agrupaci\u00f3 M\u00e8dica i Quir\u00fargica\",\"publisher\":{\"@id\":\"https:\/\/amiq.cat\/es\/#organization\"},\"alternateName\":\"AMiQ\",\"potentialAction\":[{\"@type\":\"SearchAction\",\"target\":{\"@type\":\"EntryPoint\",\"urlTemplate\":\"https:\/\/amiq.cat\/es\/?s={search_term_string}\"},\"query-input\":{\"@type\":\"PropertyValueSpecification\",\"valueRequired\":true,\"valueName\":\"search_term_string\"}}],\"inLanguage\":\"es\"},{\"@type\":[\"Organization\",\"Place\",\"MedicalClinic\"],\"@id\":\"https:\/\/amiq.cat\/es\/#organization\",\"name\":\"Agrupaci\u00f3 M\u00e8dica i Quir\u00fargica\",\"alternateName\":\"AMIQ\",\"url\":\"https:\/\/amiq.cat\/es\/\",\"logo\":{\"@id\":\"https:\/\/amiq.cat\/es\/especialidades\/#local-main-organization-logo\"},\"image\":{\"@id\":\"https:\/\/amiq.cat\/es\/especialidades\/#local-main-organization-logo\"},\"description\":\"Entidad especializada en soluciones aseguradoras para profesionales sanitarios, ofreciendo coberturas adaptadas a las necesidades m\u00e9dicas y quir\u00fargicas. Con una amplia experiencia en el sector, destaca por su compromiso con la protecci\u00f3n integral, la gesti\u00f3n eficiente de riesgos y un servicio cercano y personalizado. Su enfoque combina innovaci\u00f3n, confianza y respaldo profesional, convirti\u00e9ndola en una opci\u00f3n s\u00f3lida para quienes buscan seguridad y tranquilidad en el ejercicio de la pr\u00e1ctica sanitaria.\",\"legalName\":\"Agrupaci\u00f3 M\u00e8dica i Quir\u00fargica\",\"numberOfEmployees\":{\"@type\":\"QuantitativeValue\",\"minValue\":\"11\",\"maxValue\":\"50\"},\"address\":{\"@id\":\"https:\/\/amiq.cat\/es\/especialidades\/#local-main-place-address\"},\"telephone\":[\"93 122 3615\"],\"openingHoursSpecification\":[]},{\"@type\":\"PostalAddress\",\"@id\":\"https:\/\/amiq.cat\/es\/especialidades\/#local-main-place-address\",\"streetAddress\":\"Carrer de Josep Maria Llad\u00f3, 3,, Sarri\u00e0-Sant Gervasi,\",\"addressLocality\":\"Barcelona\",\"postalCode\":\"08035\",\"addressRegion\":\"Activo\",\"addressCountry\":\"ES\"},{\"@type\":\"ImageObject\",\"inLanguage\":\"es\",\"@id\":\"https:\/\/amiq.cat\/es\/especialidades\/#local-main-organization-logo\",\"url\":\"https:\/\/amiq.cat\/wp-content\/uploads\/2024\/07\/logo-amiq-300.png\",\"contentUrl\":\"https:\/\/amiq.cat\/wp-content\/uploads\/2024\/07\/logo-amiq-300.png\",\"width\":400,\"height\":92,\"caption\":\"Agrupaci\u00f3 M\u00e8dica i Quir\u00fargica\"}]}<\/script>\n<meta name=\"geo.placename\" content=\"Barcelona\" \/>\n<meta name=\"geo.region\" content=\"Espa\u00f1a\" \/>\n<!-- \/ Yoast SEO Premium plugin. -->","yoast_head_json":{"title":"Especialidades &#8211; AMiQ","robots":{"index":"index","follow":"follow","max-snippet":"max-snippet:-1","max-image-preview":"max-image-preview:large","max-video-preview":"max-video-preview:-1"},"canonical":"https:\/\/amiq.cat\/es\/especialidades\/","schema":{"@context":"https:\/\/schema.org","@graph":[{"@type":"WebPage","@id":"https:\/\/amiq.cat\/es\/especialidades\/","url":"https:\/\/amiq.cat\/es\/especialidades\/","name":"Especialidades &#8211; AMiQ","isPartOf":{"@id":"https:\/\/amiq.cat\/es\/#website"},"primaryImageOfPage":{"@id":"https:\/\/amiq.cat\/es\/especialidades\/#primaryimage"},"image":{"@id":"https:\/\/amiq.cat\/es\/especialidades\/#primaryimage"},"thumbnailUrl":"https:\/\/amiq.cat\/wp-content\/uploads\/2024\/02\/amiq-header-otorrino-adults.jpg","datePublished":"2024-01-29T19:57:25+00:00","dateModified":"2024-08-03T13:31:28+00:00","breadcrumb":{"@id":"https:\/\/amiq.cat\/es\/especialidades\/#breadcrumb"},"inLanguage":"es","potentialAction":[{"@type":"ReadAction","target":["https:\/\/amiq.cat\/es\/especialidades\/"]}]},{"@type":"ImageObject","inLanguage":"es","@id":"https:\/\/amiq.cat\/es\/especialidades\/#primaryimage","url":"https:\/\/amiq.cat\/wp-content\/uploads\/2024\/02\/amiq-header-otorrino-adults.jpg","contentUrl":"https:\/\/amiq.cat\/wp-content\/uploads\/2024\/02\/amiq-header-otorrino-adults.jpg"},{"@type":"BreadcrumbList","@id":"https:\/\/amiq.cat\/es\/especialidades\/#breadcrumb","itemListElement":[{"@type":"ListItem","position":1,"name":"Portada","item":"https:\/\/amiq.cat\/es\/"},{"@type":"ListItem","position":2,"name":"Especialidades"}]},{"@type":"WebSite","@id":"https:\/\/amiq.cat\/es\/#website","url":"https:\/\/amiq.cat\/es\/","name":"AMiQ","description":"Agrupaci\u00f3 M\u00e8dica i Quir\u00fargica","publisher":{"@id":"https:\/\/amiq.cat\/es\/#organization"},"alternateName":"AMiQ","potentialAction":[{"@type":"SearchAction","target":{"@type":"EntryPoint","urlTemplate":"https:\/\/amiq.cat\/es\/?s={search_term_string}"},"query-input":{"@type":"PropertyValueSpecification","valueRequired":true,"valueName":"search_term_string"}}],"inLanguage":"es"},{"@type":["Organization","Place","MedicalClinic"],"@id":"https:\/\/amiq.cat\/es\/#organization","name":"Agrupaci\u00f3 M\u00e8dica i Quir\u00fargica","alternateName":"AMIQ","url":"https:\/\/amiq.cat\/es\/","logo":{"@id":"https:\/\/amiq.cat\/es\/especialidades\/#local-main-organization-logo"},"image":{"@id":"https:\/\/amiq.cat\/es\/especialidades\/#local-main-organization-logo"},"description":"Entidad especializada en soluciones aseguradoras para profesionales sanitarios, ofreciendo coberturas adaptadas a las necesidades m\u00e9dicas y quir\u00fargicas. Con una amplia experiencia en el sector, destaca por su compromiso con la protecci\u00f3n integral, la gesti\u00f3n eficiente de riesgos y un servicio cercano y personalizado. Su enfoque combina innovaci\u00f3n, confianza y respaldo profesional, convirti\u00e9ndola en una opci\u00f3n s\u00f3lida para quienes buscan seguridad y tranquilidad en el ejercicio de la pr\u00e1ctica sanitaria.","legalName":"Agrupaci\u00f3 M\u00e8dica i Quir\u00fargica","numberOfEmployees":{"@type":"QuantitativeValue","minValue":"11","maxValue":"50"},"address":{"@id":"https:\/\/amiq.cat\/es\/especialidades\/#local-main-place-address"},"telephone":["93 122 3615"],"openingHoursSpecification":[]},{"@type":"PostalAddress","@id":"https:\/\/amiq.cat\/es\/especialidades\/#local-main-place-address","streetAddress":"Carrer de Josep Maria Llad\u00f3, 3,, Sarri\u00e0-Sant Gervasi,","addressLocality":"Barcelona","postalCode":"08035","addressRegion":"Activo","addressCountry":"ES"},{"@type":"ImageObject","inLanguage":"es","@id":"https:\/\/amiq.cat\/es\/especialidades\/#local-main-organization-logo","url":"https:\/\/amiq.cat\/wp-content\/uploads\/2024\/07\/logo-amiq-300.png","contentUrl":"https:\/\/amiq.cat\/wp-content\/uploads\/2024\/07\/logo-amiq-300.png","width":400,"height":92,"caption":"Agrupaci\u00f3 M\u00e8dica i Quir\u00fargica"}]},"geo.placename":"Barcelona","geo.region":"Espa\u00f1a"},"_links":{"self":[{"href":"https:\/\/amiq.cat\/es\/wp-json\/wp\/v2\/pages\/10991","targetHints":{"allow":["GET"]}}],"collection":[{"href":"https:\/\/amiq.cat\/es\/wp-json\/wp\/v2\/pages"}],"about":[{"href":"https:\/\/amiq.cat\/es\/wp-json\/wp\/v2\/types\/page"}],"author":[{"embeddable":true,"href":"https:\/\/amiq.cat\/es\/wp-json\/wp\/v2\/users\/3"}],"replies":[{"embeddable":true,"href":"https:\/\/amiq.cat\/es\/wp-json\/wp\/v2\/comments?post=10991"}],"version-history":[{"count":10,"href":"https:\/\/amiq.cat\/es\/wp-json\/wp\/v2\/pages\/10991\/revisions"}],"predecessor-version":[{"id":13796,"href":"https:\/\/amiq.cat\/es\/wp-json\/wp\/v2\/pages\/10991\/revisions\/13796"}],"wp:attachment":[{"href":"https:\/\/amiq.cat\/es\/wp-json\/wp\/v2\/media?parent=10991"}],"wp:term":[{"taxonomy":"category","embeddable":true,"href":"https:\/\/amiq.cat\/es\/wp-json\/wp\/v2\/categories?post=10991"},{"taxonomy":"post_tag","embeddable":true,"href":"https:\/\/amiq.cat\/es\/wp-json\/wp\/v2\/tags?post=10991"}],"curies":[{"name":"wp","href":"https:\/\/api.w.org\/{rel}","templated":true}]}}