{"id":11049,"date":"2024-01-30T08:22:30","date_gmt":"2024-01-30T08:22:30","guid":{"rendered":"https:\/\/wetopi.com\/?page_id=11049"},"modified":"2025-01-27T10:16:41","modified_gmt":"2025-01-27T09:16:41","slug":"dr-ivan-domenech-juan","status":"publish","type":"page","link":"https:\/\/amiq.cat\/es\/equipo-medico\/dr-ivan-domenech-juan\/","title":{"rendered":"Dr. Ivan Dom\u00e8nech Juan"},"content":{"rendered":"\n\n\t<h1>Dr. Ivan Dom\u00e8nech Juan<\/h1>\n\t<p>Especialidades<\/p>\n<p>Especialista en Otorrinolaringolog\u00eda Pedi\u00e1trica y Adulta, Cirug\u00eda de la Voz, Cirug\u00eda del C\u00e1ncer de Cabeza y Cuello, Cirug\u00eda con l\u00e1ser, Cirug\u00eda Rob\u00f3tica y con Neuronavegaci\u00f3n. Adem\u00e1s, realiza Cirug\u00eda de Tiroides y Paratiroides, Cirug\u00eda Reparadora de la Par\u00e1lisis Facial, Microcirug\u00eda de la Audici\u00f3n y del O\u00eddo, Cirug\u00eda de Implantes Cocleares y Osteointegrados, Cirug\u00eda de la gl\u00e1ndula Par\u00f3tida, y Cirug\u00eda Endosc\u00f3pica Nasosinusal.<\/p>\n\t\t\t<a href=\"https:\/\/amiq.cat\/equipo-medico\/dr-ivan-domenech-juan\/cita-con-domenech\/\" target=\"_self\">\n\t\t\t\t\t\tSolicita Cita con Dr. Dom\u00e8nech Juan, Ivan\n\t\t\t\t\t<\/a>\n\t<ul>\n\t\t\t<li>\n\t\t\t\tDirector-Fundador de l&#8217;Agrupaci\u00f3 M\u00e8dica i Quir\u00fargica AMiQ.\n\t\t\t<\/li>\n\t\t\t<li>\n\t\t\t\t Doctor en Medicina por la Universidad de Barcelona, calificaci\u00f3n de la Tesis Doctoral Cum Laude.\n\t\t\t<\/li>\n\t\t\t<li>\n\t\t\t\t Profesor Asociado de Medicina de la UAB Universitat Aut\u00f2noma de Barcelona.\n\t\t\t<\/li>\n\t\t\t<li>\n\t\t\t\t  Consultor Otorrinolaringolog\u00eda del SAAS. Servicio Andorrano de Atenci\u00f3n Sanitaria.\n\t\t\t<\/li>\n\t\t<\/ul>\n\t\t<link itemprop=\"url\" href=\"https:\/\/amiq.cat\"\/>\n\t\t<a itemprop=\"sameAs\" href=\"https:\/\/es.linkedin.com\/in\/ivan-dom%C3%A8nech-juan-md-phd-46b11933\" target=\"_blank\" title=\"LinkedIn\" aria-label=\"LinkedIn\" role=\"button\" rel=\"noopener noreferrer external\">\n\t\t\t\t\t<\/a>\n<h3>Especialidades Quir\u00fargicas<\/h3>\n<ul>\n<li>Otorrinolaringolog\u00eda Pedi\u00e1trica.<\/li>\n<li>Cirugia de la voz<\/li>\n<li>Cirug\u00eda del C\u00e1ncer de Cabeza y Cuello.<\/li>\n<li>Cirug\u00eda Laser, Cirug\u00eda Rob\u00f3tica y con Neuronvegaci\u00f3n.<\/li>\n<li>Cirug\u00eda Tiroides y Paratiroides<\/li>\n<li>Cirug\u00eda Reparadora de la Par\u00e1lisis Facial.<\/li>\n<li>Microcirug\u00eda de la Audici\u00f3n y del Oido<\/li>\n<li>Cirugia de Implantes Cocleares y Osteointegrados.<\/li>\n<li>Cirug\u00eda de gl\u00e1ndula Par\u00f3tida.<\/li>\n<li>Cirugia Endoscopica Nasosinusal<\/li>\n<\/ul>\n<h3>Experiencia Laboral<\/h3>\n<ul>\n<li>Servicio de Otorrinolaringologia del Hospital Universitari de Bellvitge.<\/li>\n<li>Especialista de Otorrinolaringologia Cl\u00ednica Teknon de Barcelona (2006).<\/li>\n<li>Especialista Pediatrico la Clinica Infantil Staurus de Barcelona (2004-2008).<\/li>\n<\/ul>\n<h3>Formaci\u00f3n Hospitales Internacionales<\/h3>\n<ul>\n<li>St. Vincent Medical Center, EEUU formaci\u00f3n quir\u00fargica Otolog\u00eda 2meses 2006.<\/li>\n<li>House Ear Institute, EEUUs \u00abVisinting Physicians Program\u00bb Otoneurocirugia 2meses 2006 .<\/li>\n<li>Estancia formativa m\u00e9dico-quir\u00fargica de 1 mes y medio en el St. Vincents Private Hospital de Sydney, Australia. 2007.<\/li>\n<li>Formaci\u00f3n quir\u00fargica de 1 mes en el Chicago Ear Institute i el Northwestern University Hospital, de Estados Unidos. 2008.<\/li>\n<li>Realizaci\u00f3n del programa de Neurotologia \u00abVisinting Physicians Program\u00bb de 2 meses en la House Ear Institute, de Estados Unidos. 2009.<\/li>\n<li>Formaci\u00f3n durante 2 meses en el Centro del Nervio Facial y Cirugia Facial del MEEI\/Universidad de Harvard, Estados Unidos. 2010.<\/li>\n<li>Formaci\u00f3n en Cirugia Est\u00e9tica Facial y Paralisis Facial de 1 mes y medio en el Facial Center for Advanced Facial Plastic Surgery. Beverly Hills. Estados Unidos 2012<\/li>\n<li>Realizaci\u00f3n del programa de Otolog\u00eda \u00abVisinting Physicians Program\u00bb de 1 mes y medio en la House Research Institute, de Estados Unidos. 2012.<\/li>\n<li>Estancia formativa de 1 mes y medio en el Massachusetts Eye and Ear Infirmary, con la Obtenci\u00f3n de 19,5 AMA PRA Category Credits de la Harvard Medical School. Boston , Estados Unidos. 2013.<\/li>\n<li>Formaci\u00f3n en Cirug\u00eda de Tiroides y C\u00e1ncer de Cabeza y Cuello de un 1 mes de duraci\u00f3n en el UCSF Hospital, University of California San Francisco. Estados Unidos. 2014<\/li>\n<li>Formaci\u00f3n en C\u00e1ncer de Cabeza y Cuello, Cirug\u00eda de Tiroides de un 1 mes de duraci\u00f3n en el Queen&#8217;s Medical Center. Oahu. Estados Unidos. 2019<\/li>\n<\/ul>\n\t<ul>\n\t\t\t\n\t\t<\/ul>\n\n","protected":false},"excerpt":{"rendered":"<p>Dr. Ivan Dom\u00e8nech Juan Especialidades Especialista en Otorrinolaringolog\u00eda Pedi\u00e1trica y Adulta, Cirug\u00eda de la Voz, Cirug\u00eda del C\u00e1ncer de Cabeza y Cuello, Cirug\u00eda con l\u00e1ser, Cirug\u00eda Rob\u00f3tica y con Neuronavegaci\u00f3n. Adem\u00e1s, realiza Cirug\u00eda de Tiroides y Paratiroides, Cirug\u00eda Reparadora de la Par\u00e1lisis Facial, Microcirug\u00eda de la Audici\u00f3n y del O\u00eddo, Cirug\u00eda de Implantes Cocleares y&hellip;<\/p>\n","protected":false},"author":3,"featured_media":0,"parent":10864,"menu_order":13,"comment_status":"closed","ping_status":"closed","template":"","meta":{"_exactmetrics_skip_tracking":false,"_exactmetrics_sitenote_active":false,"_exactmetrics_sitenote_note":"","_exactmetrics_sitenote_category":0,"_monsterinsights_skip_tracking":false,"_monsterinsights_sitenote_active":false,"_monsterinsights_sitenote_note":"","_monsterinsights_sitenote_category":0,"_uf_show_specific_survey":0,"_uf_disable_surveys":false,"footnotes":""},"categories":[112],"tags":[],"class_list":["post-11049","page","type-page","status-publish","hentry","category-otorrinolaringologia-infatil-y-adultos"],"aioseo_notices":[],"yoast_head":"<!-- This site is optimized with the Yoast SEO Premium plugin v26.4 (Yoast SEO v26.4) - https:\/\/yoast.com\/wordpress\/plugins\/seo\/ -->\n<title>Dr. Ivan Dom\u00e8nech Juan &#8211; AMiQ<\/title>\n<meta name=\"robots\" content=\"index, follow, max-snippet:-1, max-image-preview:large, max-video-preview:-1\" \/>\n<link rel=\"canonical\" href=\"https:\/\/amiq.cat\/es\/equipo-medico\/dr-ivan-domenech-juan\/\" \/>\n<script type=\"application\/ld+json\" class=\"yoast-schema-graph\">{\"@context\":\"https:\/\/schema.org\",\"@graph\":[{\"@type\":\"WebPage\",\"@id\":\"https:\/\/amiq.cat\/es\/equipo-medico\/dr-ivan-domenech-juan\/\",\"url\":\"https:\/\/amiq.cat\/es\/equipo-medico\/dr-ivan-domenech-juan\/\",\"name\":\"Dr. Ivan Dom\u00e8nech Juan &#8211; AMiQ\",\"isPartOf\":{\"@id\":\"https:\/\/amiq.cat\/es\/#website\"},\"datePublished\":\"2024-01-30T08:22:30+00:00\",\"dateModified\":\"2025-01-27T09:16:41+00:00\",\"breadcrumb\":{\"@id\":\"https:\/\/amiq.cat\/es\/equipo-medico\/dr-ivan-domenech-juan\/#breadcrumb\"},\"inLanguage\":\"es\",\"potentialAction\":[{\"@type\":\"ReadAction\",\"target\":[\"https:\/\/amiq.cat\/es\/equipo-medico\/dr-ivan-domenech-juan\/\"]}]},{\"@type\":\"BreadcrumbList\",\"@id\":\"https:\/\/amiq.cat\/es\/equipo-medico\/dr-ivan-domenech-juan\/#breadcrumb\",\"itemListElement\":[{\"@type\":\"ListItem\",\"position\":1,\"name\":\"Portada\",\"item\":\"https:\/\/amiq.cat\/es\/\"},{\"@type\":\"ListItem\",\"position\":2,\"name\":\"Equipo M\u00e9dico\",\"item\":\"https:\/\/amiq.cat\/es\/equipo-medico\/\"},{\"@type\":\"ListItem\",\"position\":3,\"name\":\"Dr. Ivan Dom\u00e8nech Juan\"}]},{\"@type\":\"WebSite\",\"@id\":\"https:\/\/amiq.cat\/es\/#website\",\"url\":\"https:\/\/amiq.cat\/es\/\",\"name\":\"AMiQ\",\"description\":\"Agrupaci\u00f3 M\u00e8dica i Quir\u00fargica\",\"publisher\":{\"@id\":\"https:\/\/amiq.cat\/es\/#organization\"},\"alternateName\":\"AMiQ\",\"potentialAction\":[{\"@type\":\"SearchAction\",\"target\":{\"@type\":\"EntryPoint\",\"urlTemplate\":\"https:\/\/amiq.cat\/es\/?s={search_term_string}\"},\"query-input\":{\"@type\":\"PropertyValueSpecification\",\"valueRequired\":true,\"valueName\":\"search_term_string\"}}],\"inLanguage\":\"es\"},{\"@type\":[\"Organization\",\"Place\",\"MedicalClinic\"],\"@id\":\"https:\/\/amiq.cat\/es\/#organization\",\"name\":\"Agrupaci\u00f3 M\u00e8dica i Quir\u00fargica\",\"alternateName\":\"AMIQ\",\"url\":\"https:\/\/amiq.cat\/es\/\",\"logo\":{\"@id\":\"https:\/\/amiq.cat\/es\/equipo-medico\/dr-ivan-domenech-juan\/#local-main-organization-logo\"},\"image\":{\"@id\":\"https:\/\/amiq.cat\/es\/equipo-medico\/dr-ivan-domenech-juan\/#local-main-organization-logo\"},\"description\":\"Entidad especializada en soluciones aseguradoras para profesionales sanitarios, ofreciendo coberturas adaptadas a las necesidades m\u00e9dicas y quir\u00fargicas. Con una amplia experiencia en el sector, destaca por su compromiso con la protecci\u00f3n integral, la gesti\u00f3n eficiente de riesgos y un servicio cercano y personalizado. Su enfoque combina innovaci\u00f3n, confianza y respaldo profesional, convirti\u00e9ndola en una opci\u00f3n s\u00f3lida para quienes buscan seguridad y tranquilidad en el ejercicio de la pr\u00e1ctica sanitaria.\",\"legalName\":\"Agrupaci\u00f3 M\u00e8dica i Quir\u00fargica\",\"numberOfEmployees\":{\"@type\":\"QuantitativeValue\",\"minValue\":\"11\",\"maxValue\":\"50\"},\"address\":{\"@id\":\"https:\/\/amiq.cat\/es\/equipo-medico\/dr-ivan-domenech-juan\/#local-main-place-address\"},\"telephone\":[\"93 122 3615\"],\"openingHoursSpecification\":[]},{\"@type\":\"PostalAddress\",\"@id\":\"https:\/\/amiq.cat\/es\/equipo-medico\/dr-ivan-domenech-juan\/#local-main-place-address\",\"streetAddress\":\"Carrer de Josep Maria Llad\u00f3, 3,, Sarri\u00e0-Sant Gervasi,\",\"addressLocality\":\"Barcelona\",\"postalCode\":\"08035\",\"addressRegion\":\"Activo\",\"addressCountry\":\"ES\"},{\"@type\":\"ImageObject\",\"inLanguage\":\"es\",\"@id\":\"https:\/\/amiq.cat\/es\/equipo-medico\/dr-ivan-domenech-juan\/#local-main-organization-logo\",\"url\":\"https:\/\/amiq.cat\/wp-content\/uploads\/2024\/07\/logo-amiq-300.png\",\"contentUrl\":\"https:\/\/amiq.cat\/wp-content\/uploads\/2024\/07\/logo-amiq-300.png\",\"width\":400,\"height\":92,\"caption\":\"Agrupaci\u00f3 M\u00e8dica i Quir\u00fargica\"}]}<\/script>\n<meta name=\"geo.placename\" content=\"Barcelona\" \/>\n<meta name=\"geo.region\" content=\"Espa\u00f1a\" \/>\n<!-- \/ Yoast SEO Premium plugin. -->","yoast_head_json":{"title":"Dr. Ivan Dom\u00e8nech Juan &#8211; AMiQ","robots":{"index":"index","follow":"follow","max-snippet":"max-snippet:-1","max-image-preview":"max-image-preview:large","max-video-preview":"max-video-preview:-1"},"canonical":"https:\/\/amiq.cat\/es\/equipo-medico\/dr-ivan-domenech-juan\/","schema":{"@context":"https:\/\/schema.org","@graph":[{"@type":"WebPage","@id":"https:\/\/amiq.cat\/es\/equipo-medico\/dr-ivan-domenech-juan\/","url":"https:\/\/amiq.cat\/es\/equipo-medico\/dr-ivan-domenech-juan\/","name":"Dr. Ivan Dom\u00e8nech Juan &#8211; AMiQ","isPartOf":{"@id":"https:\/\/amiq.cat\/es\/#website"},"datePublished":"2024-01-30T08:22:30+00:00","dateModified":"2025-01-27T09:16:41+00:00","breadcrumb":{"@id":"https:\/\/amiq.cat\/es\/equipo-medico\/dr-ivan-domenech-juan\/#breadcrumb"},"inLanguage":"es","potentialAction":[{"@type":"ReadAction","target":["https:\/\/amiq.cat\/es\/equipo-medico\/dr-ivan-domenech-juan\/"]}]},{"@type":"BreadcrumbList","@id":"https:\/\/amiq.cat\/es\/equipo-medico\/dr-ivan-domenech-juan\/#breadcrumb","itemListElement":[{"@type":"ListItem","position":1,"name":"Portada","item":"https:\/\/amiq.cat\/es\/"},{"@type":"ListItem","position":2,"name":"Equipo M\u00e9dico","item":"https:\/\/amiq.cat\/es\/equipo-medico\/"},{"@type":"ListItem","position":3,"name":"Dr. Ivan Dom\u00e8nech Juan"}]},{"@type":"WebSite","@id":"https:\/\/amiq.cat\/es\/#website","url":"https:\/\/amiq.cat\/es\/","name":"AMiQ","description":"Agrupaci\u00f3 M\u00e8dica i Quir\u00fargica","publisher":{"@id":"https:\/\/amiq.cat\/es\/#organization"},"alternateName":"AMiQ","potentialAction":[{"@type":"SearchAction","target":{"@type":"EntryPoint","urlTemplate":"https:\/\/amiq.cat\/es\/?s={search_term_string}"},"query-input":{"@type":"PropertyValueSpecification","valueRequired":true,"valueName":"search_term_string"}}],"inLanguage":"es"},{"@type":["Organization","Place","MedicalClinic"],"@id":"https:\/\/amiq.cat\/es\/#organization","name":"Agrupaci\u00f3 M\u00e8dica i Quir\u00fargica","alternateName":"AMIQ","url":"https:\/\/amiq.cat\/es\/","logo":{"@id":"https:\/\/amiq.cat\/es\/equipo-medico\/dr-ivan-domenech-juan\/#local-main-organization-logo"},"image":{"@id":"https:\/\/amiq.cat\/es\/equipo-medico\/dr-ivan-domenech-juan\/#local-main-organization-logo"},"description":"Entidad especializada en soluciones aseguradoras para profesionales sanitarios, ofreciendo coberturas adaptadas a las necesidades m\u00e9dicas y quir\u00fargicas. Con una amplia experiencia en el sector, destaca por su compromiso con la protecci\u00f3n integral, la gesti\u00f3n eficiente de riesgos y un servicio cercano y personalizado. Su enfoque combina innovaci\u00f3n, confianza y respaldo profesional, convirti\u00e9ndola en una opci\u00f3n s\u00f3lida para quienes buscan seguridad y tranquilidad en el ejercicio de la pr\u00e1ctica sanitaria.","legalName":"Agrupaci\u00f3 M\u00e8dica i Quir\u00fargica","numberOfEmployees":{"@type":"QuantitativeValue","minValue":"11","maxValue":"50"},"address":{"@id":"https:\/\/amiq.cat\/es\/equipo-medico\/dr-ivan-domenech-juan\/#local-main-place-address"},"telephone":["93 122 3615"],"openingHoursSpecification":[]},{"@type":"PostalAddress","@id":"https:\/\/amiq.cat\/es\/equipo-medico\/dr-ivan-domenech-juan\/#local-main-place-address","streetAddress":"Carrer de Josep Maria Llad\u00f3, 3,, Sarri\u00e0-Sant Gervasi,","addressLocality":"Barcelona","postalCode":"08035","addressRegion":"Activo","addressCountry":"ES"},{"@type":"ImageObject","inLanguage":"es","@id":"https:\/\/amiq.cat\/es\/equipo-medico\/dr-ivan-domenech-juan\/#local-main-organization-logo","url":"https:\/\/amiq.cat\/wp-content\/uploads\/2024\/07\/logo-amiq-300.png","contentUrl":"https:\/\/amiq.cat\/wp-content\/uploads\/2024\/07\/logo-amiq-300.png","width":400,"height":92,"caption":"Agrupaci\u00f3 M\u00e8dica i Quir\u00fargica"}]},"geo.placename":"Barcelona","geo.region":"Espa\u00f1a"},"_links":{"self":[{"href":"https:\/\/amiq.cat\/es\/wp-json\/wp\/v2\/pages\/11049","targetHints":{"allow":["GET"]}}],"collection":[{"href":"https:\/\/amiq.cat\/es\/wp-json\/wp\/v2\/pages"}],"about":[{"href":"https:\/\/amiq.cat\/es\/wp-json\/wp\/v2\/types\/page"}],"author":[{"embeddable":true,"href":"https:\/\/amiq.cat\/es\/wp-json\/wp\/v2\/users\/3"}],"replies":[{"embeddable":true,"href":"https:\/\/amiq.cat\/es\/wp-json\/wp\/v2\/comments?post=11049"}],"version-history":[{"count":10,"href":"https:\/\/amiq.cat\/es\/wp-json\/wp\/v2\/pages\/11049\/revisions"}],"predecessor-version":[{"id":13980,"href":"https:\/\/amiq.cat\/es\/wp-json\/wp\/v2\/pages\/11049\/revisions\/13980"}],"up":[{"embeddable":true,"href":"https:\/\/amiq.cat\/es\/wp-json\/wp\/v2\/pages\/10864"}],"wp:attachment":[{"href":"https:\/\/amiq.cat\/es\/wp-json\/wp\/v2\/media?parent=11049"}],"wp:term":[{"taxonomy":"category","embeddable":true,"href":"https:\/\/amiq.cat\/es\/wp-json\/wp\/v2\/categories?post=11049"},{"taxonomy":"post_tag","embeddable":true,"href":"https:\/\/amiq.cat\/es\/wp-json\/wp\/v2\/tags?post=11049"}],"curies":[{"name":"wp","href":"https:\/\/api.w.org\/{rel}","templated":true}]}}