{"id":11071,"date":"2024-01-30T08:25:57","date_gmt":"2024-01-30T08:25:57","guid":{"rendered":"https:\/\/wetopi.com\/?page_id=11071"},"modified":"2024-05-29T11:27:53","modified_gmt":"2024-05-29T09:27:53","slug":"dra-arlenys-ross","status":"publish","type":"page","link":"https:\/\/amiq.cat\/es\/equipo-medico\/dra-arlenys-ross\/","title":{"rendered":"Dra. Arlenys Ross"},"content":{"rendered":"\n\n\t<nav aria-label=\"breadcrumbs\"><p><a href=\"https:\/\/amiq.cat\/equipo-medico\/\">Equipo M\u00e9dico<\/a> &raquo; Dra. Arlenys Ross<\/p><\/nav>\n\t<p>Dra. Arlenys Ross<\/p>\n\t<p>Especialidades<\/p>\n\t<p>Alergolog\u00eda (Infantil y Adultos)<\/p>\n\t\t\t<a href=\"https:\/\/wetopi.com\/equipo-medico\/dra-arlenys-ross\/cita-con-dra-arlenys-ross\/\" target=\"_self\" rel=\"noopener\">\n\t\t\t\t\t\t\tSolicita Cita con Dra. Arlenys Ross\n\t\t\t\t\t<\/a>\n\t<ul>\n\t\t\t<li>\n\t\t\t\tLicenciada en Medicina por el Institut Superior de Ci\u00e8ncies M\u00e8diques Finlay en Camag\u00fcey, Cuba, en el a\u00f1o 2001. Obtuvo el t\u00edtulo de \u00abT\u00edtulo de oro\u00bb.\n\t\t\t<\/li>\n\t\t\t<li>\n\t\t\t\tEspecialidad en Medicina Familiar en el Institut Superior de Ci\u00e8ncies M\u00e8diques Carlos J. Finlay en Camag\u00fcey, Cuba, en el a\u00f1o 2003.\n\t\t\t<\/li>\n\t\t\t<li>\n\t\t\t\tEspecialidad en Alergolog\u00eda en el Hospital Provincial Cl\u00ednico Quir\u00fargico Ascunce Domenech, del Institut Superior de Ci\u00e8ncies M\u00e8diques Finlay en Cuba, en el a\u00f1o 2007.\n\t\t\t<\/li>\n\t\t<\/ul>\n\t<p>Experiencia Laboral<\/p>\n\t<p>Trayectoria profesional<\/p>\n<p>&nbsp;<\/p>\n\t<ul>\n\t\t\t\n\t\t<\/ul>\n\n","protected":false},"excerpt":{"rendered":"<p>Equipo M\u00e9dico &raquo; Dra. Arlenys Ross Dra. Arlenys Ross Especialidades Alergolog\u00eda (Infantil y Adultos) Solicita Cita con Dra. Arlenys Ross Licenciada en Medicina por el Institut Superior de Ci\u00e8ncies M\u00e8diques Finlay en Camag\u00fcey, Cuba, en el a\u00f1o 2001. Obtuvo el t\u00edtulo de \u00abT\u00edtulo de oro\u00bb. Especialidad en Medicina Familiar en el Institut Superior de Ci\u00e8ncies&hellip;<\/p>\n","protected":false},"author":3,"featured_media":0,"parent":10864,"menu_order":2,"comment_status":"closed","ping_status":"closed","template":"","meta":{"_exactmetrics_skip_tracking":false,"_exactmetrics_sitenote_active":false,"_exactmetrics_sitenote_note":"","_exactmetrics_sitenote_category":0,"_monsterinsights_skip_tracking":false,"_monsterinsights_sitenote_active":false,"_monsterinsights_sitenote_note":"","_monsterinsights_sitenote_category":0,"_uf_show_specific_survey":0,"_uf_disable_surveys":false,"footnotes":""},"categories":[116],"tags":[],"class_list":["post-11071","page","type-page","status-publish","hentry","category-alergologia"],"aioseo_notices":[],"yoast_head":"<!-- This site is optimized with the Yoast SEO Premium plugin v26.4 (Yoast SEO v26.4) - https:\/\/yoast.com\/wordpress\/plugins\/seo\/ -->\n<title>Dra. Arlenys Ross &#8211; AMiQ<\/title>\n<meta name=\"robots\" content=\"index, follow, max-snippet:-1, max-image-preview:large, max-video-preview:-1\" \/>\n<link rel=\"canonical\" href=\"https:\/\/amiq.cat\/es\/equipo-medico\/dra-arlenys-ross\/\" \/>\n<script type=\"application\/ld+json\" class=\"yoast-schema-graph\">{\"@context\":\"https:\/\/schema.org\",\"@graph\":[{\"@type\":\"WebPage\",\"@id\":\"https:\/\/amiq.cat\/es\/equipo-medico\/dra-arlenys-ross\/\",\"url\":\"https:\/\/amiq.cat\/es\/equipo-medico\/dra-arlenys-ross\/\",\"name\":\"Dra. Arlenys Ross &#8211; AMiQ\",\"isPartOf\":{\"@id\":\"https:\/\/amiq.cat\/es\/#website\"},\"datePublished\":\"2024-01-30T08:25:57+00:00\",\"dateModified\":\"2024-05-29T09:27:53+00:00\",\"breadcrumb\":{\"@id\":\"https:\/\/amiq.cat\/es\/equipo-medico\/dra-arlenys-ross\/#breadcrumb\"},\"inLanguage\":\"es\",\"potentialAction\":[{\"@type\":\"ReadAction\",\"target\":[\"https:\/\/amiq.cat\/es\/equipo-medico\/dra-arlenys-ross\/\"]}]},{\"@type\":\"BreadcrumbList\",\"@id\":\"https:\/\/amiq.cat\/es\/equipo-medico\/dra-arlenys-ross\/#breadcrumb\",\"itemListElement\":[{\"@type\":\"ListItem\",\"position\":1,\"name\":\"Portada\",\"item\":\"https:\/\/amiq.cat\/es\/\"},{\"@type\":\"ListItem\",\"position\":2,\"name\":\"Equipo M\u00e9dico\",\"item\":\"https:\/\/amiq.cat\/es\/equipo-medico\/\"},{\"@type\":\"ListItem\",\"position\":3,\"name\":\"Dra. Arlenys Ross\"}]},{\"@type\":\"WebSite\",\"@id\":\"https:\/\/amiq.cat\/es\/#website\",\"url\":\"https:\/\/amiq.cat\/es\/\",\"name\":\"AMiQ\",\"description\":\"Agrupaci\u00f3 M\u00e8dica i Quir\u00fargica\",\"publisher\":{\"@id\":\"https:\/\/amiq.cat\/es\/#organization\"},\"alternateName\":\"AMiQ\",\"potentialAction\":[{\"@type\":\"SearchAction\",\"target\":{\"@type\":\"EntryPoint\",\"urlTemplate\":\"https:\/\/amiq.cat\/es\/?s={search_term_string}\"},\"query-input\":{\"@type\":\"PropertyValueSpecification\",\"valueRequired\":true,\"valueName\":\"search_term_string\"}}],\"inLanguage\":\"es\"},{\"@type\":[\"Organization\",\"Place\",\"MedicalClinic\"],\"@id\":\"https:\/\/amiq.cat\/es\/#organization\",\"name\":\"Agrupaci\u00f3 M\u00e8dica i Quir\u00fargica\",\"alternateName\":\"AMIQ\",\"url\":\"https:\/\/amiq.cat\/es\/\",\"logo\":{\"@id\":\"https:\/\/amiq.cat\/es\/equipo-medico\/dra-arlenys-ross\/#local-main-organization-logo\"},\"image\":{\"@id\":\"https:\/\/amiq.cat\/es\/equipo-medico\/dra-arlenys-ross\/#local-main-organization-logo\"},\"description\":\"Entidad especializada en soluciones aseguradoras para profesionales sanitarios, ofreciendo coberturas adaptadas a las necesidades m\u00e9dicas y quir\u00fargicas. Con una amplia experiencia en el sector, destaca por su compromiso con la protecci\u00f3n integral, la gesti\u00f3n eficiente de riesgos y un servicio cercano y personalizado. Su enfoque combina innovaci\u00f3n, confianza y respaldo profesional, convirti\u00e9ndola en una opci\u00f3n s\u00f3lida para quienes buscan seguridad y tranquilidad en el ejercicio de la pr\u00e1ctica sanitaria.\",\"legalName\":\"Agrupaci\u00f3 M\u00e8dica i Quir\u00fargica\",\"numberOfEmployees\":{\"@type\":\"QuantitativeValue\",\"minValue\":\"11\",\"maxValue\":\"50\"},\"address\":{\"@id\":\"https:\/\/amiq.cat\/es\/equipo-medico\/dra-arlenys-ross\/#local-main-place-address\"},\"telephone\":[\"93 122 3615\"],\"openingHoursSpecification\":[]},{\"@type\":\"PostalAddress\",\"@id\":\"https:\/\/amiq.cat\/es\/equipo-medico\/dra-arlenys-ross\/#local-main-place-address\",\"streetAddress\":\"Carrer de Josep Maria Llad\u00f3, 3,, Sarri\u00e0-Sant Gervasi,\",\"addressLocality\":\"Barcelona\",\"postalCode\":\"08035\",\"addressRegion\":\"Activo\",\"addressCountry\":\"ES\"},{\"@type\":\"ImageObject\",\"inLanguage\":\"es\",\"@id\":\"https:\/\/amiq.cat\/es\/equipo-medico\/dra-arlenys-ross\/#local-main-organization-logo\",\"url\":\"https:\/\/amiq.cat\/wp-content\/uploads\/2024\/07\/logo-amiq-300.png\",\"contentUrl\":\"https:\/\/amiq.cat\/wp-content\/uploads\/2024\/07\/logo-amiq-300.png\",\"width\":400,\"height\":92,\"caption\":\"Agrupaci\u00f3 M\u00e8dica i Quir\u00fargica\"}]}<\/script>\n<meta name=\"geo.placename\" content=\"Barcelona\" \/>\n<meta name=\"geo.region\" content=\"Espa\u00f1a\" \/>\n<!-- \/ Yoast SEO Premium plugin. -->","yoast_head_json":{"title":"Dra. Arlenys Ross &#8211; AMiQ","robots":{"index":"index","follow":"follow","max-snippet":"max-snippet:-1","max-image-preview":"max-image-preview:large","max-video-preview":"max-video-preview:-1"},"canonical":"https:\/\/amiq.cat\/es\/equipo-medico\/dra-arlenys-ross\/","schema":{"@context":"https:\/\/schema.org","@graph":[{"@type":"WebPage","@id":"https:\/\/amiq.cat\/es\/equipo-medico\/dra-arlenys-ross\/","url":"https:\/\/amiq.cat\/es\/equipo-medico\/dra-arlenys-ross\/","name":"Dra. Arlenys Ross &#8211; AMiQ","isPartOf":{"@id":"https:\/\/amiq.cat\/es\/#website"},"datePublished":"2024-01-30T08:25:57+00:00","dateModified":"2024-05-29T09:27:53+00:00","breadcrumb":{"@id":"https:\/\/amiq.cat\/es\/equipo-medico\/dra-arlenys-ross\/#breadcrumb"},"inLanguage":"es","potentialAction":[{"@type":"ReadAction","target":["https:\/\/amiq.cat\/es\/equipo-medico\/dra-arlenys-ross\/"]}]},{"@type":"BreadcrumbList","@id":"https:\/\/amiq.cat\/es\/equipo-medico\/dra-arlenys-ross\/#breadcrumb","itemListElement":[{"@type":"ListItem","position":1,"name":"Portada","item":"https:\/\/amiq.cat\/es\/"},{"@type":"ListItem","position":2,"name":"Equipo M\u00e9dico","item":"https:\/\/amiq.cat\/es\/equipo-medico\/"},{"@type":"ListItem","position":3,"name":"Dra. Arlenys Ross"}]},{"@type":"WebSite","@id":"https:\/\/amiq.cat\/es\/#website","url":"https:\/\/amiq.cat\/es\/","name":"AMiQ","description":"Agrupaci\u00f3 M\u00e8dica i Quir\u00fargica","publisher":{"@id":"https:\/\/amiq.cat\/es\/#organization"},"alternateName":"AMiQ","potentialAction":[{"@type":"SearchAction","target":{"@type":"EntryPoint","urlTemplate":"https:\/\/amiq.cat\/es\/?s={search_term_string}"},"query-input":{"@type":"PropertyValueSpecification","valueRequired":true,"valueName":"search_term_string"}}],"inLanguage":"es"},{"@type":["Organization","Place","MedicalClinic"],"@id":"https:\/\/amiq.cat\/es\/#organization","name":"Agrupaci\u00f3 M\u00e8dica i Quir\u00fargica","alternateName":"AMIQ","url":"https:\/\/amiq.cat\/es\/","logo":{"@id":"https:\/\/amiq.cat\/es\/equipo-medico\/dra-arlenys-ross\/#local-main-organization-logo"},"image":{"@id":"https:\/\/amiq.cat\/es\/equipo-medico\/dra-arlenys-ross\/#local-main-organization-logo"},"description":"Entidad especializada en soluciones aseguradoras para profesionales sanitarios, ofreciendo coberturas adaptadas a las necesidades m\u00e9dicas y quir\u00fargicas. Con una amplia experiencia en el sector, destaca por su compromiso con la protecci\u00f3n integral, la gesti\u00f3n eficiente de riesgos y un servicio cercano y personalizado. Su enfoque combina innovaci\u00f3n, confianza y respaldo profesional, convirti\u00e9ndola en una opci\u00f3n s\u00f3lida para quienes buscan seguridad y tranquilidad en el ejercicio de la pr\u00e1ctica sanitaria.","legalName":"Agrupaci\u00f3 M\u00e8dica i Quir\u00fargica","numberOfEmployees":{"@type":"QuantitativeValue","minValue":"11","maxValue":"50"},"address":{"@id":"https:\/\/amiq.cat\/es\/equipo-medico\/dra-arlenys-ross\/#local-main-place-address"},"telephone":["93 122 3615"],"openingHoursSpecification":[]},{"@type":"PostalAddress","@id":"https:\/\/amiq.cat\/es\/equipo-medico\/dra-arlenys-ross\/#local-main-place-address","streetAddress":"Carrer de Josep Maria Llad\u00f3, 3,, Sarri\u00e0-Sant Gervasi,","addressLocality":"Barcelona","postalCode":"08035","addressRegion":"Activo","addressCountry":"ES"},{"@type":"ImageObject","inLanguage":"es","@id":"https:\/\/amiq.cat\/es\/equipo-medico\/dra-arlenys-ross\/#local-main-organization-logo","url":"https:\/\/amiq.cat\/wp-content\/uploads\/2024\/07\/logo-amiq-300.png","contentUrl":"https:\/\/amiq.cat\/wp-content\/uploads\/2024\/07\/logo-amiq-300.png","width":400,"height":92,"caption":"Agrupaci\u00f3 M\u00e8dica i Quir\u00fargica"}]},"geo.placename":"Barcelona","geo.region":"Espa\u00f1a"},"_links":{"self":[{"href":"https:\/\/amiq.cat\/es\/wp-json\/wp\/v2\/pages\/11071","targetHints":{"allow":["GET"]}}],"collection":[{"href":"https:\/\/amiq.cat\/es\/wp-json\/wp\/v2\/pages"}],"about":[{"href":"https:\/\/amiq.cat\/es\/wp-json\/wp\/v2\/types\/page"}],"author":[{"embeddable":true,"href":"https:\/\/amiq.cat\/es\/wp-json\/wp\/v2\/users\/3"}],"replies":[{"embeddable":true,"href":"https:\/\/amiq.cat\/es\/wp-json\/wp\/v2\/comments?post=11071"}],"version-history":[{"count":7,"href":"https:\/\/amiq.cat\/es\/wp-json\/wp\/v2\/pages\/11071\/revisions"}],"predecessor-version":[{"id":13220,"href":"https:\/\/amiq.cat\/es\/wp-json\/wp\/v2\/pages\/11071\/revisions\/13220"}],"up":[{"embeddable":true,"href":"https:\/\/amiq.cat\/es\/wp-json\/wp\/v2\/pages\/10864"}],"wp:attachment":[{"href":"https:\/\/amiq.cat\/es\/wp-json\/wp\/v2\/media?parent=11071"}],"wp:term":[{"taxonomy":"category","embeddable":true,"href":"https:\/\/amiq.cat\/es\/wp-json\/wp\/v2\/categories?post=11071"},{"taxonomy":"post_tag","embeddable":true,"href":"https:\/\/amiq.cat\/es\/wp-json\/wp\/v2\/tags?post=11071"}],"curies":[{"name":"wp","href":"https:\/\/api.w.org\/{rel}","templated":true}]}}