{"id":11285,"date":"2024-01-31T09:40:30","date_gmt":"2024-01-31T09:40:30","guid":{"rendered":"https:\/\/wetopi.com\/?page_id=11285"},"modified":"2025-07-06T13:20:07","modified_gmt":"2025-07-06T11:20:07","slug":"nuestras-clinicas","status":"publish","type":"page","link":"https:\/\/amiq.cat\/es\/nuestras-clinicas\/","title":{"rendered":"Nuestras Cl\u00ednicas"},"content":{"rendered":"\n\n<h2>\n\t\t\tNuestras Cl\u00ednicas\t<\/h2>\n\t\t<h3>AMiQ IMO | Barcelona<\/h3>\n\t\t<p>AMiQ desarrolla su actividad de Otorrinolaringolog\u00eda y Cirug\u00eda de Cabeza y Coll en un edificio de 24.000 m\u00b2 dedicados a la salud. Reconocido con el sello de calidad Joint Commission International, s\u00edmbolo de excelencia en el cuidado de la salud.<\/p>\n\t\t\t<a href=\"https:\/\/amiq.cat\/nuestras-clinicas\/amiq-imo\/\" target=\"_self\">\n\t\t\t\t\t\t\tSABER M\u00c1S\n\t\t\t\t\t<\/a>\n\t\t\t\t\t\t<figure>\n\t\t\t\t\t\t\t<img loading=\"lazy\" decoding=\"async\" src=\"https:\/\/amiq.cat\/wp-content\/uploads\/2024\/01\/amiq-imo-header-300x133.jpg\" alt=\"\" srcset=\"https:\/\/amiq.cat\/wp-content\/uploads\/2024\/01\/amiq-imo-header-300x133.jpg 300w, https:\/\/amiq.cat\/wp-content\/uploads\/2024\/01\/amiq-imo-header-1024x453.jpg 1024w, https:\/\/amiq.cat\/wp-content\/uploads\/2024\/01\/amiq-imo-header-768x340.jpg 768w, https:\/\/amiq.cat\/wp-content\/uploads\/2024\/01\/amiq-imo-header.jpg 1042w\" width=\"300\" height=\"133\" \/>\n\t\t\t\t\t\t\t\t\t\t\t\t\t<\/figure>\n\t\t\t\t\t\t<figure>\n\t\t\t\t\t\t\t<img loading=\"lazy\" decoding=\"async\" src=\"https:\/\/amiq.cat\/wp-content\/uploads\/2024\/02\/IMO-interior-1-225x300.jpeg\" alt=\"\" srcset=\"https:\/\/amiq.cat\/wp-content\/uploads\/2024\/02\/IMO-interior-1-225x300.jpeg 225w, https:\/\/amiq.cat\/wp-content\/uploads\/2024\/02\/IMO-interior-1.jpeg 768w\" width=\"225\" height=\"300\" \/>\n\t\t\t\t\t\t\t\t\t\t\t\t\t<\/figure>\n\t\t\t\t\t\t<figure>\n\t\t\t\t\t\t\t<img loading=\"lazy\" decoding=\"async\" src=\"https:\/\/amiq.cat\/wp-content\/uploads\/2024\/02\/IMO-edificio-1-300x296.jpeg\" alt=\"\" srcset=\"https:\/\/amiq.cat\/wp-content\/uploads\/2024\/02\/IMO-edificio-1-300x296.jpeg 300w, https:\/\/amiq.cat\/wp-content\/uploads\/2024\/02\/IMO-edificio-1-768x759.jpeg 768w, https:\/\/amiq.cat\/wp-content\/uploads\/2024\/02\/IMO-edificio-1.jpeg 1024w\" width=\"300\" height=\"296\" \/>\n\t\t\t\t\t\t\t\t\t\t\t\t\t<\/figure>\n\t\t\t\t\t\t<figure>\n\t\t\t\t\t\t\t<img loading=\"lazy\" decoding=\"async\" src=\"https:\/\/amiq.cat\/wp-content\/uploads\/2024\/02\/IMO-interior-4-225x300.jpeg\" alt=\"\" srcset=\"https:\/\/amiq.cat\/wp-content\/uploads\/2024\/02\/IMO-interior-4-225x300.jpeg 225w, https:\/\/amiq.cat\/wp-content\/uploads\/2024\/02\/IMO-interior-4.jpeg 768w\" width=\"225\" height=\"300\" \/>\n\t\t\t\t\t\t\t\t\t\t\t\t\t<\/figure>\n\t\t\t\t\t\t\t\t\t\t\t<!-- pagination -->\n\t\t\t\t\t\t\t\t\t<img decoding=\"async\" src=\"https:\/\/amiq.cat\/wp-content\/plugins\/bb-plugin\/img\/pixel.png\" alt=\"\" itemprop=\"image\" onerror=\"this.style.display='none'\"  \/>\n\t\t\t\t\t\t<figure>\n\t\t\t\t\t\t\t<img loading=\"lazy\" decoding=\"async\" src=\"https:\/\/amiq.cat\/wp-content\/uploads\/2024\/02\/Causse-edificio-1-267x300.jpeg\" alt=\"\" srcset=\"https:\/\/amiq.cat\/wp-content\/uploads\/2024\/02\/Causse-edificio-1-267x300.jpeg 267w, https:\/\/amiq.cat\/wp-content\/uploads\/2024\/02\/Causse-edificio-1-768x861.jpeg 768w, https:\/\/amiq.cat\/wp-content\/uploads\/2024\/02\/Causse-edificio-1.jpeg 913w\" width=\"267\" height=\"300\" \/>\n\t\t\t\t\t\t\t\t\t\t\t\t\t<\/figure>\n\t\t\t\t\t\t<figure>\n\t\t\t\t\t\t\t<img loading=\"lazy\" decoding=\"async\" src=\"https:\/\/amiq.cat\/wp-content\/uploads\/2024\/02\/Causse-interior-5-300x213.jpeg\" alt=\"\" srcset=\"https:\/\/amiq.cat\/wp-content\/uploads\/2024\/02\/Causse-interior-5-300x213.jpeg 300w, https:\/\/amiq.cat\/wp-content\/uploads\/2024\/02\/Causse-interior-5-768x546.jpeg 768w, https:\/\/amiq.cat\/wp-content\/uploads\/2024\/02\/Causse-interior-5.jpeg 1024w\" width=\"300\" height=\"213\" \/>\n\t\t\t\t\t\t\t\t\t\t\t\t\t<\/figure>\n\t\t\t\t\t\t<figure>\n\t\t\t\t\t\t\t<img loading=\"lazy\" decoding=\"async\" src=\"https:\/\/amiq.cat\/wp-content\/uploads\/2024\/02\/Causse-interior-1-250x300.jpeg\" alt=\"\" srcset=\"https:\/\/amiq.cat\/wp-content\/uploads\/2024\/02\/Causse-interior-1-250x300.jpeg 250w, https:\/\/amiq.cat\/wp-content\/uploads\/2024\/02\/Causse-interior-1-768x922.jpeg 768w, https:\/\/amiq.cat\/wp-content\/uploads\/2024\/02\/Causse-interior-1.jpeg 853w\" width=\"250\" height=\"300\" \/>\n\t\t\t\t\t\t\t\t\t\t\t\t\t<\/figure>\n\t\t\t\t\t\t<figure>\n\t\t\t\t\t\t\t<img loading=\"lazy\" decoding=\"async\" src=\"https:\/\/amiq.cat\/wp-content\/uploads\/2024\/02\/Causse-interior-4-250x300.jpeg\" alt=\"\" srcset=\"https:\/\/amiq.cat\/wp-content\/uploads\/2024\/02\/Causse-interior-4-250x300.jpeg 250w, https:\/\/amiq.cat\/wp-content\/uploads\/2024\/02\/Causse-interior-4-768x922.jpeg 768w, https:\/\/amiq.cat\/wp-content\/uploads\/2024\/02\/Causse-interior-4.jpeg 853w\" width=\"250\" height=\"300\" \/>\n\t\t\t\t\t\t\t\t\t\t\t\t\t<\/figure>\n\t\t\t\t\t\t<figure>\n\t\t\t\t\t\t\t<img loading=\"lazy\" decoding=\"async\" src=\"https:\/\/amiq.cat\/wp-content\/uploads\/2024\/02\/Causse-interior-3-250x300.jpeg\" alt=\"\" srcset=\"https:\/\/amiq.cat\/wp-content\/uploads\/2024\/02\/Causse-interior-3-250x300.jpeg 250w, https:\/\/amiq.cat\/wp-content\/uploads\/2024\/02\/Causse-interior-3-768x922.jpeg 768w, https:\/\/amiq.cat\/wp-content\/uploads\/2024\/02\/Causse-interior-3.jpeg 853w\" width=\"250\" height=\"300\" \/>\n\t\t\t\t\t\t\t\t\t\t\t\t\t<\/figure>\n\t\t\t\t\t\t<figure>\n\t\t\t\t\t\t\t<img loading=\"lazy\" decoding=\"async\" src=\"https:\/\/amiq.cat\/wp-content\/uploads\/2024\/02\/Causse-interior-2-250x300.jpeg\" alt=\"\" srcset=\"https:\/\/amiq.cat\/wp-content\/uploads\/2024\/02\/Causse-interior-2-250x300.jpeg 250w, https:\/\/amiq.cat\/wp-content\/uploads\/2024\/02\/Causse-interior-2-768x922.jpeg 768w, https:\/\/amiq.cat\/wp-content\/uploads\/2024\/02\/Causse-interior-2.jpeg 853w\" width=\"250\" height=\"300\" \/>\n\t\t\t\t\t\t\t\t\t\t\t\t\t<\/figure>\n\t\t\t\t\t\t\t\t\t\t\t<!-- pagination -->\n\t\t<h3>AMiQ Causse Clinic | Girona<\/h3>\n\t\t<p>De la mano del prestigioso grupo sanitario AXE SANTE, <strong>AMiQ<\/strong> ofrece sus servicios de Otorrinolaringolog\u00eda y Cirug\u00eda Integral de Cabeza y Coll en el centro de la ciudad de Girona.<\/p>\n\t\t\t<a href=\"https:\/\/amiq.cat\/nuestras-clinicas\/amiq-causse-clinic\/\" target=\"_self\">\n\t\t\t\t\t\t\tSABER M\u00c1S\n\t\t\t\t\t<\/a>\n\t\t<h3>AMiQ Dexeus | Barcelona<\/h3>\n\t\t<p>En un edificio de vanguardia de 50.000m<sup>2<\/sup>, que combina las \u00faltimas tecnolog\u00edas m\u00e9dicas con modernas y c\u00f3modas instalaciones sanitarias. Nuestra Unidad Funcional de Otorrinolaringolog\u00eda y Alergia de Barcelona, \u200b\u200bse ha consolidado como un equipo m\u00e9dico de referencia para la patolog\u00eda pedi\u00e1trica y de adultos.<\/p>\n\t\t\t<a href=\"https:\/\/amiq.cat\/nuestras-clinicas\/amiq-hospital-universitario-dexeus\/\" target=\"_self\">\n\t\t\t\t\t\t\tSABER M\u00c1S\n\t\t\t\t\t<\/a>\n\t\t\t\t\t\t<figure>\n\t\t\t\t\t\t\t<img loading=\"lazy\" decoding=\"async\" src=\"https:\/\/amiq.cat\/wp-content\/uploads\/2024\/01\/hospital-universitari-dexeus-300x200.jpg\" alt=\"\" srcset=\"https:\/\/amiq.cat\/wp-content\/uploads\/2024\/01\/hospital-universitari-dexeus-300x200.jpg 300w, https:\/\/amiq.cat\/wp-content\/uploads\/2024\/01\/hospital-universitari-dexeus-768x512.jpg 768w, https:\/\/amiq.cat\/wp-content\/uploads\/2024\/01\/hospital-universitari-dexeus.jpg 900w\" width=\"300\" height=\"200\" \/>\n\t\t\t\t\t\t\t\t\t\t\t\t\t<\/figure>\n\t\t\t\t\t\t<figure>\n\t\t\t\t\t\t\t<img loading=\"lazy\" decoding=\"async\" src=\"https:\/\/amiq.cat\/wp-content\/uploads\/2024\/02\/amiq-hospital-universitari-quiron-dexeus-300x200.jpg\" alt=\"\" srcset=\"https:\/\/amiq.cat\/wp-content\/uploads\/2024\/02\/amiq-hospital-universitari-quiron-dexeus-300x200.jpg 300w, https:\/\/amiq.cat\/wp-content\/uploads\/2024\/02\/amiq-hospital-universitari-quiron-dexeus.jpg 600w\" width=\"300\" height=\"200\" \/>\n\t\t\t\t\t\t\t\t\t\t\t\t\t<\/figure>\n\t\t\t\t\t\t\t\t\t\t\t<!-- pagination -->\n\t\t\t\t\t\t\t\t\t<img decoding=\"async\" src=\"https:\/\/amiq.cat\/wp-content\/plugins\/bb-plugin\/img\/pixel.png\" alt=\"\" itemprop=\"image\" onerror=\"this.style.display='none'\"  \/>\n\t\t\t\tAMiQ IMO\n\t\t\t\tAMiQ Causse Clinic\n\t\t\t\tAMiQ Dexeus\n\t\t\t\t\t\t\tAMiQ IMO\n\t\t\t\t<p><iframe loading=\"lazy\" src=\"https:\/\/www.google.com\/maps\/embed?pb=!1m18!1m12!1m3!1d2992.3234487794894!2d2.121723076757667!3d41.410496871296914!2m3!1f0!2f0!3f0!3m2!1i1024!2i768!4f13.1!3m3!1m2!1s0x12a499277146a6ab%3A0xda82929e48af1add!2sAMIQ-IMO%20Cirurgia%20de%20Cap%20i%20Coll%20BISC%20H%26N%20CLINIC.!5e0!3m2!1ses!2ses!4v1706527830149!5m2!1ses!2ses\" width=\"1100\" height=\"450\" allowfullscreen=\"allowfullscreen\"><\/iframe><\/p>\n\t\t\t\t\t\t\tAMiQ Causse Clinic\n\t\t\t\t<p><iframe loading=\"lazy\" src=\"https:\/\/www.google.com\/maps\/embed?pb=!1m18!1m12!1m3!1d23728.886329977453!2d2.7862468743164066!3d41.976431!2m3!1f0!2f0!3f0!3m2!1i1024!2i768!4f13.1!3m3!1m2!1s0x12bae7a6e83e4677%3A0xf40c1a73045af755!2sAMIQ-CAUSSE%20CLINIC.%20Otorrinolaringologia%20i%20Cirurgia%20de%20Cap%20i%20Coll.!5e0!3m2!1ses!2ses!4v1706527907647!5m2!1ses!2ses\" width=\"1100\" height=\"450\" allowfullscreen=\"allowfullscreen\"><\/iframe><\/p>\n\t\t\t\t\t\t\tAMiQ Dexeus\n\t\t\t\t<p><iframe loading=\"lazy\" src=\"https:\/\/www.google.com\/maps\/embed?pb=!1m18!1m12!1m3!1d2993.4970186299147!2d2.123539426756625!3d41.38501147130017!2m3!1f0!2f0!3f0!3m2!1i1024!2i768!4f13.1!3m3!1m2!1s0x12a49860c16ddbe5%3A0x19639875f59cebb9!2sAMiQ-%20Otorrinolaringolog%C3%ADa-Alergia%20Dexeus!5e0!3m2!1ses!2ses!4v1706527932060!5m2!1ses!2ses\" width=\"1100\" height=\"450\" allowfullscreen=\"allowfullscreen\"><\/iframe><\/p>\n\n","protected":false},"excerpt":{"rendered":"<p>Nuestras Cl\u00ednicas AMiQ IMO | Barcelona AMiQ desarrolla su actividad de Otorrinolaringolog\u00eda y Cirug\u00eda de Cabeza y Coll en un edificio de 24.000 m\u00b2 dedicados a la salud. Reconocido con el sello de calidad Joint Commission International, s\u00edmbolo de excelencia en el cuidado de la salud. SABER M\u00c1S AMiQ Causse Clinic | Girona De la&hellip;<\/p>\n","protected":false},"author":3,"featured_media":0,"parent":0,"menu_order":58,"comment_status":"closed","ping_status":"closed","template":"","meta":{"_exactmetrics_skip_tracking":false,"_exactmetrics_sitenote_active":false,"_exactmetrics_sitenote_note":"","_exactmetrics_sitenote_category":0,"_monsterinsights_skip_tracking":false,"_monsterinsights_sitenote_active":false,"_monsterinsights_sitenote_note":"","_monsterinsights_sitenote_category":0,"_uf_show_specific_survey":0,"_uf_disable_surveys":false,"footnotes":""},"categories":[],"tags":[],"class_list":["post-11285","page","type-page","status-publish","hentry"],"aioseo_notices":[],"yoast_head":"<!-- This site is optimized with the Yoast SEO Premium plugin v26.4 (Yoast SEO v26.4) - https:\/\/yoast.com\/wordpress\/plugins\/seo\/ -->\n<title>Nuestras Cl\u00ednicas &#8211; AMiQ<\/title>\n<meta name=\"robots\" content=\"index, follow, max-snippet:-1, max-image-preview:large, max-video-preview:-1\" \/>\n<link rel=\"canonical\" href=\"https:\/\/amiq.cat\/es\/nuestras-clinicas\/\" \/>\n<script type=\"application\/ld+json\" class=\"yoast-schema-graph\">{\"@context\":\"https:\/\/schema.org\",\"@graph\":[{\"@type\":\"WebPage\",\"@id\":\"https:\/\/amiq.cat\/es\/nuestras-clinicas\/\",\"url\":\"https:\/\/amiq.cat\/es\/nuestras-clinicas\/\",\"name\":\"Nuestras Cl\u00ednicas &#8211; AMiQ\",\"isPartOf\":{\"@id\":\"https:\/\/amiq.cat\/es\/#website\"},\"primaryImageOfPage\":{\"@id\":\"https:\/\/amiq.cat\/es\/nuestras-clinicas\/#primaryimage\"},\"image\":{\"@id\":\"https:\/\/amiq.cat\/es\/nuestras-clinicas\/#primaryimage\"},\"thumbnailUrl\":\"https:\/\/amiq.cat\/wp-content\/uploads\/2024\/01\/amiq-imo-header-300x133.jpg\",\"datePublished\":\"2024-01-31T09:40:30+00:00\",\"dateModified\":\"2025-07-06T11:20:07+00:00\",\"breadcrumb\":{\"@id\":\"https:\/\/amiq.cat\/es\/nuestras-clinicas\/#breadcrumb\"},\"inLanguage\":\"es\",\"potentialAction\":[{\"@type\":\"ReadAction\",\"target\":[\"https:\/\/amiq.cat\/es\/nuestras-clinicas\/\"]}]},{\"@type\":\"ImageObject\",\"inLanguage\":\"es\",\"@id\":\"https:\/\/amiq.cat\/es\/nuestras-clinicas\/#primaryimage\",\"url\":\"https:\/\/amiq.cat\/wp-content\/uploads\/2024\/01\/amiq-imo-header-300x133.jpg\",\"contentUrl\":\"https:\/\/amiq.cat\/wp-content\/uploads\/2024\/01\/amiq-imo-header-300x133.jpg\"},{\"@type\":\"BreadcrumbList\",\"@id\":\"https:\/\/amiq.cat\/es\/nuestras-clinicas\/#breadcrumb\",\"itemListElement\":[{\"@type\":\"ListItem\",\"position\":1,\"name\":\"Portada\",\"item\":\"https:\/\/amiq.cat\/es\/\"},{\"@type\":\"ListItem\",\"position\":2,\"name\":\"Nuestras Cl\u00ednicas\"}]},{\"@type\":\"WebSite\",\"@id\":\"https:\/\/amiq.cat\/es\/#website\",\"url\":\"https:\/\/amiq.cat\/es\/\",\"name\":\"AMiQ\",\"description\":\"Agrupaci\u00f3 M\u00e8dica i Quir\u00fargica\",\"publisher\":{\"@id\":\"https:\/\/amiq.cat\/es\/#organization\"},\"alternateName\":\"AMiQ\",\"potentialAction\":[{\"@type\":\"SearchAction\",\"target\":{\"@type\":\"EntryPoint\",\"urlTemplate\":\"https:\/\/amiq.cat\/es\/?s={search_term_string}\"},\"query-input\":{\"@type\":\"PropertyValueSpecification\",\"valueRequired\":true,\"valueName\":\"search_term_string\"}}],\"inLanguage\":\"es\"},{\"@type\":[\"Organization\",\"Place\",\"MedicalClinic\"],\"@id\":\"https:\/\/amiq.cat\/es\/#organization\",\"name\":\"Agrupaci\u00f3 M\u00e8dica i Quir\u00fargica\",\"alternateName\":\"AMIQ\",\"url\":\"https:\/\/amiq.cat\/es\/\",\"logo\":{\"@id\":\"https:\/\/amiq.cat\/es\/nuestras-clinicas\/#local-main-organization-logo\"},\"image\":{\"@id\":\"https:\/\/amiq.cat\/es\/nuestras-clinicas\/#local-main-organization-logo\"},\"description\":\"Entidad especializada en soluciones aseguradoras para profesionales sanitarios, ofreciendo coberturas adaptadas a las necesidades m\u00e9dicas y quir\u00fargicas. Con una amplia experiencia en el sector, destaca por su compromiso con la protecci\u00f3n integral, la gesti\u00f3n eficiente de riesgos y un servicio cercano y personalizado. Su enfoque combina innovaci\u00f3n, confianza y respaldo profesional, convirti\u00e9ndola en una opci\u00f3n s\u00f3lida para quienes buscan seguridad y tranquilidad en el ejercicio de la pr\u00e1ctica sanitaria.\",\"legalName\":\"Agrupaci\u00f3 M\u00e8dica i Quir\u00fargica\",\"numberOfEmployees\":{\"@type\":\"QuantitativeValue\",\"minValue\":\"11\",\"maxValue\":\"50\"},\"address\":{\"@id\":\"https:\/\/amiq.cat\/es\/nuestras-clinicas\/#local-main-place-address\"},\"telephone\":[\"93 122 3615\"],\"openingHoursSpecification\":[]},{\"@type\":\"PostalAddress\",\"@id\":\"https:\/\/amiq.cat\/es\/nuestras-clinicas\/#local-main-place-address\",\"streetAddress\":\"Carrer de Josep Maria Llad\u00f3, 3,, Sarri\u00e0-Sant Gervasi,\",\"addressLocality\":\"Barcelona\",\"postalCode\":\"08035\",\"addressRegion\":\"Activo\",\"addressCountry\":\"ES\"},{\"@type\":\"ImageObject\",\"inLanguage\":\"es\",\"@id\":\"https:\/\/amiq.cat\/es\/nuestras-clinicas\/#local-main-organization-logo\",\"url\":\"https:\/\/amiq.cat\/wp-content\/uploads\/2024\/07\/logo-amiq-300.png\",\"contentUrl\":\"https:\/\/amiq.cat\/wp-content\/uploads\/2024\/07\/logo-amiq-300.png\",\"width\":400,\"height\":92,\"caption\":\"Agrupaci\u00f3 M\u00e8dica i Quir\u00fargica\"}]}<\/script>\n<meta name=\"geo.placename\" content=\"Barcelona\" \/>\n<meta name=\"geo.region\" content=\"Espa\u00f1a\" \/>\n<!-- \/ Yoast SEO Premium plugin. -->","yoast_head_json":{"title":"Nuestras Cl\u00ednicas &#8211; AMiQ","robots":{"index":"index","follow":"follow","max-snippet":"max-snippet:-1","max-image-preview":"max-image-preview:large","max-video-preview":"max-video-preview:-1"},"canonical":"https:\/\/amiq.cat\/es\/nuestras-clinicas\/","schema":{"@context":"https:\/\/schema.org","@graph":[{"@type":"WebPage","@id":"https:\/\/amiq.cat\/es\/nuestras-clinicas\/","url":"https:\/\/amiq.cat\/es\/nuestras-clinicas\/","name":"Nuestras Cl\u00ednicas &#8211; AMiQ","isPartOf":{"@id":"https:\/\/amiq.cat\/es\/#website"},"primaryImageOfPage":{"@id":"https:\/\/amiq.cat\/es\/nuestras-clinicas\/#primaryimage"},"image":{"@id":"https:\/\/amiq.cat\/es\/nuestras-clinicas\/#primaryimage"},"thumbnailUrl":"https:\/\/amiq.cat\/wp-content\/uploads\/2024\/01\/amiq-imo-header-300x133.jpg","datePublished":"2024-01-31T09:40:30+00:00","dateModified":"2025-07-06T11:20:07+00:00","breadcrumb":{"@id":"https:\/\/amiq.cat\/es\/nuestras-clinicas\/#breadcrumb"},"inLanguage":"es","potentialAction":[{"@type":"ReadAction","target":["https:\/\/amiq.cat\/es\/nuestras-clinicas\/"]}]},{"@type":"ImageObject","inLanguage":"es","@id":"https:\/\/amiq.cat\/es\/nuestras-clinicas\/#primaryimage","url":"https:\/\/amiq.cat\/wp-content\/uploads\/2024\/01\/amiq-imo-header-300x133.jpg","contentUrl":"https:\/\/amiq.cat\/wp-content\/uploads\/2024\/01\/amiq-imo-header-300x133.jpg"},{"@type":"BreadcrumbList","@id":"https:\/\/amiq.cat\/es\/nuestras-clinicas\/#breadcrumb","itemListElement":[{"@type":"ListItem","position":1,"name":"Portada","item":"https:\/\/amiq.cat\/es\/"},{"@type":"ListItem","position":2,"name":"Nuestras Cl\u00ednicas"}]},{"@type":"WebSite","@id":"https:\/\/amiq.cat\/es\/#website","url":"https:\/\/amiq.cat\/es\/","name":"AMiQ","description":"Agrupaci\u00f3 M\u00e8dica i Quir\u00fargica","publisher":{"@id":"https:\/\/amiq.cat\/es\/#organization"},"alternateName":"AMiQ","potentialAction":[{"@type":"SearchAction","target":{"@type":"EntryPoint","urlTemplate":"https:\/\/amiq.cat\/es\/?s={search_term_string}"},"query-input":{"@type":"PropertyValueSpecification","valueRequired":true,"valueName":"search_term_string"}}],"inLanguage":"es"},{"@type":["Organization","Place","MedicalClinic"],"@id":"https:\/\/amiq.cat\/es\/#organization","name":"Agrupaci\u00f3 M\u00e8dica i Quir\u00fargica","alternateName":"AMIQ","url":"https:\/\/amiq.cat\/es\/","logo":{"@id":"https:\/\/amiq.cat\/es\/nuestras-clinicas\/#local-main-organization-logo"},"image":{"@id":"https:\/\/amiq.cat\/es\/nuestras-clinicas\/#local-main-organization-logo"},"description":"Entidad especializada en soluciones aseguradoras para profesionales sanitarios, ofreciendo coberturas adaptadas a las necesidades m\u00e9dicas y quir\u00fargicas. Con una amplia experiencia en el sector, destaca por su compromiso con la protecci\u00f3n integral, la gesti\u00f3n eficiente de riesgos y un servicio cercano y personalizado. Su enfoque combina innovaci\u00f3n, confianza y respaldo profesional, convirti\u00e9ndola en una opci\u00f3n s\u00f3lida para quienes buscan seguridad y tranquilidad en el ejercicio de la pr\u00e1ctica sanitaria.","legalName":"Agrupaci\u00f3 M\u00e8dica i Quir\u00fargica","numberOfEmployees":{"@type":"QuantitativeValue","minValue":"11","maxValue":"50"},"address":{"@id":"https:\/\/amiq.cat\/es\/nuestras-clinicas\/#local-main-place-address"},"telephone":["93 122 3615"],"openingHoursSpecification":[]},{"@type":"PostalAddress","@id":"https:\/\/amiq.cat\/es\/nuestras-clinicas\/#local-main-place-address","streetAddress":"Carrer de Josep Maria Llad\u00f3, 3,, Sarri\u00e0-Sant Gervasi,","addressLocality":"Barcelona","postalCode":"08035","addressRegion":"Activo","addressCountry":"ES"},{"@type":"ImageObject","inLanguage":"es","@id":"https:\/\/amiq.cat\/es\/nuestras-clinicas\/#local-main-organization-logo","url":"https:\/\/amiq.cat\/wp-content\/uploads\/2024\/07\/logo-amiq-300.png","contentUrl":"https:\/\/amiq.cat\/wp-content\/uploads\/2024\/07\/logo-amiq-300.png","width":400,"height":92,"caption":"Agrupaci\u00f3 M\u00e8dica i Quir\u00fargica"}]},"geo.placename":"Barcelona","geo.region":"Espa\u00f1a"},"_links":{"self":[{"href":"https:\/\/amiq.cat\/es\/wp-json\/wp\/v2\/pages\/11285","targetHints":{"allow":["GET"]}}],"collection":[{"href":"https:\/\/amiq.cat\/es\/wp-json\/wp\/v2\/pages"}],"about":[{"href":"https:\/\/amiq.cat\/es\/wp-json\/wp\/v2\/types\/page"}],"author":[{"embeddable":true,"href":"https:\/\/amiq.cat\/es\/wp-json\/wp\/v2\/users\/3"}],"replies":[{"embeddable":true,"href":"https:\/\/amiq.cat\/es\/wp-json\/wp\/v2\/comments?post=11285"}],"version-history":[{"count":10,"href":"https:\/\/amiq.cat\/es\/wp-json\/wp\/v2\/pages\/11285\/revisions"}],"predecessor-version":[{"id":14077,"href":"https:\/\/amiq.cat\/es\/wp-json\/wp\/v2\/pages\/11285\/revisions\/14077"}],"wp:attachment":[{"href":"https:\/\/amiq.cat\/es\/wp-json\/wp\/v2\/media?parent=11285"}],"wp:term":[{"taxonomy":"category","embeddable":true,"href":"https:\/\/amiq.cat\/es\/wp-json\/wp\/v2\/categories?post=11285"},{"taxonomy":"post_tag","embeddable":true,"href":"https:\/\/amiq.cat\/es\/wp-json\/wp\/v2\/tags?post=11285"}],"curies":[{"name":"wp","href":"https:\/\/api.w.org\/{rel}","templated":true}]}}