{"id":12786,"date":"2024-02-14T10:51:14","date_gmt":"2024-02-14T09:51:14","guid":{"rendered":"https:\/\/wetopi.com\/?page_id=12786"},"modified":"2024-02-22T17:39:39","modified_gmt":"2024-02-22T16:39:39","slug":"cita-con-dra-arlenys-ross","status":"publish","type":"page","link":"https:\/\/amiq.cat\/es\/equipo-medico\/dra-arlenys-ross\/cita-con-dra-arlenys-ross\/","title":{"rendered":"Cita con Dra. Arlenys Ross"},"content":{"rendered":"\n\n\t<nav aria-label=\"breadcrumbs\"><p><a href=\"https:\/\/wetopi.com\/equipo-medico\/\">Equipo M\u00e9dico<\/a> &raquo; <a href=\"https:\/\/wetopi.com\/equipo-medico\/dra-arlenys-ross\/\">Dra. Arlenys Ross<\/a> &raquo; Cita con Dra. Arlenys Ross<\/p><\/nav>\n\t<h1>Cita con Dra. Arlenys Ross<br \/>\n<\/h1>\n\t<p>Te puede interesar<\/p>\n\t\t\t\t<a href=\"https:\/\/wetopi.com\/mutuas\/\" target=\"_self\" itemprop=\"url\" rel=\"noopener\">\n\t\t\t\t<img loading=\"lazy\" decoding=\"async\" src=\"https:\/\/wetopi.com\/wp-content\/uploads\/2024\/01\/el-respeto.png\" alt=\"el-respeto\" itemprop=\"image\" height=\"512\" width=\"512\" title=\"el-respeto\" onerror=\"this.style.display='none'\"  \/>\n\t\t\t\t<\/a>\n<h3><a href=\"https:\/\/wetopi.com\/mutuas\/\" target=\"_self\" rel=\"noopener\">Mutuas<\/a><\/h3>\t\n\t\t\t\t<a href=\"https:\/\/wetopi.com\/somos-noticia\/\" target=\"_self\" itemprop=\"url\" rel=\"noopener\">\n\t\t\t\t<img loading=\"lazy\" decoding=\"async\" src=\"https:\/\/wetopi.com\/wp-content\/uploads\/2024\/01\/periodico.png\" alt=\"periodico\" itemprop=\"image\" height=\"512\" width=\"512\" title=\"periodico\" onerror=\"this.style.display='none'\"  \/>\n\t\t\t\t<\/a>\n<h3><a href=\"https:\/\/wetopi.com\/somos-noticia\/\" target=\"_self\" rel=\"noopener\">Notic\u00edas<\/a><\/h3>\t\n\t\t\t\t<img loading=\"lazy\" decoding=\"async\" src=\"https:\/\/wetopi.com\/wp-content\/uploads\/2024\/01\/realimentacion.png\" alt=\"realimentacion\" itemprop=\"image\" height=\"512\" width=\"512\" title=\"realimentacion\" onerror=\"this.style.display='none'\"  \/>\n<h3>Testimonios<\/h3>\t\n\t\t\t\t<a href=\"https:\/\/wetopi.com\/raquel-fundacion-amiq\/\" target=\"_self\" itemprop=\"url\" rel=\"noopener\">\n\t\t\t\t<img loading=\"lazy\" decoding=\"async\" src=\"https:\/\/wetopi.com\/wp-content\/uploads\/2024\/01\/sesion.png\" alt=\"sesion\" itemprop=\"image\" height=\"512\" width=\"512\" title=\"sesion\" onerror=\"this.style.display='none'\"  \/>\n\t\t\t\t<\/a>\n<h3><a href=\"https:\/\/wetopi.com\/raquel-fundacion-amiq\/\" target=\"_self\" rel=\"noopener\">Fundaci\u00f3n Raquel<\/a><\/h3>\t\n\t\t\t\tAMiQ IMO\n\t\t\t\tAMiQ Causse Clinic\n\t\t\t\tAMiQ Dexeus\n\t\t\t\t\t\t\tAMiQ IMO\n\t<iframe src=\"https:\/\/www.google.com\/maps\/embed\/v1\/place?q=AMiQ+IMO&#038;key=AIzaSyD09zQ9PNDNNy9TadMuzRV_UsPUoWKntt8\" aria-hidden=\"true\" title=\"AMiQ IMO\"><\/iframe>\n\t\t\t\t\t\t\tAMiQ Causse Clinic\n\t<iframe src=\"https:\/\/www.google.com\/maps\/embed\/v1\/place?q=AMiQ+Causse+Clinic&#038;key=AIzaSyD09zQ9PNDNNy9TadMuzRV_UsPUoWKntt8\" aria-hidden=\"true\" title=\"AMiQ Causse Clinic\"><\/iframe>\n\t\t\t\t\t\t\tAMiQ Dexeus\n\t<iframe src=\"https:\/\/www.google.com\/maps\/embed\/v1\/place?q=AMiQ+Dexeus&#038;key=AIzaSyD09zQ9PNDNNy9TadMuzRV_UsPUoWKntt8\" aria-hidden=\"true\" title=\"AMiQ Dexeus\"><\/iframe>\n\n","protected":false},"excerpt":{"rendered":"<p>Equipo M\u00e9dico &raquo; Dra. Arlenys Ross &raquo; Cita con Dra. Arlenys Ross Cita con Dra. Arlenys Ross Te puede interesar Mutuas Notic\u00edas Testimonios Fundaci\u00f3n Raquel AMiQ IMO AMiQ Causse Clinic AMiQ Dexeus AMiQ IMO AMiQ Causse Clinic AMiQ Dexeus<\/p>\n","protected":false},"author":3,"featured_media":0,"parent":11071,"menu_order":0,"comment_status":"closed","ping_status":"closed","template":"","meta":{"_exactmetrics_skip_tracking":false,"_exactmetrics_sitenote_active":false,"_exactmetrics_sitenote_note":"","_exactmetrics_sitenote_category":0,"_monsterinsights_skip_tracking":false,"_monsterinsights_sitenote_active":false,"_monsterinsights_sitenote_note":"","_monsterinsights_sitenote_category":0,"_uf_show_specific_survey":0,"_uf_disable_surveys":false,"footnotes":""},"categories":[],"tags":[],"class_list":["post-12786","page","type-page","status-publish","hentry"],"aioseo_notices":[],"yoast_head":"<!-- This site is optimized with the Yoast SEO Premium plugin v26.4 (Yoast SEO v26.4) - https:\/\/yoast.com\/wordpress\/plugins\/seo\/ -->\n<title>Cita con Dra. Arlenys Ross &#8211; AMiQ<\/title>\n<meta name=\"robots\" content=\"index, follow, max-snippet:-1, max-image-preview:large, max-video-preview:-1\" \/>\n<link rel=\"canonical\" href=\"https:\/\/amiq.cat\/es\/equipo-medico\/dra-arlenys-ross\/cita-con-dra-arlenys-ross\/\" \/>\n<script type=\"application\/ld+json\" class=\"yoast-schema-graph\">{\"@context\":\"https:\/\/schema.org\",\"@graph\":[{\"@type\":\"WebPage\",\"@id\":\"https:\/\/amiq.cat\/es\/equipo-medico\/dra-arlenys-ross\/cita-con-dra-arlenys-ross\/\",\"url\":\"https:\/\/amiq.cat\/es\/equipo-medico\/dra-arlenys-ross\/cita-con-dra-arlenys-ross\/\",\"name\":\"Cita con Dra. Arlenys Ross &#8211; AMiQ\",\"isPartOf\":{\"@id\":\"https:\/\/amiq.cat\/es\/#website\"},\"primaryImageOfPage\":{\"@id\":\"https:\/\/amiq.cat\/es\/equipo-medico\/dra-arlenys-ross\/cita-con-dra-arlenys-ross\/#primaryimage\"},\"image\":{\"@id\":\"https:\/\/amiq.cat\/es\/equipo-medico\/dra-arlenys-ross\/cita-con-dra-arlenys-ross\/#primaryimage\"},\"thumbnailUrl\":\"https:\/\/wetopi.com\/wp-content\/uploads\/2024\/01\/el-respeto.png\",\"datePublished\":\"2024-02-14T09:51:14+00:00\",\"dateModified\":\"2024-02-22T16:39:39+00:00\",\"breadcrumb\":{\"@id\":\"https:\/\/amiq.cat\/es\/equipo-medico\/dra-arlenys-ross\/cita-con-dra-arlenys-ross\/#breadcrumb\"},\"inLanguage\":\"es\",\"potentialAction\":[{\"@type\":\"ReadAction\",\"target\":[\"https:\/\/amiq.cat\/es\/equipo-medico\/dra-arlenys-ross\/cita-con-dra-arlenys-ross\/\"]}]},{\"@type\":\"ImageObject\",\"inLanguage\":\"es\",\"@id\":\"https:\/\/amiq.cat\/es\/equipo-medico\/dra-arlenys-ross\/cita-con-dra-arlenys-ross\/#primaryimage\",\"url\":\"https:\/\/wetopi.com\/wp-content\/uploads\/2024\/01\/el-respeto.png\",\"contentUrl\":\"https:\/\/wetopi.com\/wp-content\/uploads\/2024\/01\/el-respeto.png\"},{\"@type\":\"BreadcrumbList\",\"@id\":\"https:\/\/amiq.cat\/es\/equipo-medico\/dra-arlenys-ross\/cita-con-dra-arlenys-ross\/#breadcrumb\",\"itemListElement\":[{\"@type\":\"ListItem\",\"position\":1,\"name\":\"Portada\",\"item\":\"https:\/\/amiq.cat\/es\/\"},{\"@type\":\"ListItem\",\"position\":2,\"name\":\"Equipo M\u00e9dico\",\"item\":\"https:\/\/amiq.cat\/es\/equipo-medico\/\"},{\"@type\":\"ListItem\",\"position\":3,\"name\":\"Dra. Arlenys Ross\",\"item\":\"https:\/\/amiq.cat\/es\/equipo-medico\/dra-arlenys-ross\/\"},{\"@type\":\"ListItem\",\"position\":4,\"name\":\"Cita con Dra. Arlenys Ross\"}]},{\"@type\":\"WebSite\",\"@id\":\"https:\/\/amiq.cat\/es\/#website\",\"url\":\"https:\/\/amiq.cat\/es\/\",\"name\":\"AMiQ\",\"description\":\"Agrupaci\u00f3 M\u00e8dica i Quir\u00fargica\",\"publisher\":{\"@id\":\"https:\/\/amiq.cat\/es\/#organization\"},\"alternateName\":\"AMiQ\",\"potentialAction\":[{\"@type\":\"SearchAction\",\"target\":{\"@type\":\"EntryPoint\",\"urlTemplate\":\"https:\/\/amiq.cat\/es\/?s={search_term_string}\"},\"query-input\":{\"@type\":\"PropertyValueSpecification\",\"valueRequired\":true,\"valueName\":\"search_term_string\"}}],\"inLanguage\":\"es\"},{\"@type\":[\"Organization\",\"Place\",\"MedicalClinic\"],\"@id\":\"https:\/\/amiq.cat\/es\/#organization\",\"name\":\"Agrupaci\u00f3 M\u00e8dica i Quir\u00fargica\",\"alternateName\":\"AMIQ\",\"url\":\"https:\/\/amiq.cat\/es\/\",\"logo\":{\"@id\":\"https:\/\/amiq.cat\/es\/equipo-medico\/dra-arlenys-ross\/cita-con-dra-arlenys-ross\/#local-main-organization-logo\"},\"image\":{\"@id\":\"https:\/\/amiq.cat\/es\/equipo-medico\/dra-arlenys-ross\/cita-con-dra-arlenys-ross\/#local-main-organization-logo\"},\"description\":\"Entidad especializada en soluciones aseguradoras para profesionales sanitarios, ofreciendo coberturas adaptadas a las necesidades m\u00e9dicas y quir\u00fargicas. Con una amplia experiencia en el sector, destaca por su compromiso con la protecci\u00f3n integral, la gesti\u00f3n eficiente de riesgos y un servicio cercano y personalizado. Su enfoque combina innovaci\u00f3n, confianza y respaldo profesional, convirti\u00e9ndola en una opci\u00f3n s\u00f3lida para quienes buscan seguridad y tranquilidad en el ejercicio de la pr\u00e1ctica sanitaria.\",\"legalName\":\"Agrupaci\u00f3 M\u00e8dica i Quir\u00fargica\",\"numberOfEmployees\":{\"@type\":\"QuantitativeValue\",\"minValue\":\"11\",\"maxValue\":\"50\"},\"address\":{\"@id\":\"https:\/\/amiq.cat\/es\/equipo-medico\/dra-arlenys-ross\/cita-con-dra-arlenys-ross\/#local-main-place-address\"},\"telephone\":[\"93 122 3615\"],\"openingHoursSpecification\":[]},{\"@type\":\"PostalAddress\",\"@id\":\"https:\/\/amiq.cat\/es\/equipo-medico\/dra-arlenys-ross\/cita-con-dra-arlenys-ross\/#local-main-place-address\",\"streetAddress\":\"Carrer de Josep Maria Llad\u00f3, 3,, Sarri\u00e0-Sant Gervasi,\",\"addressLocality\":\"Barcelona\",\"postalCode\":\"08035\",\"addressRegion\":\"Activo\",\"addressCountry\":\"ES\"},{\"@type\":\"ImageObject\",\"inLanguage\":\"es\",\"@id\":\"https:\/\/amiq.cat\/es\/equipo-medico\/dra-arlenys-ross\/cita-con-dra-arlenys-ross\/#local-main-organization-logo\",\"url\":\"https:\/\/amiq.cat\/wp-content\/uploads\/2024\/07\/logo-amiq-300.png\",\"contentUrl\":\"https:\/\/amiq.cat\/wp-content\/uploads\/2024\/07\/logo-amiq-300.png\",\"width\":400,\"height\":92,\"caption\":\"Agrupaci\u00f3 M\u00e8dica i Quir\u00fargica\"}]}<\/script>\n<meta name=\"geo.placename\" content=\"Barcelona\" \/>\n<meta name=\"geo.region\" content=\"Espa\u00f1a\" \/>\n<!-- \/ Yoast SEO Premium plugin. -->","yoast_head_json":{"title":"Cita con Dra. Arlenys Ross &#8211; AMiQ","robots":{"index":"index","follow":"follow","max-snippet":"max-snippet:-1","max-image-preview":"max-image-preview:large","max-video-preview":"max-video-preview:-1"},"canonical":"https:\/\/amiq.cat\/es\/equipo-medico\/dra-arlenys-ross\/cita-con-dra-arlenys-ross\/","schema":{"@context":"https:\/\/schema.org","@graph":[{"@type":"WebPage","@id":"https:\/\/amiq.cat\/es\/equipo-medico\/dra-arlenys-ross\/cita-con-dra-arlenys-ross\/","url":"https:\/\/amiq.cat\/es\/equipo-medico\/dra-arlenys-ross\/cita-con-dra-arlenys-ross\/","name":"Cita con Dra. Arlenys Ross &#8211; AMiQ","isPartOf":{"@id":"https:\/\/amiq.cat\/es\/#website"},"primaryImageOfPage":{"@id":"https:\/\/amiq.cat\/es\/equipo-medico\/dra-arlenys-ross\/cita-con-dra-arlenys-ross\/#primaryimage"},"image":{"@id":"https:\/\/amiq.cat\/es\/equipo-medico\/dra-arlenys-ross\/cita-con-dra-arlenys-ross\/#primaryimage"},"thumbnailUrl":"https:\/\/wetopi.com\/wp-content\/uploads\/2024\/01\/el-respeto.png","datePublished":"2024-02-14T09:51:14+00:00","dateModified":"2024-02-22T16:39:39+00:00","breadcrumb":{"@id":"https:\/\/amiq.cat\/es\/equipo-medico\/dra-arlenys-ross\/cita-con-dra-arlenys-ross\/#breadcrumb"},"inLanguage":"es","potentialAction":[{"@type":"ReadAction","target":["https:\/\/amiq.cat\/es\/equipo-medico\/dra-arlenys-ross\/cita-con-dra-arlenys-ross\/"]}]},{"@type":"ImageObject","inLanguage":"es","@id":"https:\/\/amiq.cat\/es\/equipo-medico\/dra-arlenys-ross\/cita-con-dra-arlenys-ross\/#primaryimage","url":"https:\/\/wetopi.com\/wp-content\/uploads\/2024\/01\/el-respeto.png","contentUrl":"https:\/\/wetopi.com\/wp-content\/uploads\/2024\/01\/el-respeto.png"},{"@type":"BreadcrumbList","@id":"https:\/\/amiq.cat\/es\/equipo-medico\/dra-arlenys-ross\/cita-con-dra-arlenys-ross\/#breadcrumb","itemListElement":[{"@type":"ListItem","position":1,"name":"Portada","item":"https:\/\/amiq.cat\/es\/"},{"@type":"ListItem","position":2,"name":"Equipo M\u00e9dico","item":"https:\/\/amiq.cat\/es\/equipo-medico\/"},{"@type":"ListItem","position":3,"name":"Dra. Arlenys Ross","item":"https:\/\/amiq.cat\/es\/equipo-medico\/dra-arlenys-ross\/"},{"@type":"ListItem","position":4,"name":"Cita con Dra. Arlenys Ross"}]},{"@type":"WebSite","@id":"https:\/\/amiq.cat\/es\/#website","url":"https:\/\/amiq.cat\/es\/","name":"AMiQ","description":"Agrupaci\u00f3 M\u00e8dica i Quir\u00fargica","publisher":{"@id":"https:\/\/amiq.cat\/es\/#organization"},"alternateName":"AMiQ","potentialAction":[{"@type":"SearchAction","target":{"@type":"EntryPoint","urlTemplate":"https:\/\/amiq.cat\/es\/?s={search_term_string}"},"query-input":{"@type":"PropertyValueSpecification","valueRequired":true,"valueName":"search_term_string"}}],"inLanguage":"es"},{"@type":["Organization","Place","MedicalClinic"],"@id":"https:\/\/amiq.cat\/es\/#organization","name":"Agrupaci\u00f3 M\u00e8dica i Quir\u00fargica","alternateName":"AMIQ","url":"https:\/\/amiq.cat\/es\/","logo":{"@id":"https:\/\/amiq.cat\/es\/equipo-medico\/dra-arlenys-ross\/cita-con-dra-arlenys-ross\/#local-main-organization-logo"},"image":{"@id":"https:\/\/amiq.cat\/es\/equipo-medico\/dra-arlenys-ross\/cita-con-dra-arlenys-ross\/#local-main-organization-logo"},"description":"Entidad especializada en soluciones aseguradoras para profesionales sanitarios, ofreciendo coberturas adaptadas a las necesidades m\u00e9dicas y quir\u00fargicas. Con una amplia experiencia en el sector, destaca por su compromiso con la protecci\u00f3n integral, la gesti\u00f3n eficiente de riesgos y un servicio cercano y personalizado. Su enfoque combina innovaci\u00f3n, confianza y respaldo profesional, convirti\u00e9ndola en una opci\u00f3n s\u00f3lida para quienes buscan seguridad y tranquilidad en el ejercicio de la pr\u00e1ctica sanitaria.","legalName":"Agrupaci\u00f3 M\u00e8dica i Quir\u00fargica","numberOfEmployees":{"@type":"QuantitativeValue","minValue":"11","maxValue":"50"},"address":{"@id":"https:\/\/amiq.cat\/es\/equipo-medico\/dra-arlenys-ross\/cita-con-dra-arlenys-ross\/#local-main-place-address"},"telephone":["93 122 3615"],"openingHoursSpecification":[]},{"@type":"PostalAddress","@id":"https:\/\/amiq.cat\/es\/equipo-medico\/dra-arlenys-ross\/cita-con-dra-arlenys-ross\/#local-main-place-address","streetAddress":"Carrer de Josep Maria Llad\u00f3, 3,, Sarri\u00e0-Sant Gervasi,","addressLocality":"Barcelona","postalCode":"08035","addressRegion":"Activo","addressCountry":"ES"},{"@type":"ImageObject","inLanguage":"es","@id":"https:\/\/amiq.cat\/es\/equipo-medico\/dra-arlenys-ross\/cita-con-dra-arlenys-ross\/#local-main-organization-logo","url":"https:\/\/amiq.cat\/wp-content\/uploads\/2024\/07\/logo-amiq-300.png","contentUrl":"https:\/\/amiq.cat\/wp-content\/uploads\/2024\/07\/logo-amiq-300.png","width":400,"height":92,"caption":"Agrupaci\u00f3 M\u00e8dica i Quir\u00fargica"}]},"geo.placename":"Barcelona","geo.region":"Espa\u00f1a"},"_links":{"self":[{"href":"https:\/\/amiq.cat\/es\/wp-json\/wp\/v2\/pages\/12786","targetHints":{"allow":["GET"]}}],"collection":[{"href":"https:\/\/amiq.cat\/es\/wp-json\/wp\/v2\/pages"}],"about":[{"href":"https:\/\/amiq.cat\/es\/wp-json\/wp\/v2\/types\/page"}],"author":[{"embeddable":true,"href":"https:\/\/amiq.cat\/es\/wp-json\/wp\/v2\/users\/3"}],"replies":[{"embeddable":true,"href":"https:\/\/amiq.cat\/es\/wp-json\/wp\/v2\/comments?post=12786"}],"version-history":[{"count":2,"href":"https:\/\/amiq.cat\/es\/wp-json\/wp\/v2\/pages\/12786\/revisions"}],"predecessor-version":[{"id":12797,"href":"https:\/\/amiq.cat\/es\/wp-json\/wp\/v2\/pages\/12786\/revisions\/12797"}],"up":[{"embeddable":true,"href":"https:\/\/amiq.cat\/es\/wp-json\/wp\/v2\/pages\/11071"}],"wp:attachment":[{"href":"https:\/\/amiq.cat\/es\/wp-json\/wp\/v2\/media?parent=12786"}],"wp:term":[{"taxonomy":"category","embeddable":true,"href":"https:\/\/amiq.cat\/es\/wp-json\/wp\/v2\/categories?post=12786"},{"taxonomy":"post_tag","embeddable":true,"href":"https:\/\/amiq.cat\/es\/wp-json\/wp\/v2\/tags?post=12786"}],"curies":[{"name":"wp","href":"https:\/\/api.w.org\/{rel}","templated":true}]}}