{"id":12682,"date":"2024-02-13T19:21:18","date_gmt":"2024-02-13T18:21:18","guid":{"rendered":"https:\/\/wetopi.com\/equipement-medical\/dr-ivan-domenech-juan\/nomination-dr-ivan-domenech-juan\/"},"modified":"2024-02-22T20:12:12","modified_gmt":"2024-02-22T19:12:12","slug":"nomination-dr-ivan-domenech-juan","status":"publish","type":"page","link":"https:\/\/amiq.cat\/fr\/equipement-medical\/dr-ivan-domenech-juan\/nomination-dr-ivan-domenech-juan\/","title":{"rendered":"Nomination Dr. Ivan Dom\u00e8nech Juan"},"content":{"rendered":"\n\n\t<nav aria-label=\"breadcrumbs\"><p><a href=\"https:\/\/wetopi.com\/fr\/equipement-medical\/\">Equipo M\u00e9dico<\/a> &raquo; Dr. Ivan Dom\u00e8nech Juan<\/p><\/nav>\n\t<h1>Dr. Ivan Dom\u00e8nech Juan<\/h1>\n\t<p>Especialidades<\/p>\n<p>Especialista en Otorrinolaringolog\u00eda Pedi\u00e1trica y Adulta, Cirug\u00eda de la Voz, Cirug\u00eda del C\u00e1ncer de Cabeza y Cuello, Cirug\u00eda con l\u00e1ser, Cirug\u00eda Rob\u00f3tica y con Neuronavegaci\u00f3n. Adem\u00e1s, realiza Cirug\u00eda de Tiroides y Paratiroides, Cirug\u00eda Reparadora de la Par\u00e1lisis Facial, Microcirug\u00eda de la Audici\u00f3n y del O\u00eddo, Cirug\u00eda de Implantes Cocleares y Osteointegrados, Cirug\u00eda de la gl\u00e1ndula Par\u00f3tida, y Cirug\u00eda Endosc\u00f3pica Nasosinusal.<\/p>\n\t\t\t<a href=\"https:\/\/wetopi.com\/fr\/rendez-vous-en-ligne\/?procedencia=domenech\" target=\"_self\" rel=\"noopener\">\n\t\t\t\t\t\tSolicita Cita con Dr. Dom\u00e8nech Juan, Ivan\n\t\t\t\t\t<\/a>\n\t<ul>\n\t\t\t<li>\n\t\t\t\tDirector-Fundador de l&rsquo;Agrupaci\u00f3 M\u00e8dica i Quir\u00fargica AMiQ.\n\t\t\t<\/li>\n\t\t\t<li>\n\t\t\t\tDoctor en Medicina per la Universidad de Barcelona, calificaci\u00f3n de la Tesis Doctoral Cum Laude.\n\t\t\t<\/li>\n\t\t\t<li>\n\t\t\t\tProfessor Associat de Medicina de la UAB Universitat Aut\u00f2noma de Barcelona.\n\t\t\t<\/li>\n\t\t\t<li>\n\t\t\t\tConsultor Otorinolaringolog\u00eda del SAAS. Servei Andorr\u00e0 d&rsquo; Atenci\u00f3 Sanit\u00e0ria.\n\t\t\t<\/li>\n\t\t<\/ul>\n\t\t<link itemprop=\"url\" href=\"https:\/\/wetopi.com\"\/>\n\t\t<a itemprop=\"sameAs\" href=\"https:\/\/es.linkedin.com\/in\/ivan-dom%C3%A8nech-juan-md-phd-46b11933\" target=\"_blank\" title=\"LinkedIn\" aria-label=\"LinkedIn\" role=\"button\" rel=\"noopener noreferrer external\">\n\t\t\t\t\t<\/a>\n\t<h3>Especialitats Quir\u00fargicas<\/h3>\n<ul>\n<li dir=\"auto\">Otorinolaringolog\u00eda Pedi\u00e0trica.<\/li>\n<li dir=\"auto\">Cirurgia de la veu<\/li>\n<li dir=\"auto\">Cirurgia del C\u00e0ncer de Cap i Coll.<\/li>\n<li dir=\"auto\">Cirurgia L\u00e0ser, Cirurgia Rob\u00f2tica y amb Neuronvegaci\u00f3.<\/li>\n<li dir=\"auto\">Cirurgia Tiroides i Paratiroides<\/li>\n<li dir=\"auto\">Cirugia Reparadora de la Par\u00e0lisis Facial.<\/li>\n<li dir=\"auto\">Microcirugia de la Audici\u00f3 y de la O\u00efde<\/li>\n<li dir=\"auto\">Cirurgia d&rsquo; Implants Coclears i Osteointegrats<\/li>\n<li dir=\"auto\">Cirurgia de gl\u00e0ndula Par\u00f2tida.<\/li>\n<li dir=\"auto\">Cirurgia Endosc\u00f2pica Nasosinusal<\/li>\n<\/ul>\n\t<h3>Experi\u00e8ncia Laboral<\/h3>\n<ul>\n<li>Servei d&rsquo;Otorrinolaringologia de l&rsquo;Hospital Universitari de Bellvitge.<\/li>\n<li>Ha treballat com a especialista d&rsquo;Otorrinolaringologia a la Cl\u00ednica Teknon de Barcelona (2006).<\/li>\n<li>Especialista Pedi\u00e0tric a la Clinica Infantil Staurus de Barcelona (2004-2008).<\/li>\n<\/ul>\n\t<h3>Formaci\u00f3 Hospitals Estrangers<br \/>\n<\/h3>\n<ul>\n<li>Programa de formaci\u00f3 quir\u00fargica en Otologia i Otoneurocirurgia en el St. Vincent Medical Center, Estats Units. 2006 (9 setmanes).<\/li>\n<li>Realitzaci\u00f3 del programa de Neurotologia \u00ab\u00a0Visinting Physicians Program\u00a0\u00bb de la House Ear Institute, Estats Units. 2006 (2 mesos).<\/li>\n<li>Est\u00e0ncia formativa m\u00e8dico-quir\u00fargica en el St. Vincents Private Hospital de Sydney, Australia. 2007 (6 setmanes).<\/li>\n<li>Formaci\u00f3 quir\u00fargica en el Chicago Ear Institute i el Northwestern University Hospital, Estats Units. 2008 (1 mes).<\/li>\n<li>Realitzaci\u00f3 del programa de Neurotologia \u00ab\u00a0Visinting Physicians Program\u00a0\u00bb de la House Ear Institute, Estats Units. 2009 (2 mesos).<\/li>\n<li>Formaci\u00f3 durant 2 mesos al Centre del Nervi Facial i Cirurgia Facial del MEEI\/Universitat de Harvard, Estats Units. 2010. (6 setmanes).<\/li>\n<li>Formaci\u00f3 en Cirurgia Est\u00e8tica Facial y Par\u00e0lisis Facial en el Facial Center for Advanced Facial Plastic Surgery. Beverly Hills. Estats Units. 2012.<\/li>\n<li>Realitzaci\u00f3 del programa d&rsquo;Otologia \u00ab\u00a0Visinting Physicians Program\u00a0\u00bb en la House Research Institute, Estats Units 2012. (6 setmanes)<\/li>\n<li>Estancia formativa en el Massachusetts Eye and Ear Infirmary, amb l&rsquo;Obtenci\u00f3 de 19,5 AMA PRA Category Credits de la Harvard Medical School. Boston, Estats Units. 2013 (6 setmanes).<\/li>\n<li>Formaci\u00f3 en Cirurgia de Tiroides y C\u00e0ncer de Cap y Coll en el UCSF Hospital, University of California San Francisco. Estats Units 2014 (5 setmanes)<\/li>\n<li>Formaci\u00f3 en Cirurgia de Tiroides y C\u00e0ncer de Cap y Coll de 1 mes en el Queen&rsquo;s Medical Center. Oahu. Estados Unidos 2019 (4 setmanes)<\/li>\n<\/ul>\n\t<ul>\n\t\t\t\n\t\t<\/ul>\n\t<p>Te puede interesar<\/p>\n\t\t\t\t<a href=\"https:\/\/wetopi.com\/fr\/mutuelles\/\" target=\"_self\" itemprop=\"url\" rel=\"noopener\">\n\t\t\t\t<img loading=\"lazy\" decoding=\"async\" src=\"https:\/\/wetopi.com\/wp-content\/uploads\/2024\/01\/el-respeto.png\" alt=\"el-respeto\" itemprop=\"image\" height=\"512\" width=\"512\" title=\"el-respeto\" onerror=\"this.style.display='none'\"  \/>\n\t\t\t\t<\/a>\n<h3><a href=\"https:\/\/wetopi.com\/fr\/mutuelles\/\" target=\"_self\" rel=\"noopener\">Mutuas<\/a><\/h3>\t\n\t\t\t\t<a href=\"https:\/\/wetopi.com\/fr\/nous-sommes-des-nouvelles\/\" target=\"_self\" itemprop=\"url\" rel=\"noopener\">\n\t\t\t\t<img loading=\"lazy\" decoding=\"async\" src=\"https:\/\/wetopi.com\/wp-content\/uploads\/2024\/01\/periodico.png\" alt=\"periodico\" itemprop=\"image\" height=\"512\" width=\"512\" title=\"periodico\" onerror=\"this.style.display='none'\"  \/>\n\t\t\t\t<\/a>\n<h3><a href=\"https:\/\/wetopi.com\/fr\/nous-sommes-des-nouvelles\/\" target=\"_self\" rel=\"noopener\">Notic\u00edas<\/a><\/h3>\t\n\t\t\t\t<img loading=\"lazy\" decoding=\"async\" src=\"https:\/\/wetopi.com\/wp-content\/uploads\/2024\/01\/realimentacion.png\" alt=\"realimentacion\" itemprop=\"image\" height=\"512\" width=\"512\" title=\"realimentacion\" onerror=\"this.style.display='none'\"  \/>\n<h3>Testimonios<\/h3>\t\n\t\t\t\t<a href=\"https:\/\/wetopi.com\/fr\/fondation-raquel-amiq\/\" target=\"_self\" itemprop=\"url\" rel=\"noopener\">\n\t\t\t\t<img loading=\"lazy\" decoding=\"async\" src=\"https:\/\/wetopi.com\/wp-content\/uploads\/2024\/01\/sesion.png\" alt=\"sesion\" itemprop=\"image\" height=\"512\" width=\"512\" title=\"sesion\" onerror=\"this.style.display='none'\"  \/>\n\t\t\t\t<\/a>\n<h3><a href=\"https:\/\/wetopi.com\/fr\/fondation-raquel-amiq\/\" target=\"_self\" rel=\"noopener\">Fundaci\u00f3n Raquel<\/a><\/h3>\t\n\t\t\t\tAMiQ IMO\n\t\t\t\tAMiQ Causse Clinic\n\t\t\t\tAMiQ Dexeus\n\t\t\t\t\t\t\tAMiQ IMO\n\t<iframe src=\"https:\/\/www.google.com\/maps\/embed\/v1\/place?q=AMiQ+IMO&#038;key=AIzaSyD09zQ9PNDNNy9TadMuzRV_UsPUoWKntt8\" aria-hidden=\"true\" title=\"AMiQ IMO\"><\/iframe>\n\t\t\t\t\t\t\tAMiQ Causse Clinic\n\t<iframe src=\"https:\/\/www.google.com\/maps\/embed\/v1\/place?q=AMiQ+Causse+Clinic&#038;key=AIzaSyD09zQ9PNDNNy9TadMuzRV_UsPUoWKntt8\" aria-hidden=\"true\" title=\"AMiQ Causse Clinic\"><\/iframe>\n\t\t\t\t\t\t\tAMiQ Dexeus\n\t<iframe src=\"https:\/\/www.google.com\/maps\/embed\/v1\/place?q=AMiQ+Dexeus&#038;key=AIzaSyD09zQ9PNDNNy9TadMuzRV_UsPUoWKntt8\" aria-hidden=\"true\" title=\"AMiQ Dexeus\"><\/iframe>\n\n","protected":false},"excerpt":{"rendered":"<p>Equipo M\u00e9dico &raquo; Dr. Ivan Dom\u00e8nech Juan Dr. Ivan Dom\u00e8nech Juan Especialidades Especialista en Otorrinolaringolog\u00eda Pedi\u00e1trica y Adulta, Cirug\u00eda de la Voz, Cirug\u00eda del C\u00e1ncer de Cabeza y Cuello, Cirug\u00eda con l\u00e1ser, Cirug\u00eda Rob\u00f3tica y con Neuronavegaci\u00f3n. Adem\u00e1s, realiza Cirug\u00eda de Tiroides y Paratiroides, Cirug\u00eda Reparadora de la Par\u00e1lisis Facial, Microcirug\u00eda de la Audici\u00f3n y&hellip;<\/p>\n","protected":false},"author":3,"featured_media":0,"parent":12427,"menu_order":0,"comment_status":"closed","ping_status":"closed","template":"","meta":{"_exactmetrics_skip_tracking":false,"_exactmetrics_sitenote_active":false,"_exactmetrics_sitenote_note":"","_exactmetrics_sitenote_category":0,"_monsterinsights_skip_tracking":false,"_monsterinsights_sitenote_active":false,"_monsterinsights_sitenote_note":"","_monsterinsights_sitenote_category":0,"_uf_show_specific_survey":0,"_uf_disable_surveys":false,"footnotes":""},"categories":[],"tags":[],"class_list":["post-12682","page","type-page","status-publish","hentry"],"aioseo_notices":[],"yoast_head":"<!-- This site is optimized with the Yoast SEO Premium plugin v26.4 (Yoast SEO v26.4) - https:\/\/yoast.com\/wordpress\/plugins\/seo\/ -->\n<title>Nomination Dr. Ivan Dom\u00e8nech Juan &#8211; AMiQ<\/title>\n<meta name=\"robots\" content=\"index, follow, max-snippet:-1, max-image-preview:large, max-video-preview:-1\" \/>\n<link rel=\"canonical\" href=\"https:\/\/amiq.cat\/fr\/equipement-medical\/dr-ivan-domenech-juan\/nomination-dr-ivan-domenech-juan\/\" \/>\n<script type=\"application\/ld+json\" class=\"yoast-schema-graph\">{\"@context\":\"https:\/\/schema.org\",\"@graph\":[{\"@type\":\"WebPage\",\"@id\":\"https:\/\/amiq.cat\/fr\/equipement-medical\/dr-ivan-domenech-juan\/nomination-dr-ivan-domenech-juan\/\",\"url\":\"https:\/\/amiq.cat\/fr\/equipement-medical\/dr-ivan-domenech-juan\/nomination-dr-ivan-domenech-juan\/\",\"name\":\"Nomination Dr. Ivan Dom\u00e8nech Juan &#8211; AMiQ\",\"isPartOf\":{\"@id\":\"https:\/\/amiq.cat\/fr\/#website\"},\"primaryImageOfPage\":{\"@id\":\"https:\/\/amiq.cat\/fr\/equipement-medical\/dr-ivan-domenech-juan\/nomination-dr-ivan-domenech-juan\/#primaryimage\"},\"image\":{\"@id\":\"https:\/\/amiq.cat\/fr\/equipement-medical\/dr-ivan-domenech-juan\/nomination-dr-ivan-domenech-juan\/#primaryimage\"},\"thumbnailUrl\":\"https:\/\/wetopi.com\/wp-content\/uploads\/2024\/01\/el-respeto.png\",\"datePublished\":\"2024-02-13T18:21:18+00:00\",\"dateModified\":\"2024-02-22T19:12:12+00:00\",\"breadcrumb\":{\"@id\":\"https:\/\/amiq.cat\/fr\/equipement-medical\/dr-ivan-domenech-juan\/nomination-dr-ivan-domenech-juan\/#breadcrumb\"},\"inLanguage\":\"fr-FR\",\"potentialAction\":[{\"@type\":\"ReadAction\",\"target\":[\"https:\/\/amiq.cat\/fr\/equipement-medical\/dr-ivan-domenech-juan\/nomination-dr-ivan-domenech-juan\/\"]}]},{\"@type\":\"ImageObject\",\"inLanguage\":\"fr-FR\",\"@id\":\"https:\/\/amiq.cat\/fr\/equipement-medical\/dr-ivan-domenech-juan\/nomination-dr-ivan-domenech-juan\/#primaryimage\",\"url\":\"https:\/\/wetopi.com\/wp-content\/uploads\/2024\/01\/el-respeto.png\",\"contentUrl\":\"https:\/\/wetopi.com\/wp-content\/uploads\/2024\/01\/el-respeto.png\"},{\"@type\":\"BreadcrumbList\",\"@id\":\"https:\/\/amiq.cat\/fr\/equipement-medical\/dr-ivan-domenech-juan\/nomination-dr-ivan-domenech-juan\/#breadcrumb\",\"itemListElement\":[{\"@type\":\"ListItem\",\"position\":1,\"name\":\"Portada\",\"item\":\"https:\/\/amiq.cat\/fr\/\"},{\"@type\":\"ListItem\",\"position\":2,\"name\":\"\u00c9quipement m\u00e9dical\",\"item\":\"https:\/\/amiq.cat\/fr\/equipement-medical\/\"},{\"@type\":\"ListItem\",\"position\":3,\"name\":\"Dr. Ivan Dom\u00e8nech Juan\",\"item\":\"https:\/\/amiq.cat\/fr\/equipo-medico\/dr-ivan-domenech-juan\/\"},{\"@type\":\"ListItem\",\"position\":4,\"name\":\"Nomination Dr. Ivan Dom\u00e8nech Juan\"}]},{\"@type\":\"WebSite\",\"@id\":\"https:\/\/amiq.cat\/fr\/#website\",\"url\":\"https:\/\/amiq.cat\/fr\/\",\"name\":\"AMiQ\",\"description\":\"Agrupaci\u00f3 M\u00e8dica i Quir\u00fargica\",\"publisher\":{\"@id\":\"https:\/\/amiq.cat\/fr\/#organization\"},\"alternateName\":\"AMiQ\",\"potentialAction\":[{\"@type\":\"SearchAction\",\"target\":{\"@type\":\"EntryPoint\",\"urlTemplate\":\"https:\/\/amiq.cat\/fr\/?s={search_term_string}\"},\"query-input\":{\"@type\":\"PropertyValueSpecification\",\"valueRequired\":true,\"valueName\":\"search_term_string\"}}],\"inLanguage\":\"fr-FR\"},{\"@type\":[\"Organization\",\"Place\",\"MedicalClinic\"],\"@id\":\"https:\/\/amiq.cat\/fr\/#organization\",\"name\":\"Agrupaci\u00f3 M\u00e8dica i Quir\u00fargica\",\"alternateName\":\"AMIQ\",\"url\":\"https:\/\/amiq.cat\/fr\/\",\"logo\":{\"@id\":\"https:\/\/amiq.cat\/fr\/equipement-medical\/dr-ivan-domenech-juan\/nomination-dr-ivan-domenech-juan\/#local-main-organization-logo\"},\"image\":{\"@id\":\"https:\/\/amiq.cat\/fr\/equipement-medical\/dr-ivan-domenech-juan\/nomination-dr-ivan-domenech-juan\/#local-main-organization-logo\"},\"description\":\"Entidad especializada en soluciones aseguradoras para profesionales sanitarios, ofreciendo coberturas adaptadas a las necesidades m\u00e9dicas y quir\u00fargicas. Con una amplia experiencia en el sector, destaca por su compromiso con la protecci\u00f3n integral, la gesti\u00f3n eficiente de riesgos y un servicio cercano y personalizado. Su enfoque combina innovaci\u00f3n, confianza y respaldo profesional, convirti\u00e9ndola en una opci\u00f3n s\u00f3lida para quienes buscan seguridad y tranquilidad en el ejercicio de la pr\u00e1ctica sanitaria.\",\"legalName\":\"Agrupaci\u00f3 M\u00e8dica i Quir\u00fargica\",\"numberOfEmployees\":{\"@type\":\"QuantitativeValue\",\"minValue\":\"11\",\"maxValue\":\"50\"},\"address\":{\"@id\":\"https:\/\/amiq.cat\/fr\/equipement-medical\/dr-ivan-domenech-juan\/nomination-dr-ivan-domenech-juan\/#local-main-place-address\"},\"telephone\":[\"93 122 3615\"],\"openingHoursSpecification\":[]},{\"@type\":\"PostalAddress\",\"@id\":\"https:\/\/amiq.cat\/fr\/equipement-medical\/dr-ivan-domenech-juan\/nomination-dr-ivan-domenech-juan\/#local-main-place-address\",\"streetAddress\":\"Carrer de Josep Maria Llad\u00f3, 3,, Sarri\u00e0-Sant Gervasi,\",\"addressLocality\":\"Barcelona\",\"postalCode\":\"08035\",\"addressRegion\":\"Activo\",\"addressCountry\":\"ES\"},{\"@type\":\"ImageObject\",\"inLanguage\":\"fr-FR\",\"@id\":\"https:\/\/amiq.cat\/fr\/equipement-medical\/dr-ivan-domenech-juan\/nomination-dr-ivan-domenech-juan\/#local-main-organization-logo\",\"url\":\"https:\/\/amiq.cat\/wp-content\/uploads\/2024\/07\/logo-amiq-300.png\",\"contentUrl\":\"https:\/\/amiq.cat\/wp-content\/uploads\/2024\/07\/logo-amiq-300.png\",\"width\":400,\"height\":92,\"caption\":\"Agrupaci\u00f3 M\u00e8dica i Quir\u00fargica\"}]}<\/script>\n<meta name=\"geo.placename\" content=\"Barcelona\" \/>\n<meta name=\"geo.region\" content=\"Espagne\" \/>\n<!-- \/ Yoast SEO Premium plugin. -->","yoast_head_json":{"title":"Nomination Dr. Ivan Dom\u00e8nech Juan &#8211; AMiQ","robots":{"index":"index","follow":"follow","max-snippet":"max-snippet:-1","max-image-preview":"max-image-preview:large","max-video-preview":"max-video-preview:-1"},"canonical":"https:\/\/amiq.cat\/fr\/equipement-medical\/dr-ivan-domenech-juan\/nomination-dr-ivan-domenech-juan\/","schema":{"@context":"https:\/\/schema.org","@graph":[{"@type":"WebPage","@id":"https:\/\/amiq.cat\/fr\/equipement-medical\/dr-ivan-domenech-juan\/nomination-dr-ivan-domenech-juan\/","url":"https:\/\/amiq.cat\/fr\/equipement-medical\/dr-ivan-domenech-juan\/nomination-dr-ivan-domenech-juan\/","name":"Nomination Dr. Ivan Dom\u00e8nech Juan &#8211; AMiQ","isPartOf":{"@id":"https:\/\/amiq.cat\/fr\/#website"},"primaryImageOfPage":{"@id":"https:\/\/amiq.cat\/fr\/equipement-medical\/dr-ivan-domenech-juan\/nomination-dr-ivan-domenech-juan\/#primaryimage"},"image":{"@id":"https:\/\/amiq.cat\/fr\/equipement-medical\/dr-ivan-domenech-juan\/nomination-dr-ivan-domenech-juan\/#primaryimage"},"thumbnailUrl":"https:\/\/wetopi.com\/wp-content\/uploads\/2024\/01\/el-respeto.png","datePublished":"2024-02-13T18:21:18+00:00","dateModified":"2024-02-22T19:12:12+00:00","breadcrumb":{"@id":"https:\/\/amiq.cat\/fr\/equipement-medical\/dr-ivan-domenech-juan\/nomination-dr-ivan-domenech-juan\/#breadcrumb"},"inLanguage":"fr-FR","potentialAction":[{"@type":"ReadAction","target":["https:\/\/amiq.cat\/fr\/equipement-medical\/dr-ivan-domenech-juan\/nomination-dr-ivan-domenech-juan\/"]}]},{"@type":"ImageObject","inLanguage":"fr-FR","@id":"https:\/\/amiq.cat\/fr\/equipement-medical\/dr-ivan-domenech-juan\/nomination-dr-ivan-domenech-juan\/#primaryimage","url":"https:\/\/wetopi.com\/wp-content\/uploads\/2024\/01\/el-respeto.png","contentUrl":"https:\/\/wetopi.com\/wp-content\/uploads\/2024\/01\/el-respeto.png"},{"@type":"BreadcrumbList","@id":"https:\/\/amiq.cat\/fr\/equipement-medical\/dr-ivan-domenech-juan\/nomination-dr-ivan-domenech-juan\/#breadcrumb","itemListElement":[{"@type":"ListItem","position":1,"name":"Portada","item":"https:\/\/amiq.cat\/fr\/"},{"@type":"ListItem","position":2,"name":"\u00c9quipement m\u00e9dical","item":"https:\/\/amiq.cat\/fr\/equipement-medical\/"},{"@type":"ListItem","position":3,"name":"Dr. Ivan Dom\u00e8nech Juan","item":"https:\/\/amiq.cat\/fr\/equipo-medico\/dr-ivan-domenech-juan\/"},{"@type":"ListItem","position":4,"name":"Nomination Dr. Ivan Dom\u00e8nech Juan"}]},{"@type":"WebSite","@id":"https:\/\/amiq.cat\/fr\/#website","url":"https:\/\/amiq.cat\/fr\/","name":"AMiQ","description":"Agrupaci\u00f3 M\u00e8dica i Quir\u00fargica","publisher":{"@id":"https:\/\/amiq.cat\/fr\/#organization"},"alternateName":"AMiQ","potentialAction":[{"@type":"SearchAction","target":{"@type":"EntryPoint","urlTemplate":"https:\/\/amiq.cat\/fr\/?s={search_term_string}"},"query-input":{"@type":"PropertyValueSpecification","valueRequired":true,"valueName":"search_term_string"}}],"inLanguage":"fr-FR"},{"@type":["Organization","Place","MedicalClinic"],"@id":"https:\/\/amiq.cat\/fr\/#organization","name":"Agrupaci\u00f3 M\u00e8dica i Quir\u00fargica","alternateName":"AMIQ","url":"https:\/\/amiq.cat\/fr\/","logo":{"@id":"https:\/\/amiq.cat\/fr\/equipement-medical\/dr-ivan-domenech-juan\/nomination-dr-ivan-domenech-juan\/#local-main-organization-logo"},"image":{"@id":"https:\/\/amiq.cat\/fr\/equipement-medical\/dr-ivan-domenech-juan\/nomination-dr-ivan-domenech-juan\/#local-main-organization-logo"},"description":"Entidad especializada en soluciones aseguradoras para profesionales sanitarios, ofreciendo coberturas adaptadas a las necesidades m\u00e9dicas y quir\u00fargicas. Con una amplia experiencia en el sector, destaca por su compromiso con la protecci\u00f3n integral, la gesti\u00f3n eficiente de riesgos y un servicio cercano y personalizado. Su enfoque combina innovaci\u00f3n, confianza y respaldo profesional, convirti\u00e9ndola en una opci\u00f3n s\u00f3lida para quienes buscan seguridad y tranquilidad en el ejercicio de la pr\u00e1ctica sanitaria.","legalName":"Agrupaci\u00f3 M\u00e8dica i Quir\u00fargica","numberOfEmployees":{"@type":"QuantitativeValue","minValue":"11","maxValue":"50"},"address":{"@id":"https:\/\/amiq.cat\/fr\/equipement-medical\/dr-ivan-domenech-juan\/nomination-dr-ivan-domenech-juan\/#local-main-place-address"},"telephone":["93 122 3615"],"openingHoursSpecification":[]},{"@type":"PostalAddress","@id":"https:\/\/amiq.cat\/fr\/equipement-medical\/dr-ivan-domenech-juan\/nomination-dr-ivan-domenech-juan\/#local-main-place-address","streetAddress":"Carrer de Josep Maria Llad\u00f3, 3,, Sarri\u00e0-Sant Gervasi,","addressLocality":"Barcelona","postalCode":"08035","addressRegion":"Activo","addressCountry":"ES"},{"@type":"ImageObject","inLanguage":"fr-FR","@id":"https:\/\/amiq.cat\/fr\/equipement-medical\/dr-ivan-domenech-juan\/nomination-dr-ivan-domenech-juan\/#local-main-organization-logo","url":"https:\/\/amiq.cat\/wp-content\/uploads\/2024\/07\/logo-amiq-300.png","contentUrl":"https:\/\/amiq.cat\/wp-content\/uploads\/2024\/07\/logo-amiq-300.png","width":400,"height":92,"caption":"Agrupaci\u00f3 M\u00e8dica i Quir\u00fargica"}]},"geo.placename":"Barcelona","geo.region":"Espagne"},"_links":{"self":[{"href":"https:\/\/amiq.cat\/fr\/wp-json\/wp\/v2\/pages\/12682","targetHints":{"allow":["GET"]}}],"collection":[{"href":"https:\/\/amiq.cat\/fr\/wp-json\/wp\/v2\/pages"}],"about":[{"href":"https:\/\/amiq.cat\/fr\/wp-json\/wp\/v2\/types\/page"}],"author":[{"embeddable":true,"href":"https:\/\/amiq.cat\/fr\/wp-json\/wp\/v2\/users\/3"}],"replies":[{"embeddable":true,"href":"https:\/\/amiq.cat\/fr\/wp-json\/wp\/v2\/comments?post=12682"}],"version-history":[{"count":3,"href":"https:\/\/amiq.cat\/fr\/wp-json\/wp\/v2\/pages\/12682\/revisions"}],"predecessor-version":[{"id":12706,"href":"https:\/\/amiq.cat\/fr\/wp-json\/wp\/v2\/pages\/12682\/revisions\/12706"}],"up":[{"embeddable":true,"href":"https:\/\/amiq.cat\/fr\/wp-json\/wp\/v2\/pages\/12427"}],"wp:attachment":[{"href":"https:\/\/amiq.cat\/fr\/wp-json\/wp\/v2\/media?parent=12682"}],"wp:term":[{"taxonomy":"category","embeddable":true,"href":"https:\/\/amiq.cat\/fr\/wp-json\/wp\/v2\/categories?post=12682"},{"taxonomy":"post_tag","embeddable":true,"href":"https:\/\/amiq.cat\/fr\/wp-json\/wp\/v2\/tags?post=12682"}],"curies":[{"name":"wp","href":"https:\/\/api.w.org\/{rel}","templated":true}]}}