{"id":12794,"date":"2024-02-14T10:51:14","date_gmt":"2024-02-14T09:51:14","guid":{"rendered":"https:\/\/wetopi.com\/rendez-vous-avec-le-dr-arlenys-ross\/"},"modified":"2024-02-14T13:17:36","modified_gmt":"2024-02-14T12:17:36","slug":"rendez-vous-avec-le-dr-arlenys-ross","status":"publish","type":"page","link":"https:\/\/amiq.cat\/fr\/equipement-medical\/dr-arlenys-ross\/rendez-vous-avec-le-dr-arlenys-ross\/","title":{"rendered":"Rendez-vous avec le Dr. Arlenys Ross"},"content":{"rendered":"","protected":false},"excerpt":{"rendered":"","protected":false},"author":1,"featured_media":0,"parent":12413,"menu_order":0,"comment_status":"closed","ping_status":"closed","template":"","meta":{"_exactmetrics_skip_tracking":false,"_exactmetrics_sitenote_active":false,"_exactmetrics_sitenote_note":"","_exactmetrics_sitenote_category":0,"_monsterinsights_skip_tracking":false,"_monsterinsights_sitenote_active":false,"_monsterinsights_sitenote_note":"","_monsterinsights_sitenote_category":0,"_uf_show_specific_survey":0,"_uf_disable_surveys":false,"footnotes":""},"categories":[],"tags":[],"class_list":["post-12794","page","type-page","status-publish","hentry"],"aioseo_notices":[],"yoast_head":"<!-- This site is optimized with the Yoast SEO Premium plugin v26.4 (Yoast SEO v26.4) - https:\/\/yoast.com\/wordpress\/plugins\/seo\/ -->\n<title>Rendez-vous avec le Dr. Arlenys Ross &#8211; AMiQ<\/title>\n<meta name=\"robots\" content=\"index, follow, max-snippet:-1, max-image-preview:large, max-video-preview:-1\" \/>\n<link rel=\"canonical\" href=\"https:\/\/amiq.cat\/fr\/equipement-medical\/dr-arlenys-ross\/rendez-vous-avec-le-dr-arlenys-ross\/\" \/>\n<script type=\"application\/ld+json\" class=\"yoast-schema-graph\">{\"@context\":\"https:\/\/schema.org\",\"@graph\":[{\"@type\":\"WebPage\",\"@id\":\"https:\/\/amiq.cat\/fr\/equipement-medical\/dr-arlenys-ross\/rendez-vous-avec-le-dr-arlenys-ross\/\",\"url\":\"https:\/\/amiq.cat\/fr\/equipement-medical\/dr-arlenys-ross\/rendez-vous-avec-le-dr-arlenys-ross\/\",\"name\":\"Rendez-vous avec le Dr. Arlenys Ross &#8211; AMiQ\",\"isPartOf\":{\"@id\":\"https:\/\/amiq.cat\/fr\/#website\"},\"datePublished\":\"2024-02-14T09:51:14+00:00\",\"dateModified\":\"2024-02-14T12:17:36+00:00\",\"breadcrumb\":{\"@id\":\"https:\/\/amiq.cat\/fr\/equipement-medical\/dr-arlenys-ross\/rendez-vous-avec-le-dr-arlenys-ross\/#breadcrumb\"},\"inLanguage\":\"fr-FR\",\"potentialAction\":[{\"@type\":\"ReadAction\",\"target\":[\"https:\/\/amiq.cat\/fr\/equipement-medical\/dr-arlenys-ross\/rendez-vous-avec-le-dr-arlenys-ross\/\"]}]},{\"@type\":\"BreadcrumbList\",\"@id\":\"https:\/\/amiq.cat\/fr\/equipement-medical\/dr-arlenys-ross\/rendez-vous-avec-le-dr-arlenys-ross\/#breadcrumb\",\"itemListElement\":[{\"@type\":\"ListItem\",\"position\":1,\"name\":\"Portada\",\"item\":\"https:\/\/amiq.cat\/fr\/\"},{\"@type\":\"ListItem\",\"position\":2,\"name\":\"\u00c9quipement m\u00e9dical\",\"item\":\"https:\/\/amiq.cat\/fr\/equipement-medical\/\"},{\"@type\":\"ListItem\",\"position\":3,\"name\":\"Dr. Arlenys Ross\",\"item\":\"https:\/\/amiq.cat\/fr\/equipo-medico\/dra-arlenys-ross\/\"},{\"@type\":\"ListItem\",\"position\":4,\"name\":\"Rendez-vous avec le Dr. Arlenys Ross\"}]},{\"@type\":\"WebSite\",\"@id\":\"https:\/\/amiq.cat\/fr\/#website\",\"url\":\"https:\/\/amiq.cat\/fr\/\",\"name\":\"AMiQ\",\"description\":\"Agrupaci\u00f3 M\u00e8dica i Quir\u00fargica\",\"publisher\":{\"@id\":\"https:\/\/amiq.cat\/fr\/#organization\"},\"alternateName\":\"AMiQ\",\"potentialAction\":[{\"@type\":\"SearchAction\",\"target\":{\"@type\":\"EntryPoint\",\"urlTemplate\":\"https:\/\/amiq.cat\/fr\/?s={search_term_string}\"},\"query-input\":{\"@type\":\"PropertyValueSpecification\",\"valueRequired\":true,\"valueName\":\"search_term_string\"}}],\"inLanguage\":\"fr-FR\"},{\"@type\":[\"Organization\",\"Place\",\"MedicalClinic\"],\"@id\":\"https:\/\/amiq.cat\/fr\/#organization\",\"name\":\"Agrupaci\u00f3 M\u00e8dica i Quir\u00fargica\",\"alternateName\":\"AMIQ\",\"url\":\"https:\/\/amiq.cat\/fr\/\",\"logo\":{\"@id\":\"https:\/\/amiq.cat\/fr\/equipement-medical\/dr-arlenys-ross\/rendez-vous-avec-le-dr-arlenys-ross\/#local-main-organization-logo\"},\"image\":{\"@id\":\"https:\/\/amiq.cat\/fr\/equipement-medical\/dr-arlenys-ross\/rendez-vous-avec-le-dr-arlenys-ross\/#local-main-organization-logo\"},\"description\":\"Entidad especializada en soluciones aseguradoras para profesionales sanitarios, ofreciendo coberturas adaptadas a las necesidades m\u00e9dicas y quir\u00fargicas. Con una amplia experiencia en el sector, destaca por su compromiso con la protecci\u00f3n integral, la gesti\u00f3n eficiente de riesgos y un servicio cercano y personalizado. Su enfoque combina innovaci\u00f3n, confianza y respaldo profesional, convirti\u00e9ndola en una opci\u00f3n s\u00f3lida para quienes buscan seguridad y tranquilidad en el ejercicio de la pr\u00e1ctica sanitaria.\",\"legalName\":\"Agrupaci\u00f3 M\u00e8dica i Quir\u00fargica\",\"numberOfEmployees\":{\"@type\":\"QuantitativeValue\",\"minValue\":\"11\",\"maxValue\":\"50\"},\"address\":{\"@id\":\"https:\/\/amiq.cat\/fr\/equipement-medical\/dr-arlenys-ross\/rendez-vous-avec-le-dr-arlenys-ross\/#local-main-place-address\"},\"telephone\":[\"93 122 3615\"],\"openingHoursSpecification\":[]},{\"@type\":\"PostalAddress\",\"@id\":\"https:\/\/amiq.cat\/fr\/equipement-medical\/dr-arlenys-ross\/rendez-vous-avec-le-dr-arlenys-ross\/#local-main-place-address\",\"streetAddress\":\"Carrer de Josep Maria Llad\u00f3, 3,, Sarri\u00e0-Sant Gervasi,\",\"addressLocality\":\"Barcelona\",\"postalCode\":\"08035\",\"addressRegion\":\"Activo\",\"addressCountry\":\"ES\"},{\"@type\":\"ImageObject\",\"inLanguage\":\"fr-FR\",\"@id\":\"https:\/\/amiq.cat\/fr\/equipement-medical\/dr-arlenys-ross\/rendez-vous-avec-le-dr-arlenys-ross\/#local-main-organization-logo\",\"url\":\"https:\/\/amiq.cat\/wp-content\/uploads\/2024\/07\/logo-amiq-300.png\",\"contentUrl\":\"https:\/\/amiq.cat\/wp-content\/uploads\/2024\/07\/logo-amiq-300.png\",\"width\":400,\"height\":92,\"caption\":\"Agrupaci\u00f3 M\u00e8dica i Quir\u00fargica\"}]}<\/script>\n<meta name=\"geo.placename\" content=\"Barcelona\" \/>\n<meta name=\"geo.region\" content=\"Espagne\" \/>\n<!-- \/ Yoast SEO Premium plugin. -->","yoast_head_json":{"title":"Rendez-vous avec le Dr. Arlenys Ross &#8211; AMiQ","robots":{"index":"index","follow":"follow","max-snippet":"max-snippet:-1","max-image-preview":"max-image-preview:large","max-video-preview":"max-video-preview:-1"},"canonical":"https:\/\/amiq.cat\/fr\/equipement-medical\/dr-arlenys-ross\/rendez-vous-avec-le-dr-arlenys-ross\/","schema":{"@context":"https:\/\/schema.org","@graph":[{"@type":"WebPage","@id":"https:\/\/amiq.cat\/fr\/equipement-medical\/dr-arlenys-ross\/rendez-vous-avec-le-dr-arlenys-ross\/","url":"https:\/\/amiq.cat\/fr\/equipement-medical\/dr-arlenys-ross\/rendez-vous-avec-le-dr-arlenys-ross\/","name":"Rendez-vous avec le Dr. Arlenys Ross &#8211; AMiQ","isPartOf":{"@id":"https:\/\/amiq.cat\/fr\/#website"},"datePublished":"2024-02-14T09:51:14+00:00","dateModified":"2024-02-14T12:17:36+00:00","breadcrumb":{"@id":"https:\/\/amiq.cat\/fr\/equipement-medical\/dr-arlenys-ross\/rendez-vous-avec-le-dr-arlenys-ross\/#breadcrumb"},"inLanguage":"fr-FR","potentialAction":[{"@type":"ReadAction","target":["https:\/\/amiq.cat\/fr\/equipement-medical\/dr-arlenys-ross\/rendez-vous-avec-le-dr-arlenys-ross\/"]}]},{"@type":"BreadcrumbList","@id":"https:\/\/amiq.cat\/fr\/equipement-medical\/dr-arlenys-ross\/rendez-vous-avec-le-dr-arlenys-ross\/#breadcrumb","itemListElement":[{"@type":"ListItem","position":1,"name":"Portada","item":"https:\/\/amiq.cat\/fr\/"},{"@type":"ListItem","position":2,"name":"\u00c9quipement m\u00e9dical","item":"https:\/\/amiq.cat\/fr\/equipement-medical\/"},{"@type":"ListItem","position":3,"name":"Dr. Arlenys Ross","item":"https:\/\/amiq.cat\/fr\/equipo-medico\/dra-arlenys-ross\/"},{"@type":"ListItem","position":4,"name":"Rendez-vous avec le Dr. Arlenys Ross"}]},{"@type":"WebSite","@id":"https:\/\/amiq.cat\/fr\/#website","url":"https:\/\/amiq.cat\/fr\/","name":"AMiQ","description":"Agrupaci\u00f3 M\u00e8dica i Quir\u00fargica","publisher":{"@id":"https:\/\/amiq.cat\/fr\/#organization"},"alternateName":"AMiQ","potentialAction":[{"@type":"SearchAction","target":{"@type":"EntryPoint","urlTemplate":"https:\/\/amiq.cat\/fr\/?s={search_term_string}"},"query-input":{"@type":"PropertyValueSpecification","valueRequired":true,"valueName":"search_term_string"}}],"inLanguage":"fr-FR"},{"@type":["Organization","Place","MedicalClinic"],"@id":"https:\/\/amiq.cat\/fr\/#organization","name":"Agrupaci\u00f3 M\u00e8dica i Quir\u00fargica","alternateName":"AMIQ","url":"https:\/\/amiq.cat\/fr\/","logo":{"@id":"https:\/\/amiq.cat\/fr\/equipement-medical\/dr-arlenys-ross\/rendez-vous-avec-le-dr-arlenys-ross\/#local-main-organization-logo"},"image":{"@id":"https:\/\/amiq.cat\/fr\/equipement-medical\/dr-arlenys-ross\/rendez-vous-avec-le-dr-arlenys-ross\/#local-main-organization-logo"},"description":"Entidad especializada en soluciones aseguradoras para profesionales sanitarios, ofreciendo coberturas adaptadas a las necesidades m\u00e9dicas y quir\u00fargicas. Con una amplia experiencia en el sector, destaca por su compromiso con la protecci\u00f3n integral, la gesti\u00f3n eficiente de riesgos y un servicio cercano y personalizado. Su enfoque combina innovaci\u00f3n, confianza y respaldo profesional, convirti\u00e9ndola en una opci\u00f3n s\u00f3lida para quienes buscan seguridad y tranquilidad en el ejercicio de la pr\u00e1ctica sanitaria.","legalName":"Agrupaci\u00f3 M\u00e8dica i Quir\u00fargica","numberOfEmployees":{"@type":"QuantitativeValue","minValue":"11","maxValue":"50"},"address":{"@id":"https:\/\/amiq.cat\/fr\/equipement-medical\/dr-arlenys-ross\/rendez-vous-avec-le-dr-arlenys-ross\/#local-main-place-address"},"telephone":["93 122 3615"],"openingHoursSpecification":[]},{"@type":"PostalAddress","@id":"https:\/\/amiq.cat\/fr\/equipement-medical\/dr-arlenys-ross\/rendez-vous-avec-le-dr-arlenys-ross\/#local-main-place-address","streetAddress":"Carrer de Josep Maria Llad\u00f3, 3,, Sarri\u00e0-Sant Gervasi,","addressLocality":"Barcelona","postalCode":"08035","addressRegion":"Activo","addressCountry":"ES"},{"@type":"ImageObject","inLanguage":"fr-FR","@id":"https:\/\/amiq.cat\/fr\/equipement-medical\/dr-arlenys-ross\/rendez-vous-avec-le-dr-arlenys-ross\/#local-main-organization-logo","url":"https:\/\/amiq.cat\/wp-content\/uploads\/2024\/07\/logo-amiq-300.png","contentUrl":"https:\/\/amiq.cat\/wp-content\/uploads\/2024\/07\/logo-amiq-300.png","width":400,"height":92,"caption":"Agrupaci\u00f3 M\u00e8dica i Quir\u00fargica"}]},"geo.placename":"Barcelona","geo.region":"Espagne"},"_links":{"self":[{"href":"https:\/\/amiq.cat\/fr\/wp-json\/wp\/v2\/pages\/12794","targetHints":{"allow":["GET"]}}],"collection":[{"href":"https:\/\/amiq.cat\/fr\/wp-json\/wp\/v2\/pages"}],"about":[{"href":"https:\/\/amiq.cat\/fr\/wp-json\/wp\/v2\/types\/page"}],"author":[{"embeddable":true,"href":"https:\/\/amiq.cat\/fr\/wp-json\/wp\/v2\/users\/1"}],"replies":[{"embeddable":true,"href":"https:\/\/amiq.cat\/fr\/wp-json\/wp\/v2\/comments?post=12794"}],"version-history":[{"count":2,"href":"https:\/\/amiq.cat\/fr\/wp-json\/wp\/v2\/pages\/12794\/revisions"}],"predecessor-version":[{"id":12796,"href":"https:\/\/amiq.cat\/fr\/wp-json\/wp\/v2\/pages\/12794\/revisions\/12796"}],"up":[{"embeddable":true,"href":"https:\/\/amiq.cat\/fr\/wp-json\/wp\/v2\/pages\/12413"}],"wp:attachment":[{"href":"https:\/\/amiq.cat\/fr\/wp-json\/wp\/v2\/media?parent=12794"}],"wp:term":[{"taxonomy":"category","embeddable":true,"href":"https:\/\/amiq.cat\/fr\/wp-json\/wp\/v2\/categories?post=12794"},{"taxonomy":"post_tag","embeddable":true,"href":"https:\/\/amiq.cat\/fr\/wp-json\/wp\/v2\/tags?post=12794"}],"curies":[{"name":"wp","href":"https:\/\/api.w.org\/{rel}","templated":true}]}}